{"id":2860,"date":"2018-04-29T17:26:29","date_gmt":"2018-04-29T17:26:29","guid":{"rendered":"https:\/\/fotoakademija.lv\/?page_id=2860"},"modified":"2024-02-08T08:56:48","modified_gmt":"2024-02-08T06:56:48","slug":"pleneri","status":"publish","type":"page","link":"https:\/\/fotoakademija.lv\/de\/klare-luft\/","title":{"rendered":"klare Luft"},"content":{"rendered":"<p><span style=\"color: #00102e; font-family: 'System default', sans-serif; font-size: 48px;\">Fr\u00fchlings-, Sommer- oder Herbstfoto-Plenair zusammen mit den Dozenten der Photo Academy<\/span><\/p>\n<div align=\"center\">\n<div align=\"left\">\n<div><img decoding=\"async\" src=\"https:\/\/b2c.lv\/fotoakademija.lv\/content\/images\/rudens2017-01.jpg\" alt=\"\" border=\"0\" \/>Fragen Sie uns nach den aktuell geplanten Foto-Plein-Airs oder schauen Sie sich den Veranstaltungsplan auf Facebook an, <a href=\"https:\/\/fotoakademija.lv\/de\/kontakte\/\">Kontakte<\/a><\/div>\n<\/div>\n<\/div>\n<div><\/div>\n<h1>Foto im Freien abgehalten<\/h1>\n<div align=\"center\">\n<div align=\"left\">\n<div>\n<div>\n<div>\n<h1>Samstag, 07.10.<\/h1>\n<\/div>\n<div><b><i>Der Herbst ist da und wir laden Sie erneut zum traditionellen Treffen der Fotografen auf einer Reise durch das sch\u00f6ne Lettland ein:<\/i><\/b><\/div>\n<div><b><i>8:00 Mer\u0137e\u013ca iela 13 (Latviesu Biedr\u012bbas nams), Riga \u2013 Naturpark Nurmi\u017eu (Gebiet des Gauja-Nationalparks zwischen Sigulda und Vildoga): 10:00 Raganu-Kessel, 11:00 Daudas-Wasserfall, 12:00 Nurmi\u017eupe-Wasserfall \u00a0 \u00a0<\/i><\/b><\/div>\n<div><b><i>\u2013 13:00 Mittagessen in C\u0113sis (nicht im Mitgliedsbeitrag enthalten) \u00a0 \u00a0<\/i><\/b><\/div>\n<div><b><i>\u2013 14:00 Raunas Staburags \u00a0 \u00a0<\/i><\/b><\/div>\n<div><b><i>\u2013 16:00 L\u012bgatne-Flusswege (zwischen L\u012bgatni und N\u012btauri)<\/i><\/b><\/div>\n<div><b><i>\u2013 19:00 Uhr R\u00fcckkehr nach Riga<\/i><\/b><\/div>\n<div><b><i>Angesichts der zu fotografierenden Wald- und Wasserobjekte wird dringend empfohlen, ein Stativ mitzubringen.<\/i><\/b><\/div>\n<div><\/div>\n<div><b><i>Reiseleiter Andris Klu\u0161s. Nach der Reise wie immer Bildbesprechung in der Fotoakademie.<\/i><\/b><\/div>\n<div><b><i>Die Teilnahmegeb\u00fchr betr\u00e4gt 43 EUR und beinhaltet Transport, Geb\u00fchren f\u00fcr Sehensw\u00fcrdigkeiten und eine Unterrichtsstunde in der Fotoakademie.<\/i><\/b><\/div>\n<\/div>\n<\/div>\n<h1><\/h1>\n<h1><img loading=\"lazy\" decoding=\"async\" class=\"alignnone size-large wp-image-5779\" src=\"https:\/\/fotoakademija.lv\/wp-content\/uploads\/fOTOAKADEMIJA-valters-preimanis-1024x577.jpg\" alt=\"\" width=\"1024\" height=\"577\" srcset=\"https:\/\/fotoakademija.lv\/wp-content\/uploads\/fOTOAKADEMIJA-valters-preimanis-1024x577.jpg 1024w, https:\/\/fotoakademija.lv\/wp-content\/uploads\/fOTOAKADEMIJA-valters-preimanis-300x169.jpg 300w, https:\/\/fotoakademija.lv\/wp-content\/uploads\/fOTOAKADEMIJA-valters-preimanis-768x433.jpg 768w, https:\/\/fotoakademija.lv\/wp-content\/uploads\/fOTOAKADEMIJA-valters-preimanis-1536x866.jpg 1536w, https:\/\/fotoakademija.lv\/wp-content\/uploads\/fOTOAKADEMIJA-valters-preimanis-1000x563.jpg 1000w, https:\/\/fotoakademija.lv\/wp-content\/uploads\/fOTOAKADEMIJA-valters-preimanis-230x130.jpg 230w, https:\/\/fotoakademija.lv\/wp-content\/uploads\/fOTOAKADEMIJA-valters-preimanis-350x197.jpg 350w, https:\/\/fotoakademija.lv\/wp-content\/uploads\/fOTOAKADEMIJA-valters-preimanis-480x270.jpg 480w, https:\/\/fotoakademija.lv\/wp-content\/uploads\/fOTOAKADEMIJA-valters-preimanis.jpg 2048w\" sizes=\"auto, (max-width: 1024px) 100vw, 1024px\" \/><\/h1>\n<div>\n<div><b>Wir laden Sie ein, am SPRING OUTDOOR 2017 unter der Leitung von M.KUNDZI\u0146A teilzunehmen!<\/b><\/div>\n<div>Route :\u00a0<b>\u00a0Riga \u2013 L\u012bgatne \u2013 \u0136\u016b\u0137u-Felsen bei Gauja \u2013 Zv\u0101rta-Felsen \u2013 Amata bei K\u0101r\u013ci \u2013 Mittagessen in C\u0113sis \u2013 Adlerfelsen \u2013 \u0100rai\u0161u-Seeschloss und Windm\u00fchle \u2013 Riga.<\/b><\/div>\n<div><\/div>\n<div>Die Reise ist f\u00fcr Samstag, den 20. Mai, geplant, Abfahrt vom Geb\u00e4ude der Lettischen Gesellschaft unter 08:00 Uhr, R\u00fcckkehr um 20:00.<\/div>\n<div>\n<p>Die Teilnahmegeb\u00fchr (43 Euro) beinhaltet Transport, Eintrittskarten f\u00fcr Attraktionen, Wegbeschreibungen und Erkl\u00e4rungen des Gruppenleiters w\u00e4hrend der Reise sowie eine Unterrichtsstunde unter der Leitung von M. Kundzi\u0146a nach der Plein-Air-Fotoanalyse.<\/p>\n<p>Wir bitten Sie, sich rechtzeitig anzumelden, da das Pleinair dieses Mal grunds\u00e4tzlich f\u00fcr unsere aktuellen Zuh\u00f6rer organisiert wird und die Anzahl der Pl\u00e4tze daher begrenzt ist.<\/p>\n<p><a href=\"https:\/\/fotoakademija.lv\/de\/kontakte\/\">Bewerben f\u00fcr<\/a><\/p>\n<\/div>\n<\/div>\n<h1><img loading=\"lazy\" decoding=\"async\" class=\"alignnone size-large wp-image-5790\" src=\"https:\/\/fotoakademija.lv\/wp-content\/uploads\/101166232_1615250101958931_3160510521518587904_n-1024x585.jpg\" alt=\"\" width=\"1024\" height=\"585\" srcset=\"https:\/\/fotoakademija.lv\/wp-content\/uploads\/101166232_1615250101958931_3160510521518587904_n-1024x585.jpg 1024w, https:\/\/fotoakademija.lv\/wp-content\/uploads\/101166232_1615250101958931_3160510521518587904_n-300x171.jpg 300w, https:\/\/fotoakademija.lv\/wp-content\/uploads\/101166232_1615250101958931_3160510521518587904_n-768x439.jpg 768w, https:\/\/fotoakademija.lv\/wp-content\/uploads\/101166232_1615250101958931_3160510521518587904_n-1536x878.jpg 1536w, https:\/\/fotoakademija.lv\/wp-content\/uploads\/101166232_1615250101958931_3160510521518587904_n-18x10.jpg 18w, https:\/\/fotoakademija.lv\/wp-content\/uploads\/101166232_1615250101958931_3160510521518587904_n-1000x571.jpg 1000w, https:\/\/fotoakademija.lv\/wp-content\/uploads\/101166232_1615250101958931_3160510521518587904_n-230x131.jpg 230w, https:\/\/fotoakademija.lv\/wp-content\/uploads\/101166232_1615250101958931_3160510521518587904_n-350x200.jpg 350w, https:\/\/fotoakademija.lv\/wp-content\/uploads\/101166232_1615250101958931_3160510521518587904_n-480x274.jpg 480w, https:\/\/fotoakademija.lv\/wp-content\/uploads\/101166232_1615250101958931_3160510521518587904_n.jpg 2048w\" sizes=\"auto, (max-width: 1024px) 100vw, 1024px\" \/><\/h1>\n<h1>Samstag, 01.10.<\/h1>\n<p>Wir laden Sie ein, mitzumachen\u00a0<i>\u00a0HERBST IM FREIEN<\/i>\u00a0 auf dem Weg:\u00a0<b>Riga \u2013 Park und Schloss Jaunpils \u2013 Dolomitklippen Venta \u2013 Kuldiga \u2013 Renda-Wasserf\u00e4lle \u2013 Abava bei Vegi \u2013 Riga.<\/b><\/p>\n<p>Abfahrt aus dem Geb\u00e4ude der Lettischen Gesellschaft,\u00a0<b>am Samstag, 1. Oktober, um 08:00<\/b>Die R\u00fcckkehr ist gegen 20:00 Uhr geplant<\/p>\n<p>Die Teilnahmegeb\u00fchr betr\u00e4gt 43 Euro, inklusive Transport, Eintrittskarten f\u00fcr Attraktionen, Anweisungen und Erkl\u00e4rungen des Gruppenleiters w\u00e4hrend der Reise sowie einer Unterrichtsstunde unter der Leitung von M. Kundzi\u0146a nach der Plein-Air-Fotoanalyse.<\/p>\n<p>Bitte bewerben Sie sich rechtzeitig, da das Pleinair dieses Mal grunds\u00e4tzlich f\u00fcr unsere aktuellen Zuh\u00f6rer organisiert wird und daher die Anzahl der Pl\u00e4tze begrenzt ist.<\/p>\n<h1>Foto im Freien unter der Leitung von M. Kundzi\u0146a \u201eFr\u00fchling am Ufer von Vidzeme\u201c<\/h1>\n<h1><a class=\"fancybox\" title=\"\" href=\"https:\/\/b2c.lv\/fotoakademija.lv\/content\/images\/veczemju.jpg\" rel=\"group\"><img decoding=\"async\" src=\"https:\/\/b2c.lv\/fotoakademija.lv\/content\/images\/veczemju.jpg\" alt=\"\" border=\"0\" \/><\/a><\/h1>\n<h1>Samstag, 04.06.<\/h1>\n<p>In der Route enthaltene Orte \u2013\u00a0<b>Aina\u017ei, Mernieki, Salaca in der N\u00e4he von Red Rocks, Salacgr\u012bva.<\/b>\u00a0Geschnitzt vom Zahn der Zeit und des Windes\u00a0<b>Uralte Felsen<\/b>\u00a0in der Fr\u00fchlingslandschaft - der Ort, an dem die Ansichten des lettischen Kunstfilms \u201eDer lange Weg in den D\u00fcnen\u201c gedreht wurden.\u00a0<b>Die felsigen K\u00fcsten von Vidzeme\u00a0<\/b>Zauberei.\u00a0<b>Narbenwiesen<\/b>\u00a0am Meer vor Aina\u017ei.<\/p>\n<p>Abfahrt vom Geb\u00e4ude der Lettischen Gesellschaft unter 08:00<\/p>\n<p>Die R\u00fcckkehr ist gegen 20:00 Uhr geplant<\/p>\n<p>Teilnahmegeb\u00fchr 39 Euro.<\/p>\n<p>Im Preis inbegriffen sind Transport, Wegbeschreibungen und Erkl\u00e4rungen des Gruppenleiters w\u00e4hrend der Reise sowie eine von Frau Kundzi\u0146a geleitete Unterrichtsstunde nach der Plein-Air-Fotoanalyse.<\/p>\n<p>Bitte bewerben Sie sich rechtzeitig, da das Pleinair dieses Mal grunds\u00e4tzlich f\u00fcr unsere aktuellen Zuh\u00f6rer organisiert wird und daher die Anzahl der Pl\u00e4tze begrenzt ist.<\/p>\n<p><b><i>Bewerben f\u00fcr<\/i><\/b><\/p>\n<p><a class=\"fancybox\" title=\"\" href=\"https:\/\/b2c.lv\/fotoakademija.lv\/content\/images\/veczemju_sarkanas.jpg\" rel=\"group\"><img decoding=\"async\" src=\"https:\/\/b2c.lv\/fotoakademija.lv\/content\/images\/veczemju_sarkanas.jpg\" alt=\"\" border=\"0\" \/><\/a><\/p>\n<p>Foto von : Veczemji red rocks<\/p>\n<p align=\"center\"><b><a class=\"fancybox\" title=\"\" href=\"https:\/\/b2c.lv\/fotoakademija.lv\/content\/images\/rudens%20plen%c4%93rs%20m.jpg\" rel=\"group\"><img decoding=\"async\" src=\"https:\/\/b2c.lv\/fotoakademija.lv\/content\/images\/rudens%20plen%c4%93rs%20m.jpg\" alt=\"\" border=\"0\" \/><\/a><br \/>\n<\/b><\/p>\n<p align=\"center\"><b>PHOTO ACADEMY HERBST OUTDOOR<\/b><\/p>\n<div>\n<div>\n<div>\n<div><b>Route\u00a0<\/b>: Riga-B\u012bri\u0146i-Palast-L\u0113durga Dendrologischer Park-Igate-Palast-Saulkrasti J\u016brmala-Riga<\/div>\n<p>Die Lektion zur Analyse der fotografierten Bilder findet am Freitag, 23.10. statt. bei 18:30 Uhr in der Fotoakademie.<\/p>\n<\/div>\n<\/div>\n<\/div>\n<div><\/div>\n<div><\/div>\n<p align=\"center\"><b><a class=\"fancybox\" title=\"\" href=\"https:\/\/b2c.lv\/fotoakademija.lv\/content\/images\/talsu_roja_kaltenes_jurmala_andy_zeltkalns_0.jpg\" rel=\"group\"><img decoding=\"async\" src=\"https:\/\/b2c.lv\/fotoakademija.lv\/content\/images\/talsu_roja_kaltenes_jurmala_andy_zeltkalns_0.jpg\" alt=\"\" border=\"0\" \/><\/a><br \/>\n<\/b><\/p>\n<p align=\"center\"><b>\u00a0PLENAIR - KURZEME<\/b><\/p>\n<p align=\"center\"><b>Open-Air-Guide, MRS<br \/>\n<\/b><\/p>\n<p align=\"center\"><i>am 16. Mai.<\/i><\/p>\n<p>Riga \u2013 Ragaciems \u2013 M\u0113rsrags \u2013 Kaltene \u2013 Roja \u2013 Valdem\u0101rpils \u2013 Nogale \u2013 Tilgali Riesenstein \u2013 Talsi \u2013 Nurmui\u017ea.<\/p>\n<p>Abfahrt mit dem Bus um 8.00 Uhr vom Geb\u00e4ude der Lettischen Gesellschaft Riga. R\u00fcckkehr nach Riga um 20.00 Uhr. Fr\u00fchst\u00fcck in Meersrag am Meeresufer mit in Ragaciem gekauften Fischspezialit\u00e4ten. Mittagessen in Talso.<\/p>\n<p>Wir bitten Sie, rechtzeitig einen Tag einzuplanen, um die Fr\u00fchlingsstimmung zu genie\u00dfen!<\/p>\n<p>Nach dem Pleinair findet eine Analyse der Werke in der Fotoakademie unter der Leitung von Frau Kundzi\u0146as statt.<\/p>\n<p>Teilnahmegeb\u00fchr: 58 EUR<\/p>\n<p><img loading=\"lazy\" decoding=\"async\" class=\"alignnone size-large wp-image-5604\" src=\"https:\/\/fotoakademija.lv\/wp-content\/uploads\/Foto_akademija_3-1024x693.jpg\" alt=\"\" width=\"1024\" height=\"693\" srcset=\"https:\/\/fotoakademija.lv\/wp-content\/uploads\/Foto_akademija_3-1024x693.jpg 1024w, https:\/\/fotoakademija.lv\/wp-content\/uploads\/Foto_akademija_3-300x203.jpg 300w, https:\/\/fotoakademija.lv\/wp-content\/uploads\/Foto_akademija_3-768x520.jpg 768w, https:\/\/fotoakademija.lv\/wp-content\/uploads\/Foto_akademija_3-255x173.jpg 255w, https:\/\/fotoakademija.lv\/wp-content\/uploads\/Foto_akademija_3-600x406.jpg 600w, https:\/\/fotoakademija.lv\/wp-content\/uploads\/Foto_akademija_3.jpg 1920w\" sizes=\"auto, (max-width: 1024px) 100vw, 1024px\" \/> \u00a0 \u00a0 \u00a0 <img loading=\"lazy\" decoding=\"async\" class=\"alignnone size-full wp-image-5409\" src=\"https:\/\/fotoakademija.lv\/wp-content\/uploads\/Sp\u0101re-kopija.jpg\" alt=\"\" width=\"650\" height=\"434\" srcset=\"https:\/\/fotoakademija.lv\/wp-content\/uploads\/Sp\u0101re-kopija.jpg 650w, https:\/\/fotoakademija.lv\/wp-content\/uploads\/Sp\u0101re-kopija-300x200.jpg 300w, https:\/\/fotoakademija.lv\/wp-content\/uploads\/Sp\u0101re-kopija-255x170.jpg 255w, https:\/\/fotoakademija.lv\/wp-content\/uploads\/Sp\u0101re-kopija-600x401.jpg 600w\" sizes=\"auto, (max-width: 650px) 100vw, 650px\" \/><\/p>\n<\/div>\n<\/div>\n<p align=\"center\"><b>PRAXIS IN DER NATURFOTOGRAFIE<\/b><\/p>\n<p align=\"center\"><i>Wanderung Ik\u0161ikile \u2013 Jaunogre<br \/>\n<\/i><\/p>\n<p align=\"center\"><i>am 11. April<br \/>\n<\/i><\/p>\n<p>Die Natur erwacht. Die ersten Fr\u00fchlingsblumen, Knospen, Knospen, sogar Pilze ... Liebhaber der Naturfotografie haben die M\u00f6glichkeit, die Sch\u00f6nheit scheinbar einfacher Elemente der lebendigen Natur im Freien zu genie\u00dfen. Die Route f\u00fchrt \u00fcber Waldwege. Sie k\u00f6nnen sowohl Waldansichten als auch verschiedene Nahaufnahmen fotografieren. Am besten ist es, wenn Sie \u00fcber das n\u00f6tige Zubeh\u00f6r f\u00fcr die Makrofotografie verf\u00fcgen \u2013 Frontlinsen, Zwischenringe, Makroobjektiv. Ein Stativ kann n\u00fctzlich sein. Es wird erwartet, dass es Gelegenheit geben wird, so sch\u00f6ne und charakteristische Fr\u00fchlingspflanzen wie gro\u00dfblumige Fetthenne, Zalkteni und Ackerschlehe zu fotografieren. Eine sehr sch\u00f6ne Farbe hat ein nicht jedem bekannter Pilz - Sarcoscypha. Man muss nur vorsichtig sein. Etwas wird schon da sein.<\/p>\n<p>Abfahrt vom Bahnhof Riga mit dem Zug Riga \u2013 Lielv\u0101rde um 8:40 Uhr nach Ik\u0161kilei. Wir treffen uns im zweiten Waggon vor dem Zug oder am Endpunkt direkt am Bahnhof Ik\u0161kile 9:20 Uhr<\/p>\n<p>Zur\u00fcck fahren wir je nach M\u00f6glichkeiten entweder um 15:10 oder 15:45 Uhr von Jaunogre aus.<\/p>\n<p>Im Wald gibt es kein Caf\u00e9! Nehmen Sie sich etwas Leckeres zum Fr\u00fchst\u00fcck mit, wir finden daf\u00fcr einen sch\u00f6nen Platz im Wald. Wandertaugliche Kleidung und vor allem Schuhe w\u00e4ren sehr n\u00fctzlich, und \u2013 los! Auf geht&#039;s in den Fr\u00fchling!<\/p>\n<p>Teilnahmegeb\u00fchr: 18 EUR.<\/p>\n<p>Die Praxis wird geleitet\u00a0<b>Frau Maris<\/b><\/p>","protected":false},"excerpt":{"rendered":"<p>Pavasara, Vasaras vai Rudens foto plen\u0113rs kop\u0101 ar Fotoakad\u0113mija instruktoriem Jaut\u0101jiet mums par aktu\u0101li pl\u0101notajiem foto plen\u0113riem vai skat\u0101ties pas\u0101kumu pl\u0101nu Facebook, [&hellip;]<\/p>","protected":false},"author":1,"featured_media":0,"parent":0,"menu_order":0,"comment_status":"closed","ping_status":"closed","template":"","meta":{"footnotes":""},"class_list":["post-2860","page","type-page","status-publish","hentry"],"_links":{"self":[{"href":"https:\/\/fotoakademija.lv\/de\/wp-json\/wp\/v2\/pages\/2860","targetHints":{"allow":["GET"]}}],"collection":[{"href":"https:\/\/fotoakademija.lv\/de\/wp-json\/wp\/v2\/pages"}],"about":[{"href":"https:\/\/fotoakademija.lv\/de\/wp-json\/wp\/v2\/types\/page"}],"author":[{"embeddable":true,"href":"https:\/\/fotoakademija.lv\/de\/wp-json\/wp\/v2\/users\/1"}],"replies":[{"embeddable":true,"href":"https:\/\/fotoakademija.lv\/de\/wp-json\/wp\/v2\/comments?post=2860"}],"version-history":[{"count":0,"href":"https:\/\/fotoakademija.lv\/de\/wp-json\/wp\/v2\/pages\/2860\/revisions"}],"wp:attachment":[{"href":"https:\/\/fotoakademija.lv\/de\/wp-json\/wp\/v2\/media?parent=2860"}],"curies":[{"name":"wp","href":"https:\/\/api.w.org\/{rel}","templated":true}]}}