{"id":2865,"date":"2018-04-29T17:27:10","date_gmt":"2018-04-29T17:27:10","guid":{"rendered":"https:\/\/fotoakademija.lv\/?page_id=2865"},"modified":"2018-08-08T14:38:50","modified_gmt":"2018-08-08T11:38:50","slug":"talmaciba","status":"publish","type":"page","link":"https:\/\/fotoakademija.lv\/de\/talmacib\/","title":{"rendered":"Fernunterricht"},"content":{"rendered":"<p>[vc_row u_row_style=&#8221;0&#8243; u_row_paralax=&#8221;0&#8243; u_row_scheme=&#8221;0&#8243; css=&#8221;.vc_custom_1525947089412{padding-top: 50px !important;}&#8221;][vc_column width=&#8221;2\/3&#8243;][vc_column_text]<\/p>\n<div>\n<h3><b>Vorgehensweise f\u00fcr die Teilnahme an einem Fernstudium oder Online-Kurs<\/b><\/h3>\n<hr \/>\n<\/div>\n<div align=\"justify\">Der Student reicht einen Antrag auf der FotoAkademija-Website ein und gibt dabei den gew\u00e4hlten Studienplan und seine Kontaktinformationen (Tel.-Nr., E-Mail-Adresse und pers\u00f6nlicher Code) an. Nach Bezahlung der Rechnung sendet FotoAkademija eine Rechnung , sendet der Dozent einen Benachrichtigungsbrief an die E-Mail-Adresse des Studierenden \u00fcber den Beginn des Studiums im jeweiligen Kurs, w\u00e4hrend der Zuh\u00f6rer den Erhalt des Briefes best\u00e4tigt. Der Lernprozess kann beginnen.<\/div>\n<div align=\"justify\">Der Dozent bietet Zugriff auf die Lernmaterialien und Aufgaben\/Tests der ersten Studienwoche im Internetumfeld. Am ersten Wochenende schickt der Student des Kurses fertige Hausaufgaben oder einen Test an den Lehrer.<\/div>\n<div align=\"justify\">Innerhalb von 5 Arbeitstagen \u00fcberpr\u00fcft der Dozent die erledigten Aufgaben und sendet dem Studierenden eine Bewertung (Kommentare) \u00fcber die erledigten Arbeiten. In den folgenden Wochen verl\u00e4uft der Lernprozess \u00e4hnlich wie in der ersten Lernwoche.<\/div>\n<div align=\"justify\">Der Kurs gilt als erfolgreich abgeschlossen, wenn der Kursteilnehmer alle Aufgaben\/Tests innerhalb von 10 Arbeitstagen nach Erhalt der Aufgabe\/Tests fristgerecht erledigt und f\u00fcr die erbrachten Leistungen eine positive Beurteilung (bestanden) erh\u00e4lt. Am Ende der Ausbildung absolviert der Student einen Abschlusstest. Der Stundenplan wird individuell mit der Lehrkraft vereinbart, jedoch nicht l\u00e4nger als die Unterrichtsdauer 2 Monate ab Unterrichtsbeginn.<br \/>\nOnline-Schulungen sind einfach und bequem. Lehrprinzip - Der Unterricht (Vorlesungen) findet in Echtzeit statt, der Lehrer und der Sch\u00fcler k\u00f6nnen sich an unterschiedlichen geografischen Punkten befinden, Hauptsache, Sie haben einen Computer und eine Internetverbindung. Der Dozent h\u00e4lt einen Vortrag, der Zuh\u00f6rer sieht auf seinem Monitor alles, was der Dozent zeigt und erz\u00e4hlt (wie bei einem regul\u00e4ren Vortrag im H\u00f6rsaal). Vorteile der Online-Schulung:<\/div>\n<ul>\n<li>Sie k\u00f6nnen dem Lehrer w\u00e4hrend der Vorlesung frei per Stimme oder schriftlich eine Frage stellen,<\/li>\n<li>Sie h\u00f6ren und sehen Fragen anderer Kursteilnehmer,<\/li>\n<li>der Dozent kann mit jedem Kursteilnehmer sprechen,<\/li>\n<li>Sie k\u00f6nnen lernen, ohne Ihr Zuhause zu verlassen.<\/li>\n<\/ul>\n<p>Der Lernprozess erfolgt mit Hilfe eines speziellen Kommunikationsprogramms, das der Lehrer vor Unterrichtsbeginn installieren m\u00f6chte. Im Anschluss an die Vorlesung werden zus\u00e4tzlich theoretische Lernmaterialien angeboten, um die erworbenen Kenntnisse zu vertiefen.<\/p>\n<table id=\"AutoNumber1\" border=\"1\" width=\"658\" cellspacing=\"0\" cellpadding=\"3\">\n<tbody>\n<tr>\n<td width=\"25%\">\n<h4>Dozenten<\/h4>\n<\/td>\n<td width=\"25%\">\n<h4><a href=\"https:\/\/b2c.lv\/fotoakademija.lv\/lv\/pasniedzeji\/leonids-vaznais.html\" shape=\"rect\">Vadim<\/a>\u00a0Morosow<\/h4>\n<\/td>\n<td width=\"25%\">\n<h4><a href=\"https:\/\/b2c.lv\/fotoakademija.lv\/lv\/pasniedzeji\/leonids-vaznais.html\" shape=\"rect\">Vadim Morozov<\/a><\/h4>\n<\/td>\n<\/tr>\n<tr>\n<td>Fotokurs<\/td>\n<td><a href=\"https:\/\/b2c.lv\/fotoakademija.lv\/lv\/fotokursi\/i-limenis\/praktiskas-fotografijas-pamati.html\" shape=\"rect\">Fotografie f\u00fcr Einsteiger<\/a><\/td>\n<td><a href=\"https:\/\/b2c.lv\/fotoakademija.lv\/lv\/fotokursi\/ii-limenis\/darbs-ar-grafisko-redaktoru-adobe-photoshop-cs-talmaciba.html\" shape=\"rect\">Arbeiten mit dem Grafikeditor Adobe Photoshop CS<\/a><\/td>\n<\/tr>\n<tr>\n<td>Dauer<\/td>\n<td>8 Lektionen\u00a0<i><br \/>\n<\/i><\/td>\n<td>11 Lektionen<\/td>\n<\/tr>\n<tr>\n<td>Unterrichtssprache<\/td>\n<td>Lettisch\/Russisch<\/td>\n<td>Lettisch\/Russisch<\/td>\n<\/tr>\n<tr>\n<td>Der Preis<\/td>\n<td><i>138 EUR<\/i><\/td>\n<td>\u00a0<i>165 EUR<\/i><\/td>\n<\/tr>\n<tr>\n<td>Zeitplan<\/td>\n<td>Fernunterricht<\/td>\n<td>Onlinetraining<\/td>\n<\/tr>\n<\/tbody>\n<\/table>\n<div>\n<div>\n<div>F\u00fcr PhotoAcademy-Studenten, die einen zweiten Kurs bei uns belegen, und f\u00fcr diejenigen, die den Kurs als Paar besuchen, wird ein Rabatt von 10% gew\u00e4hrt.<\/div>\n<div><\/div>\n<\/div>\n<\/div>\n<p>[\/vc_column_text][\/vc_column][vc_column width=&#8221;1\/3&#8243;][vc_single_image image=&#8221;4971&#8243; img_size=&#8221;450&#215;450&#8243; onclick=&#8221;zoom&#8221;][\/vc_column][\/vc_row][vc_row][vc_column][contact-form-7 id=&#8221;5079&#8243;][\/vc_column][\/vc_row]<\/p>","protected":false},"excerpt":{"rendered":"<p>[vc_row u_row_style=&#8221;0&#8243; u_row_paralax=&#8221;0&#8243; u_row_scheme=&#8221;0&#8243; css=&#8221;.vc_custom_1525947089412{padding-top: 50px !important;}&#8221;][vc_column width=&#8221;2\/3&#8243;][vc_column_text] K\u0101rt\u012bba, k\u0101d\u0101 notiek t\u0101lm\u0101c\u012bbas vai on-line kursa apg\u016b\u0161ana Klaus\u012bt\u0101js nos\u016bta pieteikumu FotoAkad\u0113mijas m\u0101jaslap\u0101,nor\u0101dot izv\u0113l\u0113to [&hellip;]<\/p>","protected":false},"author":1,"featured_media":0,"parent":0,"menu_order":0,"comment_status":"closed","ping_status":"closed","template":"page-templates\/front-page.php","meta":{"footnotes":""},"class_list":["post-2865","page","type-page","status-publish","hentry"],"_links":{"self":[{"href":"https:\/\/fotoakademija.lv\/de\/wp-json\/wp\/v2\/pages\/2865","targetHints":{"allow":["GET"]}}],"collection":[{"href":"https:\/\/fotoakademija.lv\/de\/wp-json\/wp\/v2\/pages"}],"about":[{"href":"https:\/\/fotoakademija.lv\/de\/wp-json\/wp\/v2\/types\/page"}],"author":[{"embeddable":true,"href":"https:\/\/fotoakademija.lv\/de\/wp-json\/wp\/v2\/users\/1"}],"replies":[{"embeddable":true,"href":"https:\/\/fotoakademija.lv\/de\/wp-json\/wp\/v2\/comments?post=2865"}],"version-history":[{"count":0,"href":"https:\/\/fotoakademija.lv\/de\/wp-json\/wp\/v2\/pages\/2865\/revisions"}],"wp:attachment":[{"href":"https:\/\/fotoakademija.lv\/de\/wp-json\/wp\/v2\/media?parent=2865"}],"curies":[{"name":"wp","href":"https:\/\/api.w.org\/{rel}","templated":true}]}}