{"id":2867,"date":"2018-04-29T17:27:35","date_gmt":"2018-04-29T17:27:35","guid":{"rendered":"https:\/\/fotoakademija.lv\/?page_id=2867"},"modified":"2023-12-04T11:41:35","modified_gmt":"2023-12-04T09:41:35","slug":"sadarbibas-partneri","status":"publish","type":"page","link":"https:\/\/fotoakademija.lv\/de\/kooperationspartner\/","title":{"rendered":"Kooperationspartner"},"content":{"rendered":"<p>Wir sind eine Foto- und Videoschule, deren Mission es ist, eine qualitativ hochwertige Ausbildung in den Bereichen Fotografie und Videografie anzubieten. Unser Erfolg und die Effektivit\u00e4t des Lernprozesses werden nicht nur durch unsere engagierten Sch\u00fcler und erfahrenen Lehrer bestimmt, sondern auch durch die enge Zusammenarbeit mit f\u00fchrenden Herstellern von Foto- und Videoger\u00e4ten.<\/p>\n<p><img loading=\"lazy\" decoding=\"async\" class=\"alignnone size-medium wp-image-5199\" src=\"https:\/\/fotoakademija.lv\/wp-content\/uploads\/salikovs1-1-300x199.jpg\" alt=\"\" width=\"300\" height=\"199\" srcset=\"https:\/\/fotoakademija.lv\/wp-content\/uploads\/salikovs1-1-300x199.jpg 300w, https:\/\/fotoakademija.lv\/wp-content\/uploads\/salikovs1-1-255x169.jpg 255w, https:\/\/fotoakademija.lv\/wp-content\/uploads\/salikovs1-1.jpg 600w\" sizes=\"auto, (max-width: 300px) 100vw, 300px\" \/><\/p>\n<p>Wir sind stolz auf unsere Partnerschaften mit Canon, Nikon und Sony \u2013 Weltmarktf\u00fchrern in der professionellen Foto- und Videografietechnologie. Diese Unternehmen sind f\u00fcr ihre hohe Qualit\u00e4t, Innovation und Zuverl\u00e4ssigkeit bekannt und wir freuen uns, unseren Studierenden im Lernprozess Zugang zu diesen hervorragenden Werkzeugen erm\u00f6glichen zu k\u00f6nnen.<\/p>\n<p>Unsere Partnerschaft mit Canon, Nikon und Sony gibt unseren Sch\u00fclern die M\u00f6glichkeit, F\u00e4higkeiten mithilfe modernster Technologie und professioneller Ausr\u00fcstung zu erlernen. Wir organisieren praktische Kurse, in denen die Sch\u00fcler ihre F\u00e4higkeiten im Umgang mit Kameras und Camcordern dieser prestigetr\u00e4chtigen Marke verbessern k\u00f6nnen.<\/p>\n<p>Wir laden Sie ein, uns in den sozialen Netzwerken zu folgen, um als Erster \u00fcber Neuigkeiten zu unseren Partnerschaften zu erfahren und an unseren Veranstaltungen und Wettbewerben teilzunehmen, bei denen Sie die neuesten Trends in der Welt der Fotografie und Videografie kennenlernen k\u00f6nnen. Folgen Sie uns auf Facebook, Instagram und YouTube, um gemeinsam kreative Momente zu teilen und an unseren spannenden Projekten mit Partnern von Canon, Nikon und Sony teilzunehmen. Bewerben Sie sich f\u00fcr unsere Kurse und erleben Sie erstklassige Schulungen mit unseren erstklassigen Partnern und Branchenprofis!<\/p>\n<p>Folgen Sie uns auf Facebook, Instagram und YouTube, um Updates zu unseren Kursen zu erhalten, die kreativen Leistungen unserer Studierenden zu teilen und an spannenden Veranstaltungen teilzunehmen. Gemeinsam entdecken wir die neuesten Trends und gestalten gemeinsam einen spannenden Weg im Leben der Kunstwelt. Bewerben Sie sich f\u00fcr unsere Kurse und gehen Sie mit uns auf eine Reise der Kreativit\u00e4t!<\/p>\n<ul>\n<li><em><strong><a href=\"https:\/\/www.facebook.com\/fotoakad\">Facebook<\/a><\/strong><\/em><\/li>\n<li><em><strong><a href=\"https:\/\/www.instagram.com\/fotoakademijalv\/\">Instagram<\/a><\/strong><\/em><\/li>\n<li><a href=\"https:\/\/www.youtube.com\/@FotoakademijaValtersPreimanis\"><em><strong>Youtube<\/strong><\/em><\/a><\/li>\n<\/ul>","protected":false},"excerpt":{"rendered":"<p>M\u0113s esam foto un video skola, kuras misija ir nodro\u0161in\u0101t augstas kvalit\u0101tes izgl\u012bt\u012bbu fotogr\u0101fijas un videogr\u0101fijas jom\u0101s. M\u016bsu pan\u0101kumus un m\u0101c\u012bbu procesa [&hellip;]<\/p>","protected":false},"author":1,"featured_media":0,"parent":0,"menu_order":0,"comment_status":"closed","ping_status":"closed","template":"","meta":{"footnotes":""},"class_list":["post-2867","page","type-page","status-publish","hentry"],"_links":{"self":[{"href":"https:\/\/fotoakademija.lv\/de\/wp-json\/wp\/v2\/pages\/2867","targetHints":{"allow":["GET"]}}],"collection":[{"href":"https:\/\/fotoakademija.lv\/de\/wp-json\/wp\/v2\/pages"}],"about":[{"href":"https:\/\/fotoakademija.lv\/de\/wp-json\/wp\/v2\/types\/page"}],"author":[{"embeddable":true,"href":"https:\/\/fotoakademija.lv\/de\/wp-json\/wp\/v2\/users\/1"}],"replies":[{"embeddable":true,"href":"https:\/\/fotoakademija.lv\/de\/wp-json\/wp\/v2\/comments?post=2867"}],"version-history":[{"count":0,"href":"https:\/\/fotoakademija.lv\/de\/wp-json\/wp\/v2\/pages\/2867\/revisions"}],"wp:attachment":[{"href":"https:\/\/fotoakademija.lv\/de\/wp-json\/wp\/v2\/media?parent=2867"}],"curies":[{"name":"wp","href":"https:\/\/api.w.org\/{rel}","templated":true}]}}