{"id":2884,"date":"2018-04-29T19:07:32","date_gmt":"2018-04-29T19:07:32","guid":{"rendered":"https:\/\/fotoakademija.lv\/?page_id=2884"},"modified":"2023-12-04T16:03:36","modified_gmt":"2023-12-04T14:03:36","slug":"par-fotoakademiju","status":"publish","type":"page","link":"https:\/\/fotoakademija.lv\/de\/","title":{"rendered":"\u00dcber PhotoAcademy"},"content":{"rendered":"<p align=\"justify\">Die FotoAkademija begann ihre T\u00e4tigkeit im Jahr 2005. PhotoAcademy ist f\u00fcr diejenigen gedacht, die nicht \u00fcber gen\u00fcgend Ratschl\u00e4ge von Freunden und Internetressourcen verf\u00fcgen und nicht Amateure in der Welt der Fotografie bleiben wollen. Dies ist ein einzigartiger Ort in Lettland, an dem die besten Meister anbieten, die Welt durch die Linse ihrer Kamera zu sehen.<\/p>\n<p align=\"justify\">Bei Studienbeginn <strong>Foto in der Akademie<\/strong>, Sie gelangen ins Zentrum der lettischen Fotowelt \u2013 wir informieren Sie \u00fcber alle wichtigen Veranstaltungen (Ausstellungen, Meisterkurse, Wettbewerbe), bieten die Teilnahme an verschiedenen fotobezogenen Projekten, praktischen Kursen und Wettbewerben an, halten kostenlose offene Vortr\u00e4ge und bieten Praktikumsm\u00f6glichkeiten Bieten Sie an, die neuesten Ausgaben von Fotomagazinen anzusehen.<\/p>\n<p align=\"justify\"><img loading=\"lazy\" decoding=\"async\" class=\"alignnone size-medium wp-image-5779\" src=\"https:\/\/fotoakademija.lv\/wp-content\/uploads\/fOTOAKADEMIJA-valters-preimanis-300x169.jpg\" alt=\"\" width=\"300\" height=\"169\" srcset=\"https:\/\/fotoakademija.lv\/wp-content\/uploads\/fOTOAKADEMIJA-valters-preimanis-300x169.jpg 300w, https:\/\/fotoakademija.lv\/wp-content\/uploads\/fOTOAKADEMIJA-valters-preimanis-1024x577.jpg 1024w, https:\/\/fotoakademija.lv\/wp-content\/uploads\/fOTOAKADEMIJA-valters-preimanis-768x433.jpg 768w, https:\/\/fotoakademija.lv\/wp-content\/uploads\/fOTOAKADEMIJA-valters-preimanis-1536x866.jpg 1536w, https:\/\/fotoakademija.lv\/wp-content\/uploads\/fOTOAKADEMIJA-valters-preimanis-1000x563.jpg 1000w, https:\/\/fotoakademija.lv\/wp-content\/uploads\/fOTOAKADEMIJA-valters-preimanis-230x130.jpg 230w, https:\/\/fotoakademija.lv\/wp-content\/uploads\/fOTOAKADEMIJA-valters-preimanis-350x197.jpg 350w, https:\/\/fotoakademija.lv\/wp-content\/uploads\/fOTOAKADEMIJA-valters-preimanis-480x270.jpg 480w, https:\/\/fotoakademija.lv\/wp-content\/uploads\/fOTOAKADEMIJA-valters-preimanis.jpg 2048w\" sizes=\"auto, (max-width: 300px) 100vw, 300px\" \/><\/p>\n<p>Wir sind eine Foto- und Videoschule und bieten inspirierende und professionelle Schulungen in den Bereichen Fotografie und Videografie an. Unsere Vision ist es, Kreativit\u00e4t zu f\u00f6rdern und F\u00e4higkeiten in den Bereichen Fotografie und Videografie zu entwickeln, indem wir eine qualitativ hochwertige Ausbildung und die M\u00f6glichkeit bieten, diese spannende Kunstform kennenzulernen.<\/p>\n<p>Mit unserem Expertenteam aus erfahrenen Fotografen und Videofilmern bieten wir eine Vielzahl von Kursen f\u00fcr alle Niveaus an, vom Anf\u00e4nger bis zum erfahrenen Profi. Wir glauben an einen pers\u00f6nlichen Ansatz und eine praktische Ausbildung, die unseren Sch\u00fclern dabei hilft, F\u00e4higkeiten und Verst\u00e4ndnis f\u00fcr k\u00fcnstlerische und technische Aspekte zu entwickeln.<\/p>\n<p>Unsere Schule bietet eine Vielzahl von Kursen an, von den Grundlagen bis hin zu Spezialthemen wie Portr\u00e4tfotografie, Produktfotografie, Schnitt und Videokunst. Wir sind bestrebt, ein anregendes und freundliches Umfeld zu schaffen, in dem unsere Sch\u00fcler ihre F\u00e4higkeiten entwickeln, Erfahrungen austauschen und das n\u00f6tige Vertrauen in ihre Arbeit gewinnen k\u00f6nnen.<\/p>\n<p>Folgen Sie uns auf Facebook, Instagram und YouTube, um Updates zu unseren Kursen zu erhalten, die kreativen Leistungen unserer Studierenden zu teilen und an spannenden Veranstaltungen teilzunehmen. Gemeinsam entdecken wir die neuesten Trends und gestalten gemeinsam einen spannenden Weg im Leben der Kunstwelt. Bewerben Sie sich f\u00fcr unsere Kurse und gehen Sie mit uns auf eine Reise der Kreativit\u00e4t!<\/p>\n<ul>\n<li><em><strong><a href=\"https:\/\/www.facebook.com\/fotoakad\">Facebook<\/a><\/strong><\/em><\/li>\n<li><em><strong><a href=\"https:\/\/www.instagram.com\/fotoakademijalv\/\">Instagram<\/a><\/strong><\/em><\/li>\n<li><a href=\"https:\/\/www.youtube.com\/@FotoakademijaValtersPreimanis\"><em><strong>Youtube<\/strong><\/em><\/a><\/li>\n<\/ul>\n<p align=\"justify\">Wenn Sie Anregungen zur Weiterentwicklung der PhotoAcademy haben, freuen wir uns \u00fcber Ihre Ideen!<\/p>\n<p align=\"justify\">Rufen Sie uns an unter Tel. 220\u201377\u2013202<br \/>\nSchreiben: <img loading=\"lazy\" decoding=\"async\" class=\"alignnone size-full wp-image-5709\" src=\"https:\/\/fotoakademija.lv\/wp-content\/uploads\/foto-at-fotoakademija.lv_.jpg\" alt=\"\" width=\"189\" height=\"20\" \/><\/p>\n<p><strong>Wir bieten einen privaten Fotoschulungskurs mit Zoom auf Lettisch an<\/strong><\/p>\n<p><em>Bequem von zu Hause aus lernen, <strong><a href=\"https:\/\/fotoakademija.lv\/de\/privater-fotounterricht-mit-zoom-um-etwas-neues-zu-lernen\/\">dazu kommen<\/a><\/strong>!<\/em><\/p>\n<p>Holen Sie sich eine individuelle Herangehensweise <strong>Fotos<\/strong> Und <strong>Videografie<\/strong> Lernen mit unserem Privatunterricht <strong>Zoomen<\/strong> auf dem Bahnsteig. Wir bieten Einzelunterricht an, bei dem professionelle Lehrer Ihnen dabei helfen, Ihre F\u00e4higkeiten und Ihr Verst\u00e4ndnis f\u00fcr Foto- und Videokunst zu entwickeln.<\/p>\n<p><strong>Wie funktioniert es:<\/strong><\/p>\n<ol>\n<li><em>Anwenden<\/em>: W\u00e4hlen Sie einen f\u00fcr Sie passenden Zeitpunkt und melden Sie sich f\u00fcr eine Privatstunde an. (Eine Sitzung 50 Euro\/1 Stunde, 100 Euro\/2 Stunden)<\/li>\n<li><em>Einzelunterricht<\/em>: Erhalten Sie eine pers\u00f6nliche Lernerfahrung, indem Sie online mit einem Fotolehrer in Kontakt treten.<\/li>\n<li><em>Verwendet Technologien<\/em>: Lernen Sie bequem mit Zoom, ohne Ihr Zuhause zu verlassen.<\/li>\n<\/ol>\n<p><strong>Wie w\u00e4re es mit einer privaten Fotoschulung?<\/strong><\/p>\n<p>Melden Sie sich f\u00fcr unsere privaten Foto- und Videokurse f\u00fcr ein personalisiertes Lernerlebnis an. Folgen Sie uns auf Facebook, Instagram und YouTube, um Updates zu unseren Angeboten zu erhalten und mehr \u00fcber die kreative Welt zu erfahren. Entwickeln Sie schnell Ihre F\u00e4higkeiten und beginnen Sie Ihre kreative Reise mit uns!<\/p>","protected":false},"excerpt":{"rendered":"<p>FotoAkad\u0113mija uzs\u0101ka savu darb\u012bbu 2005. gad\u0101. FotoAkad\u0113mija ir rad\u012bta tiem, kuriem nepietiek ar draugu padomiem un interneta resursiem, un kuri fotogr\u0101fijas pasaul\u0113 [&hellip;]<\/p>","protected":false},"author":1,"featured_media":0,"parent":0,"menu_order":0,"comment_status":"closed","ping_status":"closed","template":"","meta":{"footnotes":""},"class_list":["post-2884","page","type-page","status-publish","hentry"],"_links":{"self":[{"href":"https:\/\/fotoakademija.lv\/de\/wp-json\/wp\/v2\/pages\/2884","targetHints":{"allow":["GET"]}}],"collection":[{"href":"https:\/\/fotoakademija.lv\/de\/wp-json\/wp\/v2\/pages"}],"about":[{"href":"https:\/\/fotoakademija.lv\/de\/wp-json\/wp\/v2\/types\/page"}],"author":[{"embeddable":true,"href":"https:\/\/fotoakademija.lv\/de\/wp-json\/wp\/v2\/users\/1"}],"replies":[{"embeddable":true,"href":"https:\/\/fotoakademija.lv\/de\/wp-json\/wp\/v2\/comments?post=2884"}],"version-history":[{"count":0,"href":"https:\/\/fotoakademija.lv\/de\/wp-json\/wp\/v2\/pages\/2884\/revisions"}],"wp:attachment":[{"href":"https:\/\/fotoakademija.lv\/de\/wp-json\/wp\/v2\/media?parent=2884"}],"curies":[{"name":"wp","href":"https:\/\/api.w.org\/{rel}","templated":true}]}}