{"id":2901,"date":"2018-05-02T14:50:13","date_gmt":"2018-05-02T14:50:13","guid":{"rendered":"https:\/\/fotoakademija.lv\/?page_id=2901"},"modified":"2023-12-04T11:32:22","modified_gmt":"2023-12-04T09:32:22","slug":"galvena-2","status":"publish","type":"page","link":"https:\/\/fotoakademija.lv\/de\/haupt-2\/","title":{"rendered":"Fotografie ist der zug\u00e4nglichste kreative Ausdruck in der heutigen Welt"},"content":{"rendered":"<p>Fotografie hat sich als eine der zug\u00e4nglichsten Besch\u00e4ftigungen des kreativen Ausdrucks erwiesen. F\u00fcr Kurse k\u00f6nnen Sie sich \u00fcber das Schnellkontaktformular unter Angabe des Kursnamens bewerben.<\/p>\n<p>Fotografie ist nicht nur popul\u00e4r geworden, sondern auch eine der zug\u00e4nglichsten Besch\u00e4ftigungen des kreativen Ausdrucks in der modernen Welt. Diese spannende Aktivit\u00e4t steht fast jedem offen, unabh\u00e4ngig von Alter, Erfahrung oder technischen F\u00e4higkeiten. Fotografie erm\u00f6glicht es uns nicht nur, besondere Momente festzuhalten, sondern entwickelt auch unser kreatives Potenzial und gibt uns die M\u00f6glichkeit, durch eine einzigartige Perspektive und ein einzigartiges Verst\u00e4ndnis mit der Welt zu teilen.<\/p>\n<figure id=\"attachment_5315\" aria-describedby=\"caption-attachment-5315\" style=\"width: 200px\" class=\"wp-caption alignnone\"><img loading=\"lazy\" decoding=\"async\" class=\"size-medium wp-image-5315\" src=\"https:\/\/fotoakademija.lv\/wp-content\/uploads\/Valters-Preimanis-Izst\u0101de-portrets-200x300.jpg\" alt=\"V. Preimanis Ausstellungsportr\u00e4t\" width=\"200\" height=\"300\" srcset=\"https:\/\/fotoakademija.lv\/wp-content\/uploads\/Valters-Preimanis-Izst\u0101de-portrets-200x300.jpg 200w, https:\/\/fotoakademija.lv\/wp-content\/uploads\/Valters-Preimanis-Izst\u0101de-portrets-255x383.jpg 255w, https:\/\/fotoakademija.lv\/wp-content\/uploads\/Valters-Preimanis-Izst\u0101de-portrets.jpg 532w\" sizes=\"auto, (max-width: 200px) 100vw, 200px\" \/><figcaption id=\"caption-attachment-5315\" class=\"wp-caption-text\">Ein Blick<\/figcaption><\/figure>\n<h3>Ein aufschlussreiches und spannendes Hobby<\/h3>\n<p>Fotografie hat sich als spannendes und spannendes Hobby erwiesen, das unvergleichliche Freude bereitet. Egal, ob Sie Anf\u00e4nger oder erfahrener Fotograf sind, die Kamera wird zu einem Mittel zur Selbstdarstellung und er\u00f6ffnet neue M\u00f6glichkeiten, die Welt zu sehen und zu verstehen. Jedes weitere Bild ist eine Gelegenheit, Ihre Visionen zu kreieren und zu teilen.<\/p>\n<h3>Ausdruck und Kreativit\u00e4t<\/h3>\n<p>Fotografie ist eine einzigartige Vorlage, die der Kreativit\u00e4t T\u00fcr und Tor \u00f6ffnet. Ob Landschafts-, Portr\u00e4t- oder Dokumentarfotografie \u2013 wir sind in der Lage, unsere Visionen und Gef\u00fchle auszudr\u00fccken, indem wir Bilder schaffen, die Geschichten ohne Worte erz\u00e4hlen. Fotografie ist eine Sprache, die auf der ganzen Welt verstanden wird und die es Ihnen erm\u00f6glicht, sich in verschiedenen Kulturen und Umgebungen auszudr\u00fccken.<\/p>\n<h3>Barrierefreiheit f\u00fcr alle<\/h3>\n<p>Einer der gr\u00f6\u00dften Vorteile der Fotografie ist ihre Zug\u00e4nglichkeit. Mit der Weiterentwicklung der Technologie k\u00f6nnen wir mit einfachen Ger\u00e4ten wie Mobiltelefonen gro\u00dfartige Fotos machen. Das bedeutet, dass jeder seine Reise in die Welt der Fotografie beginnen kann, ohne gro\u00dfe Investitionen in technische Ausr\u00fcstung zu t\u00e4tigen.<\/p>\n<h3>Sozialer Aspekt<\/h3>\n<p>Fotografie f\u00f6rdert die soziale Kommunikation, indem sie Ihnen die M\u00f6glichkeit gibt, Ihre Arbeit auf digitalen Kan\u00e4len und sozialen Netzwerken zu teilen. Dies f\u00f6rdert nicht nur die soziale Kommunikation, sondern bietet auch die M\u00f6glichkeit, Feedback zu erhalten und Ihre F\u00e4higkeiten durch den Erfahrungsaustausch mit anderen Fotografen zu vertiefen.<\/p>\n<h3>P\u00e4dagogischer Aspekt<\/h3>\n<p>Fotografie ist auch ein Bildungsprozess, der nicht nur die Beherrschung der Technik, sondern auch ein Verst\u00e4ndnis f\u00fcr Komposition, Licht und Schatten erfordert. Eine Vielzahl von Fotokursen, B\u00fcchern und Online-Ressourcen helfen Ihnen, Ihre F\u00e4higkeiten zu verbessern und Ihre Vision der bildenden Kunst zu erweitern.<\/p>\n<p>Fotografie ist ein Weg zur Kreativit\u00e4t und zum Selbstausdruck, der f\u00fcr jeden zug\u00e4nglich ist. Seine F\u00e4higkeit, Momente einzufangen, Emotionen auszudr\u00fccken und mit der Welt zu teilen, macht es zu einer der zug\u00e4nglichsten Formen des kreativen Ausdrucks. Egal, ob Sie ein professioneller Fotograf sind oder gerade erst Ihre Reise in die Welt der Fotografie beginnen, diese Aktivit\u00e4t bietet endlose M\u00f6glichkeiten zur Entwicklung und Freude. Fangen Sie an zu fotografieren und erkunden Sie die Welt mit neuen Augen!<\/p>","protected":false},"excerpt":{"rendered":"<p>Fotograf\u0113\u0161ana sevi ir pier\u0101d\u012bjusi k\u0101 viena no vispieejam\u0101kaj\u0101m rado\u0161\u0101s izpausmes nodarb\u0113m.\u00a0Pieteikties kursiem var izmantojot \u0101tro sazi\u0146as formu un nor\u0101dot kursu nosaukumu. Fotograf\u0113\u0161ana [&hellip;]<\/p>","protected":false},"author":1,"featured_media":0,"parent":0,"menu_order":0,"comment_status":"closed","ping_status":"closed","template":"","meta":{"footnotes":""},"class_list":["post-2901","page","type-page","status-publish","hentry"],"_links":{"self":[{"href":"https:\/\/fotoakademija.lv\/de\/wp-json\/wp\/v2\/pages\/2901","targetHints":{"allow":["GET"]}}],"collection":[{"href":"https:\/\/fotoakademija.lv\/de\/wp-json\/wp\/v2\/pages"}],"about":[{"href":"https:\/\/fotoakademija.lv\/de\/wp-json\/wp\/v2\/types\/page"}],"author":[{"embeddable":true,"href":"https:\/\/fotoakademija.lv\/de\/wp-json\/wp\/v2\/users\/1"}],"replies":[{"embeddable":true,"href":"https:\/\/fotoakademija.lv\/de\/wp-json\/wp\/v2\/comments?post=2901"}],"version-history":[{"count":0,"href":"https:\/\/fotoakademija.lv\/de\/wp-json\/wp\/v2\/pages\/2901\/revisions"}],"wp:attachment":[{"href":"https:\/\/fotoakademija.lv\/de\/wp-json\/wp\/v2\/media?parent=2901"}],"curies":[{"name":"wp","href":"https:\/\/api.w.org\/{rel}","templated":true}]}}