{"id":5488,"date":"2018-05-19T12:49:27","date_gmt":"2018-05-19T12:49:27","guid":{"rendered":"https:\/\/fotoakademija.lv\/?page_id=5488"},"modified":"2023-12-05T06:46:33","modified_gmt":"2023-12-05T04:46:33","slug":"piedavajam-kursus","status":"publish","type":"page","link":"https:\/\/fotoakademija.lv\/de\/wir-bieten-kurse-an\/","title":{"rendered":"Wir bieten Kurse an"},"content":{"rendered":"<p>Aktuelle Kurse<\/p>\n<blockquote><p><em>Fotografie hat sich als eine der zug\u00e4nglichsten Besch\u00e4ftigungen des kreativen Ausdrucks erwiesen \u2013 Fotograf Valters Preimanis<\/em><\/p><\/blockquote>\n<h2 align=\"justify\">WIR BIETEN KURSE AN:<\/h2>\n<hr \/>\n<p align=\"justify\">Fotokurse richten sich an Zuh\u00f6rer mit unterschiedlichem Vorbereitungsniveau. In Gruppen gibt es nicht mehr als 10 Personen. Am Ende des Kurses erhalten Sie ein Zertifikat \u00fcber den erfolgreichen Kursabschluss.<\/p>\n<ul>\n<li><a href=\"https:\/\/fotoakademija.lv\/de\/programm-mit-privatunterricht-zum-filmen-und-fotografieren-mit-einer-drohne\/\">Programm: Privatunterricht im Filmen und Fotografieren mit einer Drohne<\/a><\/li>\n<li><a href=\"https:\/\/fotoakademija.lv\/de\/privater-fotounterricht-mit-zoom-um-etwas-neues-zu-lernen\/\">Private Fotokurse mit Zoom, um etwas Neues zu lernen<\/a><\/li>\n<li><a href=\"https:\/\/fotoakademija.lv\/de\/adobe-photoshop-lightroom\/\">Adobe Photoshop und Lightroom<\/a><\/li>\n<li><a href=\"https:\/\/fotoakademija.lv\/de\/praktische-grundlagen-der-fotografie\/\">Die praktischen Grundlagen der Fotografie<\/a><\/li>\n<\/ul>\n<p>Den Kursteilnehmern stehen Tee- und Kaffeepausen zur Verf\u00fcgung.<\/p>\n<p>Rabatte:<\/p>\n<ul>\n<li style=\"list-style-type: none;\">\n<ul>\n<li>Wenn Sie einen Kurs bei uns studieren, erhalten Sie einen Rabatt von 10% f\u00fcr das Studium eines anderen Kurses!<\/li>\n<li>Wenn Sie als Paar kommen, erhalten Sie beide einen Rabatt von 10%!<\/li>\n<\/ul>\n<\/li>\n<\/ul>\n<p><img loading=\"lazy\" decoding=\"async\" class=\"alignnone size-medium wp-image-5604\" src=\"https:\/\/fotoakademija.lv\/wp-content\/uploads\/Foto_akademija_3-300x203.jpg\" alt=\"\" width=\"300\" height=\"203\" srcset=\"https:\/\/fotoakademija.lv\/wp-content\/uploads\/Foto_akademija_3-300x203.jpg 300w, https:\/\/fotoakademija.lv\/wp-content\/uploads\/Foto_akademija_3-768x520.jpg 768w, https:\/\/fotoakademija.lv\/wp-content\/uploads\/Foto_akademija_3-1024x693.jpg 1024w, https:\/\/fotoakademija.lv\/wp-content\/uploads\/Foto_akademija_3-255x173.jpg 255w, https:\/\/fotoakademija.lv\/wp-content\/uploads\/Foto_akademija_3-600x406.jpg 600w, https:\/\/fotoakademija.lv\/wp-content\/uploads\/Foto_akademija_3.jpg 1920w\" sizes=\"auto, (max-width: 300px) 100vw, 300px\" \/><\/p>\n<h4 align=\"justify\">F\u00fcr Kurse k\u00f6nnen Sie sich \u00fcber das Schnellkontaktformular unter Angabe des Kursnamens bewerben.<\/h4>\n<p>Telefon 220-77-202<\/p>","protected":false},"excerpt":{"rendered":"<p>Jaun\u0101kie kursi Fotograf\u0113\u0161ana sevi ir pier\u0101d\u012bjusi k\u0101 viena no vispieejam\u0101kaj\u0101m rado\u0161\u0101s izpausmes nodarb\u0113m &#8211; Fotogr\u0101fs Valters Preimanis PIED\u0100V\u0100JAM KURSUS: Foto kursi ir [&hellip;]<\/p>","protected":false},"author":1,"featured_media":0,"parent":0,"menu_order":0,"comment_status":"closed","ping_status":"closed","template":"","meta":{"footnotes":""},"class_list":["post-5488","page","type-page","status-publish","hentry"],"_links":{"self":[{"href":"https:\/\/fotoakademija.lv\/de\/wp-json\/wp\/v2\/pages\/5488","targetHints":{"allow":["GET"]}}],"collection":[{"href":"https:\/\/fotoakademija.lv\/de\/wp-json\/wp\/v2\/pages"}],"about":[{"href":"https:\/\/fotoakademija.lv\/de\/wp-json\/wp\/v2\/types\/page"}],"author":[{"embeddable":true,"href":"https:\/\/fotoakademija.lv\/de\/wp-json\/wp\/v2\/users\/1"}],"replies":[{"embeddable":true,"href":"https:\/\/fotoakademija.lv\/de\/wp-json\/wp\/v2\/comments?post=5488"}],"version-history":[{"count":0,"href":"https:\/\/fotoakademija.lv\/de\/wp-json\/wp\/v2\/pages\/5488\/revisions"}],"wp:attachment":[{"href":"https:\/\/fotoakademija.lv\/de\/wp-json\/wp\/v2\/media?parent=5488"}],"curies":[{"name":"wp","href":"https:\/\/api.w.org\/{rel}","templated":true}]}}