{"id":5548,"date":"2018-05-20T18:29:13","date_gmt":"2018-05-20T15:29:13","guid":{"rendered":"https:\/\/fotoakademija.lv\/?page_id=5548"},"modified":"2024-02-07T09:48:21","modified_gmt":"2024-02-07T07:48:21","slug":"%d1%84%d0%be%d1%82%d0%be%d0%ba%d1%83%d1%80%d1%81%d1%8b","status":"publish","type":"page","link":"https:\/\/fotoakademija.lv\/de\/\u0444\u043e\u0442\u043e\u043a\u0443\u0440\u0441\u044b\/","title":{"rendered":"Fotokurse"},"content":{"rendered":"<p>Fotografie hat sich als eine der zug\u00e4nglichsten Besch\u00e4ftigungen des kreativen Ausdrucks erwiesen.<\/p>\n\n\n\n<figure class=\"wp-block-image\"><img loading=\"lazy\" decoding=\"async\" width=\"1024\" height=\"683\" src=\"https:\/\/fotoakademija.lv\/wp-content\/uploads\/2024\/02\/Kolazas-Mzaikas-Valters-Preimanis-1024x683.jpg\" alt=\"Valters Preimanis von Kolaz Mzaikas\" class=\"wp-image-5925\" srcset=\"https:\/\/fotoakademija.lv\/wp-content\/uploads\/2024\/02\/Kolazas-Mzaikas-Valters-Preimanis-1024x683.jpg 1024w, https:\/\/fotoakademija.lv\/wp-content\/uploads\/2024\/02\/Kolazas-Mzaikas-Valters-Preimanis-300x200.jpg 300w, https:\/\/fotoakademija.lv\/wp-content\/uploads\/2024\/02\/Kolazas-Mzaikas-Valters-Preimanis-768x512.jpg 768w, https:\/\/fotoakademija.lv\/wp-content\/uploads\/2024\/02\/Kolazas-Mzaikas-Valters-Preimanis-1536x1024.jpg 1536w, https:\/\/fotoakademija.lv\/wp-content\/uploads\/2024\/02\/Kolazas-Mzaikas-Valters-Preimanis-2048x1365.jpg 2048w, https:\/\/fotoakademija.lv\/wp-content\/uploads\/2024\/02\/Kolazas-Mzaikas-Valters-Preimanis-18x12.jpg 18w, https:\/\/fotoakademija.lv\/wp-content\/uploads\/2024\/02\/Kolazas-Mzaikas-Valters-Preimanis-1000x667.jpg 1000w, https:\/\/fotoakademija.lv\/wp-content\/uploads\/2024\/02\/Kolazas-Mzaikas-Valters-Preimanis-230x153.jpg 230w, https:\/\/fotoakademija.lv\/wp-content\/uploads\/2024\/02\/Kolazas-Mzaikas-Valters-Preimanis-350x233.jpg 350w, https:\/\/fotoakademija.lv\/wp-content\/uploads\/2024\/02\/Kolazas-Mzaikas-Valters-Preimanis-480x320.jpg 480w\" sizes=\"auto, (max-width: 1024px) 100vw, 1024px\" \/><\/figure>\n\n\n\n<h2 class=\"wp-block-heading\">FOTOKURSE:<\/h2>\n\n\n\n<hr class=\"wp-block-separator has-alpha-channel-opacity\"\/>\n\n\n\n<p>Dar\u00fcber hinaus ist Fotografie heute nicht nur eine Form des k\u00fcnstlerischen Ausdrucks, sondern auch ein hochgesch\u00e4tztes Gut. Es erm\u00f6glicht Ihnen nicht nur, die Welt Ihrer Gef\u00fchle und Gedanken zu entdecken, sondern er\u00f6ffnet Ihnen auch die M\u00f6glichkeit, sich im beruflichen Bereich weiterzuentwickeln und eine neue Identit\u00e4t zu erwerben.<\/p>\n\n\n\n<p>Die Fotokursprogramme von FotoAcademia sind so konzipiert, dass Sie nach Abschluss des Kurses nicht nur einen Einblick in die technischen und kreativen Aspekte der modernen Fotografie erhalten, sondern auch Kenntnisse und F\u00e4higkeiten, die Sie in Ihrer beruflichen T\u00e4tigkeit anwenden k\u00f6nnen. Hier unterst\u00fctzen Sie professionelle Fotografen beim Erlernen der theoretischen Aspekte und geben Ihnen die M\u00f6glichkeit, Ihre Vorstellungen zu Licht, Farbe, Komposition und Genre zu erlernen und zu erg\u00e4nzen. Ein wichtiger Bestandteil der Ausbildung sind auch Ihre selbstst\u00e4ndigen Arbeiten und Hausaufgaben.<\/p>\n\n\n\n<p class=\"has-medium-font-size\">Die Kurse richten sich an Zuh\u00f6rer mit unterschiedlichem Vorbereitungsniveau. In Gruppen gibt es nicht mehr als 10 Personen. Am Ende des Kurses erhalten Sie ein Zertifikat.<\/p>\n\n\n\n<p>Den Kursteilnehmern stehen Kaffeepausen zur Verf\u00fcgung.<\/p>\n\n\n\n<p>Rabatte:<\/p>\n\n\n\n<ul class=\"wp-block-list\">\n<li>Wenn Sie einen Kurs bei uns studieren, erhalten Sie einen Rabatt von 10% f\u00fcr das Studium eines anderen Kurses!<\/li>\n\n\n\n<li>Wenn Sie als Paar kommen, erhalten Sie beide einen Rabatt von 10%!<\/li>\n<\/ul>\n\n\n\n<h4 class=\"wp-block-heading\">F\u00fcr Kurse k\u00f6nnen Sie sich \u00fcber das Schnellkontaktformular unter Angabe des Kursnamens bewerben.<\/h4>","protected":false},"excerpt":{"rendered":"<p>Fotograf\u0113\u0161ana sevi ir pier\u0101d\u012bjusi k\u0101 viena no vispieejam\u0101kaj\u0101m rado\u0161\u0101s izpausmes nodarb\u0113m. FOTOKURSI: Turkl\u0101t fotogr\u0101fija \u0161odien ir k\u013cuvusi ne tikai par m\u0101kslas izpausmes [&hellip;]<\/p>","protected":false},"author":1,"featured_media":0,"parent":0,"menu_order":0,"comment_status":"closed","ping_status":"closed","template":"","meta":{"footnotes":""},"class_list":["post-5548","page","type-page","status-publish","hentry"],"_links":{"self":[{"href":"https:\/\/fotoakademija.lv\/de\/wp-json\/wp\/v2\/pages\/5548","targetHints":{"allow":["GET"]}}],"collection":[{"href":"https:\/\/fotoakademija.lv\/de\/wp-json\/wp\/v2\/pages"}],"about":[{"href":"https:\/\/fotoakademija.lv\/de\/wp-json\/wp\/v2\/types\/page"}],"author":[{"embeddable":true,"href":"https:\/\/fotoakademija.lv\/de\/wp-json\/wp\/v2\/users\/1"}],"replies":[{"embeddable":true,"href":"https:\/\/fotoakademija.lv\/de\/wp-json\/wp\/v2\/comments?post=5548"}],"version-history":[{"count":0,"href":"https:\/\/fotoakademija.lv\/de\/wp-json\/wp\/v2\/pages\/5548\/revisions"}],"wp:attachment":[{"href":"https:\/\/fotoakademija.lv\/de\/wp-json\/wp\/v2\/media?parent=5548"}],"curies":[{"name":"wp","href":"https:\/\/api.w.org\/{rel}","templated":true}]}}