{"id":5558,"date":"2018-05-21T10:41:09","date_gmt":"2018-05-21T07:41:09","guid":{"rendered":"https:\/\/fotoakademija.lv\/?page_id=5558"},"modified":"2018-05-21T11:26:45","modified_gmt":"2018-05-21T08:26:45","slug":"i-limenis","status":"publish","type":"page","link":"https:\/\/fotoakademija.lv\/de\/fotokurse\/ich-nivelliere\/","title":{"rendered":"Stufe I \u2013 Anf\u00e4nger"},"content":{"rendered":"<h3><b>Fotografie-Grundlagen: Eine gute Aufnahme ist kein Zufall<\/b><\/h3>\n<p align=\"justify\">Diese Fotokurse sind genau das Richtige f\u00fcr Sie, wenn die Qualit\u00e4t Ihrer Fotos bisher vom Gl\u00fcck und den F\u00e4higkeiten des Automatikmodus der Kamera abhing. Sie erm\u00f6glichen Ihnen nicht nur das Erlernen der Grundprinzipien der professionellen Fotografie, sondern geben Ihnen auch einen Einblick in die weite Welt der Fotografie als Kunst. Die Qualit\u00e4t Ihrer Fotos h\u00e4ngt nicht mehr vom Zufall ab. Sie lernen nicht nur, gekonnt zu fotografieren, sondern erlangen auch ein Verst\u00e4ndnis f\u00fcr den fotografischen Prozess, das eine ausreichende Grundlage f\u00fcr Ihr weiteres Wachstum darstellt. Wenn Sie eine Kamera in Ihren H\u00e4nden halten, werden Sie sich des gew\u00fcnschten Ergebnisses bewusst sein, Sie werden die notwendigen Voraussetzungen verstehen, um es zu erreichen, und Sie werden in der Lage sein, Ihre Pl\u00e4ne zu verwirklichen.<\/p>\n<p align=\"justify\">[vc_row][vc_column]<\/p>\n<p align=\"justify\">[u_post_grid title=\u201cNeueste Kurse\u201c description=\u201cFotografie hat sich als eine der zug\u00e4nglichsten Besch\u00e4ftigungen des kreativen Ausdrucks erwiesen. \u201d link_text=\u201cNeueste Kurse\u201c link_url=\u201chttps:\/\/fotoakademija.lv\/lv\/fotokursi\/\u201c post_type=\u201cu_course\u201c show_date=\u201c1\u2033 show_price=\u201c0\u2033 show_venue=\u201c1\u2033 show_time=\u201c1\u2033 gallery= \u201e0\u201c]<\/p>\n<p align=\"justify\">[\/vc_column][\/vc_row]<\/p>\n<p align=\"justify\">[vc_row][vc_column]<\/p>\n<p align=\"justify\">[u_course_list count=&#8221;10&#8243; order=&#8221;DESC&#8221; orderby=&#8221;date&#8221;][\/vc_column][\/vc_row][vc_row][vc_column][u_event_list count=&#8221;10&#8243; order=&#8221;DESC&#8221; orderby=&#8221;date&#8221;]<\/p>\n<p align=\"justify\">[\/vc_column][\/vc_row]<\/p>\n<h4 style=\"text-align: center;\" align=\"justify\">F\u00fcr Kurse k\u00f6nnen Sie sich \u00fcber das Schnellkontaktformular unter Angabe des Kursnamens bewerben.<\/h4>\n<p>[vc_row][vc_column][contact-form-7 id=&#8221;5079&#8243;][\/vc_column][\/vc_row]<\/p>","protected":false},"excerpt":{"rendered":"<p>Fotograf\u0113\u0161anas pamati: labs kadrs nav nejau\u0161\u012bba \u0160ie fotograf\u0113\u0161anas kursi ir dom\u0101ti Jums, ja l\u012bdz \u0161im J\u016bsu fotogr\u0101fiju kvalit\u0101te bija atkar\u012bga no veiksmes [&hellip;]<\/p>","protected":false},"author":1,"featured_media":4713,"parent":2862,"menu_order":0,"comment_status":"closed","ping_status":"closed","template":"","meta":{"footnotes":""},"class_list":["post-5558","page","type-page","status-publish","has-post-thumbnail","hentry"],"_links":{"self":[{"href":"https:\/\/fotoakademija.lv\/de\/wp-json\/wp\/v2\/pages\/5558","targetHints":{"allow":["GET"]}}],"collection":[{"href":"https:\/\/fotoakademija.lv\/de\/wp-json\/wp\/v2\/pages"}],"about":[{"href":"https:\/\/fotoakademija.lv\/de\/wp-json\/wp\/v2\/types\/page"}],"author":[{"embeddable":true,"href":"https:\/\/fotoakademija.lv\/de\/wp-json\/wp\/v2\/users\/1"}],"replies":[{"embeddable":true,"href":"https:\/\/fotoakademija.lv\/de\/wp-json\/wp\/v2\/comments?post=5558"}],"version-history":[{"count":0,"href":"https:\/\/fotoakademija.lv\/de\/wp-json\/wp\/v2\/pages\/5558\/revisions"}],"up":[{"embeddable":true,"href":"https:\/\/fotoakademija.lv\/de\/wp-json\/wp\/v2\/pages\/2862"}],"wp:featuredmedia":[{"embeddable":true,"href":"https:\/\/fotoakademija.lv\/de\/wp-json\/wp\/v2\/media\/4713"}],"wp:attachment":[{"href":"https:\/\/fotoakademija.lv\/de\/wp-json\/wp\/v2\/media?parent=5558"}],"curies":[{"name":"wp","href":"https:\/\/api.w.org\/{rel}","templated":true}]}}