{"id":5854,"date":"2024-01-26T16:22:12","date_gmt":"2024-01-26T14:22:12","guid":{"rendered":"https:\/\/fotoakademija.lv\/?page_id=5854"},"modified":"2025-05-18T11:03:23","modified_gmt":"2025-05-18T08:03:23","slug":"modelu-vakances-dabiga-vide-pilna-apgerba","status":"publish","type":"page","link":"https:\/\/fotoakademija.lv\/de\/model-stellenangebote-natur-umwelt-full-service\/","title":{"rendered":"Stellenangebote f\u00fcr Models in der Natur"},"content":{"rendered":"<p class=\"has-medium-font-size\">Modellarbeit in Riga, Dreharbeiten im Studio und in nat\u00fcrlicher Umgebung<\/p>\n\n\n\n<p><strong>Die Fotoakademie bietet Arbeit f\u00fcr Foto- und Videomodels, Sie haben die M\u00f6glichkeit, beim Filmen zu lernen!<\/strong><\/p>\n\n\n\n<figure class=\"wp-block-image size-full\"><img loading=\"lazy\" decoding=\"async\" width=\"1920\" height=\"1080\" src=\"https:\/\/fotoakademija.lv\/wp-content\/uploads\/2024\/01\/Kadru-plans-foto-un-video-modeliem-6.png\" alt=\"\" class=\"wp-image-5877\" srcset=\"https:\/\/fotoakademija.lv\/wp-content\/uploads\/2024\/01\/Kadru-plans-foto-un-video-modeliem-6.png 1920w, https:\/\/fotoakademija.lv\/wp-content\/uploads\/2024\/01\/Kadru-plans-foto-un-video-modeliem-6-300x169.png 300w, https:\/\/fotoakademija.lv\/wp-content\/uploads\/2024\/01\/Kadru-plans-foto-un-video-modeliem-6-1024x576.png 1024w, https:\/\/fotoakademija.lv\/wp-content\/uploads\/2024\/01\/Kadru-plans-foto-un-video-modeliem-6-768x432.png 768w, https:\/\/fotoakademija.lv\/wp-content\/uploads\/2024\/01\/Kadru-plans-foto-un-video-modeliem-6-1536x864.png 1536w, https:\/\/fotoakademija.lv\/wp-content\/uploads\/2024\/01\/Kadru-plans-foto-un-video-modeliem-6-18x10.png 18w, https:\/\/fotoakademija.lv\/wp-content\/uploads\/2024\/01\/Kadru-plans-foto-un-video-modeliem-6-1000x563.png 1000w, https:\/\/fotoakademija.lv\/wp-content\/uploads\/2024\/01\/Kadru-plans-foto-un-video-modeliem-6-230x129.png 230w, https:\/\/fotoakademija.lv\/wp-content\/uploads\/2024\/01\/Kadru-plans-foto-un-video-modeliem-6-350x197.png 350w, https:\/\/fotoakademija.lv\/wp-content\/uploads\/2024\/01\/Kadru-plans-foto-un-video-modeliem-6-480x270.png 480w\" sizes=\"auto, (max-width: 1920px) 100vw, 1920px\" \/><figcaption class=\"wp-element-caption\"><strong>Sie haben die M\u00f6glichkeit, beim Filmen zu lernen!<\/strong><\/figcaption><\/figure>\n\n\n\n<p class=\"has-medium-font-size\">Kontakte: Valters (Fotoakademija.lv). Das Modeln erfolgt gegen Entgelt. <\/p>\n\n\n\n<p class=\"has-medium-font-size\"><strong>Um sich zu bewerben, senden Sie Ihr Foto in voller L\u00e4nge an <strong>Fotoakademie<\/strong>(at)gmail.com<\/strong><\/p>\n\n\n\n<p><a href=\"https:\/\/fotoakademija.lv\/de\/rahmenplan-fur-foto-und-videomodelle\/\" data-type=\"post\" data-id=\"5871\"><strong>Rahmenplan f\u00fcr Foto- und Videomodelle<\/strong><\/a><\/p>\n\n\n\n<p>Modeln ist ein spannender und kreativer Beruf, der einem die M\u00f6glichkeit gibt, mit verschiedenen Menschen und Unternehmen zusammenzuarbeiten und sich kreativ auszudr\u00fccken. Foto- und Videomodels sind daf\u00fcr verantwortlich, ein bestimmtes Bild oder Produkt mit ihrem eigenen Aussehen und ihrer eigenen Pers\u00f6nlichkeit darzustellen.<\/p>\n\n\n\n<p class=\"has-very-light-gray-to-cyan-bluish-gray-gradient-background has-background\"><strong>Fotoakademie<\/strong> bietet Arbeiten f\u00fcr Foto- und Videomodelle an. Bei unseren Projekten handelt es sich in der Regel um eint\u00e4gige Projekte, es kann sich aber auch um voll bezahlte mehrt\u00e4gige Auftr\u00e4ge handeln. Das Fotografieren oder Filmen findet im Studio oder in der Natur in saisonaler Kleidung statt.<\/p>\n\n\n\n<figure class=\"wp-block-image size-full\"><img loading=\"lazy\" decoding=\"async\" width=\"1920\" height=\"1080\" src=\"https:\/\/fotoakademija.lv\/wp-content\/uploads\/2024\/01\/Kadru-plans-foto-un-video-modeliem-9.png\" alt=\"\" class=\"wp-image-5883\" srcset=\"https:\/\/fotoakademija.lv\/wp-content\/uploads\/2024\/01\/Kadru-plans-foto-un-video-modeliem-9.png 1920w, https:\/\/fotoakademija.lv\/wp-content\/uploads\/2024\/01\/Kadru-plans-foto-un-video-modeliem-9-300x169.png 300w, https:\/\/fotoakademija.lv\/wp-content\/uploads\/2024\/01\/Kadru-plans-foto-un-video-modeliem-9-1024x576.png 1024w, https:\/\/fotoakademija.lv\/wp-content\/uploads\/2024\/01\/Kadru-plans-foto-un-video-modeliem-9-768x432.png 768w, https:\/\/fotoakademija.lv\/wp-content\/uploads\/2024\/01\/Kadru-plans-foto-un-video-modeliem-9-1536x864.png 1536w, https:\/\/fotoakademija.lv\/wp-content\/uploads\/2024\/01\/Kadru-plans-foto-un-video-modeliem-9-18x10.png 18w, https:\/\/fotoakademija.lv\/wp-content\/uploads\/2024\/01\/Kadru-plans-foto-un-video-modeliem-9-1000x563.png 1000w, https:\/\/fotoakademija.lv\/wp-content\/uploads\/2024\/01\/Kadru-plans-foto-un-video-modeliem-9-230x129.png 230w, https:\/\/fotoakademija.lv\/wp-content\/uploads\/2024\/01\/Kadru-plans-foto-un-video-modeliem-9-350x197.png 350w, https:\/\/fotoakademija.lv\/wp-content\/uploads\/2024\/01\/Kadru-plans-foto-un-video-modeliem-9-480x270.png 480w\" sizes=\"auto, (max-width: 1920px) 100vw, 1920px\" \/><figcaption class=\"wp-element-caption\"><strong>Fotoakademie<\/strong> bietet Arbeit f\u00fcr Foto- und Videomodels, verwirklichen Sie Ihren Traum<\/figcaption><\/figure>\n\n\n\n<p class=\"has-medium-font-size\">Zum Modellieren erforderliche F\u00e4higkeiten<\/p>\n\n\n\n<p>Um ein erfolgreiches Foto- und Videomodel zu sein, ist es wichtig, die folgenden F\u00e4higkeiten zu entwickeln:<\/p>\n\n\n\n<ul class=\"wp-block-list\">\n<li><strong>Aussehen:<\/strong> Das Erscheinungsbild des Modells ist die Grundlage seiner Arbeit. Er muss harmonische Gesichts- und K\u00f6rperproportionen haben.<\/li>\n\n\n\n<li><strong>Pers\u00f6nlichkeit:<\/strong> Die Pers\u00f6nlichkeit des Models ist wichtig, damit es lange Fotoshootings oder Drehsessions \u00fcberstehen kann. Er sollte freundlich, offen und kooperativ sein.<\/li>\n\n\n\n<li><strong>Professionelle Einstellung:<\/strong> Modellierungsarbeiten m\u00fcssen eine professionelle Einstellung haben. Er muss p\u00fcnktlich und gr\u00fcndlich sein und den Anweisungen des Auftraggebers Folge leisten.<\/li>\n<\/ul>\n\n\n\n<figure class=\"wp-block-image size-full\"><img loading=\"lazy\" decoding=\"async\" width=\"1920\" height=\"1080\" src=\"https:\/\/fotoakademija.lv\/wp-content\/uploads\/2024\/01\/Kadru-plans-foto-un-video-modeliem-2-1.png\" alt=\"\" class=\"wp-image-5879\" srcset=\"https:\/\/fotoakademija.lv\/wp-content\/uploads\/2024\/01\/Kadru-plans-foto-un-video-modeliem-2-1.png 1920w, https:\/\/fotoakademija.lv\/wp-content\/uploads\/2024\/01\/Kadru-plans-foto-un-video-modeliem-2-1-300x169.png 300w, https:\/\/fotoakademija.lv\/wp-content\/uploads\/2024\/01\/Kadru-plans-foto-un-video-modeliem-2-1-1024x576.png 1024w, https:\/\/fotoakademija.lv\/wp-content\/uploads\/2024\/01\/Kadru-plans-foto-un-video-modeliem-2-1-768x432.png 768w, https:\/\/fotoakademija.lv\/wp-content\/uploads\/2024\/01\/Kadru-plans-foto-un-video-modeliem-2-1-1536x864.png 1536w, https:\/\/fotoakademija.lv\/wp-content\/uploads\/2024\/01\/Kadru-plans-foto-un-video-modeliem-2-1-18x10.png 18w, https:\/\/fotoakademija.lv\/wp-content\/uploads\/2024\/01\/Kadru-plans-foto-un-video-modeliem-2-1-1000x563.png 1000w, https:\/\/fotoakademija.lv\/wp-content\/uploads\/2024\/01\/Kadru-plans-foto-un-video-modeliem-2-1-230x129.png 230w, https:\/\/fotoakademija.lv\/wp-content\/uploads\/2024\/01\/Kadru-plans-foto-un-video-modeliem-2-1-350x197.png 350w, https:\/\/fotoakademija.lv\/wp-content\/uploads\/2024\/01\/Kadru-plans-foto-un-video-modeliem-2-1-480x270.png 480w\" sizes=\"auto, (max-width: 1920px) 100vw, 1920px\" \/><figcaption class=\"wp-element-caption\"><strong>Fotoakademie<\/strong> bietet Arbeit f\u00fcr Foto- und Videomodelle in Riga an<\/figcaption><\/figure>\n\n\n\n<p class=\"has-medium-font-size\">Vorteile der Arbeit als Model<\/p>\n\n\n\n<p><strong>Fotoakademie<\/strong> bietet Arbeiten f\u00fcr Foto- und Videomodelle an, darunter:<\/p>\n\n\n\n<ul class=\"wp-block-list\">\n<li><strong>Die M\u00f6glichkeit, sich auszudr\u00fccken, indem Sie Folgendes schaffen:<\/strong> Models k\u00f6nnen ihr Aussehen und ihre Pers\u00f6nlichkeit nutzen, um einzigartige und aufregende Bilder zu erstellen.<\/li>\n\n\n\n<li><strong>Die M\u00f6glichkeit, mit verschiedenen Menschen und Unternehmen zusammenzuarbeiten:<\/strong> Models haben die M\u00f6glichkeit, mit verschiedenen kreativen Pers\u00f6nlichkeiten und Unternehmen zusammenzuarbeiten.<\/li>\n\n\n\n<li><strong>Reisef\u00e4higkeit:<\/strong> Das Modeln kann Ihnen die M\u00f6glichkeit geben, zu reisen und neue Orte kennenzulernen.<\/li>\n<\/ul>\n\n\n\n<p class=\"has-medium-font-size\">So werden Sie Foto- und Videomodel<\/p>\n\n\n\n<p>Um ein Foto- und Videomodel zu werden, ist es wichtig, zun\u00e4chst Ihr Portfolio aufzubauen. Ein Portfolio sollte eine Vielzahl von Fotos enthalten, die Ihr Aussehen und Ihre Pers\u00f6nlichkeit zeigen. Sie k\u00f6nnen Freunde, Familie oder professionelle Fotografen bitten, Ihnen bei der Erstellung Ihres Portfolios zu helfen.<\/p>\n\n\n\n<p class=\"has-luminous-dusk-gradient-background has-background\">Sobald Sie Ihr Portfolio erstellt haben, k\u00f6nnen Sie bei Modelagenturen oder online nach Arbeit suchen. Es ist wichtig, sich f\u00fcr verschiedene Projekte zu bewerben, um Ihre Chancen auf einen Job zu erh\u00f6hen.<\/p>\n\n\n\n<p><strong>Fotoakademie<\/strong> bietet professionelle Schulungen f\u00fcr Foto- und Videomodels an. Unser Trainingsprogramm vermittelt dir alle F\u00e4higkeiten, die du brauchst, um ein erfolgreiches Model zu werden.<\/p>\n\n\n\n<p class=\"has-medium-font-size\">Im Rahmen des Schulungsprogramms werden Sie:<\/p>\n\n\n\n<ul class=\"wp-block-list\">\n<li>Erfahren Sie, wie Sie Ihr Portfolio erstellen<\/li>\n\n\n\n<li>Erfahren Sie, wie Sie mit Fotografen und Regisseuren zusammenarbeiten<\/li>\n\n\n\n<li>Erfahren Sie, wie Sie auf Kundenbed\u00fcrfnisse reagieren k\u00f6nnen<\/li>\n\n\n\n<li>Erfahren Sie, wie Sie Ihre Karriere managen<\/li>\n<\/ul>\n\n\n\n<p class=\"has-medium-font-size\">Wenn Sie ein professionelles Foto- und Videomodell werden m\u00f6chten, ist die Photo Academy der beste Weg, Ihre Karriere zu starten.<\/p>\n\n\n\n<p>Modellarbeiten sind kostenpflichtig, die H\u00f6he des Honorars richtet sich nach dem Projekt.<\/p>\n\n\n\n<p><strong>Kontakte: Walter, <strong><strong>Fotoakademie<\/strong>(at)gmail.com<\/strong><\/strong><\/p>\n\n\n\n<p><\/p>","protected":false},"excerpt":{"rendered":"<p>Mode\u013ca darbs R\u012bg\u0101, film\u0113\u0161ana studij\u0101 un dab\u012bg\u0101 vid\u0113 Fotoakad\u0113mija pied\u0101v\u0101 darbu foto un video mode\u013ciem, Jums ir iesp\u0113ja m\u0101c\u012bties film\u0113\u0161anas laik\u0101! Kontakti: [&hellip;]<\/p>","protected":false},"author":1,"featured_media":5858,"parent":0,"menu_order":0,"comment_status":"closed","ping_status":"closed","template":"","meta":{"footnotes":""},"class_list":["post-5854","page","type-page","status-publish","has-post-thumbnail","hentry"],"_links":{"self":[{"href":"https:\/\/fotoakademija.lv\/de\/wp-json\/wp\/v2\/pages\/5854","targetHints":{"allow":["GET"]}}],"collection":[{"href":"https:\/\/fotoakademija.lv\/de\/wp-json\/wp\/v2\/pages"}],"about":[{"href":"https:\/\/fotoakademija.lv\/de\/wp-json\/wp\/v2\/types\/page"}],"author":[{"embeddable":true,"href":"https:\/\/fotoakademija.lv\/de\/wp-json\/wp\/v2\/users\/1"}],"replies":[{"embeddable":true,"href":"https:\/\/fotoakademija.lv\/de\/wp-json\/wp\/v2\/comments?post=5854"}],"version-history":[{"count":2,"href":"https:\/\/fotoakademija.lv\/de\/wp-json\/wp\/v2\/pages\/5854\/revisions"}],"predecessor-version":[{"id":6188,"href":"https:\/\/fotoakademija.lv\/de\/wp-json\/wp\/v2\/pages\/5854\/revisions\/6188"}],"wp:featuredmedia":[{"embeddable":true,"href":"https:\/\/fotoakademija.lv\/de\/wp-json\/wp\/v2\/media\/5858"}],"wp:attachment":[{"href":"https:\/\/fotoakademija.lv\/de\/wp-json\/wp\/v2\/media?parent=5854"}],"curies":[{"name":"wp","href":"https:\/\/api.w.org\/{rel}","templated":true}]}}