{"id":2860,"date":"2018-04-29T17:26:29","date_gmt":"2018-04-29T17:26:29","guid":{"rendered":"https:\/\/fotoakademija.lv\/?page_id=2860"},"modified":"2024-02-08T08:56:48","modified_gmt":"2024-02-08T06:56:48","slug":"pleneri","status":"publish","type":"page","link":"https:\/\/fotoakademija.lv\/en\/plein-air\/","title":{"rendered":"Plein air"},"content":{"rendered":"<p><span style=\"color: #00102e; font-family: 'System default', sans-serif; font-size: 48px;\">Spring, Summer or Autumn photo plein air together with Photo Academy instructors<\/span><\/p>\n<div align=\"center\">\n<div align=\"left\">\n<div><img decoding=\"async\" src=\"https:\/\/b2c.lv\/fotoakademija.lv\/content\/images\/rudens2017-01.jpg\" alt=\"\" border=\"0\" \/>Ask us about the currently planned photo plein airs or view the event plan on Facebook, <a href=\"https:\/\/fotoakademija.lv\/en\/contacts\/\">contacts<\/a><\/div>\n<\/div>\n<\/div>\n<div><\/div>\n<h1>Held photo plein airs<\/h1>\n<div align=\"center\">\n<div align=\"left\">\n<div>\n<div>\n<div>\n<h1>Saturday, 07.10.<\/h1>\n<\/div>\n<div><b><i>Autumn is here and once again we invite you to the traditional gathering of photographers on a trip through beautiful Latvia:<\/i><\/b><\/div>\n<div><b><i>8:00 Mer\u0137e\u013ca iela 13 (Latviesu Biedr\u012bbas nams), Riga \u2013 Nurmi\u017eu nature park (Gauja National Park territory between Sigulda and Vildoga): 10:00 Raganu cauldron, 11:00 Daudas river waterfall, 12:00 Nurmi\u017eupe waterfall \u00a0 \u00a0<\/i><\/b><\/div>\n<div><b><i>\u2013 13:00 lunch in C\u0113sis (not included in the membership fee) \u00a0 \u00a0<\/i><\/b><\/div>\n<div><b><i>\u2013 14:00 Raunas Staburags \u00a0 \u00a0<\/i><\/b><\/div>\n<div><b><i>\u2013 16:00 L\u012bgatne river trails (between L\u012bgatni and N\u012btauri)<\/i><\/b><\/div>\n<div><b><i>\u2013 19:00 return to Riga<\/i><\/b><\/div>\n<div><b><i>Considering the wooded and watery objects to be photographed, it is highly recommended to bring a tripod.<\/i><\/b><\/div>\n<div><\/div>\n<div><b><i>Tour leader Andris Klu\u0161s. After the trip, as always, discussion of pictures at the Photo Academy.<\/i><\/b><\/div>\n<div><b><i>The participation fee is 43 EUR, which includes transport, fees for sights, and a lesson at the Photo Academy.<\/i><\/b><\/div>\n<\/div>\n<\/div>\n<h1><\/h1>\n<h1><img loading=\"lazy\" decoding=\"async\" class=\"alignnone size-large wp-image-5779\" src=\"https:\/\/fotoakademija.lv\/wp-content\/uploads\/fOTOAKADEMIJA-valters-preimanis-1024x577.jpg\" alt=\"\" width=\"1024\" height=\"577\" srcset=\"https:\/\/fotoakademija.lv\/wp-content\/uploads\/fOTOAKADEMIJA-valters-preimanis-1024x577.jpg 1024w, https:\/\/fotoakademija.lv\/wp-content\/uploads\/fOTOAKADEMIJA-valters-preimanis-300x169.jpg 300w, https:\/\/fotoakademija.lv\/wp-content\/uploads\/fOTOAKADEMIJA-valters-preimanis-768x433.jpg 768w, https:\/\/fotoakademija.lv\/wp-content\/uploads\/fOTOAKADEMIJA-valters-preimanis-1536x866.jpg 1536w, https:\/\/fotoakademija.lv\/wp-content\/uploads\/fOTOAKADEMIJA-valters-preimanis-1000x563.jpg 1000w, https:\/\/fotoakademija.lv\/wp-content\/uploads\/fOTOAKADEMIJA-valters-preimanis-230x130.jpg 230w, https:\/\/fotoakademija.lv\/wp-content\/uploads\/fOTOAKADEMIJA-valters-preimanis-350x197.jpg 350w, https:\/\/fotoakademija.lv\/wp-content\/uploads\/fOTOAKADEMIJA-valters-preimanis-480x270.jpg 480w, https:\/\/fotoakademija.lv\/wp-content\/uploads\/fOTOAKADEMIJA-valters-preimanis.jpg 2048w\" sizes=\"auto, (max-width: 1024px) 100vw, 1024px\" \/><\/h1>\n<div>\n<div><b>We invite you to participate in the SPRING OUTDOOR 2017 led by M.KUNDZI\u0146A!<\/b><\/div>\n<div>Route :\u00a0<b>\u00a0Riga \u2013 L\u012bgatne \u2013 \u0136\u016b\u0137u rock near Gauja \u2013 Zv\u0101rtas rock \u2013 Amata near K\u0101r\u013ci \u2013 lunch in C\u0113sis \u2013 Eagle cliffs \u2013 \u0100rai\u0161u lake castle and windmill \u2013 Riga.<\/b><\/div>\n<div><\/div>\n<div>The trip is planned for Saturday, May 20, departure from the Latvian Society building at 08:00, return at 20:00.<\/div>\n<div>\n<p>The participation fee (43 eur) includes transport, entrance tickets to attractions, directions and explanations of the group leader during the trip, as well as a lesson led by M. Kundzi\u0146a after the plein air - photographed analysis.<\/p>\n<p>We ask you to apply in time, because this time the plein air is basically organized for our current listeners, so the number of places is limited.<\/p>\n<p><a href=\"https:\/\/fotoakademija.lv\/en\/contacts\/\">Apply for<\/a><\/p>\n<\/div>\n<\/div>\n<h1><img loading=\"lazy\" decoding=\"async\" class=\"alignnone size-large wp-image-5790\" src=\"https:\/\/fotoakademija.lv\/wp-content\/uploads\/101166232_1615250101958931_3160510521518587904_n-1024x585.jpg\" alt=\"\" width=\"1024\" height=\"585\" srcset=\"https:\/\/fotoakademija.lv\/wp-content\/uploads\/101166232_1615250101958931_3160510521518587904_n-1024x585.jpg 1024w, https:\/\/fotoakademija.lv\/wp-content\/uploads\/101166232_1615250101958931_3160510521518587904_n-300x171.jpg 300w, https:\/\/fotoakademija.lv\/wp-content\/uploads\/101166232_1615250101958931_3160510521518587904_n-768x439.jpg 768w, https:\/\/fotoakademija.lv\/wp-content\/uploads\/101166232_1615250101958931_3160510521518587904_n-1536x878.jpg 1536w, https:\/\/fotoakademija.lv\/wp-content\/uploads\/101166232_1615250101958931_3160510521518587904_n-18x10.jpg 18w, https:\/\/fotoakademija.lv\/wp-content\/uploads\/101166232_1615250101958931_3160510521518587904_n-1000x571.jpg 1000w, https:\/\/fotoakademija.lv\/wp-content\/uploads\/101166232_1615250101958931_3160510521518587904_n-230x131.jpg 230w, https:\/\/fotoakademija.lv\/wp-content\/uploads\/101166232_1615250101958931_3160510521518587904_n-350x200.jpg 350w, https:\/\/fotoakademija.lv\/wp-content\/uploads\/101166232_1615250101958931_3160510521518587904_n-480x274.jpg 480w, https:\/\/fotoakademija.lv\/wp-content\/uploads\/101166232_1615250101958931_3160510521518587904_n.jpg 2048w\" sizes=\"auto, (max-width: 1024px) 100vw, 1024px\" \/><\/h1>\n<h1>Saturday, 01.10.<\/h1>\n<p>We invite you to participate\u00a0<i>\u00a0AUTUMN OUTDOOR<\/i>\u00a0 on the route:\u00a0<b>Riga \u2013 Jaunpils park and castle \u2013 Venta dolomite cliffs \u2013 Kuldiga \u2013 Renda waterfalls \u2013 Abava near Vegi \u2013 Riga.<\/b><\/p>\n<p>Departure from the building of the Latvian Society,\u00a0<b>on Saturday, October 1, at 08:00<\/b>, return is planned around 20:00<\/p>\n<p>The participation fee is 43 eur, including transport, entrance tickets to attractions, instructions and explanations of the group leader during the trip, as well as a lesson led by M. Kundzi\u0146a after the plein air - photographed analysis.<\/p>\n<p>Please apply in time, because this time the plein air is basically organized for our current listeners, therefore the number of places is limited.<\/p>\n<h1>Photo plein air under the leadership of M. Kundzi\u0146a &quot;Spring on the shore of Vidzeme&quot;<\/h1>\n<h1><a class=\"fancybox\" title=\"\" href=\"https:\/\/b2c.lv\/fotoakademija.lv\/content\/images\/veczemju.jpg\" rel=\"group\"><img decoding=\"async\" src=\"https:\/\/b2c.lv\/fotoakademija.lv\/content\/images\/veczemju.jpg\" alt=\"\" border=\"0\" \/><\/a><\/h1>\n<h1>Saturday, 04.06.<\/h1>\n<p>Places included in the route \u2013\u00a0<b>Aina\u017ei, Mernieki, Salaca near Red Rocks, Salacgr\u012bva.<\/b>\u00a0Carved by the ravages of time and the wind\u00a0<b>Ancient rocks<\/b>\u00a0in the spring landscape - the place where the views of the Latvian art film &quot;The Long Road in the Dunes&quot; were shot.\u00a0<b>The rocky shores of Vidzeme\u00a0<\/b>sorcery.\u00a0<b>Scar meadows<\/b>\u00a0by the sea before Aina\u017ei.<\/p>\n<p>Departure from the Latvian Society building at 08:00<\/p>\n<p>The return is planned around 20:00<\/p>\n<p>Participation fee 39 eur.<\/p>\n<p>The price includes transport, directions and explanations of the group leader during the trip, as well as a lesson led by Ms. Kundzi\u0146a after the plein air - photographed analysis.<\/p>\n<p>Please apply in time, because this time the plein air is basically organized for our current listeners, therefore the number of places is limited.<\/p>\n<p><b><i>Apply for<\/i><\/b><\/p>\n<p><a class=\"fancybox\" title=\"\" href=\"https:\/\/b2c.lv\/fotoakademija.lv\/content\/images\/veczemju_sarkanas.jpg\" rel=\"group\"><img decoding=\"async\" src=\"https:\/\/b2c.lv\/fotoakademija.lv\/content\/images\/veczemju_sarkanas.jpg\" alt=\"\" border=\"0\" \/><\/a><\/p>\n<p>Photo: Veczemji red rocks<\/p>\n<p align=\"center\"><b><a class=\"fancybox\" title=\"\" href=\"https:\/\/b2c.lv\/fotoakademija.lv\/content\/images\/rudens%20plen%c4%93rs%20m.jpg\" rel=\"group\"><img decoding=\"async\" src=\"https:\/\/b2c.lv\/fotoakademija.lv\/content\/images\/rudens%20plen%c4%93rs%20m.jpg\" alt=\"\" border=\"0\" \/><\/a><br \/>\n<\/b><\/p>\n<p align=\"center\"><b>PHOTO ACADEMY AUTUMN OUTDOOR<\/b><\/p>\n<div>\n<div>\n<div>\n<div><b>Route\u00a0<\/b>: Riga-B\u012bri\u0146i Palace-L\u0113durga Dendrological Park-Igate Palace-Saulkrasti J\u016brmala-Riga<\/div>\n<p>The lesson of analyzing the photographed pictures will be held on Friday, 23.10. at 18:30 at the Photo Academy.<\/p>\n<\/div>\n<\/div>\n<\/div>\n<div><\/div>\n<div><\/div>\n<p align=\"center\"><b><a class=\"fancybox\" title=\"\" href=\"https:\/\/b2c.lv\/fotoakademija.lv\/content\/images\/talsu_roja_kaltenes_jurmala_andy_zeltkalns_0.jpg\" rel=\"group\"><img decoding=\"async\" src=\"https:\/\/b2c.lv\/fotoakademija.lv\/content\/images\/talsu_roja_kaltenes_jurmala_andy_zeltkalns_0.jpg\" alt=\"\" border=\"0\" \/><\/a><br \/>\n<\/b><\/p>\n<p align=\"center\"><b>\u00a0PLENAIR - KURZEME<\/b><\/p>\n<p align=\"center\"><b>Open-air guide, MRS<br \/>\n<\/b><\/p>\n<p align=\"center\"><i>on May 16.<\/i><\/p>\n<p>Riga \u2013 Ragaciems \u2013 M\u0113rsrags \u2013 Kaltene \u2013 Roja \u2013 Valdem\u0101rpils \u2013 Nogale \u2013 Tilgali giant stone \u2013 Talsi \u2013 Nurmui\u017ea.<\/p>\n<p>Departure by bus at 8.00 from the Riga Latvian Society building. Return to Riga 20.00. Breakfast in Meersrag on the seashore, using fish delicacies bought in Ragaciem. Lunch in Talso.<\/p>\n<p>We ask you to plan a day in time to enjoy the spring mood!<\/p>\n<p>After the plein air, an analysis of the works will take place at the Photo Academy under the leadership of Ms. Kundzi\u0146as.<\/p>\n<p>Participation fee: 58 EUR<\/p>\n<p><img loading=\"lazy\" decoding=\"async\" class=\"alignnone size-large wp-image-5604\" src=\"https:\/\/fotoakademija.lv\/wp-content\/uploads\/Foto_akademija_3-1024x693.jpg\" alt=\"\" width=\"1024\" height=\"693\" srcset=\"https:\/\/fotoakademija.lv\/wp-content\/uploads\/Foto_akademija_3-1024x693.jpg 1024w, https:\/\/fotoakademija.lv\/wp-content\/uploads\/Foto_akademija_3-300x203.jpg 300w, https:\/\/fotoakademija.lv\/wp-content\/uploads\/Foto_akademija_3-768x520.jpg 768w, https:\/\/fotoakademija.lv\/wp-content\/uploads\/Foto_akademija_3-255x173.jpg 255w, https:\/\/fotoakademija.lv\/wp-content\/uploads\/Foto_akademija_3-600x406.jpg 600w, https:\/\/fotoakademija.lv\/wp-content\/uploads\/Foto_akademija_3.jpg 1920w\" sizes=\"auto, (max-width: 1024px) 100vw, 1024px\" \/> \u00a0 \u00a0 \u00a0 <img loading=\"lazy\" decoding=\"async\" class=\"alignnone size-full wp-image-5409\" src=\"https:\/\/fotoakademija.lv\/wp-content\/uploads\/Sp\u0101re-kopija.jpg\" alt=\"\" width=\"650\" height=\"434\" srcset=\"https:\/\/fotoakademija.lv\/wp-content\/uploads\/Sp\u0101re-kopija.jpg 650w, https:\/\/fotoakademija.lv\/wp-content\/uploads\/Sp\u0101re-kopija-300x200.jpg 300w, https:\/\/fotoakademija.lv\/wp-content\/uploads\/Sp\u0101re-kopija-255x170.jpg 255w, https:\/\/fotoakademija.lv\/wp-content\/uploads\/Sp\u0101re-kopija-600x401.jpg 600w\" sizes=\"auto, (max-width: 650px) 100vw, 650px\" \/><\/p>\n<\/div>\n<\/div>\n<p align=\"center\"><b>PRACTICE IN NATURE PHOTOGRAPHY<\/b><\/p>\n<p align=\"center\"><i>Hike Ik\u0161ikile \u2013 Jaunogre<br \/>\n<\/i><\/p>\n<p align=\"center\"><i>on April 11<br \/>\n<\/i><\/p>\n<p>Nature is waking up. The first spring flowers, buds, buds, even mushrooms... Lovers of nature photography will have the opportunity to enjoy the beauty of seemingly simple elements of living nature outdoors. The route leads along forest paths. You can photograph both forest views and various close-ups. It is best if you have the necessary accessories for macro photography - front lenses, intermediate rings, macro lens. A tripod can be useful. It is expected that there will be an opportunity to photograph such beautiful and characteristic plants of spring as large-flowered sedum, zalkteni, field blackthorn. A very beautiful color is a mushroom not known to everyone - sarcoscypha. You just have to be careful. Something will already be there.<\/p>\n<p>Departure from Riga station by train Riga \u2013 Lielv\u0101rde at 8:40 to Ik\u0161kilei. We meet in the second carriage from the front of the train, or at the end point directly at the Ik\u0161kile station at 9:20 a.m.<\/p>\n<p>Back, depending on the possibilities, we drive from Jaunogre either at 15:10 or 15:45.<\/p>\n<p>There is no cafe in the forest! Take something tasty for breakfast with you, we will find a nice place for it in the forest. Also suitable clothes for hiking and especially shoes would be very useful, and - go! Let&#039;s go towards spring!<\/p>\n<p>Participation fee: 18 EUR.<\/p>\n<p>Practice is led\u00a0<b>Mrs. Maris<\/b><\/p>","protected":false},"excerpt":{"rendered":"<p>Pavasara, Vasaras vai Rudens foto plen\u0113rs kop\u0101 ar Fotoakad\u0113mija instruktoriem Jaut\u0101jiet mums par aktu\u0101li pl\u0101notajiem foto plen\u0113riem vai skat\u0101ties pas\u0101kumu pl\u0101nu Facebook, [&hellip;]<\/p>","protected":false},"author":1,"featured_media":0,"parent":0,"menu_order":0,"comment_status":"closed","ping_status":"closed","template":"","meta":{"footnotes":""},"class_list":["post-2860","page","type-page","status-publish","hentry"],"_links":{"self":[{"href":"https:\/\/fotoakademija.lv\/en\/wp-json\/wp\/v2\/pages\/2860","targetHints":{"allow":["GET"]}}],"collection":[{"href":"https:\/\/fotoakademija.lv\/en\/wp-json\/wp\/v2\/pages"}],"about":[{"href":"https:\/\/fotoakademija.lv\/en\/wp-json\/wp\/v2\/types\/page"}],"author":[{"embeddable":true,"href":"https:\/\/fotoakademija.lv\/en\/wp-json\/wp\/v2\/users\/1"}],"replies":[{"embeddable":true,"href":"https:\/\/fotoakademija.lv\/en\/wp-json\/wp\/v2\/comments?post=2860"}],"version-history":[{"count":0,"href":"https:\/\/fotoakademija.lv\/en\/wp-json\/wp\/v2\/pages\/2860\/revisions"}],"wp:attachment":[{"href":"https:\/\/fotoakademija.lv\/en\/wp-json\/wp\/v2\/media?parent=2860"}],"curies":[{"name":"wp","href":"https:\/\/api.w.org\/{rel}","templated":true}]}}