{"id":2865,"date":"2018-04-29T17:27:10","date_gmt":"2018-04-29T17:27:10","guid":{"rendered":"https:\/\/fotoakademija.lv\/?page_id=2865"},"modified":"2018-08-08T14:38:50","modified_gmt":"2018-08-08T11:38:50","slug":"talmaciba","status":"publish","type":"page","link":"https:\/\/fotoakademija.lv\/en\/talmacib\/","title":{"rendered":"Distance learning"},"content":{"rendered":"<p>[vc_row u_row_style=&#8221;0&#8243; u_row_paralax=&#8221;0&#8243; u_row_scheme=&#8221;0&#8243; css=&#8221;.vc_custom_1525947089412{padding-top: 50px !important;}&#8221;][vc_column width=&#8221;2\/3&#8243;][vc_column_text]<\/p>\n<div>\n<h3><b>Procedure for taking a distance learning or online course<\/b><\/h3>\n<hr \/>\n<\/div>\n<div align=\"justify\">The student submits an application on the FotoAkademija website, specifying the selected curriculum and his contact information (tel. no., e-mail address and personal code). FotoAkademija sends an invoice for 1\/2 of the tuition fee. After paying the invoice, the instructor sends a letter-notification to the student e-mail address about the start of studies in the given course, while the listener confirms the receipt of the letter. The learning process can begin.<\/div>\n<div align=\"justify\">The instructor offers access to the learning materials and tasks\/tests of the first week of study in the Internet environment. During the first weekend, the student of the course sends completed homework or a test to the teacher.<\/div>\n<div align=\"justify\">Within 5 working days, the instructor reviews the completed tasks and sends the student a review (comments) about the completed work. In the following weeks, the learning process is similar to the first week of learning.<\/div>\n<div align=\"justify\">The course is considered to have been successfully completed if the course participant completes all tasks\/tests on time within 10 working days of receiving the task\/test and receives a positive assessment (passed) for the completed work. At the end of the training course, the student takes a final test. The schedule of classes is agreed with the teacher individually, but not exceeding the duration of 2 months from the start of classes.<br \/>\nOn-line training is simple and convenient. Teaching principle - classes (lectures) take place in real time, the teacher and the student can be in different geographical points, the main thing is that you have a computer and an Internet connection. The lecturer gives a lecture, the listener sees on his monitor everything that the lecturer shows and tells (as in a regular lecture in the auditorium). Advantages of online training:<\/div>\n<ul>\n<li>you can freely ask the teacher a question during the lecture by voice or by writing,<\/li>\n<li>you hear and see questions asked by other course participants,<\/li>\n<li>the instructor can talk to each of the course participants,<\/li>\n<li>you can study without leaving your home.<\/li>\n<\/ul>\n<p>The learning process takes place with the help of a special communication program, which the teacher offers to install before starting the lessons. After the lecture, additional theoretical study materials are also offered to strengthen the acquired knowledge.<\/p>\n<table id=\"AutoNumber1\" border=\"1\" width=\"658\" cellspacing=\"0\" cellpadding=\"3\">\n<tbody>\n<tr>\n<td width=\"25%\">\n<h4>Lecturers<\/h4>\n<\/td>\n<td width=\"25%\">\n<h4><a href=\"https:\/\/b2c.lv\/fotoakademija.lv\/lv\/pasniedzeji\/leonids-vaznais.html\" shape=\"rect\">Vadim<\/a>\u00a0Morozov<\/h4>\n<\/td>\n<td width=\"25%\">\n<h4><a href=\"https:\/\/b2c.lv\/fotoakademija.lv\/lv\/pasniedzeji\/leonids-vaznais.html\" shape=\"rect\">Vadim Morozov<\/a><\/h4>\n<\/td>\n<\/tr>\n<tr>\n<td>Photo course<\/td>\n<td><a href=\"https:\/\/b2c.lv\/fotoakademija.lv\/lv\/fotokursi\/i-limenis\/praktiskas-fotografijas-pamati.html\" shape=\"rect\">Photography for the beginner<\/a><\/td>\n<td><a href=\"https:\/\/b2c.lv\/fotoakademija.lv\/lv\/fotokursi\/ii-limenis\/darbs-ar-grafisko-redaktoru-adobe-photoshop-cs-talmaciba.html\" shape=\"rect\">Working with the graphic editor Adobe Photoshop CS<\/a><\/td>\n<\/tr>\n<tr>\n<td>Duration<\/td>\n<td>8 lessons\u00a0<i><br \/>\n<\/i><\/td>\n<td>11 lessons<\/td>\n<\/tr>\n<tr>\n<td>Language of instruction<\/td>\n<td>Latvian\/Russian<\/td>\n<td>Latvian\/Russian<\/td>\n<\/tr>\n<tr>\n<td>The price<\/td>\n<td><i>138 EUR<\/i><\/td>\n<td>\u00a0<i>165 EUR<\/i><\/td>\n<\/tr>\n<tr>\n<td>Schedule<\/td>\n<td>Distance learning<\/td>\n<td>Online training<\/td>\n<\/tr>\n<\/tbody>\n<\/table>\n<div>\n<div>\n<div>A discount of 10% is applied to PhotoAcademy students taking a second course with us and to those who attend the course as a couple.<\/div>\n<div><\/div>\n<\/div>\n<\/div>\n<p>[\/vc_column_text][\/vc_column][vc_column width=&#8221;1\/3&#8243;][vc_single_image image=&#8221;4971&#8243; img_size=&#8221;450&#215;450&#8243; onclick=&#8221;zoom&#8221;][\/vc_column][\/vc_row][vc_row][vc_column][contact-form-7 id=&#8221;5079&#8243;][\/vc_column][\/vc_row]<\/p>","protected":false},"excerpt":{"rendered":"<p>[vc_row u_row_style=&#8221;0&#8243; u_row_paralax=&#8221;0&#8243; u_row_scheme=&#8221;0&#8243; css=&#8221;.vc_custom_1525947089412{padding-top: 50px !important;}&#8221;][vc_column width=&#8221;2\/3&#8243;][vc_column_text] K\u0101rt\u012bba, k\u0101d\u0101 notiek t\u0101lm\u0101c\u012bbas vai on-line kursa apg\u016b\u0161ana Klaus\u012bt\u0101js nos\u016bta pieteikumu FotoAkad\u0113mijas m\u0101jaslap\u0101,nor\u0101dot izv\u0113l\u0113to [&hellip;]<\/p>","protected":false},"author":1,"featured_media":0,"parent":0,"menu_order":0,"comment_status":"closed","ping_status":"closed","template":"page-templates\/front-page.php","meta":{"footnotes":""},"class_list":["post-2865","page","type-page","status-publish","hentry"],"_links":{"self":[{"href":"https:\/\/fotoakademija.lv\/en\/wp-json\/wp\/v2\/pages\/2865","targetHints":{"allow":["GET"]}}],"collection":[{"href":"https:\/\/fotoakademija.lv\/en\/wp-json\/wp\/v2\/pages"}],"about":[{"href":"https:\/\/fotoakademija.lv\/en\/wp-json\/wp\/v2\/types\/page"}],"author":[{"embeddable":true,"href":"https:\/\/fotoakademija.lv\/en\/wp-json\/wp\/v2\/users\/1"}],"replies":[{"embeddable":true,"href":"https:\/\/fotoakademija.lv\/en\/wp-json\/wp\/v2\/comments?post=2865"}],"version-history":[{"count":0,"href":"https:\/\/fotoakademija.lv\/en\/wp-json\/wp\/v2\/pages\/2865\/revisions"}],"wp:attachment":[{"href":"https:\/\/fotoakademija.lv\/en\/wp-json\/wp\/v2\/media?parent=2865"}],"curies":[{"name":"wp","href":"https:\/\/api.w.org\/{rel}","templated":true}]}}