{"id":5488,"date":"2018-05-19T12:49:27","date_gmt":"2018-05-19T12:49:27","guid":{"rendered":"https:\/\/fotoakademija.lv\/?page_id=5488"},"modified":"2023-12-05T06:46:33","modified_gmt":"2023-12-05T04:46:33","slug":"piedavajam-kursus","status":"publish","type":"page","link":"https:\/\/fotoakademija.lv\/en\/we-offer-courses\/","title":{"rendered":"We offer courses"},"content":{"rendered":"<p>Latest courses<\/p>\n<blockquote><p><em>Photography has proven itself to be one of the most accessible pursuits of creative expression - Photographer Valters Preimanis<\/em><\/p><\/blockquote>\n<h2 align=\"justify\">WE OFFER COURSES:<\/h2>\n<hr \/>\n<p align=\"justify\">Photo courses are aimed at listeners with different levels of preparation. There are no more than 10 people in groups. At the end of the course, you receive a certificate of successful course completion.<\/p>\n<ul>\n<li><a href=\"https:\/\/fotoakademija.lv\/en\/program-of-private-lesson-filming-and-photography-with-a-drone\/\">Program: Private lessons in filming and photography with a drone<\/a><\/li>\n<li><a href=\"https:\/\/fotoakademija.lv\/en\/private-photo-lessons-with-zoom-to-learn-something-new\/\">Private photo lessons with Zoom to learn something new<\/a><\/li>\n<li><a href=\"https:\/\/fotoakademija.lv\/en\/adobe-photoshop-lightroom\/\">Adobe Photoshop &amp; Lightroom<\/a><\/li>\n<li><a href=\"https:\/\/fotoakademija.lv\/en\/practical-basics-of-photography\/\">The practical basics of photography<\/a><\/li>\n<\/ul>\n<p>Course participants are provided with tea and coffee breaks.<\/p>\n<p>Discounts:<\/p>\n<ul>\n<li style=\"list-style-type: none;\">\n<ul>\n<li>When you study one course with us, you get a 10% discount for studying another course!<\/li>\n<li>When you come as a couple, you both get a 10% discount!<\/li>\n<\/ul>\n<\/li>\n<\/ul>\n<p><img loading=\"lazy\" decoding=\"async\" class=\"alignnone size-medium wp-image-5604\" src=\"https:\/\/fotoakademija.lv\/wp-content\/uploads\/Foto_akademija_3-300x203.jpg\" alt=\"\" width=\"300\" height=\"203\" srcset=\"https:\/\/fotoakademija.lv\/wp-content\/uploads\/Foto_akademija_3-300x203.jpg 300w, https:\/\/fotoakademija.lv\/wp-content\/uploads\/Foto_akademija_3-768x520.jpg 768w, https:\/\/fotoakademija.lv\/wp-content\/uploads\/Foto_akademija_3-1024x693.jpg 1024w, https:\/\/fotoakademija.lv\/wp-content\/uploads\/Foto_akademija_3-255x173.jpg 255w, https:\/\/fotoakademija.lv\/wp-content\/uploads\/Foto_akademija_3-600x406.jpg 600w, https:\/\/fotoakademija.lv\/wp-content\/uploads\/Foto_akademija_3.jpg 1920w\" sizes=\"auto, (max-width: 300px) 100vw, 300px\" \/><\/p>\n<h4 align=\"justify\">You can apply for courses using the quick contact form and specifying the name of the course.<\/h4>\n<p>Phone 220-77-202<\/p>","protected":false},"excerpt":{"rendered":"<p>Jaun\u0101kie kursi Fotograf\u0113\u0161ana sevi ir pier\u0101d\u012bjusi k\u0101 viena no vispieejam\u0101kaj\u0101m rado\u0161\u0101s izpausmes nodarb\u0113m &#8211; Fotogr\u0101fs Valters Preimanis PIED\u0100V\u0100JAM KURSUS: Foto kursi ir [&hellip;]<\/p>","protected":false},"author":1,"featured_media":0,"parent":0,"menu_order":0,"comment_status":"closed","ping_status":"closed","template":"","meta":{"footnotes":""},"class_list":["post-5488","page","type-page","status-publish","hentry"],"_links":{"self":[{"href":"https:\/\/fotoakademija.lv\/en\/wp-json\/wp\/v2\/pages\/5488","targetHints":{"allow":["GET"]}}],"collection":[{"href":"https:\/\/fotoakademija.lv\/en\/wp-json\/wp\/v2\/pages"}],"about":[{"href":"https:\/\/fotoakademija.lv\/en\/wp-json\/wp\/v2\/types\/page"}],"author":[{"embeddable":true,"href":"https:\/\/fotoakademija.lv\/en\/wp-json\/wp\/v2\/users\/1"}],"replies":[{"embeddable":true,"href":"https:\/\/fotoakademija.lv\/en\/wp-json\/wp\/v2\/comments?post=5488"}],"version-history":[{"count":0,"href":"https:\/\/fotoakademija.lv\/en\/wp-json\/wp\/v2\/pages\/5488\/revisions"}],"wp:attachment":[{"href":"https:\/\/fotoakademija.lv\/en\/wp-json\/wp\/v2\/media?parent=5488"}],"curies":[{"name":"wp","href":"https:\/\/api.w.org\/{rel}","templated":true}]}}