{"id":5558,"date":"2018-05-21T10:41:09","date_gmt":"2018-05-21T07:41:09","guid":{"rendered":"https:\/\/fotoakademija.lv\/?page_id=5558"},"modified":"2018-05-21T11:26:45","modified_gmt":"2018-05-21T08:26:45","slug":"i-limenis","status":"publish","type":"page","link":"https:\/\/fotoakademija.lv\/en\/photo-courses\/i-level\/","title":{"rendered":"Level I \u2013 Beginners"},"content":{"rendered":"<h3><b>Photography Basics: A good shot is no accident<\/b><\/h3>\n<p align=\"justify\">These photography courses are for you if until now the quality of your photos depended on luck and the capabilities of the camera&#039;s automatic mode. They will not only allow you to learn the basic principles of professional photography, but will also give you an insight into the wide world of photography as an art. The quality of your photos will no longer depend on chance. You will not only learn to take pictures skillfully, but you will also gain an understanding of the photography process, which will be a sufficient basis for your further growth. Holding a camera in your hands, you will be aware of the desired result, you will understand the necessary prerequisites for achieving it and you will know how to implement what you set out to do.<\/p>\n<p align=\"justify\">[vc_row][vc_column]<\/p>\n<p align=\"justify\">[u_post_grid title=\u201dNewest courses\u201d description=\u201dPhotography has proven itself to be one of the most accessible pursuits of creative expression. \u201d link_text=\u201dNewest courses\u201d link_url=\u201dhttps:\/\/fotoakademija.lv\/lv\/fotokursi\/\u201d post_type=\u201du_course\u201d show_date=\u201d1\u2033 show_price=\u201d0\u2033 show_venue=\u201d1\u2033 show_time=\u201d1\u2033 gallery= &quot;0&quot;]<\/p>\n<p align=\"justify\">[\/vc_column][\/vc_row]<\/p>\n<p align=\"justify\">[vc_row][vc_column]<\/p>\n<p align=\"justify\">[u_course_list count=&#8221;10&#8243; order=&#8221;DESC&#8221; orderby=&#8221;date&#8221;][\/vc_column][\/vc_row][vc_row][vc_column][u_event_list count=&#8221;10&#8243; order=&#8221;DESC&#8221; orderby=&#8221;date&#8221;]<\/p>\n<p align=\"justify\">[\/vc_column][\/vc_row]<\/p>\n<h4 style=\"text-align: center;\" align=\"justify\">You can apply for courses using the quick contact form and specifying the name of the course.<\/h4>\n<p>[vc_row][vc_column][contact-form-7 id=&#8221;5079&#8243;][\/vc_column][\/vc_row]<\/p>","protected":false},"excerpt":{"rendered":"<p>Fotograf\u0113\u0161anas pamati: labs kadrs nav nejau\u0161\u012bba \u0160ie fotograf\u0113\u0161anas kursi ir dom\u0101ti Jums, ja l\u012bdz \u0161im J\u016bsu fotogr\u0101fiju kvalit\u0101te bija atkar\u012bga no veiksmes [&hellip;]<\/p>","protected":false},"author":1,"featured_media":4713,"parent":2862,"menu_order":0,"comment_status":"closed","ping_status":"closed","template":"","meta":{"footnotes":""},"class_list":["post-5558","page","type-page","status-publish","has-post-thumbnail","hentry"],"_links":{"self":[{"href":"https:\/\/fotoakademija.lv\/en\/wp-json\/wp\/v2\/pages\/5558","targetHints":{"allow":["GET"]}}],"collection":[{"href":"https:\/\/fotoakademija.lv\/en\/wp-json\/wp\/v2\/pages"}],"about":[{"href":"https:\/\/fotoakademija.lv\/en\/wp-json\/wp\/v2\/types\/page"}],"author":[{"embeddable":true,"href":"https:\/\/fotoakademija.lv\/en\/wp-json\/wp\/v2\/users\/1"}],"replies":[{"embeddable":true,"href":"https:\/\/fotoakademija.lv\/en\/wp-json\/wp\/v2\/comments?post=5558"}],"version-history":[{"count":0,"href":"https:\/\/fotoakademija.lv\/en\/wp-json\/wp\/v2\/pages\/5558\/revisions"}],"up":[{"embeddable":true,"href":"https:\/\/fotoakademija.lv\/en\/wp-json\/wp\/v2\/pages\/2862"}],"wp:featuredmedia":[{"embeddable":true,"href":"https:\/\/fotoakademija.lv\/en\/wp-json\/wp\/v2\/media\/4713"}],"wp:attachment":[{"href":"https:\/\/fotoakademija.lv\/en\/wp-json\/wp\/v2\/media?parent=5558"}],"curies":[{"name":"wp","href":"https:\/\/api.w.org\/{rel}","templated":true}]}}