{"id":2860,"date":"2018-04-29T17:26:29","date_gmt":"2018-04-29T17:26:29","guid":{"rendered":"https:\/\/fotoakademija.lv\/?page_id=2860"},"modified":"2024-02-08T08:56:48","modified_gmt":"2024-02-08T06:56:48","slug":"pleneri","status":"publish","type":"page","link":"https:\/\/fotoakademija.lv\/et\/pleneer\/","title":{"rendered":"Plein air"},"content":{"rendered":"<p><span style=\"color: #00102e; font-family: 'System default', sans-serif; font-size: 48px;\">Kevad, Suvi v\u00f5i S\u00fcgisene fotoplein koos Fotoakadeemia juhendajatega<\/span><\/p>\n<div align=\"center\">\n<div align=\"left\">\n<div><img decoding=\"async\" src=\"https:\/\/b2c.lv\/fotoakademija.lv\/content\/images\/rudens2017-01.jpg\" alt=\"\" border=\"0\" \/>K\u00fcsi meilt hetkel plaanitavate fotopleenide kohta v\u00f5i vaata \u00fcrituse kava Facebookist, <a href=\"https:\/\/fotoakademija.lv\/et\/kontaktid\/\">kontaktid<\/a><\/div>\n<\/div>\n<\/div>\n<div><\/div>\n<h1>Toimus fotopleenerid<\/h1>\n<div align=\"center\">\n<div align=\"left\">\n<div>\n<div>\n<div>\n<h1>Laup\u00e4eval, 07.10.<\/h1>\n<\/div>\n<div><b><i>S\u00fcgis on k\u00e4es ja taaskord kutsume teid traditsioonilisele fotograafide kokkutulekule reisile l\u00e4bi kauni L\u00e4ti:<\/i><\/b><\/div>\n<div><b><i>8:00 Mer\u0137e\u013ca iela 13 (Latviesu Biedr\u012bbas nams), Riia \u2013 Nurmi\u017eu looduspark (Gauja rahvuspargi territoorium Sigulda ja Vildoga vahel): 10:00 Raganu pada, 11:00 Daudase j\u00f5e juga, 12:00 Nurmi\u017eupe juga \u00a0 \u00a0<\/i><\/b><\/div>\n<div><b><i>\u2013 13:00 l\u00f5una C\u0113sises (ei sisaldu liikmemaksus) \u00a0 \u00a0<\/i><\/b><\/div>\n<div><b><i>\u2013 14:00 Raunas Staburags \u00a0 \u00a0<\/i><\/b><\/div>\n<div><b><i>\u2013 16:00 L\u012bgatne j\u00f5erajad (L\u012bgatni ja N\u012btauri vahel)<\/i><\/b><\/div>\n<div><b><i>\u2013 19:00 tagasi Riiga<\/i><\/b><\/div>\n<div><b><i>Arvestades pildistatavaid metsaseid ja vesiseid objekte, on v\u00e4ga soovitatav kaasa v\u00f5tta statiiv.<\/i><\/b><\/div>\n<div><\/div>\n<div><b><i>Reisijuht Andris Klu\u0161s. Peale reisi, nagu ikka, piltide arutelu Fotoakadeemias.<\/i><\/b><\/div>\n<div><b><i>Osalustasu on 43 EUR, mis sisaldab transporti, tasusid vaatamisv\u00e4\u00e4rsuste eest ja \u00f5ppetundi Fotoakadeemias.<\/i><\/b><\/div>\n<\/div>\n<\/div>\n<h1><\/h1>\n<h1><img loading=\"lazy\" decoding=\"async\" class=\"alignnone size-large wp-image-5779\" src=\"https:\/\/fotoakademija.lv\/wp-content\/uploads\/fOTOAKADEMIJA-valters-preimanis-1024x577.jpg\" alt=\"\" width=\"1024\" height=\"577\" srcset=\"https:\/\/fotoakademija.lv\/wp-content\/uploads\/fOTOAKADEMIJA-valters-preimanis-1024x577.jpg 1024w, https:\/\/fotoakademija.lv\/wp-content\/uploads\/fOTOAKADEMIJA-valters-preimanis-300x169.jpg 300w, https:\/\/fotoakademija.lv\/wp-content\/uploads\/fOTOAKADEMIJA-valters-preimanis-768x433.jpg 768w, https:\/\/fotoakademija.lv\/wp-content\/uploads\/fOTOAKADEMIJA-valters-preimanis-1536x866.jpg 1536w, https:\/\/fotoakademija.lv\/wp-content\/uploads\/fOTOAKADEMIJA-valters-preimanis-1000x563.jpg 1000w, https:\/\/fotoakademija.lv\/wp-content\/uploads\/fOTOAKADEMIJA-valters-preimanis-230x130.jpg 230w, https:\/\/fotoakademija.lv\/wp-content\/uploads\/fOTOAKADEMIJA-valters-preimanis-350x197.jpg 350w, https:\/\/fotoakademija.lv\/wp-content\/uploads\/fOTOAKADEMIJA-valters-preimanis-480x270.jpg 480w, https:\/\/fotoakademija.lv\/wp-content\/uploads\/fOTOAKADEMIJA-valters-preimanis.jpg 2048w\" sizes=\"auto, (max-width: 1024px) 100vw, 1024px\" \/><\/h1>\n<div>\n<div><b>Kutsume teid osalema M.KUNDZI\u0145A eestvedamisel KEVADV\u00c4LJAS 2017!<\/b><\/div>\n<div>Tee :\u00a0<b>\u00a0Riia \u2013 L\u012bgatne \u2013 \u0136\u016b\u0137u kivi Gauja l\u00e4hedal \u2013 Zv\u0101rta kivi \u2013 Amata K\u0101r\u013ci l\u00e4hedal \u2013 l\u00f5unas\u00f6\u00f6k C\u0113sises \u2013 Kotkakaljud \u2013 \u0100rai\u0161u j\u00e4rveloss ja tuulik \u2013 Riia.<\/b><\/div>\n<div><\/div>\n<div>Reis on planeeritud laup\u00e4eval, 20. mail, v\u00e4ljumine L\u00e4ti Seltsi maja juurest kl 08:00, tagasi kell 20:00.<\/div>\n<div>\n<p>Osalustasu (43 eur) sisaldab transporti, atraktsioonide sissep\u00e4\u00e4supileteid, grupijuhi juhiseid ja selgitusi reisi ajal, samuti pleeniiri j\u00e4rgset M. Kundzi\u0146a poolt juhitavat tundi - pildistatud anal\u00fc\u00fcsi.<\/p>\n<p>Palume kandideerida aegsasti, sest seekordne pleenir on korraldatud p\u00f5him\u00f5tteliselt meie praegustele kuulajatele, seega on kohtade arv piiratud.<\/p>\n<p><a href=\"https:\/\/fotoakademija.lv\/et\/kontaktid\/\">Kandideerima<\/a><\/p>\n<\/div>\n<\/div>\n<h1><img loading=\"lazy\" decoding=\"async\" class=\"alignnone size-large wp-image-5790\" src=\"https:\/\/fotoakademija.lv\/wp-content\/uploads\/101166232_1615250101958931_3160510521518587904_n-1024x585.jpg\" alt=\"\" width=\"1024\" height=\"585\" srcset=\"https:\/\/fotoakademija.lv\/wp-content\/uploads\/101166232_1615250101958931_3160510521518587904_n-1024x585.jpg 1024w, https:\/\/fotoakademija.lv\/wp-content\/uploads\/101166232_1615250101958931_3160510521518587904_n-300x171.jpg 300w, https:\/\/fotoakademija.lv\/wp-content\/uploads\/101166232_1615250101958931_3160510521518587904_n-768x439.jpg 768w, https:\/\/fotoakademija.lv\/wp-content\/uploads\/101166232_1615250101958931_3160510521518587904_n-1536x878.jpg 1536w, https:\/\/fotoakademija.lv\/wp-content\/uploads\/101166232_1615250101958931_3160510521518587904_n-18x10.jpg 18w, https:\/\/fotoakademija.lv\/wp-content\/uploads\/101166232_1615250101958931_3160510521518587904_n-1000x571.jpg 1000w, https:\/\/fotoakademija.lv\/wp-content\/uploads\/101166232_1615250101958931_3160510521518587904_n-230x131.jpg 230w, https:\/\/fotoakademija.lv\/wp-content\/uploads\/101166232_1615250101958931_3160510521518587904_n-350x200.jpg 350w, https:\/\/fotoakademija.lv\/wp-content\/uploads\/101166232_1615250101958931_3160510521518587904_n-480x274.jpg 480w, https:\/\/fotoakademija.lv\/wp-content\/uploads\/101166232_1615250101958931_3160510521518587904_n.jpg 2048w\" sizes=\"auto, (max-width: 1024px) 100vw, 1024px\" \/><\/h1>\n<h1>Laup\u00e4eval, 01.10.<\/h1>\n<p>Kutsume teid osalema\u00a0<i>\u00a0S\u00dcGIS \u00d5UES<\/i>\u00a0 marsruudil:\u00a0<b>Riia \u2013 Jaunpilsi park ja loss \u2013 Venta dolomiidist kaljud \u2013 Kuldiga \u2013 Renda joad \u2013 Abava Vegi l\u00e4hedal \u2013 Riia.<\/b><\/p>\n<p>V\u00e4ljas\u00f5it L\u00e4ti Seltsi maja juurest,\u00a0<b>laup\u00e4eval, 1. oktoobril kl 08:00<\/b>, tagastamine on planeeritud umbes kell 20:00<\/p>\n<p>Osalustasu on 43 eur, mis sisaldab transporti, atraktsioonide sissep\u00e4\u00e4supileteid, r\u00fchmajuhi juhendeid ja selgitusi reisi ajal, samuti pleeniiri j\u00e4rgset M. Kundzi\u0146a juhendatavat \u00f5pet - pildistatud anal\u00fc\u00fcs.<\/p>\n<p>Palume kandideerida aegsasti, sest seekordne pleenir on korraldatud p\u00f5him\u00f5tteliselt meie praegustele kuulajatele, mist\u00f5ttu kohtade arv on piiratud.<\/p>\n<h1>Fotopleiner M. Kundzi\u0146a juhtimisel &quot;Kevad Vidzeme kaldal&quot;<\/h1>\n<h1><a class=\"fancybox\" title=\"\" href=\"https:\/\/b2c.lv\/fotoakademija.lv\/content\/images\/veczemju.jpg\" rel=\"group\"><img decoding=\"async\" src=\"https:\/\/b2c.lv\/fotoakademija.lv\/content\/images\/veczemju.jpg\" alt=\"\" border=\"0\" \/><\/a><\/h1>\n<h1>Laup\u00e4eval, 04.06.<\/h1>\n<p>Marsruudil olevad kohad \u2013\u00a0<b>Aina\u017ei, Mernieki, Salaca Red Rocksi l\u00e4hedal, Salacgr\u012bva.<\/b>\u00a0Nikerdatud ajahambast ja tuulest\u00a0<b>Muistsed kivid<\/b>\u00a0kevadmaastikul - L\u00e4ti kunstifilmi &quot;Pikk tee luidetes&quot; vaadete v\u00f5ttekoht.\u00a0<b>Vidzeme kivised kaldad\u00a0<\/b>n\u00f5idus.\u00a0<b>Armi heinamaad<\/b>\u00a0mere \u00e4\u00e4res enne Aina\u017ei.<\/p>\n<p>V\u00e4ljas\u00f5it L\u00e4ti Seltsi maja juurest kl 08:00<\/p>\n<p>Tagasitulek on planeeritud kella 20.00 paiku<\/p>\n<p>Osalustasu 39 eur.<\/p>\n<p>Hind sisaldab transporti, grupijuhi juhiseid ja selgitusi reisi ajal, samuti pleneeri j\u00e4rgset tundi pr Kundzi\u0146a poolt - pildistatud anal\u00fc\u00fcsi.<\/p>\n<p>Palume kandideerida aegsasti, sest seekordne pleenir on korraldatud p\u00f5him\u00f5tteliselt meie praegustele kuulajatele, mist\u00f5ttu kohtade arv on piiratud.<\/p>\n<p><b><i>Kandideerima<\/i><\/b><\/p>\n<p><a class=\"fancybox\" title=\"\" href=\"https:\/\/b2c.lv\/fotoakademija.lv\/content\/images\/veczemju_sarkanas.jpg\" rel=\"group\"><img decoding=\"async\" src=\"https:\/\/b2c.lv\/fotoakademija.lv\/content\/images\/veczemju_sarkanas.jpg\" alt=\"\" border=\"0\" \/><\/a><\/p>\n<p>Foto: Veczemji punased kivid<\/p>\n<p align=\"center\"><b><a class=\"fancybox\" title=\"\" href=\"https:\/\/b2c.lv\/fotoakademija.lv\/content\/images\/rudens%20plen%c4%93rs%20m.jpg\" rel=\"group\"><img decoding=\"async\" src=\"https:\/\/b2c.lv\/fotoakademija.lv\/content\/images\/rudens%20plen%c4%93rs%20m.jpg\" alt=\"\" border=\"0\" \/><\/a><br \/>\n<\/b><\/p>\n<p align=\"center\"><b>FOTOAKADEEMIA S\u00dcGIS \u00d5ues<\/b><\/p>\n<div>\n<div>\n<div>\n<div><b>Tee\u00a0<\/b>: Riia-B\u012bri\u0146i palee-L\u0113durga dendroloogiline park-Igate palee-Saulkrasti J\u016brmala-Riia<\/div>\n<p>Pildistatud piltide anal\u00fc\u00fcsi tund toimub reedel, 23.10. juures 18:30 Fotoakadeemias.<\/p>\n<\/div>\n<\/div>\n<\/div>\n<div><\/div>\n<div><\/div>\n<p align=\"center\"><b><a class=\"fancybox\" title=\"\" href=\"https:\/\/b2c.lv\/fotoakademija.lv\/content\/images\/talsu_roja_kaltenes_jurmala_andy_zeltkalns_0.jpg\" rel=\"group\"><img decoding=\"async\" src=\"https:\/\/b2c.lv\/fotoakademija.lv\/content\/images\/talsu_roja_kaltenes_jurmala_andy_zeltkalns_0.jpg\" alt=\"\" border=\"0\" \/><\/a><br \/>\n<\/b><\/p>\n<p align=\"center\"><b>\u00a0PLENAIR - KURZEME<\/b><\/p>\n<p align=\"center\"><b>Vaba\u00f5hujuht, MRS<br \/>\n<\/b><\/p>\n<p align=\"center\"><i>16. mail.<\/i><\/p>\n<p>Riia \u2013 Ragaciems \u2013 M\u0113rsrags \u2013 Kaltene \u2013 Roja \u2013 Valdem\u0101rpils \u2013 Nogale \u2013 Tilgali hiigelkivi \u2013 Talsi \u2013 Nurmui\u017ea.<\/p>\n<p>V\u00e4ljas\u00f5it bussiga kell 8.00 Riia L\u00e4ti Seltsi maja juurest. Tagasi Riiga kell 20.00. Hommikus\u00f6\u00f6k Meersragis mererannas, kasutades Ragaciemist ostetud kalah\u00f5rgutisi. L\u00f5unas\u00f6\u00f6k Talsos.<\/p>\n<p>Palume Sul p\u00e4ev aegsasti planeerida, et kevadmeeleolu nautida!<\/p>\n<p>Peale plenerit toimub fotoakadeemias proua Kundzi\u0146as juhtimisel t\u00f6\u00f6de anal\u00fc\u00fcs.<\/p>\n<p>Osalustasu: 58 EUR<\/p>\n<p><img loading=\"lazy\" decoding=\"async\" class=\"alignnone size-large wp-image-5604\" src=\"https:\/\/fotoakademija.lv\/wp-content\/uploads\/Foto_akademija_3-1024x693.jpg\" alt=\"\" width=\"1024\" height=\"693\" srcset=\"https:\/\/fotoakademija.lv\/wp-content\/uploads\/Foto_akademija_3-1024x693.jpg 1024w, https:\/\/fotoakademija.lv\/wp-content\/uploads\/Foto_akademija_3-300x203.jpg 300w, https:\/\/fotoakademija.lv\/wp-content\/uploads\/Foto_akademija_3-768x520.jpg 768w, https:\/\/fotoakademija.lv\/wp-content\/uploads\/Foto_akademija_3-255x173.jpg 255w, https:\/\/fotoakademija.lv\/wp-content\/uploads\/Foto_akademija_3-600x406.jpg 600w, https:\/\/fotoakademija.lv\/wp-content\/uploads\/Foto_akademija_3.jpg 1920w\" sizes=\"auto, (max-width: 1024px) 100vw, 1024px\" \/> \u00a0 \u00a0 \u00a0 <img loading=\"lazy\" decoding=\"async\" class=\"alignnone size-full wp-image-5409\" src=\"https:\/\/fotoakademija.lv\/wp-content\/uploads\/Sp\u0101re-kopija.jpg\" alt=\"\" width=\"650\" height=\"434\" srcset=\"https:\/\/fotoakademija.lv\/wp-content\/uploads\/Sp\u0101re-kopija.jpg 650w, https:\/\/fotoakademija.lv\/wp-content\/uploads\/Sp\u0101re-kopija-300x200.jpg 300w, https:\/\/fotoakademija.lv\/wp-content\/uploads\/Sp\u0101re-kopija-255x170.jpg 255w, https:\/\/fotoakademija.lv\/wp-content\/uploads\/Sp\u0101re-kopija-600x401.jpg 600w\" sizes=\"auto, (max-width: 650px) 100vw, 650px\" \/><\/p>\n<\/div>\n<\/div>\n<p align=\"center\"><b>LOODUSFOTOGRAAFIA PRAKTIKA<\/b><\/p>\n<p align=\"center\"><i>Matk Ik\u0161ikile \u2013 Jaunogre<br \/>\n<\/i><\/p>\n<p align=\"center\"><i>11. aprillil<br \/>\n<\/i><\/p>\n<p>Loodus \u00e4rkab. Esimesed kevadlilled, pungad, pungad, isegi seened... Loodusfotograafia austajatel on v\u00f5imalus nautida \u00f5ues elava looduse pealtn\u00e4ha lihtsate elementide ilu. Marsruut kulgeb m\u00f6\u00f6da metsaradu. Pildistada saab nii metsavaateid kui ka erinevaid l\u00e4hiv\u00f5tteid. Parim on, kui sul on makropildistamiseks vajalikud tarvikud - esiobjektiivid, vaher\u00f5ngad, makroobjektiiv. Statiiv v\u00f5ib olla kasulik. Eeldatavasti avaneb v\u00f5imalus pildistada selliseid kevade kauneid ja iseloomulikke taimi nagu suure\u00f5ieline sedum, zalkteni, p\u00f5ld-rooheraine. V\u00e4ga ilus v\u00e4rv on seen, mida k\u00f5ik ei tea - sarkosts\u00fcfa. Tuleb lihtsalt ettevaatlik olla. Midagi saab juba olema.<\/p>\n<p>V\u00e4ljas\u00f5it Riia jaamast rongiga Riia \u2013 Lielv\u0101rde kell 8:40 Ik\u0161kileisse. Kohtume rongi eest teisest vagunist v\u00f5i l\u00f5pp-punktis otse Ik\u0161kile jaamas kl. 9:20<\/p>\n<p>Tagasi, olenevalt v\u00f5imalustest, s\u00f5idame Jaunogrest kas 15:10 v\u00f5i 15:45.<\/p>\n<p>Metsas pole kohvikut! Hommikus\u00f6\u00f6giks v\u00f5ta kaasa midagi maitsvat, leiame sellele metsas m\u00f5nusa koha.V\u00e4ga kasuks tuleks matkamiseks sobiv riietus ja eriti jalan\u00f5ud ning - minek! L\u00e4hme kevade poole!<\/p>\n<p>Osalustasu: 18 EUR.<\/p>\n<p>Praktika on juhitud\u00a0<b>proua Maris<\/b><\/p>","protected":false},"excerpt":{"rendered":"<p>Pavasara, Vasaras vai Rudens foto plen\u0113rs kop\u0101 ar Fotoakad\u0113mija instruktoriem Jaut\u0101jiet mums par aktu\u0101li pl\u0101notajiem foto plen\u0113riem vai skat\u0101ties pas\u0101kumu pl\u0101nu Facebook, [&hellip;]<\/p>","protected":false},"author":1,"featured_media":0,"parent":0,"menu_order":0,"comment_status":"closed","ping_status":"closed","template":"","meta":{"footnotes":""},"class_list":["post-2860","page","type-page","status-publish","hentry"],"_links":{"self":[{"href":"https:\/\/fotoakademija.lv\/et\/wp-json\/wp\/v2\/pages\/2860","targetHints":{"allow":["GET"]}}],"collection":[{"href":"https:\/\/fotoakademija.lv\/et\/wp-json\/wp\/v2\/pages"}],"about":[{"href":"https:\/\/fotoakademija.lv\/et\/wp-json\/wp\/v2\/types\/page"}],"author":[{"embeddable":true,"href":"https:\/\/fotoakademija.lv\/et\/wp-json\/wp\/v2\/users\/1"}],"replies":[{"embeddable":true,"href":"https:\/\/fotoakademija.lv\/et\/wp-json\/wp\/v2\/comments?post=2860"}],"version-history":[{"count":0,"href":"https:\/\/fotoakademija.lv\/et\/wp-json\/wp\/v2\/pages\/2860\/revisions"}],"wp:attachment":[{"href":"https:\/\/fotoakademija.lv\/et\/wp-json\/wp\/v2\/media?parent=2860"}],"curies":[{"name":"wp","href":"https:\/\/api.w.org\/{rel}","templated":true}]}}