{"id":2865,"date":"2018-04-29T17:27:10","date_gmt":"2018-04-29T17:27:10","guid":{"rendered":"https:\/\/fotoakademija.lv\/?page_id=2865"},"modified":"2018-08-08T14:38:50","modified_gmt":"2018-08-08T11:38:50","slug":"talmaciba","status":"publish","type":"page","link":"https:\/\/fotoakademija.lv\/et\/talmatsiib\/","title":{"rendered":"Kaug\u00f5pe"},"content":{"rendered":"<p>[vc_row u_row_style=&#8221;0&#8243; u_row_paralax=&#8221;0&#8243; u_row_scheme=&#8221;0&#8243; css=&#8221;.vc_custom_1525947089412{padding-top: 50px !important;}&#8221;][vc_column width=&#8221;2\/3&#8243;][vc_column_text]<\/p>\n<div>\n<h3><b>Kaug\u00f5ppe v\u00f5i veebikursuse l\u00e4bimise kord<\/b><\/h3>\n<hr \/>\n<\/div>\n<div align=\"justify\">\u00dcli\u00f5pilane esitab FotoAkademija veebilehel avalduse, kus on m\u00e4rgitud valitud \u00f5ppekava ja oma kontaktandmed (tel nr, e-posti aadress ja isikukood) FotoAkademija saadab arve 1\/2 \u00f5ppemaksu kohta Peale arve tasumist , juhendaja saadab \u00fcli\u00f5pilase e-posti aadressile kirja-teate antud kursusel \u00f5ppet\u00f6\u00f6 alustamise kohta, kuulaja aga kinnitab kirja k\u00e4ttesaamist. \u00d5ppeprotsess v\u00f5ib alata.<\/div>\n<div align=\"justify\">Juhendaja pakub internetikeskkonnas ligip\u00e4\u00e4su esimese \u00f5ppen\u00e4dala \u00f5ppematerjalidele ja \u00fclesannetele\/testidele. Esimesel n\u00e4dalavahetusel saadab kursuse \u00f5pilane \u00f5petajale t\u00e4idetud kodut\u00f6\u00f6 v\u00f5i kontrollt\u00f6\u00f6.<\/div>\n<div align=\"justify\">5 t\u00f6\u00f6p\u00e4eva jooksul vaatab juhendaja tehtud \u00fclesanded \u00fcle ja saadab \u00f5pilasele tehtud t\u00f6\u00f6 kohta \u00fclevaate (kommentaarid) J\u00e4rgnevatel n\u00e4dalatel on \u00f5ppeprotsess sarnane esimese \u00f5ppen\u00e4dalaga.<\/div>\n<div align=\"justify\">Kursus loetakse edukalt l\u00e4bituks, kui kursusel osaleja t\u00e4idab k\u00f5ik \u00fclesanded\/testid \u00f5igeaegselt 10 t\u00f6\u00f6p\u00e4eva jooksul \u00fclesande\/testi k\u00e4ttesaamisest arvates ja saab tehtud t\u00f6\u00f6 kohta positiivse hinnangu (arvestatud). Koolituse l\u00f5pus sooritab \u00f5pilane l\u00f5putesti. \u00d5ppetundide ajakava lepitakse kokku \u00f5petajaga individuaalselt, kuid mitte \u00fcle \u00f5ppetundide kestuse 2 kuud alates \u00f5ppetundide algusest.<br \/>\nVeebikoolitus on lihtne ja mugav. \u00d5ppet\u00f6\u00f6 p\u00f5him\u00f5te - tunnid (loengud) toimuvad reaalajas, \u00f5petaja ja \u00f5pilane v\u00f5ivad olla erinevates geograafilistes punktides, peaasi, et sul oleks arvuti ja interneti\u00fchendus. \u00d5ppej\u00f5ud peab loengu, kuulaja n\u00e4eb oma monitoril k\u00f5ike, mida \u00f5ppej\u00f5ud n\u00e4itab ja r\u00e4\u00e4gib (nagu auditooriumis tavalises loengus). Veebikoolituse eelised:<\/div>\n<ul>\n<li>v\u00f5id loengu ajal vabalt k\u00fcsida \u00f5petajalt k\u00fcsimusi nii h\u00e4\u00e4lega kui ka kirjalikult,<\/li>\n<li>kuulete ja n\u00e4ete teiste kursusel osalejate k\u00fcsimusi,<\/li>\n<li>juhendaja saab r\u00e4\u00e4kida iga kursusel osalejaga,<\/li>\n<li>saate \u00f5ppida kodust lahkumata.<\/li>\n<\/ul>\n<p>\u00d5ppeprotsess toimub spetsiaalse suhtlusprogrammi abil, mille \u00f5petaja pakub enne tundide algust installida. Peale loengut pakutakse omandatud teadmiste tugevdamiseks ka t\u00e4iendavaid teoreetilisi \u00f5ppematerjale.<\/p>\n<table id=\"AutoNumber1\" border=\"1\" width=\"658\" cellspacing=\"0\" cellpadding=\"3\">\n<tbody>\n<tr>\n<td width=\"25%\">\n<h4>Lektorid<\/h4>\n<\/td>\n<td width=\"25%\">\n<h4><a href=\"https:\/\/b2c.lv\/fotoakademija.lv\/lv\/pasniedzeji\/leonids-vaznais.html\" shape=\"rect\">Vadim<\/a>\u00a0Morozov<\/h4>\n<\/td>\n<td width=\"25%\">\n<h4><a href=\"https:\/\/b2c.lv\/fotoakademija.lv\/lv\/pasniedzeji\/leonids-vaznais.html\" shape=\"rect\">Vadim Morozov<\/a><\/h4>\n<\/td>\n<\/tr>\n<tr>\n<td>Fotokursus<\/td>\n<td><a href=\"https:\/\/b2c.lv\/fotoakademija.lv\/lv\/fotokursi\/i-limenis\/praktiskas-fotografijas-pamati.html\" shape=\"rect\">Fotograafia algajale<\/a><\/td>\n<td><a href=\"https:\/\/b2c.lv\/fotoakademija.lv\/lv\/fotokursi\/ii-limenis\/darbs-ar-grafisko-redaktoru-adobe-photoshop-cs-talmaciba.html\" shape=\"rect\">T\u00f6\u00f6 graafilise redaktoriga Adobe Photoshop CS<\/a><\/td>\n<\/tr>\n<tr>\n<td>Kestus<\/td>\n<td>8 \u00f5ppetundi\u00a0<i><br \/>\n<\/i><\/td>\n<td>11 \u00f5ppetundi<\/td>\n<\/tr>\n<tr>\n<td>\u00d5ppekeel<\/td>\n<td>l\u00e4ti\/vene keel<\/td>\n<td>l\u00e4ti\/vene keel<\/td>\n<\/tr>\n<tr>\n<td>Hind<\/td>\n<td><i>138 eurot<\/i><\/td>\n<td>\u00a0<i>165 eurot<\/i><\/td>\n<\/tr>\n<tr>\n<td>Ajakava<\/td>\n<td>Kaug\u00f5pe<\/td>\n<td>Online koolitus<\/td>\n<\/tr>\n<\/tbody>\n<\/table>\n<div>\n<div>\n<div>Meie juures teist kursust l\u00e4bivatele Fotoakadeemia tudengitele ja paarina kursusel osalejatele kehtib allahindlus 10%.<\/div>\n<div><\/div>\n<\/div>\n<\/div>\n<p>[\/vc_column_text][\/vc_column][vc_column width=&#8221;1\/3&#8243;][vc_single_image image=&#8221;4971&#8243; img_size=&#8221;450&#215;450&#8243; onclick=&#8221;zoom&#8221;][\/vc_column][\/vc_row][vc_row][vc_column][contact-form-7 id=&#8221;5079&#8243;][\/vc_column][\/vc_row]<\/p>","protected":false},"excerpt":{"rendered":"<p>[vc_row u_row_style=&#8221;0&#8243; u_row_paralax=&#8221;0&#8243; u_row_scheme=&#8221;0&#8243; css=&#8221;.vc_custom_1525947089412{padding-top: 50px !important;}&#8221;][vc_column width=&#8221;2\/3&#8243;][vc_column_text] K\u0101rt\u012bba, k\u0101d\u0101 notiek t\u0101lm\u0101c\u012bbas vai on-line kursa apg\u016b\u0161ana Klaus\u012bt\u0101js nos\u016bta pieteikumu FotoAkad\u0113mijas m\u0101jaslap\u0101,nor\u0101dot izv\u0113l\u0113to [&hellip;]<\/p>","protected":false},"author":1,"featured_media":0,"parent":0,"menu_order":0,"comment_status":"closed","ping_status":"closed","template":"page-templates\/front-page.php","meta":{"footnotes":""},"class_list":["post-2865","page","type-page","status-publish","hentry"],"_links":{"self":[{"href":"https:\/\/fotoakademija.lv\/et\/wp-json\/wp\/v2\/pages\/2865","targetHints":{"allow":["GET"]}}],"collection":[{"href":"https:\/\/fotoakademija.lv\/et\/wp-json\/wp\/v2\/pages"}],"about":[{"href":"https:\/\/fotoakademija.lv\/et\/wp-json\/wp\/v2\/types\/page"}],"author":[{"embeddable":true,"href":"https:\/\/fotoakademija.lv\/et\/wp-json\/wp\/v2\/users\/1"}],"replies":[{"embeddable":true,"href":"https:\/\/fotoakademija.lv\/et\/wp-json\/wp\/v2\/comments?post=2865"}],"version-history":[{"count":0,"href":"https:\/\/fotoakademija.lv\/et\/wp-json\/wp\/v2\/pages\/2865\/revisions"}],"wp:attachment":[{"href":"https:\/\/fotoakademija.lv\/et\/wp-json\/wp\/v2\/media?parent=2865"}],"curies":[{"name":"wp","href":"https:\/\/api.w.org\/{rel}","templated":true}]}}