{"id":2867,"date":"2018-04-29T17:27:35","date_gmt":"2018-04-29T17:27:35","guid":{"rendered":"https:\/\/fotoakademija.lv\/?page_id=2867"},"modified":"2023-12-04T11:41:35","modified_gmt":"2023-12-04T09:41:35","slug":"sadarbibas-partneri","status":"publish","type":"page","link":"https:\/\/fotoakademija.lv\/et\/koostoopartnerid\/","title":{"rendered":"Koost\u00f6\u00f6partnerid"},"content":{"rendered":"<p>Oleme foto- ja videokool, mille missiooniks on pakkuda kvaliteetset haridust fotograafia ja videograafia vallas. Meie edu ja \u00f5ppeprotsessi tulemuslikkust ei piira mitte ainult meie innukad \u00f5pilased ja kogenud juhendajad, vaid ka tihe koost\u00f6\u00f6 juhtivate foto- ja videotehnika tootjatega.<\/p>\n<p><img loading=\"lazy\" decoding=\"async\" class=\"alignnone size-medium wp-image-5199\" src=\"https:\/\/fotoakademija.lv\/wp-content\/uploads\/salikovs1-1-300x199.jpg\" alt=\"\" width=\"300\" height=\"199\" srcset=\"https:\/\/fotoakademija.lv\/wp-content\/uploads\/salikovs1-1-300x199.jpg 300w, https:\/\/fotoakademija.lv\/wp-content\/uploads\/salikovs1-1-255x169.jpg 255w, https:\/\/fotoakademija.lv\/wp-content\/uploads\/salikovs1-1.jpg 600w\" sizes=\"auto, (max-width: 300px) 100vw, 300px\" \/><\/p>\n<p>Oleme uhked oma partnerluse \u00fcle Canoni, Nikoni ja Sonyga \u2013 professionaalse fotograafia ja videotehnoloogia maailma liidritega. Need ettev\u00f5tted on tuntud oma k\u00f5rge kvaliteedi, uuenduslikkuse ja usaldusv\u00e4\u00e4rsuse poolest ning meil on hea meel, et saame pakkuda oma \u00f5pilastele juurdep\u00e4\u00e4su nendele suurep\u00e4rastele t\u00f6\u00f6riistadele \u00f5ppeprotsessis.<\/p>\n<p>Meie partnerlus Canoni, Nikoni ja Sonyga annab meie \u00f5pilastele v\u00f5imaluse \u00f5ppida oskusi, kasutades uusimat tehnoloogiat ja professionaalseid seadmeid. Korraldame praktilisi tunde, kus \u00f5pilased saavad selle maineka kaubam\u00e4rgiga kaameraid ja videokaameraid kasutades oma oskusi t\u00e4iendada.<\/p>\n<p>Kutsume teid j\u00e4lgima meid sotsiaalv\u00f5rgustikes, et olla esimene, kes saab teada uudistest meie partnerlussuhetes, samuti osaleda meie \u00fcritustel ja konkurssidel, kus saate tutvuda foto- ja videomaailma viimaste trendidega. J\u00e4lgi meid Facebookis, Instagramis ja YouTube&#039;is, et jagada \u00fchiseid loomingulisi hetki ja osaleda meie p\u00f5nevates projektides koos partneritega Canonist, Nikonist ja Sonyst. Kandideeri meie kursustele ja koge maailmatasemel koolitust koos meie k\u00f5rgetasemeliste partnerite ja valdkonna professionaalidega!<\/p>\n<p>J\u00e4lgi meid Facebookis, Instagramis ja YouTube&#039;is, et saada uudiseid meie kursuste kohta, jagada meie \u00f5pilaste loomingulisi saavutusi ja osaleda p\u00f5nevatel s\u00fcndmustel. \u00dcheskoos saame teada v\u00e4rskeimad trendid ning \u00fcheskoos loome p\u00f5neva tee kunstimaailma ellu. Kandideeri meie kursustele ja mine koos meiega loovuse teekonnale!<\/p>\n<ul>\n<li><em><strong><a href=\"https:\/\/www.facebook.com\/fotoakad\">Facebook<\/a><\/strong><\/em><\/li>\n<li><em><strong><a href=\"https:\/\/www.instagram.com\/fotoakademijalv\/\">Instagram<\/a><\/strong><\/em><\/li>\n<li><a href=\"https:\/\/www.youtube.com\/@FotoakademijaValtersPreimanis\"><em><strong>Youtube<\/strong><\/em><\/a><\/li>\n<\/ul>","protected":false},"excerpt":{"rendered":"<p>M\u0113s esam foto un video skola, kuras misija ir nodro\u0161in\u0101t augstas kvalit\u0101tes izgl\u012bt\u012bbu fotogr\u0101fijas un videogr\u0101fijas jom\u0101s. M\u016bsu pan\u0101kumus un m\u0101c\u012bbu procesa [&hellip;]<\/p>","protected":false},"author":1,"featured_media":0,"parent":0,"menu_order":0,"comment_status":"closed","ping_status":"closed","template":"","meta":{"footnotes":""},"class_list":["post-2867","page","type-page","status-publish","hentry"],"_links":{"self":[{"href":"https:\/\/fotoakademija.lv\/et\/wp-json\/wp\/v2\/pages\/2867","targetHints":{"allow":["GET"]}}],"collection":[{"href":"https:\/\/fotoakademija.lv\/et\/wp-json\/wp\/v2\/pages"}],"about":[{"href":"https:\/\/fotoakademija.lv\/et\/wp-json\/wp\/v2\/types\/page"}],"author":[{"embeddable":true,"href":"https:\/\/fotoakademija.lv\/et\/wp-json\/wp\/v2\/users\/1"}],"replies":[{"embeddable":true,"href":"https:\/\/fotoakademija.lv\/et\/wp-json\/wp\/v2\/comments?post=2867"}],"version-history":[{"count":0,"href":"https:\/\/fotoakademija.lv\/et\/wp-json\/wp\/v2\/pages\/2867\/revisions"}],"wp:attachment":[{"href":"https:\/\/fotoakademija.lv\/et\/wp-json\/wp\/v2\/media?parent=2867"}],"curies":[{"name":"wp","href":"https:\/\/api.w.org\/{rel}","templated":true}]}}