{"id":2884,"date":"2018-04-29T19:07:32","date_gmt":"2018-04-29T19:07:32","guid":{"rendered":"https:\/\/fotoakademija.lv\/?page_id=2884"},"modified":"2023-12-04T16:03:36","modified_gmt":"2023-12-04T14:03:36","slug":"par-fotoakademiju","status":"publish","type":"page","link":"https:\/\/fotoakademija.lv\/et\/","title":{"rendered":"Fotoakadeemiast"},"content":{"rendered":"<p align=\"justify\">FotoAkademija alustas tegevust 2005. aastal. PhotoAcademy on loodud neile, kellel ei ole piisavalt s\u00f5prade n\u00f5uandeid ja internetiressursse ning kes ei taha fotograafiamaailmas amat\u00f6\u00f6rideks j\u00e4\u00e4da. See on L\u00e4tis ainulaadne ruum, kus parimad meistrid pakuvad maailma n\u00e4ha l\u00e4bi oma kaamera objektiivi.<\/p>\n<p align=\"justify\">\u00d5pingute alustamisel <strong>Foto Akadeemias<\/strong>, J\u00f5uate L\u00e4ti fotomaailma keskmesse - teavitame teid k\u00f5ikidest olulisematest s\u00fcndmustest (n\u00e4itused, meistriklassid, konkursid), pakume osalemist erinevates fotoga seotud projektides, praktilistes tundides ja konkurssidel, teeme tasuta avatud loenguid, pakume praktikav\u00f5imalusi , pakume vaadata fotoajakirjade viimaseid numbreid .<\/p>\n<p align=\"justify\"><img loading=\"lazy\" decoding=\"async\" class=\"alignnone size-medium wp-image-5779\" src=\"https:\/\/fotoakademija.lv\/wp-content\/uploads\/fOTOAKADEMIJA-valters-preimanis-300x169.jpg\" alt=\"\" width=\"300\" height=\"169\" srcset=\"https:\/\/fotoakademija.lv\/wp-content\/uploads\/fOTOAKADEMIJA-valters-preimanis-300x169.jpg 300w, https:\/\/fotoakademija.lv\/wp-content\/uploads\/fOTOAKADEMIJA-valters-preimanis-1024x577.jpg 1024w, https:\/\/fotoakademija.lv\/wp-content\/uploads\/fOTOAKADEMIJA-valters-preimanis-768x433.jpg 768w, https:\/\/fotoakademija.lv\/wp-content\/uploads\/fOTOAKADEMIJA-valters-preimanis-1536x866.jpg 1536w, https:\/\/fotoakademija.lv\/wp-content\/uploads\/fOTOAKADEMIJA-valters-preimanis-1000x563.jpg 1000w, https:\/\/fotoakademija.lv\/wp-content\/uploads\/fOTOAKADEMIJA-valters-preimanis-230x130.jpg 230w, https:\/\/fotoakademija.lv\/wp-content\/uploads\/fOTOAKADEMIJA-valters-preimanis-350x197.jpg 350w, https:\/\/fotoakademija.lv\/wp-content\/uploads\/fOTOAKADEMIJA-valters-preimanis-480x270.jpg 480w, https:\/\/fotoakademija.lv\/wp-content\/uploads\/fOTOAKADEMIJA-valters-preimanis.jpg 2048w\" sizes=\"auto, (max-width: 300px) 100vw, 300px\" \/><\/p>\n<p>Oleme foto- ja videokool, kus pakume inspireerivaid ja professionaalseid fotograafia- ja videokoolitusi. Meie visioon on edendada loovust ja arendada oskusi fotograafia ja video valdkondades, pakkudes kvaliteetset haridust ja v\u00f5imalust selle p\u00f5neva kunstivormiga tutvuda.<\/p>\n<p>Meie kogenud fotograafidest ja videograafidest koosnev ekspertmeeskond pakume erinevaid kursusi, mis sobivad igale tasemele, algajatest kuni kogenud professionaalideni. Usume personaalsesse l\u00e4henemisse ja praktilisse koolitusse, mis aitab meie \u00f5pilastel arendada oskusi ja m\u00f5ista kunstilisi ja tehnilisi aspekte.<\/p>\n<p>Meie kool pakub erinevaid kursusi alates p\u00f5hit\u00f5dedest ja l\u00f5petades spetsiaalsete teemadega nagu portreefotograafia, tootefotograafia, montaa\u017e ja videokunst. P\u00fc\u00fcame luua ergutava ja s\u00f5braliku keskkonna, kus meie \u00f5pilased saavad arendada oma oskusi, jagada kogemusi ja omandada vajalikku kindlustunnet oma t\u00f6\u00f6s.<\/p>\n<p>J\u00e4lgi meid Facebookis, Instagramis ja YouTube&#039;is, et saada uudiseid meie kursuste kohta, jagada meie \u00f5pilaste loomingulisi saavutusi ja osaleda p\u00f5nevatel s\u00fcndmustel. \u00dcheskoos saame teada v\u00e4rskeimad trendid ning \u00fcheskoos loome p\u00f5neva tee kunstimaailma ellu. Kandideeri meie kursustele ja mine koos meiega loovuse teekonnale!<\/p>\n<ul>\n<li><em><strong><a href=\"https:\/\/www.facebook.com\/fotoakad\">Facebook<\/a><\/strong><\/em><\/li>\n<li><em><strong><a href=\"https:\/\/www.instagram.com\/fotoakademijalv\/\">Instagram<\/a><\/strong><\/em><\/li>\n<li><a href=\"https:\/\/www.youtube.com\/@FotoakademijaValtersPreimanis\"><em><strong>Youtube<\/strong><\/em><\/a><\/li>\n<\/ul>\n<p align=\"justify\">Kui teil on ettepanekuid Fotoakadeemia arendamiseks, kuulame teie ideid hea meelega!<\/p>\n<p align=\"justify\">Helista meile tel. 220\u201377\u2013202<br \/>\nKirjutage: <img loading=\"lazy\" decoding=\"async\" class=\"alignnone size-full wp-image-5709\" src=\"https:\/\/fotoakademija.lv\/wp-content\/uploads\/foto-at-fotoakademija.lv_.jpg\" alt=\"\" width=\"189\" height=\"20\" \/><\/p>\n<p><strong>Pakume privaatset fotokoolitust l\u00e4tikeelse Zoomiga<\/strong><\/p>\n<p><em>\u00d5ppige mugavalt kodust, <strong><a href=\"https:\/\/fotoakademija.lv\/et\/privaatsed-fototunnid-koos-suumiga-et-oppida-midagi-uut\/\">Liitu<\/a><\/strong>!<\/em><\/p>\n<p>Hankige individuaalne l\u00e4henemine <strong>fotod<\/strong> ja <strong>videograafia<\/strong> \u00f5ppimine meie eratundidega <strong>Suumi<\/strong> platvormil. Pakume personaalseid tunde, kus professionaalsed juhendajad aitavad teil arendada teie oskusi ja arusaamist foto- ja videokunstist.<\/p>\n<p><strong>Kuidas see t\u00f6\u00f6tab:<\/strong><\/p>\n<ol>\n<li><em>Rakenda<\/em>: Vali endale sobiv aeg ja kandideeri eratundi. (\u00dcks seanss 50Eur\/ 1h, 100Eur\/2h)<\/li>\n<li><em>Individuaaltunnid<\/em>: Hankige \u00fcks-\u00fchele \u00f5ppimiskogemus, luues v\u00f5rgus \u00fchenduse fotograafia\u00f5petajaga.<\/li>\n<li><em>Kasutab Tehnoloogiaid<\/em>: \u00f5ppige Zoomi abil kodust lahkumata.<\/li>\n<\/ol>\n<p><strong>Kuidas oleks eraviisilise fotokoolitusega?<\/strong><\/p>\n<p>Isikup\u00e4rastatud \u00f5ppekogemuse saamiseks registreeruge meie privaatsete foto- ja videotundide jaoks. J\u00e4lgige meid Facebookis, Instagramis ja YouTube&#039;is, et saada v\u00e4rskendusi meie pakkumiste kohta ja saada rohkem teavet loomemaailma kohta. Arendage kiiresti oma oskusi ja alustage oma loomingulist teekonda koos meiega!<\/p>","protected":false},"excerpt":{"rendered":"<p>FotoAkad\u0113mija uzs\u0101ka savu darb\u012bbu 2005. gad\u0101. FotoAkad\u0113mija ir rad\u012bta tiem, kuriem nepietiek ar draugu padomiem un interneta resursiem, un kuri fotogr\u0101fijas pasaul\u0113 [&hellip;]<\/p>","protected":false},"author":1,"featured_media":0,"parent":0,"menu_order":0,"comment_status":"closed","ping_status":"closed","template":"","meta":{"footnotes":""},"class_list":["post-2884","page","type-page","status-publish","hentry"],"_links":{"self":[{"href":"https:\/\/fotoakademija.lv\/et\/wp-json\/wp\/v2\/pages\/2884","targetHints":{"allow":["GET"]}}],"collection":[{"href":"https:\/\/fotoakademija.lv\/et\/wp-json\/wp\/v2\/pages"}],"about":[{"href":"https:\/\/fotoakademija.lv\/et\/wp-json\/wp\/v2\/types\/page"}],"author":[{"embeddable":true,"href":"https:\/\/fotoakademija.lv\/et\/wp-json\/wp\/v2\/users\/1"}],"replies":[{"embeddable":true,"href":"https:\/\/fotoakademija.lv\/et\/wp-json\/wp\/v2\/comments?post=2884"}],"version-history":[{"count":0,"href":"https:\/\/fotoakademija.lv\/et\/wp-json\/wp\/v2\/pages\/2884\/revisions"}],"wp:attachment":[{"href":"https:\/\/fotoakademija.lv\/et\/wp-json\/wp\/v2\/media?parent=2884"}],"curies":[{"name":"wp","href":"https:\/\/api.w.org\/{rel}","templated":true}]}}