{"id":2886,"date":"2018-04-29T19:08:10","date_gmt":"2018-04-29T19:08:10","guid":{"rendered":"https:\/\/fotoakademija.lv\/?page_id=2886"},"modified":"2023-12-04T11:38:01","modified_gmt":"2023-12-04T09:38:01","slug":"kontakti","status":"publish","type":"page","link":"https:\/\/fotoakademija.lv\/et\/kontaktid\/","title":{"rendered":"kontaktid"},"content":{"rendered":"<p>Fotokursustele saab kandideerida<span style=\"color: initial;\">helistades WhatsAppi v\u00f5i 220 77 202<\/span><\/p>\n<p><img loading=\"lazy\" decoding=\"async\" class=\"alignnone size-medium wp-image-5454\" src=\"https:\/\/fotoakademija.lv\/wp-content\/uploads\/Binde-300x300.jpg\" alt=\"\" width=\"300\" height=\"300\" srcset=\"https:\/\/fotoakademija.lv\/wp-content\/uploads\/Binde-300x300.jpg 300w, https:\/\/fotoakademija.lv\/wp-content\/uploads\/Binde-150x150.jpg 150w, https:\/\/fotoakademija.lv\/wp-content\/uploads\/Binde-768x768.jpg 768w, https:\/\/fotoakademija.lv\/wp-content\/uploads\/Binde-50x50.jpg 50w, https:\/\/fotoakademija.lv\/wp-content\/uploads\/Binde-80x80.jpg 80w, https:\/\/fotoakademija.lv\/wp-content\/uploads\/Binde-263x263.jpg 263w, https:\/\/fotoakademija.lv\/wp-content\/uploads\/Binde-100x100.jpg 100w, https:\/\/fotoakademija.lv\/wp-content\/uploads\/Binde-526x526.jpg 526w, https:\/\/fotoakademija.lv\/wp-content\/uploads\/Binde-255x255.jpg 255w, https:\/\/fotoakademija.lv\/wp-content\/uploads\/Binde-600x600.jpg 600w, https:\/\/fotoakademija.lv\/wp-content\/uploads\/Binde.jpg 800w\" sizes=\"auto, (max-width: 300px) 100vw, 300px\" \/><\/p>\n<p>J\u00e4lgi meid Facebookis, Instagramis ja YouTube&#039;is, et saada uudiseid meie kursuste kohta, jagada meie \u00f5pilaste loomingulisi saavutusi ja osaleda p\u00f5nevatel s\u00fcndmustel. \u00dcheskoos saame teada v\u00e4rskeimad trendid ning \u00fcheskoos loome p\u00f5neva tee kunstimaailma ellu. Kandideeri meie kursustele ja mine koos meiega loovuse teekonnale!<\/p>\n<ul>\n<li><em><strong><a href=\"https:\/\/www.facebook.com\/fotoakad\">Facebook<\/a><\/strong><\/em><\/li>\n<li><em><strong><a href=\"https:\/\/www.instagram.com\/fotoakademijalv\/\">Instagram<\/a><\/strong><\/em><\/li>\n<li><a href=\"https:\/\/www.youtube.com\/@FotoakademijaValtersPreimanis\"><em><strong>Youtube<\/strong><\/em><\/a><\/li>\n<\/ul>\n<p align=\"justify\">Kui teil on ettepanekuid Fotoakadeemia arendamiseks, kuulame teie ideid hea meelega!<\/p>\n<p align=\"justify\">Helista meile tel. 220\u201377\u2013202<br \/>\nKirjutage:\u00a0<img loading=\"lazy\" decoding=\"async\" class=\"alignnone size-full wp-image-5709\" src=\"https:\/\/fotoakademija.lv\/wp-content\/uploads\/foto-at-fotoakademija.lv_.jpg\" alt=\"\" width=\"189\" height=\"20\" \/><\/p>","protected":false},"excerpt":{"rendered":"<p>Pieteikties foto kursiem var rakstot WhatsApp vai zvanot uz t\u0101lruni 220\u00a0 77\u00a0 202 Sekojiet mums Facebook, Instagram un YouTube, lai sa\u0146emtu jaunumus [&hellip;]<\/p>","protected":false},"author":1,"featured_media":0,"parent":0,"menu_order":0,"comment_status":"closed","ping_status":"closed","template":"","meta":{"footnotes":""},"class_list":["post-2886","page","type-page","status-publish","hentry"],"_links":{"self":[{"href":"https:\/\/fotoakademija.lv\/et\/wp-json\/wp\/v2\/pages\/2886","targetHints":{"allow":["GET"]}}],"collection":[{"href":"https:\/\/fotoakademija.lv\/et\/wp-json\/wp\/v2\/pages"}],"about":[{"href":"https:\/\/fotoakademija.lv\/et\/wp-json\/wp\/v2\/types\/page"}],"author":[{"embeddable":true,"href":"https:\/\/fotoakademija.lv\/et\/wp-json\/wp\/v2\/users\/1"}],"replies":[{"embeddable":true,"href":"https:\/\/fotoakademija.lv\/et\/wp-json\/wp\/v2\/comments?post=2886"}],"version-history":[{"count":0,"href":"https:\/\/fotoakademija.lv\/et\/wp-json\/wp\/v2\/pages\/2886\/revisions"}],"wp:attachment":[{"href":"https:\/\/fotoakademija.lv\/et\/wp-json\/wp\/v2\/media?parent=2886"}],"curies":[{"name":"wp","href":"https:\/\/api.w.org\/{rel}","templated":true}]}}