{"id":2901,"date":"2018-05-02T14:50:13","date_gmt":"2018-05-02T14:50:13","guid":{"rendered":"https:\/\/fotoakademija.lv\/?page_id=2901"},"modified":"2023-12-04T11:32:22","modified_gmt":"2023-12-04T09:32:22","slug":"galvena-2","status":"publish","type":"page","link":"https:\/\/fotoakademija.lv\/et\/peamine-2\/","title":{"rendered":"Fotograafia on t\u00e4nap\u00e4eva maailmas k\u00f5ige k\u00e4ttesaadavam loominguline v\u00e4ljendus"},"content":{"rendered":"<p>Fotograafia on osutunud \u00fcheks k\u00f5ige k\u00e4ttesaadavamaks loominguliseks v\u00e4ljendusviisiks. Kursustele saab kandideerida kasutades kiirkontakti vormi ja t\u00e4psustades kursuse nime.<\/p>\n<p>Fotograafia pole muutunud mitte ainult populaarseks, vaid ka \u00fcheks k\u00f5ige k\u00e4ttesaadavamaks loomingulise v\u00e4ljenduse valdkonnaks t\u00e4nap\u00e4eva maailmas. See p\u00f5nev tegevus on avatud peaaegu k\u00f5igile, olenemata vanusest, kogemustest v\u00f5i tehnilistest oskustest. Fotograafia mitte ainult ei v\u00f5imalda meil j\u00e4\u00e4dvustada erilisi hetki, vaid arendab ka meie loomingulist potentsiaali ning annab meile v\u00f5imaluse jagada maailmaga ainulaadse vaatenurga ja m\u00f5istmise kaudu.<\/p>\n<figure id=\"attachment_5315\" aria-describedby=\"caption-attachment-5315\" style=\"width: 200px\" class=\"wp-caption alignnone\"><img loading=\"lazy\" decoding=\"async\" class=\"size-medium wp-image-5315\" src=\"https:\/\/fotoakademija.lv\/wp-content\/uploads\/Valters-Preimanis-Izst\u0101de-portrets-200x300.jpg\" alt=\"V. Preimanis N\u00e4ituse portree\" width=\"200\" height=\"300\" srcset=\"https:\/\/fotoakademija.lv\/wp-content\/uploads\/Valters-Preimanis-Izst\u0101de-portrets-200x300.jpg 200w, https:\/\/fotoakademija.lv\/wp-content\/uploads\/Valters-Preimanis-Izst\u0101de-portrets-255x383.jpg 255w, https:\/\/fotoakademija.lv\/wp-content\/uploads\/Valters-Preimanis-Izst\u0101de-portrets.jpg 532w\" sizes=\"auto, (max-width: 200px) 100vw, 200px\" \/><figcaption id=\"caption-attachment-5315\" class=\"wp-caption-text\">Pilguheit<\/figcaption><\/figure>\n<h3>Valgustav ja p\u00f5nev hobi<\/h3>\n<p>Fotograafia on osutunud p\u00f5nevaks ja kaasahaaravaks hobiks, mis pakub v\u00f5rratut r\u00f5\u00f5mu. Olenemata sellest, kas olete algaja v\u00f5i kogenud fotograaf, saab kaamerast enesev\u00e4ljendusvahend, mis avab uusi viise maailma n\u00e4gemiseks ja m\u00f5istmiseks. Iga j\u00e4rgnev pilt on v\u00f5imalus luua ja jagada oma n\u00e4gemusi.<\/p>\n<h3>V\u00e4ljendus ja loovus<\/h3>\n<p>Fotograafia on ainulaadne mall, mis avab ukse loovusele. Olenemata sellest, kas valime maastiku-, portree- v\u00f5i dokumentaalfotograafia, suudame oma n\u00e4gemust ja emotsioone v\u00e4ljendada, luues pilte, mis jutustavad lugusid s\u00f5nadeta. Fotograafia on keel, mida m\u00f5istetakse \u00fcle kogu maailma ning see v\u00f5imaldab v\u00e4ljendada end erinevates kultuurides ja keskkondades.<\/p>\n<h3>Juurdep\u00e4\u00e4setavus k\u00f5igile<\/h3>\n<p>\u00dcks fotograafia suurimaid eeliseid on selle juurdep\u00e4\u00e4setavus. Tehnoloogia arenedes saame teha suurep\u00e4raseid fotosid lihtsate seadmetega, nagu mobiiltelefonid. See t\u00e4hendab, et iga\u00fcks v\u00f5ib alustada oma teekonda fotograafiamaailmas ilma suuri tehnilisi seadmeid investeerimata.<\/p>\n<h3>Sotsiaalne aspekt<\/h3>\n<p>Fotograafia edendab sotsiaalset suhtlust, andes teile v\u00f5imaluse jagada oma t\u00f6id digitaalsetes kanalites ja sotsiaalv\u00f5rgustikes. See mitte ainult ei soodusta sotsiaalset suhtlust, vaid annab ka v\u00f5imaluse saada tagasisidet ja s\u00fcvendada oma oskusi teiste fotograafidega kogemusi jagades.<\/p>\n<h3>Hariduslik aspekt<\/h3>\n<p>Fotograafia on ka haridusprotsess, mis n\u00f5uab lisaks tehnika valdamisele ka kompositsiooni, valguse ja varju m\u00f5istmist. Erinevad fotograafiakursused, raamatud ja veebiressursid aitavad teil t\u00e4iustada oma oskusi ja laiendada oma n\u00e4gemust kujutavast kunstist.<\/p>\n<p>Fotograafia on tee loovuse ja enesev\u00e4ljenduse juurde, mis on k\u00f5igile k\u00e4ttesaadav. Selle v\u00f5ime j\u00e4\u00e4dvustada hetki, v\u00e4ljendada emotsioone ja jagada maailmaga teeb sellest \u00fche k\u00f5ige k\u00e4ttesaadavama loomingulise v\u00e4ljenduse vormi. Olenemata sellest, kas olete professionaalne fotograaf v\u00f5i alles alustate oma teekonda fotograafiamaailmas, pakub see tegevus l\u00f5putuid arengu- ja naudinguv\u00f5imalusi. Alustage pildistamist ja avastage maailma uue silmapaariga!<\/p>","protected":false},"excerpt":{"rendered":"<p>Fotograf\u0113\u0161ana sevi ir pier\u0101d\u012bjusi k\u0101 viena no vispieejam\u0101kaj\u0101m rado\u0161\u0101s izpausmes nodarb\u0113m.\u00a0Pieteikties kursiem var izmantojot \u0101tro sazi\u0146as formu un nor\u0101dot kursu nosaukumu. Fotograf\u0113\u0161ana [&hellip;]<\/p>","protected":false},"author":1,"featured_media":0,"parent":0,"menu_order":0,"comment_status":"closed","ping_status":"closed","template":"","meta":{"footnotes":""},"class_list":["post-2901","page","type-page","status-publish","hentry"],"_links":{"self":[{"href":"https:\/\/fotoakademija.lv\/et\/wp-json\/wp\/v2\/pages\/2901","targetHints":{"allow":["GET"]}}],"collection":[{"href":"https:\/\/fotoakademija.lv\/et\/wp-json\/wp\/v2\/pages"}],"about":[{"href":"https:\/\/fotoakademija.lv\/et\/wp-json\/wp\/v2\/types\/page"}],"author":[{"embeddable":true,"href":"https:\/\/fotoakademija.lv\/et\/wp-json\/wp\/v2\/users\/1"}],"replies":[{"embeddable":true,"href":"https:\/\/fotoakademija.lv\/et\/wp-json\/wp\/v2\/comments?post=2901"}],"version-history":[{"count":0,"href":"https:\/\/fotoakademija.lv\/et\/wp-json\/wp\/v2\/pages\/2901\/revisions"}],"wp:attachment":[{"href":"https:\/\/fotoakademija.lv\/et\/wp-json\/wp\/v2\/media?parent=2901"}],"curies":[{"name":"wp","href":"https:\/\/api.w.org\/{rel}","templated":true}]}}