{"id":5488,"date":"2018-05-19T12:49:27","date_gmt":"2018-05-19T12:49:27","guid":{"rendered":"https:\/\/fotoakademija.lv\/?page_id=5488"},"modified":"2023-12-05T06:46:33","modified_gmt":"2023-12-05T04:46:33","slug":"piedavajam-kursus","status":"publish","type":"page","link":"https:\/\/fotoakademija.lv\/et\/pakume-kursusi\/","title":{"rendered":"Pakume kursusi"},"content":{"rendered":"<p>Viimased kursused<\/p>\n<blockquote><p><em>Fotograaf Valters Preimanis on t\u00f5estanud, et fotograafia on \u00fcks k\u00f5ige k\u00e4ttesaadavamaid loomingulise v\u00e4ljenduse tegevusi<\/em><\/p><\/blockquote>\n<h2 align=\"justify\">PAKUME KURSUSED:<\/h2>\n<hr \/>\n<p align=\"justify\">Fotokursused on suunatud erineva ettevalmistusega kuulajatele. Gruppides ei ole rohkem kui 10 inimest. Kursuse l\u00f5pus saate tunnistuse kursuse eduka l\u00e4bimise kohta.<\/p>\n<ul>\n<li><a href=\"https:\/\/fotoakademija.lv\/et\/drooniga-filmimise-ja-pildistamise-eratunni-programm\/\">Programm: Eratunnid drooniga filmimisel ja pildistamisel<\/a><\/li>\n<li><a href=\"https:\/\/fotoakademija.lv\/et\/privaatsed-fototunnid-koos-suumiga-et-oppida-midagi-uut\/\">Privaatsed fototunnid Zoomiga, et \u00f5ppida midagi uut<\/a><\/li>\n<li><a href=\"https:\/\/fotoakademija.lv\/et\/adobe-photoshop-lightroom\/\">Adobe Photoshop ja Lightroom<\/a><\/li>\n<li><a href=\"https:\/\/fotoakademija.lv\/et\/fotograafia-praktilised-pohitoed\/\">Fotograafia praktilised p\u00f5hit\u00f5ed<\/a><\/li>\n<\/ul>\n<p>Kursusel osalejatele pakutakse tee- ja kohvipause.<\/p>\n<p>Allahindlused:<\/p>\n<ul>\n<li style=\"list-style-type: none;\">\n<ul>\n<li>\u00dchel kursusel meie juures \u00f5ppides saad teise kursuse \u00f5ppimise eest soodustust 10%!<\/li>\n<li>Kui tulete paarina, saate m\u00f5lemad 10% allahindlust!<\/li>\n<\/ul>\n<\/li>\n<\/ul>\n<p><img loading=\"lazy\" decoding=\"async\" class=\"alignnone size-medium wp-image-5604\" src=\"https:\/\/fotoakademija.lv\/wp-content\/uploads\/Foto_akademija_3-300x203.jpg\" alt=\"\" width=\"300\" height=\"203\" srcset=\"https:\/\/fotoakademija.lv\/wp-content\/uploads\/Foto_akademija_3-300x203.jpg 300w, https:\/\/fotoakademija.lv\/wp-content\/uploads\/Foto_akademija_3-768x520.jpg 768w, https:\/\/fotoakademija.lv\/wp-content\/uploads\/Foto_akademija_3-1024x693.jpg 1024w, https:\/\/fotoakademija.lv\/wp-content\/uploads\/Foto_akademija_3-255x173.jpg 255w, https:\/\/fotoakademija.lv\/wp-content\/uploads\/Foto_akademija_3-600x406.jpg 600w, https:\/\/fotoakademija.lv\/wp-content\/uploads\/Foto_akademija_3.jpg 1920w\" sizes=\"auto, (max-width: 300px) 100vw, 300px\" \/><\/p>\n<h4 align=\"justify\">Kursustele saab kandideerida kasutades kiirkontakti vormi ja t\u00e4psustades kursuse nime.<\/h4>\n<p>Tel 220-77-202<\/p>","protected":false},"excerpt":{"rendered":"<p>Jaun\u0101kie kursi Fotograf\u0113\u0161ana sevi ir pier\u0101d\u012bjusi k\u0101 viena no vispieejam\u0101kaj\u0101m rado\u0161\u0101s izpausmes nodarb\u0113m &#8211; Fotogr\u0101fs Valters Preimanis PIED\u0100V\u0100JAM KURSUS: Foto kursi ir [&hellip;]<\/p>","protected":false},"author":1,"featured_media":0,"parent":0,"menu_order":0,"comment_status":"closed","ping_status":"closed","template":"","meta":{"footnotes":""},"class_list":["post-5488","page","type-page","status-publish","hentry"],"_links":{"self":[{"href":"https:\/\/fotoakademija.lv\/et\/wp-json\/wp\/v2\/pages\/5488","targetHints":{"allow":["GET"]}}],"collection":[{"href":"https:\/\/fotoakademija.lv\/et\/wp-json\/wp\/v2\/pages"}],"about":[{"href":"https:\/\/fotoakademija.lv\/et\/wp-json\/wp\/v2\/types\/page"}],"author":[{"embeddable":true,"href":"https:\/\/fotoakademija.lv\/et\/wp-json\/wp\/v2\/users\/1"}],"replies":[{"embeddable":true,"href":"https:\/\/fotoakademija.lv\/et\/wp-json\/wp\/v2\/comments?post=5488"}],"version-history":[{"count":0,"href":"https:\/\/fotoakademija.lv\/et\/wp-json\/wp\/v2\/pages\/5488\/revisions"}],"wp:attachment":[{"href":"https:\/\/fotoakademija.lv\/et\/wp-json\/wp\/v2\/media?parent=5488"}],"curies":[{"name":"wp","href":"https:\/\/api.w.org\/{rel}","templated":true}]}}