{"id":5548,"date":"2018-05-20T18:29:13","date_gmt":"2018-05-20T15:29:13","guid":{"rendered":"https:\/\/fotoakademija.lv\/?page_id=5548"},"modified":"2024-02-07T09:48:21","modified_gmt":"2024-02-07T07:48:21","slug":"%d1%84%d0%be%d1%82%d0%be%d0%ba%d1%83%d1%80%d1%81%d1%8b","status":"publish","type":"page","link":"https:\/\/fotoakademija.lv\/et\/\u0444\u043e\u0442\u043e\u043a\u0443\u0440\u0441\u044b\/","title":{"rendered":"Fotokursused"},"content":{"rendered":"<p>Fotograafia on osutunud \u00fcheks k\u00f5ige k\u00e4ttesaadavamaks loominguliseks v\u00e4ljendusviisiks.<\/p>\n\n\n\n<figure class=\"wp-block-image\"><img loading=\"lazy\" decoding=\"async\" width=\"1024\" height=\"683\" src=\"https:\/\/fotoakademija.lv\/wp-content\/uploads\/2024\/02\/Kolazas-Mzaikas-Valters-Preimanis-1024x683.jpg\" alt=\"Valters Preimanis of Kolaz Mzaikas\" class=\"wp-image-5925\" srcset=\"https:\/\/fotoakademija.lv\/wp-content\/uploads\/2024\/02\/Kolazas-Mzaikas-Valters-Preimanis-1024x683.jpg 1024w, https:\/\/fotoakademija.lv\/wp-content\/uploads\/2024\/02\/Kolazas-Mzaikas-Valters-Preimanis-300x200.jpg 300w, https:\/\/fotoakademija.lv\/wp-content\/uploads\/2024\/02\/Kolazas-Mzaikas-Valters-Preimanis-768x512.jpg 768w, https:\/\/fotoakademija.lv\/wp-content\/uploads\/2024\/02\/Kolazas-Mzaikas-Valters-Preimanis-1536x1024.jpg 1536w, https:\/\/fotoakademija.lv\/wp-content\/uploads\/2024\/02\/Kolazas-Mzaikas-Valters-Preimanis-2048x1365.jpg 2048w, https:\/\/fotoakademija.lv\/wp-content\/uploads\/2024\/02\/Kolazas-Mzaikas-Valters-Preimanis-18x12.jpg 18w, https:\/\/fotoakademija.lv\/wp-content\/uploads\/2024\/02\/Kolazas-Mzaikas-Valters-Preimanis-1000x667.jpg 1000w, https:\/\/fotoakademija.lv\/wp-content\/uploads\/2024\/02\/Kolazas-Mzaikas-Valters-Preimanis-230x153.jpg 230w, https:\/\/fotoakademija.lv\/wp-content\/uploads\/2024\/02\/Kolazas-Mzaikas-Valters-Preimanis-350x233.jpg 350w, https:\/\/fotoakademija.lv\/wp-content\/uploads\/2024\/02\/Kolazas-Mzaikas-Valters-Preimanis-480x320.jpg 480w\" sizes=\"auto, (max-width: 1024px) 100vw, 1024px\" \/><\/figure>\n\n\n\n<h2 class=\"wp-block-heading\">FOTOKURSUSED:<\/h2>\n\n\n\n<hr class=\"wp-block-separator has-alpha-channel-opacity\"\/>\n\n\n\n<p>Pealegi on fotograafiast t\u00e4nap\u00e4eval saanud mitte ainult kunstilise v\u00e4ljenduse vorm, vaid ka k\u00f5rgelt hinnatud kaup. See mitte ainult ei v\u00f5imalda avastada oma emotsioonide ja m\u00f5tete maailma, vaid avab ka v\u00f5imaluse end erialases sf\u00e4\u00e4ris t\u00e4iendada ja uut identiteeti omandada.<\/p>\n\n\n\n<p>FotoAcademia fotokursuste programmid on koostatud nii, et kursuse l\u00e4bimisel on Sul lisaks \u00fclevaade kaasaegse fotograafia tehnilistest ja loomingulistest aspektidest, vaid ka teadmised ja oskused, mida saaksid oma erialases tegevuses rakendada. Siin aitavad professionaalsed fotograafid teil \u00f5ppida teoreetilisi aspekte, andes teile v\u00f5imaluse \u00f5ppida ja t\u00e4iendada oma ideid valguse, v\u00e4rvide, kompositsiooni ja \u017eanri kohta. Koolituse oluline osa on ka teie iseseisev t\u00f6\u00f6 ja kodut\u00f6\u00f6d.<\/p>\n\n\n\n<p class=\"has-medium-font-size\">Kursused on suunatud erineva ettevalmistusega kuulajatele. Gruppides ei ole rohkem kui 10 inimest. Kursuse l\u00f5pus saate tunnistuse.<\/p>\n\n\n\n<p>Kursusel osalejatele on ette n\u00e4htud kohvipausid.<\/p>\n\n\n\n<p>Allahindlused:<\/p>\n\n\n\n<ul class=\"wp-block-list\">\n<li>\u00dchel kursusel meie juures \u00f5ppides saad teise kursuse \u00f5ppimise eest soodustust 10%!<\/li>\n\n\n\n<li>Kui tulete paarina, saate m\u00f5lemad 10% allahindlust!<\/li>\n<\/ul>\n\n\n\n<h4 class=\"wp-block-heading\">Kursustele saab kandideerida kasutades kiirkontakti vormi ja t\u00e4psustades kursuse nime.<\/h4>","protected":false},"excerpt":{"rendered":"<p>Fotograf\u0113\u0161ana sevi ir pier\u0101d\u012bjusi k\u0101 viena no vispieejam\u0101kaj\u0101m rado\u0161\u0101s izpausmes nodarb\u0113m. FOTOKURSI: Turkl\u0101t fotogr\u0101fija \u0161odien ir k\u013cuvusi ne tikai par m\u0101kslas izpausmes [&hellip;]<\/p>","protected":false},"author":1,"featured_media":0,"parent":0,"menu_order":0,"comment_status":"closed","ping_status":"closed","template":"","meta":{"footnotes":""},"class_list":["post-5548","page","type-page","status-publish","hentry"],"_links":{"self":[{"href":"https:\/\/fotoakademija.lv\/et\/wp-json\/wp\/v2\/pages\/5548","targetHints":{"allow":["GET"]}}],"collection":[{"href":"https:\/\/fotoakademija.lv\/et\/wp-json\/wp\/v2\/pages"}],"about":[{"href":"https:\/\/fotoakademija.lv\/et\/wp-json\/wp\/v2\/types\/page"}],"author":[{"embeddable":true,"href":"https:\/\/fotoakademija.lv\/et\/wp-json\/wp\/v2\/users\/1"}],"replies":[{"embeddable":true,"href":"https:\/\/fotoakademija.lv\/et\/wp-json\/wp\/v2\/comments?post=5548"}],"version-history":[{"count":0,"href":"https:\/\/fotoakademija.lv\/et\/wp-json\/wp\/v2\/pages\/5548\/revisions"}],"wp:attachment":[{"href":"https:\/\/fotoakademija.lv\/et\/wp-json\/wp\/v2\/media?parent=5548"}],"curies":[{"name":"wp","href":"https:\/\/api.w.org\/{rel}","templated":true}]}}