{"id":5558,"date":"2018-05-21T10:41:09","date_gmt":"2018-05-21T07:41:09","guid":{"rendered":"https:\/\/fotoakademija.lv\/?page_id=5558"},"modified":"2018-05-21T11:26:45","modified_gmt":"2018-05-21T08:26:45","slug":"i-limenis","status":"publish","type":"page","link":"https:\/\/fotoakademija.lv\/et\/fotokursused\/i-tasemel\/","title":{"rendered":"I tase \u2013 algajad"},"content":{"rendered":"<h3><b>Fotograafia p\u00f5hit\u00f5ed: hea v\u00f5te pole juhuslik<\/b><\/h3>\n<p align=\"justify\">Need fotograafiakursused on Sulle, kui seni s\u00f5ltus Sinu fotode kvaliteet \u00f5nnest ja kaamera automaatre\u017eiimi v\u00f5imalustest. Need mitte ainult ei v\u00f5imalda teil \u00f5ppida professionaalse fotograafia p\u00f5hit\u00f5desid, vaid annavad teile ka \u00fclevaate fotograafia kui kunsti laiast maailmast. Teie fotode kvaliteet ei s\u00f5ltu enam juhusest. Sa mitte ainult ei \u00f5pi oskuslikult pildistama, vaid saad ka arusaamise pildistamisprotsessist, mis on piisavaks aluseks Sinu edasiseks kasvamiseks. Kaamerat k\u00e4es hoides oled teadlik soovitud tulemusest, saad aru selle saavutamiseks vajalikest eeldustest ning tead, kuidas seatud ellu viia.<\/p>\n<p align=\"justify\">[vc_row][vc_column]<\/p>\n<p align=\"justify\">[u_post_grid title=\u201dUused kursused\u201d description=\u201dFotograafia on ennast t\u00f5estanud kui \u00fcks k\u00f5ige k\u00e4ttesaadavamaid loomingulise v\u00e4ljenduse tegevusi. \u201d link_text=\u201dUusimad kursused\u201d link_url=\u201dhttps:\/\/fotoakademija.lv\/lv\/fotokursi\/\u201d post_type=\u201du_course\u201d show_date=\u201d1\u2033 show_price=\u201d0\u2033 show_venue=\u201d1\u2033 show_time=\u201d1\u2033 gallery= &quot;0&quot;]<\/p>\n<p align=\"justify\">[\/vc_column][\/vc_row]<\/p>\n<p align=\"justify\">[vc_row][vc_column]<\/p>\n<p align=\"justify\">[u_course_list count=&#8221;10&#8243; order=&#8221;DESC&#8221; orderby=&#8221;date&#8221;][\/vc_column][\/vc_row][vc_row][vc_column][u_event_list count=&#8221;10&#8243; order=&#8221;DESC&#8221; orderby=&#8221;date&#8221;]<\/p>\n<p align=\"justify\">[\/vc_column][\/vc_row]<\/p>\n<h4 style=\"text-align: center;\" align=\"justify\">Kursustele saab kandideerida kasutades kiirkontakti vormi ja t\u00e4psustades kursuse nime.<\/h4>\n<p>[vc_row][vc_column][contact-form-7 id=&#8221;5079&#8243;][\/vc_column][\/vc_row]<\/p>","protected":false},"excerpt":{"rendered":"<p>Fotograf\u0113\u0161anas pamati: labs kadrs nav nejau\u0161\u012bba \u0160ie fotograf\u0113\u0161anas kursi ir dom\u0101ti Jums, ja l\u012bdz \u0161im J\u016bsu fotogr\u0101fiju kvalit\u0101te bija atkar\u012bga no veiksmes [&hellip;]<\/p>","protected":false},"author":1,"featured_media":4713,"parent":2862,"menu_order":0,"comment_status":"closed","ping_status":"closed","template":"","meta":{"footnotes":""},"class_list":["post-5558","page","type-page","status-publish","has-post-thumbnail","hentry"],"_links":{"self":[{"href":"https:\/\/fotoakademija.lv\/et\/wp-json\/wp\/v2\/pages\/5558","targetHints":{"allow":["GET"]}}],"collection":[{"href":"https:\/\/fotoakademija.lv\/et\/wp-json\/wp\/v2\/pages"}],"about":[{"href":"https:\/\/fotoakademija.lv\/et\/wp-json\/wp\/v2\/types\/page"}],"author":[{"embeddable":true,"href":"https:\/\/fotoakademija.lv\/et\/wp-json\/wp\/v2\/users\/1"}],"replies":[{"embeddable":true,"href":"https:\/\/fotoakademija.lv\/et\/wp-json\/wp\/v2\/comments?post=5558"}],"version-history":[{"count":0,"href":"https:\/\/fotoakademija.lv\/et\/wp-json\/wp\/v2\/pages\/5558\/revisions"}],"up":[{"embeddable":true,"href":"https:\/\/fotoakademija.lv\/et\/wp-json\/wp\/v2\/pages\/2862"}],"wp:featuredmedia":[{"embeddable":true,"href":"https:\/\/fotoakademija.lv\/et\/wp-json\/wp\/v2\/media\/4713"}],"wp:attachment":[{"href":"https:\/\/fotoakademija.lv\/et\/wp-json\/wp\/v2\/media?parent=5558"}],"curies":[{"name":"wp","href":"https:\/\/api.w.org\/{rel}","templated":true}]}}