{"id":5854,"date":"2024-01-26T16:22:12","date_gmt":"2024-01-26T14:22:12","guid":{"rendered":"https:\/\/fotoakademija.lv\/?page_id=5854"},"modified":"2025-05-18T11:03:23","modified_gmt":"2025-05-18T08:03:23","slug":"modelu-vakances-dabiga-vide-pilna-apgerba","status":"publish","type":"page","link":"https:\/\/fotoakademija.lv\/et\/mudel-vabad-tookohad-looduskeskkond-taisteenus\/","title":{"rendered":"Modelleerida vabasid t\u00f6\u00f6kohti looduskeskkonnas"},"content":{"rendered":"<p class=\"has-medium-font-size\">Modellit\u00f6\u00f6 Riias, filmimine stuudios ja looduskeskkonnas<\/p>\n\n\n\n<p><strong>Fotoakadeemia pakub t\u00f6\u00f6d foto- ja videomodellidele, filmimise ajal on v\u00f5imalus \u00f5ppida!<\/strong><\/p>\n\n\n\n<figure class=\"wp-block-image size-full\"><img loading=\"lazy\" decoding=\"async\" width=\"1920\" height=\"1080\" src=\"https:\/\/fotoakademija.lv\/wp-content\/uploads\/2024\/01\/Kadru-plans-foto-un-video-modeliem-6.png\" alt=\"\" class=\"wp-image-5877\" srcset=\"https:\/\/fotoakademija.lv\/wp-content\/uploads\/2024\/01\/Kadru-plans-foto-un-video-modeliem-6.png 1920w, https:\/\/fotoakademija.lv\/wp-content\/uploads\/2024\/01\/Kadru-plans-foto-un-video-modeliem-6-300x169.png 300w, https:\/\/fotoakademija.lv\/wp-content\/uploads\/2024\/01\/Kadru-plans-foto-un-video-modeliem-6-1024x576.png 1024w, https:\/\/fotoakademija.lv\/wp-content\/uploads\/2024\/01\/Kadru-plans-foto-un-video-modeliem-6-768x432.png 768w, https:\/\/fotoakademija.lv\/wp-content\/uploads\/2024\/01\/Kadru-plans-foto-un-video-modeliem-6-1536x864.png 1536w, https:\/\/fotoakademija.lv\/wp-content\/uploads\/2024\/01\/Kadru-plans-foto-un-video-modeliem-6-18x10.png 18w, https:\/\/fotoakademija.lv\/wp-content\/uploads\/2024\/01\/Kadru-plans-foto-un-video-modeliem-6-1000x563.png 1000w, https:\/\/fotoakademija.lv\/wp-content\/uploads\/2024\/01\/Kadru-plans-foto-un-video-modeliem-6-230x129.png 230w, https:\/\/fotoakademija.lv\/wp-content\/uploads\/2024\/01\/Kadru-plans-foto-un-video-modeliem-6-350x197.png 350w, https:\/\/fotoakademija.lv\/wp-content\/uploads\/2024\/01\/Kadru-plans-foto-un-video-modeliem-6-480x270.png 480w\" sizes=\"auto, (max-width: 1920px) 100vw, 1920px\" \/><figcaption class=\"wp-element-caption\"><strong>Sul on v\u00f5imalus filmimise ajal \u00f5ppida!<\/strong><\/figcaption><\/figure>\n\n\n\n<p class=\"has-medium-font-size\">Kontaktid: Valters (Fotoakademija.lv). Modellit\u00f6\u00f6 on tasuline. <\/p>\n\n\n\n<p class=\"has-medium-font-size\"><strong>Kandideerimiseks saada oma t\u00e4ispikkuses foto aadressile <strong>fotoakadeemia<\/strong>(at)gmail.com<\/strong><\/p>\n\n\n\n<p><a href=\"https:\/\/fotoakademija.lv\/et\/foto-ja-videomudelite-kaadriplaan\/\" data-type=\"post\" data-id=\"5871\"><strong>Foto- ja videomudelite raamiplaan<\/strong><\/a><\/p>\n\n\n\n<p>Modellit\u00f6\u00f6 on p\u00f5nev ja loominguline elukutse, mis annab v\u00f5imaluse teha koost\u00f6\u00f6d erinevate inimeste ja ettev\u00f5tetega, samuti ennast loominguliselt v\u00e4ljendada. Foto- ja videomudelid vastutavad teatud pildi v\u00f5i toote kujutamise eest, kasutades oma v\u00e4limust ja isikup\u00e4ra.<\/p>\n\n\n\n<p class=\"has-very-light-gray-to-cyan-bluish-gray-gradient-background has-background\"><strong>Fotoakadeemia<\/strong> pakub t\u00f6\u00f6d foto- ja videomodellidele. Meie projektid on tavaliselt \u00fchep\u00e4evased, kuid v\u00f5ivad olla ka t\u00e4istasustatud mitmep\u00e4evased t\u00f6\u00f6d. Pildistamine v\u00f5i filmimine toimub stuudios v\u00f5i looduskeskkonnas, hooajalises riietuses.<\/p>\n\n\n\n<figure class=\"wp-block-image size-full\"><img loading=\"lazy\" decoding=\"async\" width=\"1920\" height=\"1080\" src=\"https:\/\/fotoakademija.lv\/wp-content\/uploads\/2024\/01\/Kadru-plans-foto-un-video-modeliem-9.png\" alt=\"\" class=\"wp-image-5883\" srcset=\"https:\/\/fotoakademija.lv\/wp-content\/uploads\/2024\/01\/Kadru-plans-foto-un-video-modeliem-9.png 1920w, https:\/\/fotoakademija.lv\/wp-content\/uploads\/2024\/01\/Kadru-plans-foto-un-video-modeliem-9-300x169.png 300w, https:\/\/fotoakademija.lv\/wp-content\/uploads\/2024\/01\/Kadru-plans-foto-un-video-modeliem-9-1024x576.png 1024w, https:\/\/fotoakademija.lv\/wp-content\/uploads\/2024\/01\/Kadru-plans-foto-un-video-modeliem-9-768x432.png 768w, https:\/\/fotoakademija.lv\/wp-content\/uploads\/2024\/01\/Kadru-plans-foto-un-video-modeliem-9-1536x864.png 1536w, https:\/\/fotoakademija.lv\/wp-content\/uploads\/2024\/01\/Kadru-plans-foto-un-video-modeliem-9-18x10.png 18w, https:\/\/fotoakademija.lv\/wp-content\/uploads\/2024\/01\/Kadru-plans-foto-un-video-modeliem-9-1000x563.png 1000w, https:\/\/fotoakademija.lv\/wp-content\/uploads\/2024\/01\/Kadru-plans-foto-un-video-modeliem-9-230x129.png 230w, https:\/\/fotoakademija.lv\/wp-content\/uploads\/2024\/01\/Kadru-plans-foto-un-video-modeliem-9-350x197.png 350w, https:\/\/fotoakademija.lv\/wp-content\/uploads\/2024\/01\/Kadru-plans-foto-un-video-modeliem-9-480x270.png 480w\" sizes=\"auto, (max-width: 1920px) 100vw, 1920px\" \/><figcaption class=\"wp-element-caption\"><strong>Fotoakadeemia<\/strong> pakub t\u00f6\u00f6d foto- ja videomodellidele, teostage oma unistus<\/figcaption><\/figure>\n\n\n\n<p class=\"has-medium-font-size\">Modelleerimiseks vajalikud oskused<\/p>\n\n\n\n<p>Et olla edukas foto- ja videomodell, on oluline arendada j\u00e4rgmisi oskusi:<\/p>\n\n\n\n<ul class=\"wp-block-list\">\n<li><strong>V\u00e4limus:<\/strong> modelli v\u00e4limus on tema t\u00f6\u00f6 aluseks. Tal peavad olema harmoonilised n\u00e4o ja keha proportsioonid.<\/li>\n\n\n\n<li><strong>Iseloom:<\/strong> modelli isiksus on tema jaoks oluline, et ta taluks pikki fotosessioone v\u00f5i v\u00f5tteid. Ta peaks olema s\u00f5bralik, avatud ja koost\u00f6\u00f6aldis.<\/li>\n\n\n\n<li><strong>Professionaalne suhtumine:<\/strong> modellit\u00f6\u00f6 peab olema professionaalse suhtumisega. Ta peab olema t\u00e4pne, p\u00f5hjalik ja j\u00e4rgima kliendi juhiseid.<\/li>\n<\/ul>\n\n\n\n<figure class=\"wp-block-image size-full\"><img loading=\"lazy\" decoding=\"async\" width=\"1920\" height=\"1080\" src=\"https:\/\/fotoakademija.lv\/wp-content\/uploads\/2024\/01\/Kadru-plans-foto-un-video-modeliem-2-1.png\" alt=\"\" class=\"wp-image-5879\" srcset=\"https:\/\/fotoakademija.lv\/wp-content\/uploads\/2024\/01\/Kadru-plans-foto-un-video-modeliem-2-1.png 1920w, https:\/\/fotoakademija.lv\/wp-content\/uploads\/2024\/01\/Kadru-plans-foto-un-video-modeliem-2-1-300x169.png 300w, https:\/\/fotoakademija.lv\/wp-content\/uploads\/2024\/01\/Kadru-plans-foto-un-video-modeliem-2-1-1024x576.png 1024w, https:\/\/fotoakademija.lv\/wp-content\/uploads\/2024\/01\/Kadru-plans-foto-un-video-modeliem-2-1-768x432.png 768w, https:\/\/fotoakademija.lv\/wp-content\/uploads\/2024\/01\/Kadru-plans-foto-un-video-modeliem-2-1-1536x864.png 1536w, https:\/\/fotoakademija.lv\/wp-content\/uploads\/2024\/01\/Kadru-plans-foto-un-video-modeliem-2-1-18x10.png 18w, https:\/\/fotoakademija.lv\/wp-content\/uploads\/2024\/01\/Kadru-plans-foto-un-video-modeliem-2-1-1000x563.png 1000w, https:\/\/fotoakademija.lv\/wp-content\/uploads\/2024\/01\/Kadru-plans-foto-un-video-modeliem-2-1-230x129.png 230w, https:\/\/fotoakademija.lv\/wp-content\/uploads\/2024\/01\/Kadru-plans-foto-un-video-modeliem-2-1-350x197.png 350w, https:\/\/fotoakademija.lv\/wp-content\/uploads\/2024\/01\/Kadru-plans-foto-un-video-modeliem-2-1-480x270.png 480w\" sizes=\"auto, (max-width: 1920px) 100vw, 1920px\" \/><figcaption class=\"wp-element-caption\"><strong>Fotoakadeemia<\/strong> pakub t\u00f6\u00f6d foto- ja videomodellidele Riias<\/figcaption><\/figure>\n\n\n\n<p class=\"has-medium-font-size\">Modellina t\u00f6\u00f6tamise eelised<\/p>\n\n\n\n<p><strong>Fotoakadeemia<\/strong> pakub t\u00f6\u00f6d foto- ja videomudelitele, sealhulgas:<\/p>\n\n\n\n<ul class=\"wp-block-list\">\n<li><strong>V\u00f5imalus end v\u00e4ljendada luues:<\/strong> modellid saavad kasutada oma v\u00e4limust ja isikup\u00e4ra ainulaadsete ja p\u00f5nevate piltide loomiseks.<\/li>\n\n\n\n<li><strong>V\u00f5imalus t\u00f6\u00f6tada erinevate inimeste ja ettev\u00f5tetega:<\/strong> modellidel on v\u00f5imalus t\u00f6\u00f6tada erinevate loominguliste isiksuste ja ettev\u00f5tetega.<\/li>\n\n\n\n<li><strong>V\u00f5imalus reisida:<\/strong> modellit\u00f6\u00f6 v\u00f5ib anda teile v\u00f5imaluse reisida ja uusi kohti kogeda.<\/li>\n<\/ul>\n\n\n\n<p class=\"has-medium-font-size\">Kuidas saada foto- ja videomodelliks<\/p>\n\n\n\n<p>Foto- ja videomodelliks saamiseks on oluline alustada oma portfoolio loomisest. Portfoolio peaks sisaldama erinevaid fotosid, mis n\u00e4itavad teie v\u00e4limust ja isikup\u00e4ra. V\u00f5ite paluda oma portfoolio koostamisel aidata s\u00f5pru, perekonda v\u00f5i professionaalseid fotograafe.<\/p>\n\n\n\n<p class=\"has-luminous-dusk-gradient-background has-background\">Kui olete oma portfelli loonud, v\u00f5ite hakata otsima t\u00f6\u00f6d modelliagentuurides v\u00f5i veebis. T\u00f6\u00f6 leidmise v\u00f5imaluste suurendamiseks on oluline kandideerida erinevatesse projektidesse.<\/p>\n\n\n\n<p><strong>Fotoakadeemia<\/strong> pakub foto- ja videomudelite professionaalset koolitust. Meie koolitusprogramm \u00f5petab teile k\u00f5ik oskused, mida vajate edukaks modelliks saamiseks.<\/p>\n\n\n\n<p class=\"has-medium-font-size\">Koolitusprogrammi osana saate:<\/p>\n\n\n\n<ul class=\"wp-block-list\">\n<li>Siit saate teada, kuidas oma portfelli luua<\/li>\n\n\n\n<li>\u00d5ppige t\u00f6\u00f6tama fotograafide ja re\u017eiss\u00f6\u00f6ridega<\/li>\n\n\n\n<li>\u00d5ppige, kuidas vastata klientide vajadustele<\/li>\n\n\n\n<li>\u00d5ppige oma karj\u00e4\u00e4ri juhtima<\/li>\n<\/ul>\n\n\n\n<p class=\"has-medium-font-size\">Kui soovid saada professionaalseks foto- ja videomodelliks, on Fotoakadeemia parim viis oma karj\u00e4\u00e4ri alustamiseks.<\/p>\n\n\n\n<p>Modellit\u00f6\u00f6 on tasuline, tasu suurus oleneb projektist.<\/p>\n\n\n\n<p><strong>Kontaktid: Walter, <strong><strong>fotoakadeemia<\/strong>(at)gmail.com<\/strong><\/strong><\/p>\n\n\n\n<p><\/p>","protected":false},"excerpt":{"rendered":"<p>Mode\u013ca darbs R\u012bg\u0101, film\u0113\u0161ana studij\u0101 un dab\u012bg\u0101 vid\u0113 Fotoakad\u0113mija pied\u0101v\u0101 darbu foto un video mode\u013ciem, Jums ir iesp\u0113ja m\u0101c\u012bties film\u0113\u0161anas laik\u0101! Kontakti: [&hellip;]<\/p>","protected":false},"author":1,"featured_media":5858,"parent":0,"menu_order":0,"comment_status":"closed","ping_status":"closed","template":"","meta":{"footnotes":""},"class_list":["post-5854","page","type-page","status-publish","has-post-thumbnail","hentry"],"_links":{"self":[{"href":"https:\/\/fotoakademija.lv\/et\/wp-json\/wp\/v2\/pages\/5854","targetHints":{"allow":["GET"]}}],"collection":[{"href":"https:\/\/fotoakademija.lv\/et\/wp-json\/wp\/v2\/pages"}],"about":[{"href":"https:\/\/fotoakademija.lv\/et\/wp-json\/wp\/v2\/types\/page"}],"author":[{"embeddable":true,"href":"https:\/\/fotoakademija.lv\/et\/wp-json\/wp\/v2\/users\/1"}],"replies":[{"embeddable":true,"href":"https:\/\/fotoakademija.lv\/et\/wp-json\/wp\/v2\/comments?post=5854"}],"version-history":[{"count":2,"href":"https:\/\/fotoakademija.lv\/et\/wp-json\/wp\/v2\/pages\/5854\/revisions"}],"predecessor-version":[{"id":6188,"href":"https:\/\/fotoakademija.lv\/et\/wp-json\/wp\/v2\/pages\/5854\/revisions\/6188"}],"wp:featuredmedia":[{"embeddable":true,"href":"https:\/\/fotoakademija.lv\/et\/wp-json\/wp\/v2\/media\/5858"}],"wp:attachment":[{"href":"https:\/\/fotoakademija.lv\/et\/wp-json\/wp\/v2\/media?parent=5854"}],"curies":[{"name":"wp","href":"https:\/\/api.w.org\/{rel}","templated":true}]}}