{"id":2858,"date":"2018-04-29T17:26:14","date_gmt":"2018-04-29T17:26:14","guid":{"rendered":"https:\/\/fotoakademija.lv\/?page_id=2858"},"modified":"2018-05-19T05:58:28","modified_gmt":"2018-05-19T05:58:28","slug":"pasniedzeji","status":"publish","type":"page","link":"https:\/\/fotoakademija.lv\/fi\/luennoitsijat\/","title":{"rendered":"Luennoitsijat"},"content":{"rendered":"<p>[vc_row u_row_style=&#8221;0&#8243; u_row_paralax=&#8221;0&#8243; u_row_scheme=&#8221;0&#8243; css=&#8221;.vc_custom_1525947548404{padding-top: 50px !important;}&#8221;][vc_column][vc_column_text]<\/p>\n<h2 style=\"text-align: center;\">PhotoAcademyn ohjaajat<\/h2>\n<hr \/>\n<p>Pie mums str\u0101d\u0101 tikai Latvijas lab\u0101kie un paz\u012bstam\u0101kie fotogr\u0101fi. Vi\u0146i visi ir ne tikai augst\u0101k\u0101s klases profesion\u0101\u013ci, bet ar\u012b pieredz\u0113ju\u0161i un talant\u012bgi pasniedz\u0113ji. \u0160eit vi\u0146i\u00a0dal\u0101s savas meistar\u012bbas nosl\u0113pumos un\u00a0v\u0113rt\u0113 J\u016bsu darbus. V\u0113l b\u016btisk\u0101k ir tas, ka vi\u0146i pal\u012bdz Jums apg\u016bt rado\u0161u pieeju fotogr\u0101fijai un atrast sevi\u00a0stilu un \u017eanru daudzveid\u012bb\u0101![\/vc_column_text][\/vc_column][\/vc_row][vc_row][vc_column][vc_column_text][member ids=&#8221; col=&#8217;3&#8242; link=&#8221; department=&#8221; count=&#8221; order=&#8221; orderby=&#8217;modified&#8217; meta_key=&#8221;][\/vc_column_text][\/vc_column][\/vc_row]<\/p>","protected":false},"excerpt":{"rendered":"<p>[vc_row u_row_style=&#8221;0&#8243; u_row_paralax=&#8221;0&#8243; u_row_scheme=&#8221;0&#8243; css=&#8221;.vc_custom_1525947548404{padding-top: 50px !important;}&#8221;][vc_column][vc_column_text] FotoAkad\u0113mijas pasniedz\u0113ji Pie mums str\u0101d\u0101 tikai Latvijas lab\u0101kie un paz\u012bstam\u0101kie fotogr\u0101fi. Vi\u0146i visi ir ne [&hellip;]<\/p>","protected":false},"author":1,"featured_media":0,"parent":0,"menu_order":0,"comment_status":"closed","ping_status":"closed","template":"page-templates\/front-page.php","meta":{"footnotes":""},"class_list":["post-2858","page","type-page","status-publish","hentry"],"_links":{"self":[{"href":"https:\/\/fotoakademija.lv\/fi\/wp-json\/wp\/v2\/pages\/2858","targetHints":{"allow":["GET"]}}],"collection":[{"href":"https:\/\/fotoakademija.lv\/fi\/wp-json\/wp\/v2\/pages"}],"about":[{"href":"https:\/\/fotoakademija.lv\/fi\/wp-json\/wp\/v2\/types\/page"}],"author":[{"embeddable":true,"href":"https:\/\/fotoakademija.lv\/fi\/wp-json\/wp\/v2\/users\/1"}],"replies":[{"embeddable":true,"href":"https:\/\/fotoakademija.lv\/fi\/wp-json\/wp\/v2\/comments?post=2858"}],"version-history":[{"count":0,"href":"https:\/\/fotoakademija.lv\/fi\/wp-json\/wp\/v2\/pages\/2858\/revisions"}],"wp:attachment":[{"href":"https:\/\/fotoakademija.lv\/fi\/wp-json\/wp\/v2\/media?parent=2858"}],"curies":[{"name":"wp","href":"https:\/\/api.w.org\/{rel}","templated":true}]}}