{"id":2860,"date":"2018-04-29T17:26:29","date_gmt":"2018-04-29T17:26:29","guid":{"rendered":"https:\/\/fotoakademija.lv\/?page_id=2860"},"modified":"2024-02-08T08:56:48","modified_gmt":"2024-02-08T06:56:48","slug":"pleneri","status":"publish","type":"page","link":"https:\/\/fotoakademija.lv\/fi\/ulkoilma\/","title":{"rendered":"Plein air"},"content":{"rendered":"<p><span style=\"color: #00102e; font-family: 'System default', sans-serif; font-size: 48px;\">Kev\u00e4t, kes\u00e4 tai syksy valokuvaplein air yhdess\u00e4 Photo Academyn ohjaajien kanssa<\/span><\/p>\n<div align=\"center\">\n<div align=\"left\">\n<div><img decoding=\"async\" src=\"https:\/\/b2c.lv\/fotoakademija.lv\/content\/images\/rudens2017-01.jpg\" alt=\"\" border=\"0\" \/>Kysy meilt\u00e4 t\u00e4ll\u00e4 hetkell\u00e4 suunnitteilla olevista valokuvaplein aireista tai katso tapahtumasuunnitelma Facebookissa, <a href=\"https:\/\/fotoakademija.lv\/fi\/yhteystiedot\/\">yhteystiedot<\/a><\/div>\n<\/div>\n<\/div>\n<div><\/div>\n<h1>Pidettiin valokuvaplein airit<\/h1>\n<div align=\"center\">\n<div align=\"left\">\n<div>\n<div>\n<div>\n<h1>lauantaina, 07.10.<\/h1>\n<\/div>\n<div><b><i>Syksy on t\u00e4\u00e4ll\u00e4 ja kutsumme sinut j\u00e4lleen perinteiseen valokuvaajien kokoontumiseen matkalle l\u00e4pi kauniin Latvian:<\/i><\/b><\/div>\n<div><b><i>8:00 Mer\u0137e\u013ca iela 13 (Latviesu Biedr\u012bbas nams), Riika \u2013 Nurmi\u017eun luonnonpuisto (Gaujan kansallispuiston alue Siguldan ja Vildogan v\u00e4lill\u00e4): 10:00 Raganun pata, 11:00 Daudas-joen vesiputous, 12:00 Nurmi\u017eupe-vesiputous \u00a0 \u00a0<\/i><\/b><\/div>\n<div><b><i>\u2013 klo 13:00 lounas C\u0113sisiss\u00e4 (ei sis\u00e4lly j\u00e4senmaksuun) \u00a0 \u00a0<\/i><\/b><\/div>\n<div><b><i>\u2013 14:00 Raunas Staburags \u00a0 \u00a0<\/i><\/b><\/div>\n<div><b><i>\u2013 16:00 L\u012bgatnen jokipolut (L\u012bgatnin ja N\u012btaurin v\u00e4lill\u00e4)<\/i><\/b><\/div>\n<div><b><i>\u2013 19:00 paluu Riikaan<\/i><\/b><\/div>\n<div><b><i>Ottaen huomioon kuvattavat mets\u00e4iset ja vetiset kohteet, on eritt\u00e4in suositeltavaa ottaa mukaan jalusta.<\/i><\/b><\/div>\n<div><\/div>\n<div><b><i>Kiertueen johtaja Andris Klu\u0161s. Matkan j\u00e4lkeen, kuten aina, kuvakeskustelu Kuvaakatemiassa.<\/i><\/b><\/div>\n<div><b><i>Osallistumismaksu on 43 euroa, joka sis\u00e4lt\u00e4\u00e4 kuljetuksen, n\u00e4ht\u00e4vyysmaksut ja valokuvaakatemian oppitunnin.<\/i><\/b><\/div>\n<\/div>\n<\/div>\n<h1><\/h1>\n<h1><img loading=\"lazy\" decoding=\"async\" class=\"alignnone size-large wp-image-5779\" src=\"https:\/\/fotoakademija.lv\/wp-content\/uploads\/fOTOAKADEMIJA-valters-preimanis-1024x577.jpg\" alt=\"\" width=\"1024\" height=\"577\" srcset=\"https:\/\/fotoakademija.lv\/wp-content\/uploads\/fOTOAKADEMIJA-valters-preimanis-1024x577.jpg 1024w, https:\/\/fotoakademija.lv\/wp-content\/uploads\/fOTOAKADEMIJA-valters-preimanis-300x169.jpg 300w, https:\/\/fotoakademija.lv\/wp-content\/uploads\/fOTOAKADEMIJA-valters-preimanis-768x433.jpg 768w, https:\/\/fotoakademija.lv\/wp-content\/uploads\/fOTOAKADEMIJA-valters-preimanis-1536x866.jpg 1536w, https:\/\/fotoakademija.lv\/wp-content\/uploads\/fOTOAKADEMIJA-valters-preimanis-1000x563.jpg 1000w, https:\/\/fotoakademija.lv\/wp-content\/uploads\/fOTOAKADEMIJA-valters-preimanis-230x130.jpg 230w, https:\/\/fotoakademija.lv\/wp-content\/uploads\/fOTOAKADEMIJA-valters-preimanis-350x197.jpg 350w, https:\/\/fotoakademija.lv\/wp-content\/uploads\/fOTOAKADEMIJA-valters-preimanis-480x270.jpg 480w, https:\/\/fotoakademija.lv\/wp-content\/uploads\/fOTOAKADEMIJA-valters-preimanis.jpg 2048w\" sizes=\"auto, (max-width: 1024px) 100vw, 1024px\" \/><\/h1>\n<div>\n<div><b>Kutsumme sinut osallistumaan M.KUNDZI\u0145AN johtamaan KEV\u00c4T ULKOILMAAN 2017!<\/b><\/div>\n<div>Reitti :\u00a0<b>\u00a0Riika \u2013 L\u012bgatne \u2013 \u0136\u016b\u0137u kallio l\u00e4hell\u00e4 Gaujaa \u2013 Zv\u0101rtasin kallio \u2013 Amata l\u00e4hell\u00e4 K\u0101r\u013cia \u2013 lounas C\u0113sis \u2013 Kotkan kalliot \u2013 \u0100rai\u0161u j\u00e4rven linna ja tuulimylly \u2013 Riika.<\/b><\/div>\n<div><\/div>\n<div>Matka on suunniteltu lauantaiksi 20. toukokuuta, l\u00e4ht\u00f6 Latvian seuran rakennuksesta klo 08:00, paluu klo 20:00.<\/div>\n<div>\n<p>Osallistumismaksu (43 eur) sis\u00e4lt\u00e4\u00e4 kuljetuksen, p\u00e4\u00e4syliput n\u00e4ht\u00e4vyyksiin, ohjeet ja ryhm\u00e4njohtajan selitykset matkan aikana sek\u00e4 M. Kundzinan johtaman oppitunnin plein airin j\u00e4lkeen - valokuvatun analyysin.<\/p>\n<p>Pyyd\u00e4mme hakemaan ajoissa, sill\u00e4 t\u00e4ll\u00e4 kertaa plein air on periaatteessa j\u00e4rjestetty nykyisille kuulijoillemme, joten paikkoja on rajoitettu m\u00e4\u00e4r\u00e4.<\/p>\n<p><a href=\"https:\/\/fotoakademija.lv\/fi\/yhteystiedot\/\">Hae<\/a><\/p>\n<\/div>\n<\/div>\n<h1><img loading=\"lazy\" decoding=\"async\" class=\"alignnone size-large wp-image-5790\" src=\"https:\/\/fotoakademija.lv\/wp-content\/uploads\/101166232_1615250101958931_3160510521518587904_n-1024x585.jpg\" alt=\"\" width=\"1024\" height=\"585\" srcset=\"https:\/\/fotoakademija.lv\/wp-content\/uploads\/101166232_1615250101958931_3160510521518587904_n-1024x585.jpg 1024w, https:\/\/fotoakademija.lv\/wp-content\/uploads\/101166232_1615250101958931_3160510521518587904_n-300x171.jpg 300w, https:\/\/fotoakademija.lv\/wp-content\/uploads\/101166232_1615250101958931_3160510521518587904_n-768x439.jpg 768w, https:\/\/fotoakademija.lv\/wp-content\/uploads\/101166232_1615250101958931_3160510521518587904_n-1536x878.jpg 1536w, https:\/\/fotoakademija.lv\/wp-content\/uploads\/101166232_1615250101958931_3160510521518587904_n-18x10.jpg 18w, https:\/\/fotoakademija.lv\/wp-content\/uploads\/101166232_1615250101958931_3160510521518587904_n-1000x571.jpg 1000w, https:\/\/fotoakademija.lv\/wp-content\/uploads\/101166232_1615250101958931_3160510521518587904_n-230x131.jpg 230w, https:\/\/fotoakademija.lv\/wp-content\/uploads\/101166232_1615250101958931_3160510521518587904_n-350x200.jpg 350w, https:\/\/fotoakademija.lv\/wp-content\/uploads\/101166232_1615250101958931_3160510521518587904_n-480x274.jpg 480w, https:\/\/fotoakademija.lv\/wp-content\/uploads\/101166232_1615250101958931_3160510521518587904_n.jpg 2048w\" sizes=\"auto, (max-width: 1024px) 100vw, 1024px\" \/><\/h1>\n<h1>lauantaina, 01.10.<\/h1>\n<p>Kutsumme sinut osallistumaan\u00a0<i>\u00a0SYKSY ULKONA<\/i>\u00a0 reitill\u00e4:\u00a0<b>Riika \u2013 Jaunpilsin puisto ja linna \u2013 Ventan dolomiittikalliot \u2013 Kuldiga \u2013 Rendan vesiputoukset \u2013 Abava l\u00e4hell\u00e4 Vegi\u00e4 \u2013 Riika.<\/b><\/p>\n<p>L\u00e4ht\u00f6 Latvian seuran rakennuksesta,\u00a0<b>lauantaina 1. lokakuuta klo 08:00<\/b>, paluu suunnitellaan noin klo 20.00<\/p>\n<p>Osallistumismaksu on 43 euroa sis\u00e4lt\u00e4en kuljetuksen, p\u00e4\u00e4syliput n\u00e4ht\u00e4vyyksiin, ryhm\u00e4njohtajan ohjeet ja selitykset matkan aikana sek\u00e4 M. Kundzinan johtaman oppitunnin plein airin j\u00e4lkeen - valokuvattu analyysi.<\/p>\n<p>Haethan ajoissa, sill\u00e4 t\u00e4ll\u00e4 kertaa plein air on pohjimmiltaan j\u00e4rjestetty nykyisille kuuntelijoillemme, joten paikkoja on rajoitettu m\u00e4\u00e4r\u00e4.<\/p>\n<h1>Valokuvaplein air M. Kundzi\u0146an johdolla &quot;Kev\u00e4t Vidzemen rannalla&quot;<\/h1>\n<h1><a class=\"fancybox\" title=\"\" href=\"https:\/\/b2c.lv\/fotoakademija.lv\/content\/images\/veczemju.jpg\" rel=\"group\"><img decoding=\"async\" src=\"https:\/\/b2c.lv\/fotoakademija.lv\/content\/images\/veczemju.jpg\" alt=\"\" border=\"0\" \/><\/a><\/h1>\n<h1>lauantaina, 04.06.<\/h1>\n<p>Reitill\u00e4 olevat paikat -\u00a0<b>Aina\u017ei, Mernieki, Salaca l\u00e4hell\u00e4 Red Rocksia, Salacgr\u012bva.<\/b>\u00a0Ajan ja tuulen kaivertama\u00a0<b>Muinaiset kivet<\/b>\u00a0kev\u00e4tmaisemassa - paikka, jossa kuvattiin latvialaisen taideelokuvan &quot;The Long Road in the Dunes&quot; n\u00e4kym\u00e4t.\u00a0<b>Vidzemen kallioiset rannat\u00a0<\/b>noituus.\u00a0<b>Scar niityt<\/b>\u00a0meren rannalla ennen Aina\u017eia.<\/p>\n<p>L\u00e4ht\u00f6 Latvian seuran rakennuksesta klo 08:00<\/p>\n<p>Paluu on suunniteltu noin klo 20.00<\/p>\n<p>Osallistumismaksu 39 eur.<\/p>\n<p>Hinta sis\u00e4lt\u00e4\u00e4 kuljetuksen, opastukset ja ryhm\u00e4njohtajan selitykset matkan aikana sek\u00e4 Kundzian johtaman oppitunnin plein airin j\u00e4lkeen - valokuvattu analyysi.<\/p>\n<p>Haethan ajoissa, sill\u00e4 t\u00e4ll\u00e4 kertaa plein air on pohjimmiltaan j\u00e4rjestetty nykyisille kuuntelijoillemme, joten paikkoja on rajoitettu m\u00e4\u00e4r\u00e4.<\/p>\n<p><b><i>Hae<\/i><\/b><\/p>\n<p><a class=\"fancybox\" title=\"\" href=\"https:\/\/b2c.lv\/fotoakademija.lv\/content\/images\/veczemju_sarkanas.jpg\" rel=\"group\"><img decoding=\"async\" src=\"https:\/\/b2c.lv\/fotoakademija.lv\/content\/images\/veczemju_sarkanas.jpg\" alt=\"\" border=\"0\" \/><\/a><\/p>\n<p>Kuva: Veczemjin punaiset kivet<\/p>\n<p align=\"center\"><b><a class=\"fancybox\" title=\"\" href=\"https:\/\/b2c.lv\/fotoakademija.lv\/content\/images\/rudens%20plen%c4%93rs%20m.jpg\" rel=\"group\"><img decoding=\"async\" src=\"https:\/\/b2c.lv\/fotoakademija.lv\/content\/images\/rudens%20plen%c4%93rs%20m.jpg\" alt=\"\" border=\"0\" \/><\/a><br \/>\n<\/b><\/p>\n<p align=\"center\"><b>VALOKUVAKATEMIA SYKSY ULKONA<\/b><\/p>\n<div>\n<div>\n<div>\n<div><b>Reitti\u00a0<\/b>: Riika-B\u012bri\u0146i-palatsi-L\u0113durgan dendrologinen puisto-Igaten palatsi-Saulkrasti J\u016brmala-Riika<\/div>\n<p>Kuvattujen kuvien analysointitunti pidet\u00e4\u00e4n perjantaina 23.10. klo klo 18.30 Kuvaakatemiassa.<\/p>\n<\/div>\n<\/div>\n<\/div>\n<div><\/div>\n<div><\/div>\n<p align=\"center\"><b><a class=\"fancybox\" title=\"\" href=\"https:\/\/b2c.lv\/fotoakademija.lv\/content\/images\/talsu_roja_kaltenes_jurmala_andy_zeltkalns_0.jpg\" rel=\"group\"><img decoding=\"async\" src=\"https:\/\/b2c.lv\/fotoakademija.lv\/content\/images\/talsu_roja_kaltenes_jurmala_andy_zeltkalns_0.jpg\" alt=\"\" border=\"0\" \/><\/a><br \/>\n<\/b><\/p>\n<p align=\"center\"><b>\u00a0PLENAIR - KURZEME<\/b><\/p>\n<p align=\"center\"><b>Ulkoilmaopas, MRS<br \/>\n<\/b><\/p>\n<p align=\"center\"><i>toukokuun 16 p\u00e4iv\u00e4n\u00e4.<\/i><\/p>\n<p>Riika \u2013 Ragaciems \u2013 M\u0113rsrags \u2013 Kaltene \u2013 Roja \u2013 Valdem\u0101rpils \u2013 Nogale \u2013 Tilgalin j\u00e4ttim\u00e4inen kivi \u2013 Talsi \u2013 Nurmui\u017ea.<\/p>\n<p>L\u00e4ht\u00f6 bussilla klo 8.00 Riian Latvian seuran rakennukselta. Paluu Riikaan klo 20.00. Aamiainen Meersragissa meren rannalla, Ragaciemist\u00e4 ostetuilla kalaherkuilla. Lounas Talsossa.<\/p>\n<p>Pyyd\u00e4mme sinua suunnittelemaan p\u00e4iv\u00e4n ajoissa nauttimaan kev\u00e4ttunnelmasta!<\/p>\n<p>Plein airin j\u00e4lkeen t\u00f6ist\u00e4 analysoidaan Valokuvaakatemiassa Kundzi\u0146asin johdolla.<\/p>\n<p>Osallistumismaksu: 58 EUR<\/p>\n<p><img loading=\"lazy\" decoding=\"async\" class=\"alignnone size-large wp-image-5604\" src=\"https:\/\/fotoakademija.lv\/wp-content\/uploads\/Foto_akademija_3-1024x693.jpg\" alt=\"\" width=\"1024\" height=\"693\" srcset=\"https:\/\/fotoakademija.lv\/wp-content\/uploads\/Foto_akademija_3-1024x693.jpg 1024w, https:\/\/fotoakademija.lv\/wp-content\/uploads\/Foto_akademija_3-300x203.jpg 300w, https:\/\/fotoakademija.lv\/wp-content\/uploads\/Foto_akademija_3-768x520.jpg 768w, https:\/\/fotoakademija.lv\/wp-content\/uploads\/Foto_akademija_3-255x173.jpg 255w, https:\/\/fotoakademija.lv\/wp-content\/uploads\/Foto_akademija_3-600x406.jpg 600w, https:\/\/fotoakademija.lv\/wp-content\/uploads\/Foto_akademija_3.jpg 1920w\" sizes=\"auto, (max-width: 1024px) 100vw, 1024px\" \/> \u00a0 \u00a0 \u00a0 <img loading=\"lazy\" decoding=\"async\" class=\"alignnone size-full wp-image-5409\" src=\"https:\/\/fotoakademija.lv\/wp-content\/uploads\/Sp\u0101re-kopija.jpg\" alt=\"\" width=\"650\" height=\"434\" srcset=\"https:\/\/fotoakademija.lv\/wp-content\/uploads\/Sp\u0101re-kopija.jpg 650w, https:\/\/fotoakademija.lv\/wp-content\/uploads\/Sp\u0101re-kopija-300x200.jpg 300w, https:\/\/fotoakademija.lv\/wp-content\/uploads\/Sp\u0101re-kopija-255x170.jpg 255w, https:\/\/fotoakademija.lv\/wp-content\/uploads\/Sp\u0101re-kopija-600x401.jpg 600w\" sizes=\"auto, (max-width: 650px) 100vw, 650px\" \/><\/p>\n<\/div>\n<\/div>\n<p align=\"center\"><b>HARJOITTELU LUONTOVALOKUVASSA<\/b><\/p>\n<p align=\"center\"><i>Vaellus Ik\u0161ikile \u2013 Jaunogre<br \/>\n<\/i><\/p>\n<p align=\"center\"><i>huhtikuun 11 p\u00e4iv\u00e4n\u00e4<br \/>\n<\/i><\/p>\n<p>Luonto her\u00e4\u00e4. Ensimm\u00e4iset kev\u00e4\u00e4n kukat, silmut, silmut, jopa sienet... Luontokuvauksen yst\u00e4ville on mahdollisuus nauttia ulkona el\u00e4v\u00e4n luonnon n\u00e4enn\u00e4isen yksinkertaisten elementtien kauneudesta. Reitti kulkee mets\u00e4polkuja pitkin. Voit kuvata sek\u00e4 mets\u00e4n\u00e4kymi\u00e4 ett\u00e4 erilaisia l\u00e4hikuvia. On parasta, jos sinulla on makrokuvaukseen tarvittavat tarvikkeet - etulinssit, v\u00e4lirenkaat, makro-objektiivi. Kolmijalka voi olla hy\u00f6dyllinen. Odotettavissa on mahdollisuus valokuvata sellaisia kev\u00e4\u00e4n kauniita ja tunnusomaisia kasveja kuin suurikukkainen sedum, zalkteni, peltokurkku. Eritt\u00e4in kaunis v\u00e4ri on sieni, jota kaikki eiv\u00e4t tunne - sarkoscypha. Sinun t\u00e4ytyy vain olla varovainen. Siell\u00e4 on jo jotain.<\/p>\n<p>L\u00e4ht\u00f6 Riian asemalta junalla Riika \u2013 Lielv\u0101rde klo 8.40 Ik\u0161kileihin. Tapaamme toisessa vaunussa junan edest\u00e4 tai p\u00e4\u00e4tepisteess\u00e4 suoraan Ik\u0161kilen asemalla klo. 9:20<\/p>\n<p>Takaisin, mahdollisuuksien mukaan, ajetaan Jaunogresta joko klo 15:10 tai 15:45.<\/p>\n<p>Mets\u00e4ss\u00e4 ei ole kahvilaa! Ota aamupalaksi mukaan jotain maukasta, l\u00f6yd\u00e4mme sille kivan paikan mets\u00e4st\u00e4.My\u00f6s retkeilyyn sopivat vaatteet ja varsinkin keng\u00e4t olisivat eritt\u00e4in hy\u00f6dyllisi\u00e4, ja - menk\u00e4\u00e4! Menn\u00e4\u00e4n kohti kev\u00e4tt\u00e4!<\/p>\n<p>Osallistumismaksu: 18 EUR.<\/p>\n<p>Harjoituksia johdetaan\u00a0<b>Rouva Maris<\/b><\/p>","protected":false},"excerpt":{"rendered":"<p>Pavasara, Vasaras vai Rudens foto plen\u0113rs kop\u0101 ar Fotoakad\u0113mija instruktoriem Jaut\u0101jiet mums par aktu\u0101li pl\u0101notajiem foto plen\u0113riem vai skat\u0101ties pas\u0101kumu pl\u0101nu Facebook, [&hellip;]<\/p>","protected":false},"author":1,"featured_media":0,"parent":0,"menu_order":0,"comment_status":"closed","ping_status":"closed","template":"","meta":{"footnotes":""},"class_list":["post-2860","page","type-page","status-publish","hentry"],"_links":{"self":[{"href":"https:\/\/fotoakademija.lv\/fi\/wp-json\/wp\/v2\/pages\/2860","targetHints":{"allow":["GET"]}}],"collection":[{"href":"https:\/\/fotoakademija.lv\/fi\/wp-json\/wp\/v2\/pages"}],"about":[{"href":"https:\/\/fotoakademija.lv\/fi\/wp-json\/wp\/v2\/types\/page"}],"author":[{"embeddable":true,"href":"https:\/\/fotoakademija.lv\/fi\/wp-json\/wp\/v2\/users\/1"}],"replies":[{"embeddable":true,"href":"https:\/\/fotoakademija.lv\/fi\/wp-json\/wp\/v2\/comments?post=2860"}],"version-history":[{"count":0,"href":"https:\/\/fotoakademija.lv\/fi\/wp-json\/wp\/v2\/pages\/2860\/revisions"}],"wp:attachment":[{"href":"https:\/\/fotoakademija.lv\/fi\/wp-json\/wp\/v2\/media?parent=2860"}],"curies":[{"name":"wp","href":"https:\/\/api.w.org\/{rel}","templated":true}]}}