{"id":2865,"date":"2018-04-29T17:27:10","date_gmt":"2018-04-29T17:27:10","guid":{"rendered":"https:\/\/fotoakademija.lv\/?page_id=2865"},"modified":"2018-08-08T14:38:50","modified_gmt":"2018-08-08T11:38:50","slug":"talmaciba","status":"publish","type":"page","link":"https:\/\/fotoakademija.lv\/fi\/talmacib\/","title":{"rendered":"Et\u00e4opiskelu"},"content":{"rendered":"<p>[vc_row u_row_style=&#8221;0&#8243; u_row_paralax=&#8221;0&#8243; u_row_scheme=&#8221;0&#8243; css=&#8221;.vc_custom_1525947089412{padding-top: 50px !important;}&#8221;][vc_column width=&#8221;2\/3&#8243;][vc_column_text]<\/p>\n<div>\n<h3><b>Menettely et\u00e4opiskelussa tai verkkokurssissa<\/b><\/h3>\n<hr \/>\n<\/div>\n<div align=\"justify\">Opiskelija j\u00e4tt\u00e4\u00e4 FotoAkademija-verkkosivuilla hakemuksen, jossa ilmoitetaan valitsemansa opetussuunnitelma ja yhteystietonsa (puh. nro, s\u00e4hk\u00f6postiosoite ja henkil\u00f6koodi) FotoAkademija l\u00e4hett\u00e4\u00e4 laskun 1\/2 lukukausimaksusta Laskun maksamisen j\u00e4lkeen , ohjaaja l\u00e4hett\u00e4\u00e4 opiskelijan s\u00e4hk\u00f6postiosoitteeseen kirje-ilmoituksen kurssin opintojen alkamisesta, kun taas kuuntelija vahvistaa kirjeen vastaanottamisen. Oppimisprosessi voi alkaa.<\/div>\n<div align=\"justify\">Ohjaaja tarjoaa p\u00e4\u00e4syn ensimm\u00e4isen opiskeluviikon oppimateriaaliin ja teht\u00e4viin\/testeihin Internet-ymp\u00e4rist\u00f6ss\u00e4. Ensimm\u00e4isen\u00e4 viikonloppuna kurssin opiskelija l\u00e4hett\u00e4\u00e4 ohjaajalle suoritetut kotiteht\u00e4v\u00e4t tai kokeen.<\/div>\n<div align=\"justify\">5 ty\u00f6p\u00e4iv\u00e4n kuluessa ohjaaja k\u00e4y l\u00e4pi suoritetut teht\u00e4v\u00e4t ja l\u00e4hett\u00e4\u00e4 opiskelijalle arvion (kommentit) suoritetusta ty\u00f6st\u00e4.Seuraavien viikkojen oppimisprosessi on samanlainen kuin ensimm\u00e4isell\u00e4 oppimisviikolla.<\/div>\n<div align=\"justify\">Kurssi katsotaan suoritetuksi, jos kurssin osallistuja suorittaa kaikki teht\u00e4v\u00e4t\/testit ajallaan 10 ty\u00f6p\u00e4iv\u00e4n kuluessa teht\u00e4v\u00e4n\/kokeen vastaanottamisesta ja saa suoritetusta ty\u00f6st\u00e4 positiivisen arvosanan (hyv\u00e4ksytty). Kurssin p\u00e4\u00e4tteeksi opiskelija suorittaa loppukokeen. Tuntiaikataulu sovitaan opettajan kanssa erikseen, kuitenkin enint\u00e4\u00e4n 2 kuukautta oppituntien alkamisesta.<br \/>\nVerkkokoulutus on yksinkertaista ja k\u00e4tev\u00e4\u00e4. Opetusperiaate - tunnit (luennot) tapahtuvat reaaliajassa, opettaja ja opiskelija voivat olla eri maantieteellisiss\u00e4 pisteiss\u00e4, p\u00e4\u00e4asia, ett\u00e4 sinulla on tietokone ja Internet-yhteys. Luennoitsija pit\u00e4\u00e4 luennon, kuuntelija n\u00e4kee monitorillaan kaiken, mit\u00e4 luennoitsija n\u00e4ytt\u00e4\u00e4 ja kertoo (kuten tavallisella luennolla auditoriossa). Verkkokoulutuksen edut:<\/div>\n<ul>\n<li>voit vapaasti esitt\u00e4\u00e4 opettajalle kysymyksen luennolla \u00e4\u00e4nell\u00e4 tai kirjallisesti,<\/li>\n<li>kuulet ja n\u00e4et muiden kurssin osallistujien kysymyksi\u00e4,<\/li>\n<li>ohjaaja voi keskustella jokaisen kurssin osallistujan kanssa,<\/li>\n<li>voit opiskella poistumatta kotoa.<\/li>\n<\/ul>\n<p>Oppimisprosessi tapahtuu erityisen viestint\u00e4ohjelman avulla, jonka opettaja ehdottaa asentamaan ennen oppituntien aloittamista. Luennon j\u00e4lkeen tarjotaan my\u00f6s ylim\u00e4\u00e4r\u00e4ist\u00e4 teoreettista oppimateriaalia hankitun tiedon vahvistamiseksi.<\/p>\n<table id=\"AutoNumber1\" border=\"1\" width=\"658\" cellspacing=\"0\" cellpadding=\"3\">\n<tbody>\n<tr>\n<td width=\"25%\">\n<h4>Luennoitsijat<\/h4>\n<\/td>\n<td width=\"25%\">\n<h4><a href=\"https:\/\/b2c.lv\/fotoakademija.lv\/lv\/pasniedzeji\/leonids-vaznais.html\" shape=\"rect\">Vadim<\/a>\u00a0Morozov<\/h4>\n<\/td>\n<td width=\"25%\">\n<h4><a href=\"https:\/\/b2c.lv\/fotoakademija.lv\/lv\/pasniedzeji\/leonids-vaznais.html\" shape=\"rect\">Vadim Morozov<\/a><\/h4>\n<\/td>\n<\/tr>\n<tr>\n<td>Valokuvakurssi<\/td>\n<td><a href=\"https:\/\/b2c.lv\/fotoakademija.lv\/lv\/fotokursi\/i-limenis\/praktiskas-fotografijas-pamati.html\" shape=\"rect\">Valokuvaus aloittelijalle<\/a><\/td>\n<td><a href=\"https:\/\/b2c.lv\/fotoakademija.lv\/lv\/fotokursi\/ii-limenis\/darbs-ar-grafisko-redaktoru-adobe-photoshop-cs-talmaciba.html\" shape=\"rect\">Ty\u00f6skentely graafisen editorin Adobe Photoshop CS:n kanssa<\/a><\/td>\n<\/tr>\n<tr>\n<td>Kesto<\/td>\n<td>8 oppituntia\u00a0<i><br \/>\n<\/i><\/td>\n<td>11 oppituntia<\/td>\n<\/tr>\n<tr>\n<td>Opetuskieli<\/td>\n<td>latvia\/ven\u00e4l\u00e4inen<\/td>\n<td>latvia\/ven\u00e4l\u00e4inen<\/td>\n<\/tr>\n<tr>\n<td>Hinta<\/td>\n<td><i>138 euroa<\/i><\/td>\n<td>\u00a0<i>165 euroa<\/i><\/td>\n<\/tr>\n<tr>\n<td>Ajoittaa<\/td>\n<td>Et\u00e4opiskelu<\/td>\n<td>Online koulutus<\/td>\n<\/tr>\n<\/tbody>\n<\/table>\n<div>\n<div>\n<div>10%:n alennus koskee kanssamme toista kurssia suorittavia PhotoAcademy-opiskelijoita ja kurssille pariskuntana osallistuvia.<\/div>\n<div><\/div>\n<\/div>\n<\/div>\n<p>[\/vc_column_text][\/vc_column][vc_column width=&#8221;1\/3&#8243;][vc_single_image image=&#8221;4971&#8243; img_size=&#8221;450&#215;450&#8243; onclick=&#8221;zoom&#8221;][\/vc_column][\/vc_row][vc_row][vc_column][contact-form-7 id=&#8221;5079&#8243;][\/vc_column][\/vc_row]<\/p>","protected":false},"excerpt":{"rendered":"<p>[vc_row u_row_style=&#8221;0&#8243; u_row_paralax=&#8221;0&#8243; u_row_scheme=&#8221;0&#8243; css=&#8221;.vc_custom_1525947089412{padding-top: 50px !important;}&#8221;][vc_column width=&#8221;2\/3&#8243;][vc_column_text] K\u0101rt\u012bba, k\u0101d\u0101 notiek t\u0101lm\u0101c\u012bbas vai on-line kursa apg\u016b\u0161ana Klaus\u012bt\u0101js nos\u016bta pieteikumu FotoAkad\u0113mijas m\u0101jaslap\u0101,nor\u0101dot izv\u0113l\u0113to [&hellip;]<\/p>","protected":false},"author":1,"featured_media":0,"parent":0,"menu_order":0,"comment_status":"closed","ping_status":"closed","template":"page-templates\/front-page.php","meta":{"footnotes":""},"class_list":["post-2865","page","type-page","status-publish","hentry"],"_links":{"self":[{"href":"https:\/\/fotoakademija.lv\/fi\/wp-json\/wp\/v2\/pages\/2865","targetHints":{"allow":["GET"]}}],"collection":[{"href":"https:\/\/fotoakademija.lv\/fi\/wp-json\/wp\/v2\/pages"}],"about":[{"href":"https:\/\/fotoakademija.lv\/fi\/wp-json\/wp\/v2\/types\/page"}],"author":[{"embeddable":true,"href":"https:\/\/fotoakademija.lv\/fi\/wp-json\/wp\/v2\/users\/1"}],"replies":[{"embeddable":true,"href":"https:\/\/fotoakademija.lv\/fi\/wp-json\/wp\/v2\/comments?post=2865"}],"version-history":[{"count":0,"href":"https:\/\/fotoakademija.lv\/fi\/wp-json\/wp\/v2\/pages\/2865\/revisions"}],"wp:attachment":[{"href":"https:\/\/fotoakademija.lv\/fi\/wp-json\/wp\/v2\/media?parent=2865"}],"curies":[{"name":"wp","href":"https:\/\/api.w.org\/{rel}","templated":true}]}}