{"id":2867,"date":"2018-04-29T17:27:35","date_gmt":"2018-04-29T17:27:35","guid":{"rendered":"https:\/\/fotoakademija.lv\/?page_id=2867"},"modified":"2023-12-04T11:41:35","modified_gmt":"2023-12-04T09:41:35","slug":"sadarbibas-partneri","status":"publish","type":"page","link":"https:\/\/fotoakademija.lv\/fi\/yhteistyokumppaneita\/","title":{"rendered":"Yhteisty\u00f6kumppanit"},"content":{"rendered":"<p>Olemme valokuva- ja videokoulu, jonka missiona on tarjota korkealaatuista koulutusta valokuvauksen ja videon aloilla. Menestyst\u00e4mme ja oppimisprosessin tehokkuutta eiv\u00e4t rajoita vain innokkaat opiskelijamme ja kokeneet ohjaajat, vaan my\u00f6s tiivis yhteisty\u00f6 johtavien valokuva- ja videolaitteiden valmistajien kanssa.<\/p>\n<p><img loading=\"lazy\" decoding=\"async\" class=\"alignnone size-medium wp-image-5199\" src=\"https:\/\/fotoakademija.lv\/wp-content\/uploads\/salikovs1-1-300x199.jpg\" alt=\"\" width=\"300\" height=\"199\" srcset=\"https:\/\/fotoakademija.lv\/wp-content\/uploads\/salikovs1-1-300x199.jpg 300w, https:\/\/fotoakademija.lv\/wp-content\/uploads\/salikovs1-1-255x169.jpg 255w, https:\/\/fotoakademija.lv\/wp-content\/uploads\/salikovs1-1.jpg 600w\" sizes=\"auto, (max-width: 300px) 100vw, 300px\" \/><\/p>\n<p>Olemme ylpeit\u00e4 kumppanuussuhteistamme Canonin, Nikonin ja Sonyn kanssa \u2013 ammattivalokuvaus- ja videotekniikan maailman johtavien yritysten kanssa. N\u00e4m\u00e4 yritykset tunnetaan korkeasta laadustaan, innovatiivisuudestaan ja luotettavuudestaan, ja olemme iloisia voidessamme tarjota opiskelijoillemme n\u00e4m\u00e4 erinomaiset ty\u00f6kalut oppimisprosessissa.<\/p>\n<p>Kumppanuutemme Canonin, Nikonin ja Sonyn kanssa antaa opiskelijoillemme mahdollisuuden oppia taitoja k\u00e4ytt\u00e4m\u00e4ll\u00e4 uusinta teknologiaa ja ammattilaitteita. J\u00e4rjest\u00e4mme k\u00e4yt\u00e4nn\u00f6nl\u00e4heisi\u00e4 kursseja, joissa opiskelijat voivat parantaa taitojaan k\u00e4ytt\u00e4m\u00e4ll\u00e4 t\u00e4t\u00e4 arvostettua kamera- ja videokameramerkki\u00e4.<\/p>\n<p>Kutsumme sinut seuraamaan meit\u00e4 sosiaalisissa verkostoissa saadaksesi ensimm\u00e4isten joukossa tietoa kumppanuuksiemme uutisista sek\u00e4 osallistua tapahtumiimme ja kilpailuihimme, joissa p\u00e4\u00e4set tutustumaan valokuvauksen ja videon maailman uusimpiin trendeihin. Seuraa meit\u00e4 Facebookissa, Instagramissa ja YouTubessa jakaaksesi luovia hetki\u00e4 yhdess\u00e4 ja osallistuaksesi j\u00e4nnitt\u00e4viin projekteihimme Canonin, Nikonin ja Sonyn kumppaneiden kanssa. Hae kursseillemme ja koe maailmanluokan koulutus laadukkaiden kumppaneidemme ja alan ammattilaisten kanssa!<\/p>\n<p>Seuraa meit\u00e4 Facebookissa, Instagramissa ja YouTubessa saadaksesi p\u00e4ivityksi\u00e4 kursseistamme, jakaa opiskelijoiden luovia saavutuksia ja osallistua j\u00e4nnitt\u00e4viin tapahtumiin. Yhdess\u00e4 selvitet\u00e4\u00e4n uusimmat trendit ja luodaan yhdess\u00e4 j\u00e4nnitt\u00e4v\u00e4 polku taidemaailman el\u00e4m\u00e4\u00e4n. Hae kursseillemme ja l\u00e4hde kanssamme luovuuden matkalle!<\/p>\n<ul>\n<li><em><strong><a href=\"https:\/\/www.facebook.com\/fotoakad\">Facebook<\/a><\/strong><\/em><\/li>\n<li><em><strong><a href=\"https:\/\/www.instagram.com\/fotoakademijalv\/\">Instagram<\/a><\/strong><\/em><\/li>\n<li><a href=\"https:\/\/www.youtube.com\/@FotoakademijaValtersPreimanis\"><em><strong>Youtube<\/strong><\/em><\/a><\/li>\n<\/ul>","protected":false},"excerpt":{"rendered":"<p>M\u0113s esam foto un video skola, kuras misija ir nodro\u0161in\u0101t augstas kvalit\u0101tes izgl\u012bt\u012bbu fotogr\u0101fijas un videogr\u0101fijas jom\u0101s. M\u016bsu pan\u0101kumus un m\u0101c\u012bbu procesa [&hellip;]<\/p>","protected":false},"author":1,"featured_media":0,"parent":0,"menu_order":0,"comment_status":"closed","ping_status":"closed","template":"","meta":{"footnotes":""},"class_list":["post-2867","page","type-page","status-publish","hentry"],"_links":{"self":[{"href":"https:\/\/fotoakademija.lv\/fi\/wp-json\/wp\/v2\/pages\/2867","targetHints":{"allow":["GET"]}}],"collection":[{"href":"https:\/\/fotoakademija.lv\/fi\/wp-json\/wp\/v2\/pages"}],"about":[{"href":"https:\/\/fotoakademija.lv\/fi\/wp-json\/wp\/v2\/types\/page"}],"author":[{"embeddable":true,"href":"https:\/\/fotoakademija.lv\/fi\/wp-json\/wp\/v2\/users\/1"}],"replies":[{"embeddable":true,"href":"https:\/\/fotoakademija.lv\/fi\/wp-json\/wp\/v2\/comments?post=2867"}],"version-history":[{"count":0,"href":"https:\/\/fotoakademija.lv\/fi\/wp-json\/wp\/v2\/pages\/2867\/revisions"}],"wp:attachment":[{"href":"https:\/\/fotoakademija.lv\/fi\/wp-json\/wp\/v2\/media?parent=2867"}],"curies":[{"name":"wp","href":"https:\/\/api.w.org\/{rel}","templated":true}]}}