{"id":2884,"date":"2018-04-29T19:07:32","date_gmt":"2018-04-29T19:07:32","guid":{"rendered":"https:\/\/fotoakademija.lv\/?page_id=2884"},"modified":"2023-12-04T16:03:36","modified_gmt":"2023-12-04T14:03:36","slug":"par-fotoakademiju","status":"publish","type":"page","link":"https:\/\/fotoakademija.lv\/fi\/","title":{"rendered":"Tietoja PhotoAcademysta"},"content":{"rendered":"<p align=\"justify\">FotoAkademija aloitti toimintansa vuonna 2005. PhotoAcademy on luotu niille, joilla ei ole tarpeeksi yst\u00e4vien neuvoja ja Internet-resursseja ja jotka eiv\u00e4t halua pysy\u00e4 amat\u00f6\u00f6rein\u00e4 valokuvauksen maailmassa. T\u00e4m\u00e4 on Latviassa ainutlaatuinen tila, jossa parhaat mestarit tarjoavat mahdollisuuden n\u00e4hd\u00e4 maailmaa kameransa l\u00e4pi.<\/p>\n<p align=\"justify\">Opintojen alkaessa <strong>Kuva Akatemiassa<\/strong>, P\u00e4\u00e4set Latvian valokuvamaailman keskustaan - ilmoitamme sinulle kaikista t\u00e4rkeist\u00e4 tapahtumista (n\u00e4yttelyt, mestarikurssit, kilpailut), tarjoamme osallistumista erilaisiin valokuvaan liittyviin projekteihin, k\u00e4yt\u00e4nn\u00f6n luokkiin ja kilpailuihin, pid\u00e4mme ilmaisia avoimia luentoja, tarjoamme harjoittelumahdollisuuksia , tarjoamme valokuvalehtien uusimpien numeroiden katseluun.<\/p>\n<p align=\"justify\"><img loading=\"lazy\" decoding=\"async\" class=\"alignnone size-medium wp-image-5779\" src=\"https:\/\/fotoakademija.lv\/wp-content\/uploads\/fOTOAKADEMIJA-valters-preimanis-300x169.jpg\" alt=\"\" width=\"300\" height=\"169\" srcset=\"https:\/\/fotoakademija.lv\/wp-content\/uploads\/fOTOAKADEMIJA-valters-preimanis-300x169.jpg 300w, https:\/\/fotoakademija.lv\/wp-content\/uploads\/fOTOAKADEMIJA-valters-preimanis-1024x577.jpg 1024w, https:\/\/fotoakademija.lv\/wp-content\/uploads\/fOTOAKADEMIJA-valters-preimanis-768x433.jpg 768w, https:\/\/fotoakademija.lv\/wp-content\/uploads\/fOTOAKADEMIJA-valters-preimanis-1536x866.jpg 1536w, https:\/\/fotoakademija.lv\/wp-content\/uploads\/fOTOAKADEMIJA-valters-preimanis-1000x563.jpg 1000w, https:\/\/fotoakademija.lv\/wp-content\/uploads\/fOTOAKADEMIJA-valters-preimanis-230x130.jpg 230w, https:\/\/fotoakademija.lv\/wp-content\/uploads\/fOTOAKADEMIJA-valters-preimanis-350x197.jpg 350w, https:\/\/fotoakademija.lv\/wp-content\/uploads\/fOTOAKADEMIJA-valters-preimanis-480x270.jpg 480w, https:\/\/fotoakademija.lv\/wp-content\/uploads\/fOTOAKADEMIJA-valters-preimanis.jpg 2048w\" sizes=\"auto, (max-width: 300px) 100vw, 300px\" \/><\/p>\n<p>Olemme valokuva- ja videokoulu, jossa tarjoamme inspiroivia ja ammattimaisia valokuvauksen ja videon koulutuskursseja. Visiomme on edist\u00e4\u00e4 luovuutta ja kehitt\u00e4\u00e4 taitoja valokuvauksen ja videon saralla tarjoamalla laadukasta koulutusta ja mahdollisuuden tutustua t\u00e4h\u00e4n j\u00e4nnitt\u00e4v\u00e4\u00e4n taiteen muotoon.<\/p>\n<p>Kokeneiden valokuvaajien ja videokuvaajien asiantuntijatiimimme avulla tarjoamme erilaisia kursseja kaikille tasoille, aloittelijoista kokeneisiin ammattilaisiin. Uskomme henkil\u00f6kohtaiseen l\u00e4hestymistapaan ja k\u00e4yt\u00e4nn\u00f6n koulutukseen, mik\u00e4 auttaa opiskelijoitamme kehitt\u00e4m\u00e4\u00e4n taiteellisia ja teknisi\u00e4 puolia ja ymm\u00e4rt\u00e4m\u00e4\u00e4n niit\u00e4.<\/p>\n<p>Koulumme tarjoaa erilaisia kursseja perusteista erikoisaiheisiin, kuten muotokuvaukseen, tuotekuvaukseen, editointiin ja videotaideeseen. Pyrimme luomaan innostavan ja yst\u00e4v\u00e4llisen ymp\u00e4rist\u00f6n, jossa opiskelijamme voivat kehitt\u00e4\u00e4 taitojaan, jakaa kokemuksiaan ja saada tarvittavaa luottamusta ty\u00f6h\u00f6ns\u00e4.<\/p>\n<p>Seuraa meit\u00e4 Facebookissa, Instagramissa ja YouTubessa saadaksesi p\u00e4ivityksi\u00e4 kursseistamme, jakaa opiskelijoiden luovia saavutuksia ja osallistua j\u00e4nnitt\u00e4viin tapahtumiin. Yhdess\u00e4 selvitet\u00e4\u00e4n uusimmat trendit ja luodaan yhdess\u00e4 j\u00e4nnitt\u00e4v\u00e4 polku taidemaailman el\u00e4m\u00e4\u00e4n. Hae kursseillemme ja l\u00e4hde kanssamme luovuuden matkalle!<\/p>\n<ul>\n<li><em><strong><a href=\"https:\/\/www.facebook.com\/fotoakad\">Facebook<\/a><\/strong><\/em><\/li>\n<li><em><strong><a href=\"https:\/\/www.instagram.com\/fotoakademijalv\/\">Instagram<\/a><\/strong><\/em><\/li>\n<li><a href=\"https:\/\/www.youtube.com\/@FotoakademijaValtersPreimanis\"><em><strong>Youtube<\/strong><\/em><\/a><\/li>\n<\/ul>\n<p align=\"justify\">Jos sinulla on ehdotuksia PhotoAcademyn kehitt\u00e4miseksi, kuulemme mielell\u00e4mme ideasi!<\/p>\n<p align=\"justify\">Soita meille puh. 220\u201377\u2013202<br \/>\nKirjoittaa: <img loading=\"lazy\" decoding=\"async\" class=\"alignnone size-full wp-image-5709\" src=\"https:\/\/fotoakademija.lv\/wp-content\/uploads\/foto-at-fotoakademija.lv_.jpg\" alt=\"\" width=\"189\" height=\"20\" \/><\/p>\n<p><strong>Tarjoamme yksityisen valokuvauskurssin latvian zoomin kanssa<\/strong><\/p>\n<p><em>Opiskele mukavasti kotoa k\u00e4sin, <strong><a href=\"https:\/\/fotoakademija.lv\/fi\/yksityisia-valokuvatunteja-zoomilla-oppiaksesi-jotain-uutta\/\">liity<\/a><\/strong>!<\/em><\/p>\n<p>Hanki yksil\u00f6llinen l\u00e4hestymistapa <strong>Valokuvat<\/strong> ja <strong>videokuvaus<\/strong> oppiminen yksityistunteillamme <strong>Zoomaus<\/strong> alustalla. Tarjoamme henkil\u00f6kohtaisia oppitunteja, joissa ammattitaitoiset ohjaajat auttavat sinua kehitt\u00e4m\u00e4\u00e4n taitojasi ja ymm\u00e4rryst\u00e4si valokuva- ja videotaiteesta.<\/p>\n<p><strong>Kuinka se toimii:<\/strong><\/p>\n<ol>\n<li><em>K\u00e4yt\u00e4<\/em>: Valitse itsellesi sopiva aika ja hae yksityistunnille. (Yksi istunto 50Eur\/ 1h, 100Eur\/2h)<\/li>\n<li><em>Yksitt\u00e4iset oppitunnit<\/em>: Hanki henkil\u00f6kohtainen oppimiskokemus ottamalla yhteytt\u00e4 valokuvausohjaajaan verkossa.<\/li>\n<li><em>K\u00e4ytt\u00e4\u00e4 teknologioita<\/em>: Opi k\u00e4tev\u00e4sti Zoomin avulla poistumatta kotoa.<\/li>\n<\/ol>\n<p><strong>Ent\u00e4 yksityinen valokuvakoulutuskurssi?<\/strong><\/p>\n<p>Rekister\u00f6idy yksityisille valokuva- ja videotunneillemme saadaksesi yksil\u00f6llisen oppimiskokemuksen. Seuraa meit\u00e4 Facebookissa, Instagramissa ja YouTubessa saadaksesi p\u00e4ivityksi\u00e4 tarjouksistamme ja oppiaksesi lis\u00e4\u00e4 luovasta maailmasta. Kehit\u00e4 taitojasi nopeasti ja aloita luova matkasi kanssamme!<\/p>","protected":false},"excerpt":{"rendered":"<p>FotoAkad\u0113mija uzs\u0101ka savu darb\u012bbu 2005. gad\u0101. FotoAkad\u0113mija ir rad\u012bta tiem, kuriem nepietiek ar draugu padomiem un interneta resursiem, un kuri fotogr\u0101fijas pasaul\u0113 [&hellip;]<\/p>","protected":false},"author":1,"featured_media":0,"parent":0,"menu_order":0,"comment_status":"closed","ping_status":"closed","template":"","meta":{"footnotes":""},"class_list":["post-2884","page","type-page","status-publish","hentry"],"_links":{"self":[{"href":"https:\/\/fotoakademija.lv\/fi\/wp-json\/wp\/v2\/pages\/2884","targetHints":{"allow":["GET"]}}],"collection":[{"href":"https:\/\/fotoakademija.lv\/fi\/wp-json\/wp\/v2\/pages"}],"about":[{"href":"https:\/\/fotoakademija.lv\/fi\/wp-json\/wp\/v2\/types\/page"}],"author":[{"embeddable":true,"href":"https:\/\/fotoakademija.lv\/fi\/wp-json\/wp\/v2\/users\/1"}],"replies":[{"embeddable":true,"href":"https:\/\/fotoakademija.lv\/fi\/wp-json\/wp\/v2\/comments?post=2884"}],"version-history":[{"count":0,"href":"https:\/\/fotoakademija.lv\/fi\/wp-json\/wp\/v2\/pages\/2884\/revisions"}],"wp:attachment":[{"href":"https:\/\/fotoakademija.lv\/fi\/wp-json\/wp\/v2\/media?parent=2884"}],"curies":[{"name":"wp","href":"https:\/\/api.w.org\/{rel}","templated":true}]}}