{"id":2901,"date":"2018-05-02T14:50:13","date_gmt":"2018-05-02T14:50:13","guid":{"rendered":"https:\/\/fotoakademija.lv\/?page_id=2901"},"modified":"2023-12-04T11:32:22","modified_gmt":"2023-12-04T09:32:22","slug":"galvena-2","status":"publish","type":"page","link":"https:\/\/fotoakademija.lv\/fi\/paa-2\/","title":{"rendered":"Valokuvaus on helpoin luova ilmaisu nykymaailmassa"},"content":{"rendered":"<p>Valokuvaus on osoittautunut yhdeksi luovan ilmaisun saavutettavimmista tavoista. Voit hakea kursseille pikayhteyslomakkeella ja ilmoittamalla kurssin nimen.<\/p>\n<p>Valokuvauksesta on tullut paitsi suosittua, my\u00f6s yksi helpoimpia luovan ilmaisun harrastuksia nykymaailmassa. T\u00e4m\u00e4 j\u00e4nnitt\u00e4v\u00e4 toiminta on avoin melkein kaikille i\u00e4st\u00e4, kokemuksesta tai teknisist\u00e4 taidoista riippumatta. Valokuvauksen avulla voimme paitsi vangita erityisi\u00e4 hetki\u00e4, my\u00f6s kehitt\u00e4\u00e4 luovaa potentiaaliamme ja antaa meille mahdollisuuden jakaa maailman kanssa ainutlaatuisen n\u00e4k\u00f6kulman ja ymm\u00e4rryksen kautta.<\/p>\n<figure id=\"attachment_5315\" aria-describedby=\"caption-attachment-5315\" style=\"width: 200px\" class=\"wp-caption alignnone\"><img loading=\"lazy\" decoding=\"async\" class=\"size-medium wp-image-5315\" src=\"https:\/\/fotoakademija.lv\/wp-content\/uploads\/Valters-Preimanis-Izst\u0101de-portrets-200x300.jpg\" alt=\"V. Preimanis N\u00e4yttelymuotokuva\" width=\"200\" height=\"300\" srcset=\"https:\/\/fotoakademija.lv\/wp-content\/uploads\/Valters-Preimanis-Izst\u0101de-portrets-200x300.jpg 200w, https:\/\/fotoakademija.lv\/wp-content\/uploads\/Valters-Preimanis-Izst\u0101de-portrets-255x383.jpg 255w, https:\/\/fotoakademija.lv\/wp-content\/uploads\/Valters-Preimanis-Izst\u0101de-portrets.jpg 532w\" sizes=\"auto, (max-width: 200px) 100vw, 200px\" \/><figcaption id=\"caption-attachment-5315\" class=\"wp-caption-text\">Vilkaisu<\/figcaption><\/figure>\n<h3>Valaiseva ja j\u00e4nnitt\u00e4v\u00e4 harrastus<\/h3>\n<p>Valokuvaus on osoittautunut j\u00e4nnitt\u00e4v\u00e4ksi ja mukaansatempaavaksi harrastukseksi, joka tuo vertaansa vailla olevaa iloa. Olitpa aloittelija tai kokenut valokuvaaja, kamerasta tulee itseilmaisuv\u00e4line, joka avaa uusia tapoja n\u00e4hd\u00e4 ja ymm\u00e4rt\u00e4\u00e4 maailmaa. Jokainen seuraava kuva on mahdollisuus luoda ja jakaa visioitasi.<\/p>\n<h3>Ilmaisua ja luovuutta<\/h3>\n<p>Valokuvaus on ainutlaatuinen malli, joka avaa oven luovuuteen. Valitsitpa sitten maisema-, muotokuva- tai dokumenttivalokuvauksen, voimme ilmaista n\u00e4kemyst\u00e4mme ja tunteitamme luomalla kuvia, jotka kertovat tarinoita ilman sanoja. Valokuvaus on kieli, jota ymm\u00e4rret\u00e4\u00e4n kaikkialla maailmassa ja sen avulla voit ilmaista itse\u00e4si erilaisissa kulttuureissa ja ymp\u00e4rist\u00f6iss\u00e4.<\/p>\n<h3>Esteett\u00f6myys kaikille<\/h3>\n<p>Yksi valokuvauksen suurimmista eduista on sen helppok\u00e4ytt\u00f6isyys. Tekniikan kehittymisen my\u00f6t\u00e4 voimme ottaa upeita valokuvia yksinkertaisilla laitteilla, kuten matkapuhelimilla. T\u00e4m\u00e4 tarkoittaa, ett\u00e4 kuka tahansa voi aloittaa matkansa valokuvauksen maailmaan ilman suuria investointeja teknisiin laitteisiin.<\/p>\n<h3>Sosiaalinen puoli<\/h3>\n<p>Valokuvaus edist\u00e4\u00e4 sosiaalista viestint\u00e4\u00e4 antamalla sinulle mahdollisuuden jakaa t\u00f6it\u00e4si digitaalisissa kanavissa ja sosiaalisissa verkostoissa. T\u00e4m\u00e4 ei vain edist\u00e4 sosiaalista kommunikaatiota, vaan tarjoaa my\u00f6s mahdollisuuden saada palautetta ja syvent\u00e4\u00e4 taitojasi jakamalla kokemuksia muiden valokuvaajien kanssa.<\/p>\n<h3>Koulutusn\u00e4k\u00f6kulma<\/h3>\n<p>Valokuvaus on my\u00f6s koulutusprosessi, joka vaatii paitsi tekniikan hallitsemista my\u00f6s sommittelun, valon ja varjon ymm\u00e4rt\u00e4mist\u00e4. Erilaiset valokuvauskurssit, kirjat ja verkkoresurssit auttavat sinua hiomaan taitojasi ja laajentamaan n\u00e4kemyst\u00e4si kuvataiteesta.<\/p>\n<p>Valokuvaus on polku luovuuteen ja itseilmaisuun, joka on kaikkien saatavilla. Sen kyky vangita hetki\u00e4, ilmaista tunteita ja jakaa maailman kanssa tekee siit\u00e4 yhden luovan ilmaisun helppok\u00e4ytt\u00f6isimmist\u00e4 muodoista. Olitpa ammattivalokuvaaja tai vasta aloittamassa matkaasi valokuvauksen maailmaan, t\u00e4m\u00e4 toiminta tarjoaa loputtomasti mahdollisuuksia kehittymiseen ja nautintoon. Aloita kuvien ottaminen ja tutki maailmaa uusilla silmill\u00e4!<\/p>","protected":false},"excerpt":{"rendered":"<p>Fotograf\u0113\u0161ana sevi ir pier\u0101d\u012bjusi k\u0101 viena no vispieejam\u0101kaj\u0101m rado\u0161\u0101s izpausmes nodarb\u0113m.\u00a0Pieteikties kursiem var izmantojot \u0101tro sazi\u0146as formu un nor\u0101dot kursu nosaukumu. Fotograf\u0113\u0161ana [&hellip;]<\/p>","protected":false},"author":1,"featured_media":0,"parent":0,"menu_order":0,"comment_status":"closed","ping_status":"closed","template":"","meta":{"footnotes":""},"class_list":["post-2901","page","type-page","status-publish","hentry"],"_links":{"self":[{"href":"https:\/\/fotoakademija.lv\/fi\/wp-json\/wp\/v2\/pages\/2901","targetHints":{"allow":["GET"]}}],"collection":[{"href":"https:\/\/fotoakademija.lv\/fi\/wp-json\/wp\/v2\/pages"}],"about":[{"href":"https:\/\/fotoakademija.lv\/fi\/wp-json\/wp\/v2\/types\/page"}],"author":[{"embeddable":true,"href":"https:\/\/fotoakademija.lv\/fi\/wp-json\/wp\/v2\/users\/1"}],"replies":[{"embeddable":true,"href":"https:\/\/fotoakademija.lv\/fi\/wp-json\/wp\/v2\/comments?post=2901"}],"version-history":[{"count":0,"href":"https:\/\/fotoakademija.lv\/fi\/wp-json\/wp\/v2\/pages\/2901\/revisions"}],"wp:attachment":[{"href":"https:\/\/fotoakademija.lv\/fi\/wp-json\/wp\/v2\/media?parent=2901"}],"curies":[{"name":"wp","href":"https:\/\/api.w.org\/{rel}","templated":true}]}}