{"id":2911,"date":"2018-05-02T15:23:43","date_gmt":"2018-05-02T15:23:43","guid":{"rendered":"https:\/\/fotoakademija.lv\/?page_id=2911"},"modified":"2024-02-07T14:23:56","modified_gmt":"2024-02-07T12:23:56","slug":"vakances","status":"publish","type":"page","link":"https:\/\/fotoakademija.lv\/fi\/avoimet-tyopaikat\/","title":{"rendered":"Avoimet ty\u00f6paikat"},"content":{"rendered":"<figure class=\"wp-block-image size-large\"><img loading=\"lazy\" decoding=\"async\" width=\"1024\" height=\"683\" src=\"https:\/\/fotoakademija.lv\/wp-content\/uploads\/2024\/02\/photographer-assistant-woman-collage-minimalist-two-1024x683.png\" alt=\"\" class=\"wp-image-6054\" srcset=\"https:\/\/fotoakademija.lv\/wp-content\/uploads\/2024\/02\/photographer-assistant-woman-collage-minimalist-two-1024x683.png?v=1707308596 1024w, https:\/\/fotoakademija.lv\/wp-content\/uploads\/2024\/02\/photographer-assistant-woman-collage-minimalist-two-300x200.png?v=1707308596 300w, https:\/\/fotoakademija.lv\/wp-content\/uploads\/2024\/02\/photographer-assistant-woman-collage-minimalist-two-768x512.png?v=1707308596 768w, https:\/\/fotoakademija.lv\/wp-content\/uploads\/2024\/02\/photographer-assistant-woman-collage-minimalist-two-18x12.png?v=1707308596 18w, https:\/\/fotoakademija.lv\/wp-content\/uploads\/2024\/02\/photographer-assistant-woman-collage-minimalist-two-1000x667.png?v=1707308596 1000w, https:\/\/fotoakademija.lv\/wp-content\/uploads\/2024\/02\/photographer-assistant-woman-collage-minimalist-two-230x153.png?v=1707308596 230w, https:\/\/fotoakademija.lv\/wp-content\/uploads\/2024\/02\/photographer-assistant-woman-collage-minimalist-two-350x233.png?v=1707308596 350w, https:\/\/fotoakademija.lv\/wp-content\/uploads\/2024\/02\/photographer-assistant-woman-collage-minimalist-two-480x320.png?v=1707308596 480w, https:\/\/fotoakademija.lv\/wp-content\/uploads\/2024\/02\/photographer-assistant-woman-collage-minimalist-two.png?v=1707308596 1344w\" sizes=\"auto, (max-width: 1024px) 100vw, 1024px\" \/><\/figure>\n\n\n\n<p class=\"has-medium-font-size\">Fotoakademija.lv avoimet ty\u00f6paikat ovat avoinna<\/p>\n\n\n\n<ul class=\"wp-block-list\" id=\"primary-menu\">\n<li><a href=\"https:\/\/fotoakademija.lv\/fi\/malli-avoimet-tyopaikat-luonnonymparisto-tayden-palvelun\/\" aria-current=\"page\">Avoimet mallity\u00f6paikat<\/a><\/li>\n\n\n\n<li><a href=\"https:\/\/fotoakademija.lv\/fi\/video-makslinieci-valokuvaakatemian-henkilostotiimi\/\">Videotaiteilija<\/a><\/li>\n<\/ul>\n\n\n\n<p class=\"has-medium-font-size\"><em><strong>Muita vapaita ty\u00f6paikkoja ei t\u00e4ll\u00e4 hetkell\u00e4 ole tarjolla.<\/strong><\/em><\/p>\n\n\n\n<ul class=\"wp-block-list\">\n<li>Valokuvauksen opettaja<\/li>\n\n\n\n<li>Videotaiteen ohjaaja<\/li>\n\n\n\n<li>Videooperaattori<\/li>\n\n\n\n<li>Videon muokkausoperaattori<\/li>\n<\/ul>\n\n\n\n<p>Puhelin tiedustelut: 220-77-202<\/p>","protected":false},"excerpt":{"rendered":"<p>Atv\u0113rtas Fotoakademija.lv vakances Citas vakances \u0161obr\u012bd nav pieejamas. T\u0101lrunis uzzi\u0146\u0101m: 220&#8211;77&#8211;202<\/p>","protected":false},"author":1,"featured_media":6055,"parent":0,"menu_order":0,"comment_status":"closed","ping_status":"closed","template":"","meta":{"footnotes":""},"class_list":["post-2911","page","type-page","status-publish","has-post-thumbnail","hentry"],"_links":{"self":[{"href":"https:\/\/fotoakademija.lv\/fi\/wp-json\/wp\/v2\/pages\/2911","targetHints":{"allow":["GET"]}}],"collection":[{"href":"https:\/\/fotoakademija.lv\/fi\/wp-json\/wp\/v2\/pages"}],"about":[{"href":"https:\/\/fotoakademija.lv\/fi\/wp-json\/wp\/v2\/types\/page"}],"author":[{"embeddable":true,"href":"https:\/\/fotoakademija.lv\/fi\/wp-json\/wp\/v2\/users\/1"}],"replies":[{"embeddable":true,"href":"https:\/\/fotoakademija.lv\/fi\/wp-json\/wp\/v2\/comments?post=2911"}],"version-history":[{"count":0,"href":"https:\/\/fotoakademija.lv\/fi\/wp-json\/wp\/v2\/pages\/2911\/revisions"}],"wp:featuredmedia":[{"embeddable":true,"href":"https:\/\/fotoakademija.lv\/fi\/wp-json\/wp\/v2\/media\/6055"}],"wp:attachment":[{"href":"https:\/\/fotoakademija.lv\/fi\/wp-json\/wp\/v2\/media?parent=2911"}],"curies":[{"name":"wp","href":"https:\/\/api.w.org\/{rel}","templated":true}]}}