{"id":5488,"date":"2018-05-19T12:49:27","date_gmt":"2018-05-19T12:49:27","guid":{"rendered":"https:\/\/fotoakademija.lv\/?page_id=5488"},"modified":"2023-12-05T06:46:33","modified_gmt":"2023-12-05T04:46:33","slug":"piedavajam-kursus","status":"publish","type":"page","link":"https:\/\/fotoakademija.lv\/fi\/tarjoamme-kursseja\/","title":{"rendered":"Tarjoamme kursseja"},"content":{"rendered":"<p>Uusimmat kurssit<\/p>\n<blockquote><p><em>Valokuvaus on osoittautunut yhdeksi luovan ilmaisun saavutettavimmista harrastuksista - Valters Preimanis<\/em><\/p><\/blockquote>\n<h2 align=\"justify\">TARJOAMME KURSSIT:<\/h2>\n<hr \/>\n<p align=\"justify\">Valokuvakurssit on suunnattu eri tasoisille kuulijoille. Ryhmiss\u00e4 on enint\u00e4\u00e4n 10 henkil\u00f6\u00e4. Kurssin p\u00e4\u00e4tteeksi saat todistuksen kurssin onnistuneesta suorittamisesta.<\/p>\n<ul>\n<li><a href=\"https:\/\/fotoakademija.lv\/fi\/ohjelma-yksityistuntien-kuvausta-ja-valokuvausta-dronilla\/\">Ohjelma: Yksityistunteja kuvaamiseen ja valokuvaamiseen dronilla<\/a><\/li>\n<li><a href=\"https:\/\/fotoakademija.lv\/fi\/yksityisia-valokuvatunteja-zoomilla-oppiaksesi-jotain-uutta\/\">Yksityisi\u00e4 valokuvatunteja Zoomilla oppiaksesi jotain uutta<\/a><\/li>\n<li><a href=\"https:\/\/fotoakademija.lv\/fi\/adobe-photoshop-lightroom\/\">Adobe Photoshop ja Lightroom<\/a><\/li>\n<li><a href=\"https:\/\/fotoakademija.lv\/fi\/valokuvauksen-kaytannon-perusteet\/\">Valokuvauksen k\u00e4yt\u00e4nn\u00f6n perusteet<\/a><\/li>\n<\/ul>\n<p>Kurssin osallistujille tarjotaan tee- ja kahvitauko.<\/p>\n<p>Alennukset:<\/p>\n<ul>\n<li style=\"list-style-type: none;\">\n<ul>\n<li>Kun opiskelet yht\u00e4 kurssia meill\u00e4, saat 10% alennuksen toisen kurssin opiskelusta!<\/li>\n<li>Kun tulette pariksi, saatte molemmat 10% alennuksen!<\/li>\n<\/ul>\n<\/li>\n<\/ul>\n<p><img loading=\"lazy\" decoding=\"async\" class=\"alignnone size-medium wp-image-5604\" src=\"https:\/\/fotoakademija.lv\/wp-content\/uploads\/Foto_akademija_3-300x203.jpg\" alt=\"\" width=\"300\" height=\"203\" srcset=\"https:\/\/fotoakademija.lv\/wp-content\/uploads\/Foto_akademija_3-300x203.jpg 300w, https:\/\/fotoakademija.lv\/wp-content\/uploads\/Foto_akademija_3-768x520.jpg 768w, https:\/\/fotoakademija.lv\/wp-content\/uploads\/Foto_akademija_3-1024x693.jpg 1024w, https:\/\/fotoakademija.lv\/wp-content\/uploads\/Foto_akademija_3-255x173.jpg 255w, https:\/\/fotoakademija.lv\/wp-content\/uploads\/Foto_akademija_3-600x406.jpg 600w, https:\/\/fotoakademija.lv\/wp-content\/uploads\/Foto_akademija_3.jpg 1920w\" sizes=\"auto, (max-width: 300px) 100vw, 300px\" \/><\/p>\n<h4 align=\"justify\">Voit hakea kursseille pikayhteyslomakkeella ja ilmoittamalla kurssin nimen.<\/h4>\n<p>Puhelin 220-77-202<\/p>","protected":false},"excerpt":{"rendered":"<p>Jaun\u0101kie kursi Fotograf\u0113\u0161ana sevi ir pier\u0101d\u012bjusi k\u0101 viena no vispieejam\u0101kaj\u0101m rado\u0161\u0101s izpausmes nodarb\u0113m &#8211; Fotogr\u0101fs Valters Preimanis PIED\u0100V\u0100JAM KURSUS: Foto kursi ir [&hellip;]<\/p>","protected":false},"author":1,"featured_media":0,"parent":0,"menu_order":0,"comment_status":"closed","ping_status":"closed","template":"","meta":{"footnotes":""},"class_list":["post-5488","page","type-page","status-publish","hentry"],"_links":{"self":[{"href":"https:\/\/fotoakademija.lv\/fi\/wp-json\/wp\/v2\/pages\/5488","targetHints":{"allow":["GET"]}}],"collection":[{"href":"https:\/\/fotoakademija.lv\/fi\/wp-json\/wp\/v2\/pages"}],"about":[{"href":"https:\/\/fotoakademija.lv\/fi\/wp-json\/wp\/v2\/types\/page"}],"author":[{"embeddable":true,"href":"https:\/\/fotoakademija.lv\/fi\/wp-json\/wp\/v2\/users\/1"}],"replies":[{"embeddable":true,"href":"https:\/\/fotoakademija.lv\/fi\/wp-json\/wp\/v2\/comments?post=5488"}],"version-history":[{"count":0,"href":"https:\/\/fotoakademija.lv\/fi\/wp-json\/wp\/v2\/pages\/5488\/revisions"}],"wp:attachment":[{"href":"https:\/\/fotoakademija.lv\/fi\/wp-json\/wp\/v2\/media?parent=5488"}],"curies":[{"name":"wp","href":"https:\/\/api.w.org\/{rel}","templated":true}]}}