{"id":5548,"date":"2018-05-20T18:29:13","date_gmt":"2018-05-20T15:29:13","guid":{"rendered":"https:\/\/fotoakademija.lv\/?page_id=5548"},"modified":"2024-02-07T09:48:21","modified_gmt":"2024-02-07T07:48:21","slug":"%d1%84%d0%be%d1%82%d0%be%d0%ba%d1%83%d1%80%d1%81%d1%8b","status":"publish","type":"page","link":"https:\/\/fotoakademija.lv\/fi\/\u0444\u043e\u0442\u043e\u043a\u0443\u0440\u0441\u044b\/","title":{"rendered":"Valokuvakurssit"},"content":{"rendered":"<p>Valokuvaus on osoittautunut yhdeksi luovan ilmaisun saavutettavimmista tavoista.<\/p>\n\n\n\n<figure class=\"wp-block-image\"><img loading=\"lazy\" decoding=\"async\" width=\"1024\" height=\"683\" src=\"https:\/\/fotoakademija.lv\/wp-content\/uploads\/2024\/02\/Kolazas-Mzaikas-Valters-Preimanis-1024x683.jpg\" alt=\"Valters Preimanis Kolaz Mzaikasista\" class=\"wp-image-5925\" srcset=\"https:\/\/fotoakademija.lv\/wp-content\/uploads\/2024\/02\/Kolazas-Mzaikas-Valters-Preimanis-1024x683.jpg 1024w, https:\/\/fotoakademija.lv\/wp-content\/uploads\/2024\/02\/Kolazas-Mzaikas-Valters-Preimanis-300x200.jpg 300w, https:\/\/fotoakademija.lv\/wp-content\/uploads\/2024\/02\/Kolazas-Mzaikas-Valters-Preimanis-768x512.jpg 768w, https:\/\/fotoakademija.lv\/wp-content\/uploads\/2024\/02\/Kolazas-Mzaikas-Valters-Preimanis-1536x1024.jpg 1536w, https:\/\/fotoakademija.lv\/wp-content\/uploads\/2024\/02\/Kolazas-Mzaikas-Valters-Preimanis-2048x1365.jpg 2048w, https:\/\/fotoakademija.lv\/wp-content\/uploads\/2024\/02\/Kolazas-Mzaikas-Valters-Preimanis-18x12.jpg 18w, https:\/\/fotoakademija.lv\/wp-content\/uploads\/2024\/02\/Kolazas-Mzaikas-Valters-Preimanis-1000x667.jpg 1000w, https:\/\/fotoakademija.lv\/wp-content\/uploads\/2024\/02\/Kolazas-Mzaikas-Valters-Preimanis-230x153.jpg 230w, https:\/\/fotoakademija.lv\/wp-content\/uploads\/2024\/02\/Kolazas-Mzaikas-Valters-Preimanis-350x233.jpg 350w, https:\/\/fotoakademija.lv\/wp-content\/uploads\/2024\/02\/Kolazas-Mzaikas-Valters-Preimanis-480x320.jpg 480w\" sizes=\"auto, (max-width: 1024px) 100vw, 1024px\" \/><\/figure>\n\n\n\n<h2 class=\"wp-block-heading\">VALOKURSSIT:<\/h2>\n\n\n\n<hr class=\"wp-block-separator has-alpha-channel-opacity\"\/>\n\n\n\n<p>Lis\u00e4ksi valokuvauksesta on nyky\u00e4\u00e4n tullut paitsi taiteellisen ilmaisun muoto, my\u00f6s eritt\u00e4in arvostettu hy\u00f6dyke. Se ei vain anna sinun l\u00f6yt\u00e4\u00e4 tunteidesi ja ajatustesi maailmaa, vaan avaa my\u00f6s mahdollisuuden parantaa itse\u00e4si ammatillisella alalla ja hankkia uusi identiteetti.<\/p>\n\n\n\n<p>FotoAcademian valokuvakurssiohjelmat on suunniteltu siten, ett\u00e4 kurssin p\u00e4\u00e4tytty\u00e4 sinulla on paitsi k\u00e4sitys modernin valokuvauksen teknisist\u00e4 ja luovista puolista, my\u00f6s tietoa ja taitoja, joita voit soveltaa ammatillisessa toiminnassasi. T\u00e4\u00e4ll\u00e4 ammattivalokuvaajat auttavat sinua oppimaan teoreettisia n\u00e4k\u00f6kohtia, antaen sinulle mahdollisuuden oppia ja t\u00e4ydent\u00e4\u00e4 ajatuksiasi valosta, v\u00e4reist\u00e4, sommittelusta ja genrest\u00e4. T\u00e4rke\u00e4 osa koulutusta on my\u00f6s itsen\u00e4inen ty\u00f6 ja kotiteht\u00e4v\u00e4t.<\/p>\n\n\n\n<p class=\"has-medium-font-size\">Kurssit on suunnattu eri tasoisille kuuntelijoille. Ryhmiss\u00e4 on enint\u00e4\u00e4n 10 henkil\u00f6\u00e4. Kurssin p\u00e4\u00e4tteeksi saat todistuksen.<\/p>\n\n\n\n<p>Kurssin osallistujille tarjotaan kahvitaukoja.<\/p>\n\n\n\n<p>Alennukset:<\/p>\n\n\n\n<ul class=\"wp-block-list\">\n<li>Kun opiskelet yht\u00e4 kurssia meill\u00e4, saat 10% alennuksen toisen kurssin opiskelusta!<\/li>\n\n\n\n<li>Kun tulette pariksi, saatte molemmat 10% alennuksen!<\/li>\n<\/ul>\n\n\n\n<h4 class=\"wp-block-heading\">Voit hakea kursseille pikayhteyslomakkeella ja ilmoittamalla kurssin nimen.<\/h4>","protected":false},"excerpt":{"rendered":"<p>Fotograf\u0113\u0161ana sevi ir pier\u0101d\u012bjusi k\u0101 viena no vispieejam\u0101kaj\u0101m rado\u0161\u0101s izpausmes nodarb\u0113m. FOTOKURSI: Turkl\u0101t fotogr\u0101fija \u0161odien ir k\u013cuvusi ne tikai par m\u0101kslas izpausmes [&hellip;]<\/p>","protected":false},"author":1,"featured_media":0,"parent":0,"menu_order":0,"comment_status":"closed","ping_status":"closed","template":"","meta":{"footnotes":""},"class_list":["post-5548","page","type-page","status-publish","hentry"],"_links":{"self":[{"href":"https:\/\/fotoakademija.lv\/fi\/wp-json\/wp\/v2\/pages\/5548","targetHints":{"allow":["GET"]}}],"collection":[{"href":"https:\/\/fotoakademija.lv\/fi\/wp-json\/wp\/v2\/pages"}],"about":[{"href":"https:\/\/fotoakademija.lv\/fi\/wp-json\/wp\/v2\/types\/page"}],"author":[{"embeddable":true,"href":"https:\/\/fotoakademija.lv\/fi\/wp-json\/wp\/v2\/users\/1"}],"replies":[{"embeddable":true,"href":"https:\/\/fotoakademija.lv\/fi\/wp-json\/wp\/v2\/comments?post=5548"}],"version-history":[{"count":0,"href":"https:\/\/fotoakademija.lv\/fi\/wp-json\/wp\/v2\/pages\/5548\/revisions"}],"wp:attachment":[{"href":"https:\/\/fotoakademija.lv\/fi\/wp-json\/wp\/v2\/media?parent=5548"}],"curies":[{"name":"wp","href":"https:\/\/api.w.org\/{rel}","templated":true}]}}