{"id":5558,"date":"2018-05-21T10:41:09","date_gmt":"2018-05-21T07:41:09","guid":{"rendered":"https:\/\/fotoakademija.lv\/?page_id=5558"},"modified":"2018-05-21T11:26:45","modified_gmt":"2018-05-21T08:26:45","slug":"i-limenis","status":"publish","type":"page","link":"https:\/\/fotoakademija.lv\/fi\/valokuvakursseja\/i-taso\/","title":{"rendered":"Taso I \u2013 Aloittelijat"},"content":{"rendered":"<h3><b>Valokuvauksen perusteet: Hyv\u00e4 laukaus ei ole sattumaa<\/b><\/h3>\n<p align=\"justify\">N\u00e4m\u00e4 valokuvauskurssit ovat sinulle, jos kuviesi laatu on t\u00e4h\u00e4n asti riippunut tuurista ja kameran automaattitilan ominaisuuksista. Niiden avulla voit paitsi oppia ammattivalokuvauksen perusperiaatteet, my\u00f6s antaa sinulle k\u00e4sityksen valokuvauksen laajasta maailmasta taiteena. Valokuviesi laatu ei en\u00e4\u00e4 riipu sattumasta. Et vain opi ottamaan kuvia taitavasti, vaan saat my\u00f6s k\u00e4sityksen valokuvausprosessista, mik\u00e4 on riitt\u00e4v\u00e4 perusta tulevalle kasvullesi. Kun pid\u00e4t kameraa k\u00e4siss\u00e4si, olet tietoinen halutusta tuloksesta, ymm\u00e4rr\u00e4t sen saavuttamiseen tarvittavat edellytykset ja osaat toteuttaa sen, mit\u00e4 olet p\u00e4\u00e4tt\u00e4nyt tehd\u00e4.<\/p>\n<p align=\"justify\">[vc_row][vc_column]<\/p>\n<p align=\"justify\">[u_post_grid title=\u201dUusimmat kurssit\u201d description=\u201dValokuvaus on osoittautunut yhdeksi luovan ilmaisun saavutettavimmista tavoista. \u201d link_text=\u201dUusimmat kurssit\u201d link_url=\u201dhttps:\/\/fotoakademija.lv\/lv\/fotokursi\/\u201d post_type=\u201du_course\u201d show_date=\u201d1\u2033 show_price=\u201d0\u2033 show_venue=\u201d1\u2033 show_time=\u201d1\u2033 gallery= &quot;0&quot;]<\/p>\n<p align=\"justify\">[\/vc_column][\/vc_row]<\/p>\n<p align=\"justify\">[vc_row][vc_column]<\/p>\n<p align=\"justify\">[u_course_list count=&#8221;10&#8243; order=&#8221;DESC&#8221; orderby=&#8221;date&#8221;][\/vc_column][\/vc_row][vc_row][vc_column][u_event_list count=&#8221;10&#8243; order=&#8221;DESC&#8221; orderby=&#8221;date&#8221;]<\/p>\n<p align=\"justify\">[\/vc_column][\/vc_row]<\/p>\n<h4 style=\"text-align: center;\" align=\"justify\">Voit hakea kursseille pikayhteyslomakkeella ja ilmoittamalla kurssin nimen.<\/h4>\n<p>[vc_row][vc_column][contact-form-7 id=&#8221;5079&#8243;][\/vc_column][\/vc_row]<\/p>","protected":false},"excerpt":{"rendered":"<p>Fotograf\u0113\u0161anas pamati: labs kadrs nav nejau\u0161\u012bba \u0160ie fotograf\u0113\u0161anas kursi ir dom\u0101ti Jums, ja l\u012bdz \u0161im J\u016bsu fotogr\u0101fiju kvalit\u0101te bija atkar\u012bga no veiksmes [&hellip;]<\/p>","protected":false},"author":1,"featured_media":4713,"parent":2862,"menu_order":0,"comment_status":"closed","ping_status":"closed","template":"","meta":{"footnotes":""},"class_list":["post-5558","page","type-page","status-publish","has-post-thumbnail","hentry"],"_links":{"self":[{"href":"https:\/\/fotoakademija.lv\/fi\/wp-json\/wp\/v2\/pages\/5558","targetHints":{"allow":["GET"]}}],"collection":[{"href":"https:\/\/fotoakademija.lv\/fi\/wp-json\/wp\/v2\/pages"}],"about":[{"href":"https:\/\/fotoakademija.lv\/fi\/wp-json\/wp\/v2\/types\/page"}],"author":[{"embeddable":true,"href":"https:\/\/fotoakademija.lv\/fi\/wp-json\/wp\/v2\/users\/1"}],"replies":[{"embeddable":true,"href":"https:\/\/fotoakademija.lv\/fi\/wp-json\/wp\/v2\/comments?post=5558"}],"version-history":[{"count":0,"href":"https:\/\/fotoakademija.lv\/fi\/wp-json\/wp\/v2\/pages\/5558\/revisions"}],"up":[{"embeddable":true,"href":"https:\/\/fotoakademija.lv\/fi\/wp-json\/wp\/v2\/pages\/2862"}],"wp:featuredmedia":[{"embeddable":true,"href":"https:\/\/fotoakademija.lv\/fi\/wp-json\/wp\/v2\/media\/4713"}],"wp:attachment":[{"href":"https:\/\/fotoakademija.lv\/fi\/wp-json\/wp\/v2\/media?parent=5558"}],"curies":[{"name":"wp","href":"https:\/\/api.w.org\/{rel}","templated":true}]}}