{"id":5854,"date":"2024-01-26T16:22:12","date_gmt":"2024-01-26T14:22:12","guid":{"rendered":"https:\/\/fotoakademija.lv\/?page_id=5854"},"modified":"2025-05-18T11:03:23","modified_gmt":"2025-05-18T08:03:23","slug":"modelu-vakances-dabiga-vide-pilna-apgerba","status":"publish","type":"page","link":"https:\/\/fotoakademija.lv\/fi\/malli-avoimet-tyopaikat-luonnonymparisto-tayden-palvelun\/","title":{"rendered":"Mallia avoimia ty\u00f6paikkoja luonnollisessa ymp\u00e4rist\u00f6ss\u00e4"},"content":{"rendered":"<p class=\"has-medium-font-size\">Mallity\u00f6t\u00e4 Riiassa, kuvauksia studiossa ja luonnollisessa ymp\u00e4rist\u00f6ss\u00e4<\/p>\n\n\n\n<p><strong>Kuvaakatemia tarjoaa ty\u00f6t\u00e4 valokuva- ja videomalleille, sinulla on mahdollisuus oppia kuvaamisen ohessa!<\/strong><\/p>\n\n\n\n<figure class=\"wp-block-image size-full\"><img loading=\"lazy\" decoding=\"async\" width=\"1920\" height=\"1080\" src=\"https:\/\/fotoakademija.lv\/wp-content\/uploads\/2024\/01\/Kadru-plans-foto-un-video-modeliem-6.png\" alt=\"\" class=\"wp-image-5877\" srcset=\"https:\/\/fotoakademija.lv\/wp-content\/uploads\/2024\/01\/Kadru-plans-foto-un-video-modeliem-6.png 1920w, https:\/\/fotoakademija.lv\/wp-content\/uploads\/2024\/01\/Kadru-plans-foto-un-video-modeliem-6-300x169.png 300w, https:\/\/fotoakademija.lv\/wp-content\/uploads\/2024\/01\/Kadru-plans-foto-un-video-modeliem-6-1024x576.png 1024w, https:\/\/fotoakademija.lv\/wp-content\/uploads\/2024\/01\/Kadru-plans-foto-un-video-modeliem-6-768x432.png 768w, https:\/\/fotoakademija.lv\/wp-content\/uploads\/2024\/01\/Kadru-plans-foto-un-video-modeliem-6-1536x864.png 1536w, https:\/\/fotoakademija.lv\/wp-content\/uploads\/2024\/01\/Kadru-plans-foto-un-video-modeliem-6-18x10.png 18w, https:\/\/fotoakademija.lv\/wp-content\/uploads\/2024\/01\/Kadru-plans-foto-un-video-modeliem-6-1000x563.png 1000w, https:\/\/fotoakademija.lv\/wp-content\/uploads\/2024\/01\/Kadru-plans-foto-un-video-modeliem-6-230x129.png 230w, https:\/\/fotoakademija.lv\/wp-content\/uploads\/2024\/01\/Kadru-plans-foto-un-video-modeliem-6-350x197.png 350w, https:\/\/fotoakademija.lv\/wp-content\/uploads\/2024\/01\/Kadru-plans-foto-un-video-modeliem-6-480x270.png 480w\" sizes=\"auto, (max-width: 1920px) 100vw, 1920px\" \/><figcaption class=\"wp-element-caption\"><strong>Sinulla on mahdollisuus oppia kuvaamisen aikana!<\/strong><\/figcaption><\/figure>\n\n\n\n<p class=\"has-medium-font-size\">Yhteystiedot: Valters (Fotoakademija.lv). Mallity\u00f6 on korvausta vastaan. <\/p>\n\n\n\n<p class=\"has-medium-font-size\"><strong>Hakeaksesi l\u00e4het\u00e4 kokopitk\u00e4 valokuvasi osoitteeseen <strong>valokuva-akatemia<\/strong>(at)gmail.com<\/strong><\/p>\n\n\n\n<p><a href=\"https:\/\/fotoakademija.lv\/fi\/kehyssuunnitelma-valokuva-ja-videomalleille\/\" data-type=\"post\" data-id=\"5871\"><strong>Kehyssuunnitelma valokuva- ja videomalleille<\/strong><\/a><\/p>\n\n\n\n<p>Mallity\u00f6 on j\u00e4nnitt\u00e4v\u00e4 ja luova ammatti, joka antaa mahdollisuuden ty\u00f6skennell\u00e4 erilaisten ihmisten ja yritysten kanssa sek\u00e4 ilmaista itse\u00e4si luovasti. Valokuva- ja videomallit ovat vastuussa tietyn kuvan tai tuotteen esitt\u00e4misest\u00e4 omalla ulkoasullaan ja persoonallisuudellaan.<\/p>\n\n\n\n<p class=\"has-very-light-gray-to-cyan-bluish-gray-gradient-background has-background\"><strong>Valokuva-akatemia<\/strong> tarjoaa t\u00f6it\u00e4 valokuva- ja videomalleille. Projektimme ovat p\u00e4\u00e4s\u00e4\u00e4nt\u00f6isesti yksip\u00e4iv\u00e4isi\u00e4, mutta voivat olla my\u00f6s t\u00e4ysipalkkaisia monip\u00e4iv\u00e4t\u00f6it\u00e4. Valokuvaus tai kuvaaminen tapahtuu studiossa tai luonnonymp\u00e4rist\u00f6ss\u00e4 vuodenajan vaatteissa.<\/p>\n\n\n\n<figure class=\"wp-block-image size-full\"><img loading=\"lazy\" decoding=\"async\" width=\"1920\" height=\"1080\" src=\"https:\/\/fotoakademija.lv\/wp-content\/uploads\/2024\/01\/Kadru-plans-foto-un-video-modeliem-9.png\" alt=\"\" class=\"wp-image-5883\" srcset=\"https:\/\/fotoakademija.lv\/wp-content\/uploads\/2024\/01\/Kadru-plans-foto-un-video-modeliem-9.png 1920w, https:\/\/fotoakademija.lv\/wp-content\/uploads\/2024\/01\/Kadru-plans-foto-un-video-modeliem-9-300x169.png 300w, https:\/\/fotoakademija.lv\/wp-content\/uploads\/2024\/01\/Kadru-plans-foto-un-video-modeliem-9-1024x576.png 1024w, https:\/\/fotoakademija.lv\/wp-content\/uploads\/2024\/01\/Kadru-plans-foto-un-video-modeliem-9-768x432.png 768w, https:\/\/fotoakademija.lv\/wp-content\/uploads\/2024\/01\/Kadru-plans-foto-un-video-modeliem-9-1536x864.png 1536w, https:\/\/fotoakademija.lv\/wp-content\/uploads\/2024\/01\/Kadru-plans-foto-un-video-modeliem-9-18x10.png 18w, https:\/\/fotoakademija.lv\/wp-content\/uploads\/2024\/01\/Kadru-plans-foto-un-video-modeliem-9-1000x563.png 1000w, https:\/\/fotoakademija.lv\/wp-content\/uploads\/2024\/01\/Kadru-plans-foto-un-video-modeliem-9-230x129.png 230w, https:\/\/fotoakademija.lv\/wp-content\/uploads\/2024\/01\/Kadru-plans-foto-un-video-modeliem-9-350x197.png 350w, https:\/\/fotoakademija.lv\/wp-content\/uploads\/2024\/01\/Kadru-plans-foto-un-video-modeliem-9-480x270.png 480w\" sizes=\"auto, (max-width: 1920px) 100vw, 1920px\" \/><figcaption class=\"wp-element-caption\"><strong>Valokuva-akatemia<\/strong> tarjoaa ty\u00f6t\u00e4 valokuva- ja videomalleille, toteuta unelmasi<\/figcaption><\/figure>\n\n\n\n<p class=\"has-medium-font-size\">Mallinnukseen tarvittavat taidot<\/p>\n\n\n\n<p>Onnistuneen valokuva- ja videomallin saavuttamiseksi on t\u00e4rke\u00e4\u00e4 kehitt\u00e4\u00e4 seuraavat taidot:<\/p>\n\n\n\n<ul class=\"wp-block-list\">\n<li><strong>Ulkomuoto:<\/strong> mallin ulkon\u00e4k\u00f6 on h\u00e4nen ty\u00f6ns\u00e4 perusta. H\u00e4nell\u00e4 on oltava harmoniset kasvojen ja vartalon mittasuhteet.<\/li>\n\n\n\n<li><strong>Persoonallisuus:<\/strong> mallin persoonallisuus on h\u00e4nelle t\u00e4rke\u00e4\u00e4, jotta h\u00e4n voi kest\u00e4\u00e4 pitki\u00e4 valokuvaus- tai kuvaussessioita. H\u00e4nen tulee olla yst\u00e4v\u00e4llinen, avoin ja yhteisty\u00f6kykyinen.<\/li>\n\n\n\n<li><strong>Ammattimainen asenne:<\/strong> mallity\u00f6ss\u00e4 tulee olla ammattimaista asennetta. H\u00e4nen on oltava t\u00e4sm\u00e4llinen, perusteellinen ja noudatettava asiakkaan ohjeita.<\/li>\n<\/ul>\n\n\n\n<figure class=\"wp-block-image size-full\"><img loading=\"lazy\" decoding=\"async\" width=\"1920\" height=\"1080\" src=\"https:\/\/fotoakademija.lv\/wp-content\/uploads\/2024\/01\/Kadru-plans-foto-un-video-modeliem-2-1.png\" alt=\"\" class=\"wp-image-5879\" srcset=\"https:\/\/fotoakademija.lv\/wp-content\/uploads\/2024\/01\/Kadru-plans-foto-un-video-modeliem-2-1.png 1920w, https:\/\/fotoakademija.lv\/wp-content\/uploads\/2024\/01\/Kadru-plans-foto-un-video-modeliem-2-1-300x169.png 300w, https:\/\/fotoakademija.lv\/wp-content\/uploads\/2024\/01\/Kadru-plans-foto-un-video-modeliem-2-1-1024x576.png 1024w, https:\/\/fotoakademija.lv\/wp-content\/uploads\/2024\/01\/Kadru-plans-foto-un-video-modeliem-2-1-768x432.png 768w, https:\/\/fotoakademija.lv\/wp-content\/uploads\/2024\/01\/Kadru-plans-foto-un-video-modeliem-2-1-1536x864.png 1536w, https:\/\/fotoakademija.lv\/wp-content\/uploads\/2024\/01\/Kadru-plans-foto-un-video-modeliem-2-1-18x10.png 18w, https:\/\/fotoakademija.lv\/wp-content\/uploads\/2024\/01\/Kadru-plans-foto-un-video-modeliem-2-1-1000x563.png 1000w, https:\/\/fotoakademija.lv\/wp-content\/uploads\/2024\/01\/Kadru-plans-foto-un-video-modeliem-2-1-230x129.png 230w, https:\/\/fotoakademija.lv\/wp-content\/uploads\/2024\/01\/Kadru-plans-foto-un-video-modeliem-2-1-350x197.png 350w, https:\/\/fotoakademija.lv\/wp-content\/uploads\/2024\/01\/Kadru-plans-foto-un-video-modeliem-2-1-480x270.png 480w\" sizes=\"auto, (max-width: 1920px) 100vw, 1920px\" \/><figcaption class=\"wp-element-caption\"><strong>Valokuva-akatemia<\/strong> tarjoaa t\u00f6it\u00e4 valokuva- ja videomalleille Riiassa<\/figcaption><\/figure>\n\n\n\n<p class=\"has-medium-font-size\">Mallina ty\u00f6skentelyn edut<\/p>\n\n\n\n<p><strong>Valokuva-akatemia<\/strong> tarjoaa t\u00f6it\u00e4 valokuva- ja videomalleille, mukaan lukien:<\/p>\n\n\n\n<ul class=\"wp-block-list\">\n<li><strong>Mahdollisuus ilmaista itse\u00e4si luomalla:<\/strong> mallit voivat k\u00e4ytt\u00e4\u00e4 ulkon\u00e4k\u00f6\u00e4\u00e4n ja persoonallisuuttaan luodakseen ainutlaatuisia ja j\u00e4nnitt\u00e4vi\u00e4 kuvia.<\/li>\n\n\n\n<li><strong>Mahdollisuuden ty\u00f6skennell\u00e4 erilaisten ihmisten ja yritysten kanssa:<\/strong> malleilla on mahdollisuus ty\u00f6skennell\u00e4 erilaisten luovien henkil\u00f6iden ja yritysten kanssa.<\/li>\n\n\n\n<li><strong>Mahdollisuus matkustaa:<\/strong> mallintaminen voi antaa sinulle mahdollisuuden matkustaa ja kokea uusia paikkoja.<\/li>\n<\/ul>\n\n\n\n<p class=\"has-medium-font-size\">Kuinka tulla valokuva- ja videomalliksi<\/p>\n\n\n\n<p>Valokuva- ja videomalliksi ryhtyminen on t\u00e4rke\u00e4\u00e4 aloittaa portfolion rakentamisesta. Portfolion tulee sis\u00e4lt\u00e4\u00e4 erilaisia kuvia, jotka osoittavat ulkon\u00e4k\u00f6si ja persoonallisuutesi. Voit pyyt\u00e4\u00e4 yst\u00e4vi\u00e4, perhett\u00e4 tai ammattivalokuvaajia auttamaan portfoliosi luomisessa.<\/p>\n\n\n\n<p class=\"has-luminous-dusk-gradient-background has-background\">Kun olet luonut portfoliosi, voit alkaa etsi\u00e4 t\u00f6it\u00e4 mallitoimistoista tai verkossa. On t\u00e4rke\u00e4\u00e4 hakea eri hankkeisiin ty\u00f6llistymismahdollisuuksien parantamiseksi.<\/p>\n\n\n\n<p><strong>Valokuva-akatemia<\/strong> tarjoaa ammattikoulutusta valokuva- ja videomalleille. Koulutusohjelmamme opettaa sinulle kaikki taidot, joita tarvitset menesty\u00e4ksesi malliksi.<\/p>\n\n\n\n<p class=\"has-medium-font-size\">Osana koulutusohjelmaa saat:<\/p>\n\n\n\n<ul class=\"wp-block-list\">\n<li>Opi luomaan portfoliosi<\/li>\n\n\n\n<li>Opi ty\u00f6skentelem\u00e4\u00e4n valokuvaajien ja ohjaajien kanssa<\/li>\n\n\n\n<li>Opi vastaamaan asiakkaiden tarpeisiin<\/li>\n\n\n\n<li>Opi hallitsemaan uraasi<\/li>\n<\/ul>\n\n\n\n<p class=\"has-medium-font-size\">Jos haluat ammattimaiseksi valokuva- ja videomalliksi, Photo Academy on paras tapa aloittaa urasi.<\/p>\n\n\n\n<p>Mallity\u00f6 on palkallista, palkkion suuruus riippuu projektista.<\/p>\n\n\n\n<p><strong>Yhteystiedot: Walter, <strong><strong>valokuva-akatemia<\/strong>(at)gmail.com<\/strong><\/strong><\/p>\n\n\n\n<p><\/p>","protected":false},"excerpt":{"rendered":"<p>Mode\u013ca darbs R\u012bg\u0101, film\u0113\u0161ana studij\u0101 un dab\u012bg\u0101 vid\u0113 Fotoakad\u0113mija pied\u0101v\u0101 darbu foto un video mode\u013ciem, Jums ir iesp\u0113ja m\u0101c\u012bties film\u0113\u0161anas laik\u0101! Kontakti: [&hellip;]<\/p>","protected":false},"author":1,"featured_media":5858,"parent":0,"menu_order":0,"comment_status":"closed","ping_status":"closed","template":"","meta":{"footnotes":""},"class_list":["post-5854","page","type-page","status-publish","has-post-thumbnail","hentry"],"_links":{"self":[{"href":"https:\/\/fotoakademija.lv\/fi\/wp-json\/wp\/v2\/pages\/5854","targetHints":{"allow":["GET"]}}],"collection":[{"href":"https:\/\/fotoakademija.lv\/fi\/wp-json\/wp\/v2\/pages"}],"about":[{"href":"https:\/\/fotoakademija.lv\/fi\/wp-json\/wp\/v2\/types\/page"}],"author":[{"embeddable":true,"href":"https:\/\/fotoakademija.lv\/fi\/wp-json\/wp\/v2\/users\/1"}],"replies":[{"embeddable":true,"href":"https:\/\/fotoakademija.lv\/fi\/wp-json\/wp\/v2\/comments?post=5854"}],"version-history":[{"count":2,"href":"https:\/\/fotoakademija.lv\/fi\/wp-json\/wp\/v2\/pages\/5854\/revisions"}],"predecessor-version":[{"id":6188,"href":"https:\/\/fotoakademija.lv\/fi\/wp-json\/wp\/v2\/pages\/5854\/revisions\/6188"}],"wp:featuredmedia":[{"embeddable":true,"href":"https:\/\/fotoakademija.lv\/fi\/wp-json\/wp\/v2\/media\/5858"}],"wp:attachment":[{"href":"https:\/\/fotoakademija.lv\/fi\/wp-json\/wp\/v2\/media?parent=5854"}],"curies":[{"name":"wp","href":"https:\/\/api.w.org\/{rel}","templated":true}]}}