{"id":2860,"date":"2018-04-29T17:26:29","date_gmt":"2018-04-29T17:26:29","guid":{"rendered":"https:\/\/fotoakademija.lv\/?page_id=2860"},"modified":"2024-02-08T08:56:48","modified_gmt":"2024-02-08T06:56:48","slug":"pleneri","status":"publish","type":"page","link":"https:\/\/fotoakademija.lv\/lt\/pleneras\/","title":{"rendered":"Pleneras"},"content":{"rendered":"<p><span style=\"color: #00102e; font-family: 'System default', sans-serif; font-size: 48px;\">Pavasario, vasaros ar rudens foto pleneras kartu su Foto akademijos instruktoriais<\/span><\/p>\n<div align=\"center\">\n<div align=\"left\">\n<div><img decoding=\"async\" src=\"https:\/\/b2c.lv\/fotoakademija.lv\/content\/images\/rudens2017-01.jpg\" alt=\"\" border=\"0\" \/>Klauskite m\u016bs\u0173 apie \u0161iuo metu planuojamus foto plenerus arba per\u017ei\u016br\u0117kite renginio plan\u0105 Facebook, <a href=\"https:\/\/fotoakademija.lv\/lt\/kontaktai\/\">kontaktai<\/a><\/div>\n<\/div>\n<\/div>\n<div><\/div>\n<h1>Vyko foto plenerai<\/h1>\n<div align=\"center\">\n<div align=\"left\">\n<div>\n<div>\n<div>\n<h1>\u0160e\u0161tadienis, 07.10.<\/h1>\n<\/div>\n<div><b><i>At\u0117jo ruduo ir v\u0117l kvie\u010diame \u012f tradicin\u012f fotograf\u0173 susib\u016brim\u0105 \u012f kelion\u0119 po gra\u017ei\u0105j\u0105 Latvij\u0105:<\/i><\/b><\/div>\n<div><b><i>8:00 Mer\u0137e\u013ca iela 13 (Latviesu Biedr\u012bbas nams), Ryga \u2013 Nurmi\u017eu gamtos parkas (Gaujas nacionalinio parko teritorija tarp Siguldos ir Vildogos): 10:00 Raganu katilas, 11:00 Daudos up\u0117s krioklys, 12:00 Nurmi\u017eup\u0117s krioklys \u00a0 \u00a0<\/i><\/b><\/div>\n<div><b><i>\u2013 13:00 piet\u016bs C\u0117siuose (\u012f nario mokest\u012f ne\u012fskai\u010diuoti) \u00a0 \u00a0<\/i><\/b><\/div>\n<div><b><i>\u2013 14:00 Rauno Staburags \u00a0 \u00a0<\/i><\/b><\/div>\n<div><b><i>\u2013 16:00 L\u012bgatn\u0117s up\u0117s takai (tarp L\u012bgatni ir N\u012btauri)<\/i><\/b><\/div>\n<div><b><i>\u2013 19:00 gr\u012f\u017eimas \u012f Ryg\u0105<\/i><\/b><\/div>\n<div><b><i>Atsi\u017evelgiant \u012f fotografuojamus mi\u0161kingus ir vandeningus objektus, labai rekomenduojama su savimi tur\u0117ti trikoj\u012f.<\/i><\/b><\/div>\n<div><\/div>\n<div><b><i>Turo vadovas Andris Klu\u0161s. Po kelion\u0117s, kaip visada, nuotrauk\u0173 aptarimas Foto akademijoje.<\/i><\/b><\/div>\n<div><b><i>Dalyvio mokestis 43 EUR, \u012f kur\u012f \u012feina transportas, mokes\u010diai u\u017e lankytinas vietas, pamoka Foto akademijoje.<\/i><\/b><\/div>\n<\/div>\n<\/div>\n<h1><\/h1>\n<h1><img loading=\"lazy\" decoding=\"async\" class=\"alignnone size-large wp-image-5779\" src=\"https:\/\/fotoakademija.lv\/wp-content\/uploads\/fOTOAKADEMIJA-valters-preimanis-1024x577.jpg\" alt=\"\" width=\"1024\" height=\"577\" srcset=\"https:\/\/fotoakademija.lv\/wp-content\/uploads\/fOTOAKADEMIJA-valters-preimanis-1024x577.jpg 1024w, https:\/\/fotoakademija.lv\/wp-content\/uploads\/fOTOAKADEMIJA-valters-preimanis-300x169.jpg 300w, https:\/\/fotoakademija.lv\/wp-content\/uploads\/fOTOAKADEMIJA-valters-preimanis-768x433.jpg 768w, https:\/\/fotoakademija.lv\/wp-content\/uploads\/fOTOAKADEMIJA-valters-preimanis-1536x866.jpg 1536w, https:\/\/fotoakademija.lv\/wp-content\/uploads\/fOTOAKADEMIJA-valters-preimanis-1000x563.jpg 1000w, https:\/\/fotoakademija.lv\/wp-content\/uploads\/fOTOAKADEMIJA-valters-preimanis-230x130.jpg 230w, https:\/\/fotoakademija.lv\/wp-content\/uploads\/fOTOAKADEMIJA-valters-preimanis-350x197.jpg 350w, https:\/\/fotoakademija.lv\/wp-content\/uploads\/fOTOAKADEMIJA-valters-preimanis-480x270.jpg 480w, https:\/\/fotoakademija.lv\/wp-content\/uploads\/fOTOAKADEMIJA-valters-preimanis.jpg 2048w\" sizes=\"auto, (max-width: 1024px) 100vw, 1024px\" \/><\/h1>\n<div>\n<div><b>Kvie\u010diame dalyvauti M.KUNDZINOS VEDAMOJE PAVASARIO LAUKE 2017!<\/b><\/div>\n<div>Mar\u0161rutas:\u00a0<b>\u00a0Ryga \u2013 L\u012bgatn\u0117 \u2013 \u0136\u016b\u0137u uola prie Gaujos \u2013 Zv\u0101rtos uola \u2013 Amata prie K\u0101rli\u0173 \u2013 piet\u016bs C\u0117siuose \u2013 Ereli\u0173 skard\u017eiai \u2013 \u0100rai\u0161u e\u017eero pilis ir v\u0117jo mal\u016bnas \u2013 Ryga.<\/b><\/div>\n<div><\/div>\n<div>Kelion\u0117 planuojama \u0161e\u0161tadien\u012f, gegu\u017e\u0117s 20 d., i\u0161vykimas i\u0161 Latvi\u0173 draugijos r\u016bm\u0173 val 08:00, gr\u012f\u017eti val 20:00.<\/div>\n<div>\n<p>\u012e dalyvavimo mokest\u012f (43 eur) \u012fskai\u010diuotas transportas, \u012f\u0117jimo \u012f atrakcionus bilietai, nuorodos ir grup\u0117s vadovo paai\u0161kinimai kelion\u0117s metu, taip pat M. Kundzinos vedama pamoka po plenero \u2013 fotografuota analiz\u0117.<\/p>\n<p>Pra\u0161ome kreiptis laiku, nes \u0161\u012f kart\u0105 pleneras i\u0161 esm\u0117s organizuojamas esamiems m\u016bs\u0173 klausytojams, tad viet\u0173 skai\u010dius ribotas.<\/p>\n<p><a href=\"https:\/\/fotoakademija.lv\/lt\/kontaktai\/\">Kreiptis d\u0117l<\/a><\/p>\n<\/div>\n<\/div>\n<h1><img loading=\"lazy\" decoding=\"async\" class=\"alignnone size-large wp-image-5790\" src=\"https:\/\/fotoakademija.lv\/wp-content\/uploads\/101166232_1615250101958931_3160510521518587904_n-1024x585.jpg\" alt=\"\" width=\"1024\" height=\"585\" srcset=\"https:\/\/fotoakademija.lv\/wp-content\/uploads\/101166232_1615250101958931_3160510521518587904_n-1024x585.jpg 1024w, https:\/\/fotoakademija.lv\/wp-content\/uploads\/101166232_1615250101958931_3160510521518587904_n-300x171.jpg 300w, https:\/\/fotoakademija.lv\/wp-content\/uploads\/101166232_1615250101958931_3160510521518587904_n-768x439.jpg 768w, https:\/\/fotoakademija.lv\/wp-content\/uploads\/101166232_1615250101958931_3160510521518587904_n-1536x878.jpg 1536w, https:\/\/fotoakademija.lv\/wp-content\/uploads\/101166232_1615250101958931_3160510521518587904_n-18x10.jpg 18w, https:\/\/fotoakademija.lv\/wp-content\/uploads\/101166232_1615250101958931_3160510521518587904_n-1000x571.jpg 1000w, https:\/\/fotoakademija.lv\/wp-content\/uploads\/101166232_1615250101958931_3160510521518587904_n-230x131.jpg 230w, https:\/\/fotoakademija.lv\/wp-content\/uploads\/101166232_1615250101958931_3160510521518587904_n-350x200.jpg 350w, https:\/\/fotoakademija.lv\/wp-content\/uploads\/101166232_1615250101958931_3160510521518587904_n-480x274.jpg 480w, https:\/\/fotoakademija.lv\/wp-content\/uploads\/101166232_1615250101958931_3160510521518587904_n.jpg 2048w\" sizes=\"auto, (max-width: 1024px) 100vw, 1024px\" \/><\/h1>\n<h1>\u0160e\u0161tadien\u012f, 01.10.<\/h1>\n<p>Kvie\u010diame dalyvauti\u00a0<i>\u00a0RUDENS LAUKE<\/i>\u00a0 mar\u0161rute:\u00a0<b>Ryga \u2013 Jaunpilio parkas ir pilis \u2013 Ventos dolomito skard\u017eiai \u2013 Kuldyga \u2013 Rendos kriokliai \u2013 Abava prie Vegi \u2013 Ryga.<\/b><\/p>\n<p>I\u0161vykimas i\u0161 Latvi\u0173 draugijos pastato,\u00a0<b>spalio 1 d., \u0161e\u0161tadien\u012f, val 08:00<\/b>, gr\u012f\u017eimas planuojamas apie 20 val<\/p>\n<p>Dalyvavimo mokestis 43 eur, \u012fskaitant transport\u0105, \u012f\u0117jimo \u012f atrakcionus bilietus, grup\u0117s vadovo nurodymus ir paai\u0161kinimus kelion\u0117s metu, taip pat M. Kundzinos vedama pamoka po plenero \u2013 fotografuota analiz\u0117.<\/p>\n<p>Pra\u0161ome kreiptis laiku, nes \u0161\u012f kart\u0105 pleneras i\u0161 esm\u0117s organizuojamas esamiems m\u016bs\u0173 klausytojams, tod\u0117l viet\u0173 skai\u010dius ribotas.<\/p>\n<h1>M. Kundzinos vadovaujamas foto pleneras \u201ePavasaris Vid\u017eem\u0117s pakrant\u0117je\u201c<\/h1>\n<h1><a class=\"fancybox\" title=\"\" href=\"https:\/\/b2c.lv\/fotoakademija.lv\/content\/images\/veczemju.jpg\" rel=\"group\"><img decoding=\"async\" src=\"https:\/\/b2c.lv\/fotoakademija.lv\/content\/images\/veczemju.jpg\" alt=\"\" border=\"0\" \/><\/a><\/h1>\n<h1>\u0160e\u0161tadienis, 04.06.<\/h1>\n<p>\u012e mar\u0161rut\u0105 \u012ftrauktos vietos \u2013\u00a0<b>Aina\u017ei, Mernieki, Salaca prie Red Rocks, Salacgr\u012bva.<\/b>\u00a0I\u0161rai\u017eytas laiko ir v\u0117jo\u00a0<b>Senov\u0117s uolos<\/b>\u00a0pavasario peiza\u017ee \u2013 vieta, kur buvo filmuojami latvi\u0173 meninio filmo \u201eIlgas kelias kopose\u201c vaizdai.\u00a0<b>Uol\u0117ti Vid\u017eem\u0117s krantai\u00a0<\/b>burtininkavimas.\u00a0<b>Scar pievos<\/b>\u00a0prie j\u016bros prie\u0161 Aina\u017eus.<\/p>\n<p>I\u0161vykimas i\u0161 Latvi\u0173 draugijos r\u016bm\u0173 val 08:00<\/p>\n<p>Gr\u012f\u017eimas planuojamas apie 20 val<\/p>\n<p>Dalyvio mokestis 39 eur.<\/p>\n<p>\u012e kain\u0105 \u012fskai\u010diuotas transportas, nuorodos ir grup\u0117s vadovo paai\u0161kinimai kelion\u0117s metu, taip pat M. Kundzinos vedama pamoka po plenero \u2013 fotografuota analiz\u0117.<\/p>\n<p>Pra\u0161ome kreiptis laiku, nes \u0161\u012f kart\u0105 pleneras i\u0161 esm\u0117s organizuojamas esamiems m\u016bs\u0173 klausytojams, tod\u0117l viet\u0173 skai\u010dius ribotas.<\/p>\n<p><b><i>Kreiptis d\u0117l<\/i><\/b><\/p>\n<p><a class=\"fancybox\" title=\"\" href=\"https:\/\/b2c.lv\/fotoakademija.lv\/content\/images\/veczemju_sarkanas.jpg\" rel=\"group\"><img decoding=\"async\" src=\"https:\/\/b2c.lv\/fotoakademija.lv\/content\/images\/veczemju_sarkanas.jpg\" alt=\"\" border=\"0\" \/><\/a><\/p>\n<p>Nuotrauka: Veczemji raudonos uolos<\/p>\n<p align=\"center\"><b><a class=\"fancybox\" title=\"\" href=\"https:\/\/b2c.lv\/fotoakademija.lv\/content\/images\/rudens%20plen%c4%93rs%20m.jpg\" rel=\"group\"><img decoding=\"async\" src=\"https:\/\/b2c.lv\/fotoakademija.lv\/content\/images\/rudens%20plen%c4%93rs%20m.jpg\" alt=\"\" border=\"0\" \/><\/a><br \/>\n<\/b><\/p>\n<p align=\"center\"><b>FOTO AKADEMIJA RUDENS LAUKE<\/b><\/p>\n<div>\n<div>\n<div>\n<div><b>Mar\u0161rutas\u00a0<\/b>: Ryga-Birini\u0173 r\u016bmai-L\u0113durgos dendrologinis parkas-Igate r\u016bmai-Saulkrasti J\u016brmala-Ryga<\/div>\n<p>Fotografuot\u0173 paveiksl\u0117li\u0173 analiz\u0117s pamoka vyks penktadien\u012f, 10.23 d. adresu 18:30 Foto akademijoje.<\/p>\n<\/div>\n<\/div>\n<\/div>\n<div><\/div>\n<div><\/div>\n<p align=\"center\"><b><a class=\"fancybox\" title=\"\" href=\"https:\/\/b2c.lv\/fotoakademija.lv\/content\/images\/talsu_roja_kaltenes_jurmala_andy_zeltkalns_0.jpg\" rel=\"group\"><img decoding=\"async\" src=\"https:\/\/b2c.lv\/fotoakademija.lv\/content\/images\/talsu_roja_kaltenes_jurmala_andy_zeltkalns_0.jpg\" alt=\"\" border=\"0\" \/><\/a><br \/>\n<\/b><\/p>\n<p align=\"center\"><b>\u00a0PLENERAS - KURZEME<\/b><\/p>\n<p align=\"center\"><b>Gidas po atviru dangumi, MRS<br \/>\n<\/b><\/p>\n<p align=\"center\"><i>gegu\u017e\u0117s 16 dien\u0105.<\/i><\/p>\n<p>Ryga \u2013 Ragaciems \u2013 M\u0113rsrags \u2013 Kalten\u0117 \u2013 Roja \u2013 Valdem\u0101rpilis \u2013 Nogale \u2013 Tilgali mil\u017eini\u0161kas akmuo \u2013 Talsi \u2013 Nurmui\u017ea.<\/p>\n<p>I\u0161vykimas autobusu 8.00 i\u0161 Rygos latvi\u0173 draugijos r\u016bm\u0173. Gr\u012f\u017eimas \u012f Ryg\u0105 20.00 val. Pusry\u010diai Mersrage ant j\u016bros kranto, naudojant Ragacieme pirktus \u017euvies skan\u0117stus. Piet\u016bs Talse.<\/p>\n<p>Kvie\u010diame laiku suplanuoti dien\u0105 pasim\u0117gauti pavasari\u0161ka nuotaika!<\/p>\n<p>Po plenero \u201eFoto akademijoje\u201c vyks darb\u0173 analiz\u0117, vadovaujama M. Kundzi\u0146as.<\/p>\n<p>Dalyvio mokestis: 58 EUR<\/p>\n<p><img loading=\"lazy\" decoding=\"async\" class=\"alignnone size-large wp-image-5604\" src=\"https:\/\/fotoakademija.lv\/wp-content\/uploads\/Foto_akademija_3-1024x693.jpg\" alt=\"\" width=\"1024\" height=\"693\" srcset=\"https:\/\/fotoakademija.lv\/wp-content\/uploads\/Foto_akademija_3-1024x693.jpg 1024w, https:\/\/fotoakademija.lv\/wp-content\/uploads\/Foto_akademija_3-300x203.jpg 300w, https:\/\/fotoakademija.lv\/wp-content\/uploads\/Foto_akademija_3-768x520.jpg 768w, https:\/\/fotoakademija.lv\/wp-content\/uploads\/Foto_akademija_3-255x173.jpg 255w, https:\/\/fotoakademija.lv\/wp-content\/uploads\/Foto_akademija_3-600x406.jpg 600w, https:\/\/fotoakademija.lv\/wp-content\/uploads\/Foto_akademija_3.jpg 1920w\" sizes=\"auto, (max-width: 1024px) 100vw, 1024px\" \/> \u00a0 \u00a0 \u00a0 <img loading=\"lazy\" decoding=\"async\" class=\"alignnone size-full wp-image-5409\" src=\"https:\/\/fotoakademija.lv\/wp-content\/uploads\/Sp\u0101re-kopija.jpg\" alt=\"\" width=\"650\" height=\"434\" srcset=\"https:\/\/fotoakademija.lv\/wp-content\/uploads\/Sp\u0101re-kopija.jpg 650w, https:\/\/fotoakademija.lv\/wp-content\/uploads\/Sp\u0101re-kopija-300x200.jpg 300w, https:\/\/fotoakademija.lv\/wp-content\/uploads\/Sp\u0101re-kopija-255x170.jpg 255w, https:\/\/fotoakademija.lv\/wp-content\/uploads\/Sp\u0101re-kopija-600x401.jpg 600w\" sizes=\"auto, (max-width: 650px) 100vw, 650px\" \/><\/p>\n<\/div>\n<\/div>\n<p align=\"center\"><b>GAMTOS FOTOGRAFIJOS PRAKTIKA<\/b><\/p>\n<p align=\"center\"><i>\u017dygis Ik\u0161ikile \u2013 Jaunogre<br \/>\n<\/i><\/p>\n<p align=\"center\"><i>baland\u017eio 11 dien\u0105<br \/>\n<\/i><\/p>\n<p>Gamta bunda. Pirmieji pavasario \u017eiedai, pumpurai, pumpurai, net grybai... Gamtos fotografijos m\u0117g\u0117jai tur\u0117s galimyb\u0119 lauke m\u0117gautis i\u0161 pa\u017ei\u016bros paprast\u0173 gyvosios gamtos element\u0173 gro\u017eiu. Mar\u0161rutas veda mi\u0161ko takais. Galima fotografuoti ir mi\u0161ko vaizdus, ir \u012fvairius i\u0161 arti. Geriausia, jei turite makrofotografavimui reikalingus priedus \u2013 priekinius objektyvus, tarpinius \u017eiedus, makro objektyv\u0105. Trikojis gali b\u016bti naudingas. Tikimasi, kad bus galimyb\u0117 nufotografuoti tokius gra\u017eius ir pavasariui b\u016bdingus augalus kaip stambia\u017eied\u0117s s\u0117dros, zalkteniai, lauko gervuog\u0117s. Labai gra\u017ei spalva yra ne visiems \u017einomas grybas - sarkoscifas. J\u016bs tiesiog turite b\u016bti atsarg\u016bs. Ka\u017ekas jau bus.<\/p>\n<p>I\u0161 Rygos stoties i\u0161vykimas traukiniu Ryga \u2013 Lielv\u0101rde 8:40 \u012f Ik\u0161kilei. Susitinkame antrame vagone nuo traukinio priekio, arba galutiniame ta\u0161ke tiesiai Ik\u0161kil\u0117s stotyje val. 9:20 val.<\/p>\n<p>Atgal, priklausomai nuo galimybi\u0173, i\u0161 Jaunogr\u0117s va\u017eiuojame arba 15:10 arba 15:45.<\/p>\n<p>Mi\u0161ke n\u0117ra kavin\u0117s! Pasiimk k\u0105 nors skanaus pusry\u010diams, rasime tam gra\u017ei\u0105 viet\u0105 mi\u0161ke.Labai praverst\u0173 \u017eygiams tinkama apranga ir ypa\u010d avalyn\u0117, ir - pirmyn! Eikime pavasario link!<\/p>\n<p>Dalyvio mokestis: 18 EUR.<\/p>\n<p>Praktika vedama\u00a0<b>ponia Maris<\/b><\/p>","protected":false},"excerpt":{"rendered":"<p>Pavasara, Vasaras vai Rudens foto plen\u0113rs kop\u0101 ar Fotoakad\u0113mija instruktoriem Jaut\u0101jiet mums par aktu\u0101li pl\u0101notajiem foto plen\u0113riem vai skat\u0101ties pas\u0101kumu pl\u0101nu Facebook, [&hellip;]<\/p>","protected":false},"author":1,"featured_media":0,"parent":0,"menu_order":0,"comment_status":"closed","ping_status":"closed","template":"","meta":{"footnotes":""},"class_list":["post-2860","page","type-page","status-publish","hentry"],"_links":{"self":[{"href":"https:\/\/fotoakademija.lv\/lt\/wp-json\/wp\/v2\/pages\/2860","targetHints":{"allow":["GET"]}}],"collection":[{"href":"https:\/\/fotoakademija.lv\/lt\/wp-json\/wp\/v2\/pages"}],"about":[{"href":"https:\/\/fotoakademija.lv\/lt\/wp-json\/wp\/v2\/types\/page"}],"author":[{"embeddable":true,"href":"https:\/\/fotoakademija.lv\/lt\/wp-json\/wp\/v2\/users\/1"}],"replies":[{"embeddable":true,"href":"https:\/\/fotoakademija.lv\/lt\/wp-json\/wp\/v2\/comments?post=2860"}],"version-history":[{"count":0,"href":"https:\/\/fotoakademija.lv\/lt\/wp-json\/wp\/v2\/pages\/2860\/revisions"}],"wp:attachment":[{"href":"https:\/\/fotoakademija.lv\/lt\/wp-json\/wp\/v2\/media?parent=2860"}],"curies":[{"name":"wp","href":"https:\/\/api.w.org\/{rel}","templated":true}]}}