{"id":2862,"date":"2018-04-29T17:26:41","date_gmt":"2018-04-29T17:26:41","guid":{"rendered":"https:\/\/fotoakademija.lv\/?page_id=2862"},"modified":"2018-05-22T08:07:52","modified_gmt":"2018-05-22T05:07:52","slug":"fotokursi","status":"publish","type":"page","link":"https:\/\/fotoakademija.lv\/lt\/foto-kursai\/","title":{"rendered":"Foto kursai"},"content":{"rendered":"<p>[vc_row][vc_column][u_post_grid title=&#8221;Jaun\u0101kie kursi&#8221; description=&#8221;Fotograf\u0113\u0161ana sevi ir pier\u0101d\u012bjusi k\u0101 viena no vispieejam\u0101kaj\u0101m rado\u0161\u0101s izpausmes nodarb\u0113m. &#8221; link_text=&#8221;Jaun\u0101kie kursi&#8221; link_url=&#8221;https:\/\/fotoakademija.lv\/lv\/course\/&#8221; post_type=&#8221;u_course&#8221; show_date=&#8221;1&#8243; show_price=&#8221;0&#8243; show_venue=&#8221;1&#8243; show_time=&#8221;1&#8243; gallery=&#8221;0&#8243;][\/vc_column][\/vc_row][vc_row][vc_column][vc_column_text]<\/p>\n<h2 align=\"justify\">FOTO KURSAI:<\/h2>\n<hr \/>\n<p align=\"justify\">Be to, fotografija \u0161iandien tapo ne tik menin\u0117s rai\u0161kos forma, bet ir itin vertinama preke. Tai ne tik leid\u017eia atrasti savo emocij\u0173 ir min\u010di\u0173 pasaul\u012f, bet ir atveria galimyb\u0119 tobul\u0117ti profesin\u0117je sferoje bei \u012fgyti nauj\u0105 tapatyb\u0119.<\/p>\n<p align=\"justify\">\u201ePhoto Academy\u201c fotokurs\u0173 programos yra sukurtos taip, kad baig\u0119 kurs\u0105 tur\u0117site ne tik supratim\u0105 apie \u0161iuolaikin\u0117s fotografijos techninius ir k\u016brybinius aspektus, bet ir \u017einias bei \u012fg\u016bd\u017eius, kuriuos gal\u0117tum\u0117te pritaikyti savo profesin\u0117je veikloje. \u010cia profesional\u016bs fotografai pad\u0117s i\u0161mokti teorinius aspektus, suteiks galimyb\u0119 mokytis ir papildyti savo id\u0117jas apie \u0161vies\u0105, spalvas, kompozicij\u0105 ir \u017eanr\u0105. Svarbi mokym\u0173 dalis yra ir savaranki\u0161kas darbas bei nam\u0173 darbai.<\/p>\n<p align=\"justify\">Kursai skirti \u012fvairaus pasirengimo klausytojams. Grup\u0117se ne daugiau kaip 10 \u017emoni\u0173. Kurs\u0173 pabaigoje gausite sertifikat\u0105.<\/p>\n<p>Kurs\u0173 dalyviams suteikiamos kavos pertrauk\u0117l\u0117s.<\/p>\n<p>Nuolaidos:<\/p>\n<ul>\n<li style=\"list-style-type: none;\">\n<ul>\n<li>Studijuodami pas mus vien\u0105 kurs\u0105 gaunate 10% nuolaid\u0105 studijuojant kit\u0105 kurs\u0105!<\/li>\n<li>Kai atvykstate kaip pora, jums abiem taikoma 10% nuolaida!<\/li>\n<\/ul>\n<\/li>\n<\/ul>\n<p align=\"justify\">[vc_row][vc_column][u_course_list count=&#8221;20&#8243; order=&#8221;DESC&#8221; orderby=&#8221;date&#8221;][\/vc_column][\/vc_row]<\/p>\n<p align=\"justify\">[vc_row][vc_column][u_event_list count=&#8221;20&#8243; order=&#8221;DESC&#8221; orderby=&#8221;date&#8221;][\/vc_column][\/vc_row]<\/p>\n<h4 style=\"text-align: center;\" align=\"justify\">Registruotis \u012f kursus galite naudodami greitojo kontakto form\u0105 ir nurodydami kurso pavadinim\u0105.<\/h4>\n<p>[vc_row][vc_column][contact-form-7 id=&#8221;5079&#8243;][\/vc_column][\/vc_row]<\/p>","protected":false},"excerpt":{"rendered":"<p>[vc_row][vc_column][u_post_grid title=&#8221;Jaun\u0101kie kursi&#8221; description=&#8221;Fotograf\u0113\u0161ana sevi ir pier\u0101d\u012bjusi k\u0101 viena no vispieejam\u0101kaj\u0101m rado\u0161\u0101s izpausmes nodarb\u0113m. &#8221; link_text=&#8221;Jaun\u0101kie kursi&#8221; link_url=&#8221;https:\/\/fotoakademija.lv\/lv\/course\/&#8221; post_type=&#8221;u_course&#8221; show_date=&#8221;1&#8243; show_price=&#8221;0&#8243; show_venue=&#8221;1&#8243; [&hellip;]<\/p>","protected":false},"author":1,"featured_media":0,"parent":0,"menu_order":0,"comment_status":"closed","ping_status":"closed","template":"page-templates\/front-page.php","meta":{"footnotes":""},"class_list":["post-2862","page","type-page","status-publish","hentry"],"_links":{"self":[{"href":"https:\/\/fotoakademija.lv\/lt\/wp-json\/wp\/v2\/pages\/2862","targetHints":{"allow":["GET"]}}],"collection":[{"href":"https:\/\/fotoakademija.lv\/lt\/wp-json\/wp\/v2\/pages"}],"about":[{"href":"https:\/\/fotoakademija.lv\/lt\/wp-json\/wp\/v2\/types\/page"}],"author":[{"embeddable":true,"href":"https:\/\/fotoakademija.lv\/lt\/wp-json\/wp\/v2\/users\/1"}],"replies":[{"embeddable":true,"href":"https:\/\/fotoakademija.lv\/lt\/wp-json\/wp\/v2\/comments?post=2862"}],"version-history":[{"count":0,"href":"https:\/\/fotoakademija.lv\/lt\/wp-json\/wp\/v2\/pages\/2862\/revisions"}],"wp:attachment":[{"href":"https:\/\/fotoakademija.lv\/lt\/wp-json\/wp\/v2\/media?parent=2862"}],"curies":[{"name":"wp","href":"https:\/\/api.w.org\/{rel}","templated":true}]}}