{"id":2865,"date":"2018-04-29T17:27:10","date_gmt":"2018-04-29T17:27:10","guid":{"rendered":"https:\/\/fotoakademija.lv\/?page_id=2865"},"modified":"2018-08-08T14:38:50","modified_gmt":"2018-08-08T11:38:50","slug":"talmaciba","status":"publish","type":"page","link":"https:\/\/fotoakademija.lv\/lt\/talmacibas\/","title":{"rendered":"Nuotolinio mokymosi"},"content":{"rendered":"<p>[vc_row u_row_style=&#8221;0&#8243; u_row_paralax=&#8221;0&#8243; u_row_scheme=&#8221;0&#8243; css=&#8221;.vc_custom_1525947089412{padding-top: 50px !important;}&#8221;][vc_column width=&#8221;2\/3&#8243;][vc_column_text]<\/p>\n<div>\n<h3><b>Nuotolinio mokymosi arba internetinio kurso lankymo tvarka<\/b><\/h3>\n<hr \/>\n<\/div>\n<div align=\"justify\">Studentas FotoAkademijos svetain\u0117je pateikia pra\u0161ym\u0105, kuriame nurodo pasirinkt\u0105 studij\u0173 program\u0105 ir savo kontaktin\u0119 informacij\u0105 (tel. nr., el. pa\u0161to adresas ir asmens kodas) FotoAkademija i\u0161siun\u010dia s\u0105skait\u0105 u\u017e 1\/2 studij\u0173 kainos Apmok\u0117jus s\u0105skait\u0105 fakt\u016br\u0105 , d\u0117stytojas i\u0161siun\u010dia lai\u0161k\u0105-prane\u0161im\u0105 studento elektroninio pa\u0161to adresu apie studij\u0173 prad\u017ei\u0105 duotame kurse, o klausytojas patvirtina lai\u0161ko gavim\u0105. Mokymosi procesas gali prasid\u0117ti.<\/div>\n<div align=\"justify\">Internetin\u0117je aplinkoje d\u0117stytojas si\u016blo susipa\u017einti su pirmosios studij\u0173 savait\u0117s mokymosi med\u017eiaga ir u\u017eduotimis\/testais. Pirm\u0105j\u012f savaitgal\u012f kurso studentas siun\u010dia d\u0117stytojui atliktus nam\u0173 darbus ar kontrolin\u012f darb\u0105.<\/div>\n<div align=\"justify\">Per 5 darbo dienas d\u0117stytojas per\u017ei\u016bri atliktas u\u017eduotis ir i\u0161siun\u010dia mokiniui atsiliepim\u0105 (komentarus) apie atlikt\u0105 darb\u0105.Tolimesn\u0117mis savait\u0117mis mokymosi procesas pana\u0161us \u012f pirm\u0105j\u0105 mokymosi savait\u0119.<\/div>\n<div align=\"justify\">Kursas laikomas s\u0117kmingai baigtu, jeigu kurso dalyvis visas u\u017eduotis\/testus \u012fvykdo laiku per 10 darbo dien\u0173 nuo u\u017eduoties\/testo gavimo ir u\u017e atlikt\u0105 darb\u0105 gauna teigiam\u0105 \u012fvertinim\u0105 (\u012fskaityt\u0105). Mokymo kurso pabaigoje studentas laiko baigiam\u0105j\u012f test\u0105. Pamok\u0173 grafikas derinamas su mokytoju individualiai, bet ne ilgiau kaip 2 m\u0117nesius nuo pamok\u0173 prad\u017eios.<br \/>\nMokymas internetu yra paprastas ir patogus. Mokymo principas \u2013 u\u017esi\u0117mimai (paskaitos) vyksta realiu laiku, mokytojas ir mokinys gali b\u016bti skirtinguose geografiniuose ta\u0161kuose, svarbiausia, kad tur\u0117tum kompiuter\u012f ir interneto ry\u0161\u012f. D\u0117stytojas skaito paskait\u0105, klausytojas savo monitoriuje mato visk\u0105, k\u0105 d\u0117stytojas rodo ir pasakoja (kaip eilin\u0117je paskaitoje auditorijoje). Internetinio mokymo privalumai:<\/div>\n<ul>\n<li>galite laisvai u\u017eduoti d\u0117stytojui klausim\u0105 paskaitos metu balsu arba ra\u0161tu,<\/li>\n<li>girdite ir matote kit\u0173 kurs\u0173 dalyvi\u0173 klausimus,<\/li>\n<li>d\u0117stytojas gali pasikalb\u0117ti su kiekvienu kurso dalyviu,<\/li>\n<li>galite mokytis nei\u0161eidami i\u0161 nam\u0173.<\/li>\n<\/ul>\n<p>Mokymosi procesas vyksta specialios komunikacijos programos pagalba, kuri\u0105 mokytojas pasi\u016blo \u012fdiegti prie\u0161 pradedant pamokas. Po paskaitos taip pat si\u016bloma papildoma teorin\u0117 studij\u0173 med\u017eiaga \u012fgytoms \u017einioms sustiprinti.<\/p>\n<table id=\"AutoNumber1\" border=\"1\" width=\"658\" cellspacing=\"0\" cellpadding=\"3\">\n<tbody>\n<tr>\n<td width=\"25%\">\n<h4>Lektoriai<\/h4>\n<\/td>\n<td width=\"25%\">\n<h4><a href=\"https:\/\/b2c.lv\/fotoakademija.lv\/lv\/pasniedzeji\/leonids-vaznais.html\" shape=\"rect\">Vadimas<\/a>\u00a0Morozovas<\/h4>\n<\/td>\n<td width=\"25%\">\n<h4><a href=\"https:\/\/b2c.lv\/fotoakademija.lv\/lv\/pasniedzeji\/leonids-vaznais.html\" shape=\"rect\">Vadimas Morozovas<\/a><\/h4>\n<\/td>\n<\/tr>\n<tr>\n<td>Foto kursas<\/td>\n<td><a href=\"https:\/\/b2c.lv\/fotoakademija.lv\/lv\/fotokursi\/i-limenis\/praktiskas-fotografijas-pamati.html\" shape=\"rect\">Fotografija pradedantiesiems<\/a><\/td>\n<td><a href=\"https:\/\/b2c.lv\/fotoakademija.lv\/lv\/fotokursi\/ii-limenis\/darbs-ar-grafisko-redaktoru-adobe-photoshop-cs-talmaciba.html\" shape=\"rect\">Darbas su grafiniu redaktoriumi Adobe Photoshop CS<\/a><\/td>\n<\/tr>\n<tr>\n<td>Trukm\u0117<\/td>\n<td>8 pamokos\u00a0<i><br \/>\n<\/i><\/td>\n<td>11 pamok\u0173<\/td>\n<\/tr>\n<tr>\n<td>Instrukcijos kalba<\/td>\n<td>latvi\u0173\/rus\u0173<\/td>\n<td>latvi\u0173\/rus\u0173<\/td>\n<\/tr>\n<tr>\n<td>Kaina<\/td>\n<td><i>138 eurai<\/i><\/td>\n<td>\u00a0<i>165 eurai<\/i><\/td>\n<\/tr>\n<tr>\n<td>Tvarkara\u0161tis<\/td>\n<td>Nuotolinio mokymosi<\/td>\n<td>Internetinis mokymas<\/td>\n<\/tr>\n<\/tbody>\n<\/table>\n<div>\n<div>\n<div>FotoAkademijos studentams, kurie kartu su mumis lanko antr\u0105j\u012f kurs\u0105, ir tiems, kurie kursus lanko poroje, taikoma 10% nuolaida.<\/div>\n<div><\/div>\n<\/div>\n<\/div>\n<p>[\/vc_column_text][\/vc_column][vc_column width=&#8221;1\/3&#8243;][vc_single_image image=&#8221;4971&#8243; img_size=&#8221;450&#215;450&#8243; onclick=&#8221;zoom&#8221;][\/vc_column][\/vc_row][vc_row][vc_column][contact-form-7 id=&#8221;5079&#8243;][\/vc_column][\/vc_row]<\/p>","protected":false},"excerpt":{"rendered":"<p>[vc_row u_row_style=&#8221;0&#8243; u_row_paralax=&#8221;0&#8243; u_row_scheme=&#8221;0&#8243; css=&#8221;.vc_custom_1525947089412{padding-top: 50px !important;}&#8221;][vc_column width=&#8221;2\/3&#8243;][vc_column_text] K\u0101rt\u012bba, k\u0101d\u0101 notiek t\u0101lm\u0101c\u012bbas vai on-line kursa apg\u016b\u0161ana Klaus\u012bt\u0101js nos\u016bta pieteikumu FotoAkad\u0113mijas m\u0101jaslap\u0101,nor\u0101dot izv\u0113l\u0113to [&hellip;]<\/p>","protected":false},"author":1,"featured_media":0,"parent":0,"menu_order":0,"comment_status":"closed","ping_status":"closed","template":"page-templates\/front-page.php","meta":{"footnotes":""},"class_list":["post-2865","page","type-page","status-publish","hentry"],"_links":{"self":[{"href":"https:\/\/fotoakademija.lv\/lt\/wp-json\/wp\/v2\/pages\/2865","targetHints":{"allow":["GET"]}}],"collection":[{"href":"https:\/\/fotoakademija.lv\/lt\/wp-json\/wp\/v2\/pages"}],"about":[{"href":"https:\/\/fotoakademija.lv\/lt\/wp-json\/wp\/v2\/types\/page"}],"author":[{"embeddable":true,"href":"https:\/\/fotoakademija.lv\/lt\/wp-json\/wp\/v2\/users\/1"}],"replies":[{"embeddable":true,"href":"https:\/\/fotoakademija.lv\/lt\/wp-json\/wp\/v2\/comments?post=2865"}],"version-history":[{"count":0,"href":"https:\/\/fotoakademija.lv\/lt\/wp-json\/wp\/v2\/pages\/2865\/revisions"}],"wp:attachment":[{"href":"https:\/\/fotoakademija.lv\/lt\/wp-json\/wp\/v2\/media?parent=2865"}],"curies":[{"name":"wp","href":"https:\/\/api.w.org\/{rel}","templated":true}]}}