{"id":2867,"date":"2018-04-29T17:27:35","date_gmt":"2018-04-29T17:27:35","guid":{"rendered":"https:\/\/fotoakademija.lv\/?page_id=2867"},"modified":"2023-12-04T11:41:35","modified_gmt":"2023-12-04T09:41:35","slug":"sadarbibas-partneri","status":"publish","type":"page","link":"https:\/\/fotoakademija.lv\/lt\/bendradarbiavimo-partneriai\/","title":{"rendered":"Bendradarbiavimo partneriai"},"content":{"rendered":"<p>Esame foto ir video mokykla, kurios misija \u2013 teikti auk\u0161tos kokyb\u0117s i\u0161silavinim\u0105 fotografijos ir videografijos srityse. M\u016bs\u0173 s\u0117km\u0119 ir mokymosi proceso efektyvum\u0105 riboja ne tik entuziastingi studentai ir patyr\u0119 instruktoriai, bet ir glaudus bendradarbiavimas su pirmaujan\u010diais foto ir vaizdo \u012frangos gamintojais.<\/p>\n<p><img loading=\"lazy\" decoding=\"async\" class=\"alignnone size-medium wp-image-5199\" src=\"https:\/\/fotoakademija.lv\/wp-content\/uploads\/salikovs1-1-300x199.jpg\" alt=\"\" width=\"300\" height=\"199\" srcset=\"https:\/\/fotoakademija.lv\/wp-content\/uploads\/salikovs1-1-300x199.jpg 300w, https:\/\/fotoakademija.lv\/wp-content\/uploads\/salikovs1-1-255x169.jpg 255w, https:\/\/fotoakademija.lv\/wp-content\/uploads\/salikovs1-1.jpg 600w\" sizes=\"auto, (max-width: 300px) 100vw, 300px\" \/><\/p>\n<p>Did\u017eiuojam\u0117s partneryste su \u201eCanon\u201c, \u201eNikon\u201c ir \u201eSony\u201c \u2013 profesionalios fotografijos ir videografijos technologij\u0173 lyderiais pasaulyje. \u0160ios \u012fmon\u0117s yra \u017einomos d\u0117l savo auk\u0161tos kokyb\u0117s, naujovi\u0173 ir patikimumo, tod\u0117l d\u017eiaugiam\u0117s gal\u0117dami suteikti savo studentams prieig\u0105 prie \u0161i\u0173 puiki\u0173 \u012franki\u0173 mokymosi procese.<\/p>\n<p>M\u016bs\u0173 partneryst\u0117 su \u201eCanon\u201c, \u201eNikon\u201c ir \u201eSony\u201c suteikia m\u016bs\u0173 studentams galimyb\u0119 \u012fgyti \u012fg\u016bd\u017ei\u0173 naudojant naujausias technologijas ir profesionali\u0105 \u012frang\u0105. Organizuojame praktinius u\u017esi\u0117mimus, kuriuose mokiniai gali tobulinti savo \u012fg\u016bd\u017eius naudodami \u0161\u012f presti\u017ein\u012f fotoaparat\u0173 ir vaizdo kamer\u0173 prek\u0117s \u017eenkl\u0105.<\/p>\n<p>Kvie\u010diame sekti mus socialiniuose tinkluose, kad pirmieji su\u017einotum\u0117te apie m\u016bs\u0173 partnerys\u010di\u0173 naujienas, taip pat dalyvautum\u0117te m\u016bs\u0173 organizuojamuose renginiuose ir konkursuose, kuriuose gal\u0117site susipa\u017einti su naujausiomis fotografijos ir videografijos pasaulio tendencijomis. Sekite mus \u201eFacebook\u201c, \u201eInstagram\u201c ir \u201eYouTube\u201c, kad kartu pasidalytum\u0117te k\u016brybin\u0117mis akimirkomis ir dalyvautum\u0117te \u012fdomiuose projektuose su partneriais i\u0161 \u201eCanon\u201c, \u201eNikon\u201c ir \u201eSony\u201c. Kreipkit\u0117s \u012f m\u016bs\u0173 kursus ir patirkite pasaulinio lygio mokymus su m\u016bs\u0173 auk\u0161tos klas\u0117s partneriais ir pramon\u0117s profesionalais!<\/p>\n<p>Sekite mus \u201eFacebook\u201c, \u201eInstagram\u201c ir \u201eYouTube\u201c, kad gautum\u0117te naujienas apie m\u016bs\u0173 kursus, pasidalintum\u0117te m\u016bs\u0173 student\u0173 k\u016brybiniais pasiekimais ir dalyvautum\u0117te \u012fdomiuose renginiuose. Kartu i\u0161siai\u0161kinsime naujausias tendencijas ir kartu kursime \u012fdom\u0173 keli\u0105 meno pasaulio gyvenime. Kreipkit\u0117s \u012f m\u016bs\u0173 kursus ir leiskit\u0117s \u012f k\u016brybi\u0161kumo kelion\u0119 kartu su mumis!<\/p>\n<ul>\n<li><em><strong><a href=\"https:\/\/www.facebook.com\/fotoakad\">Facebook<\/a><\/strong><\/em><\/li>\n<li><em><strong><a href=\"https:\/\/www.instagram.com\/fotoakademijalv\/\">Instagramas<\/a><\/strong><\/em><\/li>\n<li><a href=\"https:\/\/www.youtube.com\/@FotoakademijaValtersPreimanis\"><em><strong>Youtube<\/strong><\/em><\/a><\/li>\n<\/ul>","protected":false},"excerpt":{"rendered":"<p>M\u0113s esam foto un video skola, kuras misija ir nodro\u0161in\u0101t augstas kvalit\u0101tes izgl\u012bt\u012bbu fotogr\u0101fijas un videogr\u0101fijas jom\u0101s. M\u016bsu pan\u0101kumus un m\u0101c\u012bbu procesa [&hellip;]<\/p>","protected":false},"author":1,"featured_media":0,"parent":0,"menu_order":0,"comment_status":"closed","ping_status":"closed","template":"","meta":{"footnotes":""},"class_list":["post-2867","page","type-page","status-publish","hentry"],"_links":{"self":[{"href":"https:\/\/fotoakademija.lv\/lt\/wp-json\/wp\/v2\/pages\/2867","targetHints":{"allow":["GET"]}}],"collection":[{"href":"https:\/\/fotoakademija.lv\/lt\/wp-json\/wp\/v2\/pages"}],"about":[{"href":"https:\/\/fotoakademija.lv\/lt\/wp-json\/wp\/v2\/types\/page"}],"author":[{"embeddable":true,"href":"https:\/\/fotoakademija.lv\/lt\/wp-json\/wp\/v2\/users\/1"}],"replies":[{"embeddable":true,"href":"https:\/\/fotoakademija.lv\/lt\/wp-json\/wp\/v2\/comments?post=2867"}],"version-history":[{"count":0,"href":"https:\/\/fotoakademija.lv\/lt\/wp-json\/wp\/v2\/pages\/2867\/revisions"}],"wp:attachment":[{"href":"https:\/\/fotoakademija.lv\/lt\/wp-json\/wp\/v2\/media?parent=2867"}],"curies":[{"name":"wp","href":"https:\/\/api.w.org\/{rel}","templated":true}]}}