{"id":2884,"date":"2018-04-29T19:07:32","date_gmt":"2018-04-29T19:07:32","guid":{"rendered":"https:\/\/fotoakademija.lv\/?page_id=2884"},"modified":"2023-12-04T16:03:36","modified_gmt":"2023-12-04T14:03:36","slug":"par-fotoakademiju","status":"publish","type":"page","link":"https:\/\/fotoakademija.lv\/lt\/","title":{"rendered":"Apie PhotoAcademy"},"content":{"rendered":"<p align=\"justify\">FotoAkademija savo veikl\u0105 prad\u0117jo 2005 m. \u201ePhotoAcademy\u201c sukurta tiems, kurie neturi pakankamai draug\u0173 patarim\u0173 ir interneto i\u0161tekli\u0173, ir kurie nenori likti m\u0117g\u0117jais fotografijos pasaulyje. Tai unikali erdv\u0117 Latvijoje, kurioje geriausi meistrai si\u016blo pamatyti pasaul\u012f pro savo fotoaparato objektyv\u0105.<\/p>\n<p align=\"justify\">Prad\u0117jus studijas <strong>Nuotrauka Akademijoje<\/strong>, J\u016bs pateksite \u012f Latvijos fotopasaulio centr\u0105 \u2013 informuojame apie visus svarbius renginius (parodos, meistri\u0161kumo kursai, konkursai), si\u016blome dalyvauti \u012fvairiuose su fotografijomis susijusiuose projektuose, praktiniuose u\u017esi\u0117mimuose ir konkursuose, vedame nemokamas atviras paskaitas, suteikiame praktikos galimybes , si\u016blome per\u017ei\u016br\u0117ti naujausius foto\u017eurnal\u0173 numerius .<\/p>\n<p align=\"justify\"><img loading=\"lazy\" decoding=\"async\" class=\"alignnone size-medium wp-image-5779\" src=\"https:\/\/fotoakademija.lv\/wp-content\/uploads\/fOTOAKADEMIJA-valters-preimanis-300x169.jpg\" alt=\"\" width=\"300\" height=\"169\" srcset=\"https:\/\/fotoakademija.lv\/wp-content\/uploads\/fOTOAKADEMIJA-valters-preimanis-300x169.jpg 300w, https:\/\/fotoakademija.lv\/wp-content\/uploads\/fOTOAKADEMIJA-valters-preimanis-1024x577.jpg 1024w, https:\/\/fotoakademija.lv\/wp-content\/uploads\/fOTOAKADEMIJA-valters-preimanis-768x433.jpg 768w, https:\/\/fotoakademija.lv\/wp-content\/uploads\/fOTOAKADEMIJA-valters-preimanis-1536x866.jpg 1536w, https:\/\/fotoakademija.lv\/wp-content\/uploads\/fOTOAKADEMIJA-valters-preimanis-1000x563.jpg 1000w, https:\/\/fotoakademija.lv\/wp-content\/uploads\/fOTOAKADEMIJA-valters-preimanis-230x130.jpg 230w, https:\/\/fotoakademija.lv\/wp-content\/uploads\/fOTOAKADEMIJA-valters-preimanis-350x197.jpg 350w, https:\/\/fotoakademija.lv\/wp-content\/uploads\/fOTOAKADEMIJA-valters-preimanis-480x270.jpg 480w, https:\/\/fotoakademija.lv\/wp-content\/uploads\/fOTOAKADEMIJA-valters-preimanis.jpg 2048w\" sizes=\"auto, (max-width: 300px) 100vw, 300px\" \/><\/p>\n<p>Esame foto ir video mokykla, kurioje si\u016blome \u012fkvepian\u010dius ir profesionalius fotografijos ir videografijos mokymo kursus. M\u016bs\u0173 vizija \u2013 skatinti k\u016brybi\u0161kum\u0105 ir lavinti \u012fg\u016bd\u017eius fotografijos ir videografijos srityse, si\u016blant kokybi\u0161k\u0105 i\u0161silavinim\u0105 ir galimyb\u0119 pa\u017einti \u0161i\u0105 \u012fdomi\u0105 meno form\u0105.<\/p>\n<p>Su m\u016bs\u0173 patyrusi\u0173 fotograf\u0173 ir vaizdo \u012fra\u0161\u0173 meistr\u0173 komanda si\u016blome \u012fvairius kursus, tinkan\u010dius visiems lygiams \u2013 nuo pradedan\u010di\u0173j\u0173 iki patyrusi\u0173 profesional\u0173. Mes tikime asmeniniu po\u017ei\u016briu ir praktiniu mokymu, padedan\u010diu m\u016bs\u0173 studentams tobulinti \u012fg\u016bd\u017eius ir suprasti meninius ir techninius aspektus.<\/p>\n<p>M\u016bs\u0173 mokykla si\u016blo \u012fvairius kursus \u2013 nuo pagrind\u0173 iki specializuot\u0173 tem\u0173, toki\u0173 kaip portret\u0173 fotografija, gamini\u0173 fotografavimas, monta\u017eas ir vaizdo menas. Siekiame sukurti stimuliuojan\u010di\u0105 ir draugi\u0161k\u0105 aplink\u0105, kurioje m\u016bs\u0173 studentai gal\u0117t\u0173 tobulinti savo \u012fg\u016bd\u017eius, dalytis patirtimi ir \u012fgyti reikiamo pasitik\u0117jimo savo darbu.<\/p>\n<p>Sekite mus \u201eFacebook\u201c, \u201eInstagram\u201c ir \u201eYouTube\u201c, kad gautum\u0117te naujienas apie m\u016bs\u0173 kursus, pasidalintum\u0117te m\u016bs\u0173 student\u0173 k\u016brybiniais pasiekimais ir dalyvautum\u0117te \u012fdomiuose renginiuose. Kartu i\u0161siai\u0161kinsime naujausias tendencijas ir kartu kursime \u012fdom\u0173 keli\u0105 meno pasaulio gyvenime. Kreipkit\u0117s \u012f m\u016bs\u0173 kursus ir leiskit\u0117s \u012f k\u016brybi\u0161kumo kelion\u0119 kartu su mumis!<\/p>\n<ul>\n<li><em><strong><a href=\"https:\/\/www.facebook.com\/fotoakad\">Facebook<\/a><\/strong><\/em><\/li>\n<li><em><strong><a href=\"https:\/\/www.instagram.com\/fotoakademijalv\/\">Instagramas<\/a><\/strong><\/em><\/li>\n<li><a href=\"https:\/\/www.youtube.com\/@FotoakademijaValtersPreimanis\"><em><strong>Youtube<\/strong><\/em><\/a><\/li>\n<\/ul>\n<p align=\"justify\">Jei turite pasi\u016blym\u0173 FotoAkademijos pl\u0117trai, mielai i\u0161girsime j\u016bs\u0173 id\u0117jas!<\/p>\n<p align=\"justify\">Skambinkite mums tel. 220\u201377\u2013202<br \/>\nRa\u0161ykite: <img loading=\"lazy\" decoding=\"async\" class=\"alignnone size-full wp-image-5709\" src=\"https:\/\/fotoakademija.lv\/wp-content\/uploads\/foto-at-fotoakademija.lv_.jpg\" alt=\"\" width=\"189\" height=\"20\" \/><\/p>\n<p><strong>Si\u016blome priva\u010dius foto mokymo kursus su Zoom latvi\u0173 kalba<\/strong><\/p>\n<p><em>Patogiai mokykit\u0117s i\u0161 nam\u0173, <strong><a href=\"https:\/\/fotoakademija.lv\/lt\/privacios-foto-pamokos-su-priartinimu-kad-ismoktumete-ko-nors-naujo\/\">Prisijunk<\/a><\/strong>!<\/em><\/p>\n<p>Gaukite individual\u0173 po\u017ei\u016br\u012f <strong>nuotraukos<\/strong> ir <strong>vaizdo \u012fra\u0161as<\/strong> mokom\u0117s i\u0161 m\u016bs\u0173 priva\u010di\u0173 pamok\u0173 <strong>Padidinti<\/strong> ant platformos. Si\u016blome asmenines pamokas, kuri\u0173 metu profesional\u016bs instruktoriai pad\u0117s ugdyti j\u016bs\u0173 \u012fg\u016bd\u017eius ir supratim\u0105 apie foto ir video men\u0105.<\/p>\n<p><strong>Kaip tai veikia:<\/strong><\/p>\n<ol>\n<li><em>Taikyti<\/em>: Pasirinkite jums tinkant\u012f laik\u0105 ir kreipkit\u0117s \u012f priva\u010di\u0105 pamok\u0105. (Vienas u\u017esi\u0117mimas 50Eur\/ 1 val., 100Eur\/ 2 val.)<\/li>\n<li><em>Individualios pamokos<\/em>: Gaukite individualaus mokymosi patirties susisiek\u0119 su fotografijos instruktoriumi internete.<\/li>\n<li><em>Naudoja technologijas<\/em>: Mokykit\u0117s naudodami priartinimo funkcij\u0105 nei\u0161eidami i\u0161 nam\u0173.<\/li>\n<\/ol>\n<p><strong>O kaip privatus foto mokymo kursas?<\/strong><\/p>\n<p>U\u017esiregistruokite \u012f m\u016bs\u0173 priva\u010dias nuotrauk\u0173 ir vaizdo \u012fra\u0161\u0173 pamokas, kad gautum\u0117te asmenin\u0119 mokymosi patirt\u012f. Sekite mus Facebook, Instagram ir YouTube, kad gautum\u0117te naujienas apie m\u016bs\u0173 pasi\u016blymus ir su\u017einotum\u0117te daugiau apie k\u016brybin\u012f pasaul\u012f. Greitai tobulinkite savo \u012fg\u016bd\u017eius ir prad\u0117kite k\u016brybin\u0119 kelion\u0119 su mumis!<\/p>","protected":false},"excerpt":{"rendered":"<p>FotoAkad\u0113mija uzs\u0101ka savu darb\u012bbu 2005. gad\u0101. FotoAkad\u0113mija ir rad\u012bta tiem, kuriem nepietiek ar draugu padomiem un interneta resursiem, un kuri fotogr\u0101fijas pasaul\u0113 [&hellip;]<\/p>","protected":false},"author":1,"featured_media":0,"parent":0,"menu_order":0,"comment_status":"closed","ping_status":"closed","template":"","meta":{"footnotes":""},"class_list":["post-2884","page","type-page","status-publish","hentry"],"_links":{"self":[{"href":"https:\/\/fotoakademija.lv\/lt\/wp-json\/wp\/v2\/pages\/2884","targetHints":{"allow":["GET"]}}],"collection":[{"href":"https:\/\/fotoakademija.lv\/lt\/wp-json\/wp\/v2\/pages"}],"about":[{"href":"https:\/\/fotoakademija.lv\/lt\/wp-json\/wp\/v2\/types\/page"}],"author":[{"embeddable":true,"href":"https:\/\/fotoakademija.lv\/lt\/wp-json\/wp\/v2\/users\/1"}],"replies":[{"embeddable":true,"href":"https:\/\/fotoakademija.lv\/lt\/wp-json\/wp\/v2\/comments?post=2884"}],"version-history":[{"count":0,"href":"https:\/\/fotoakademija.lv\/lt\/wp-json\/wp\/v2\/pages\/2884\/revisions"}],"wp:attachment":[{"href":"https:\/\/fotoakademija.lv\/lt\/wp-json\/wp\/v2\/media?parent=2884"}],"curies":[{"name":"wp","href":"https:\/\/api.w.org\/{rel}","templated":true}]}}