{"id":2886,"date":"2018-04-29T19:08:10","date_gmt":"2018-04-29T19:08:10","guid":{"rendered":"https:\/\/fotoakademija.lv\/?page_id=2886"},"modified":"2023-12-04T11:38:01","modified_gmt":"2023-12-04T09:38:01","slug":"kontakti","status":"publish","type":"page","link":"https:\/\/fotoakademija.lv\/lt\/kontaktai\/","title":{"rendered":"kontaktai"},"content":{"rendered":"<p>Galite kreiptis \u012f fotokursus<span style=\"color: initial;\">paskambin\u0119 WhatsApp arba paskambin\u0119 220 77 202<\/span><\/p>\n<p><img loading=\"lazy\" decoding=\"async\" class=\"alignnone size-medium wp-image-5454\" src=\"https:\/\/fotoakademija.lv\/wp-content\/uploads\/Binde-300x300.jpg\" alt=\"\" width=\"300\" height=\"300\" srcset=\"https:\/\/fotoakademija.lv\/wp-content\/uploads\/Binde-300x300.jpg 300w, https:\/\/fotoakademija.lv\/wp-content\/uploads\/Binde-150x150.jpg 150w, https:\/\/fotoakademija.lv\/wp-content\/uploads\/Binde-768x768.jpg 768w, https:\/\/fotoakademija.lv\/wp-content\/uploads\/Binde-50x50.jpg 50w, https:\/\/fotoakademija.lv\/wp-content\/uploads\/Binde-80x80.jpg 80w, https:\/\/fotoakademija.lv\/wp-content\/uploads\/Binde-263x263.jpg 263w, https:\/\/fotoakademija.lv\/wp-content\/uploads\/Binde-100x100.jpg 100w, https:\/\/fotoakademija.lv\/wp-content\/uploads\/Binde-526x526.jpg 526w, https:\/\/fotoakademija.lv\/wp-content\/uploads\/Binde-255x255.jpg 255w, https:\/\/fotoakademija.lv\/wp-content\/uploads\/Binde-600x600.jpg 600w, https:\/\/fotoakademija.lv\/wp-content\/uploads\/Binde.jpg 800w\" sizes=\"auto, (max-width: 300px) 100vw, 300px\" \/><\/p>\n<p>Sekite mus \u201eFacebook\u201c, \u201eInstagram\u201c ir \u201eYouTube\u201c, kad gautum\u0117te naujienas apie m\u016bs\u0173 kursus, pasidalintum\u0117te m\u016bs\u0173 student\u0173 k\u016brybiniais pasiekimais ir dalyvautum\u0117te \u012fdomiuose renginiuose. Kartu i\u0161siai\u0161kinsime naujausias tendencijas ir kartu kursime \u012fdom\u0173 keli\u0105 meno pasaulio gyvenime. Kreipkit\u0117s \u012f m\u016bs\u0173 kursus ir leiskit\u0117s \u012f k\u016brybi\u0161kumo kelion\u0119 kartu su mumis!<\/p>\n<ul>\n<li><em><strong><a href=\"https:\/\/www.facebook.com\/fotoakad\">Facebook<\/a><\/strong><\/em><\/li>\n<li><em><strong><a href=\"https:\/\/www.instagram.com\/fotoakademijalv\/\">Instagramas<\/a><\/strong><\/em><\/li>\n<li><a href=\"https:\/\/www.youtube.com\/@FotoakademijaValtersPreimanis\"><em><strong>Youtube<\/strong><\/em><\/a><\/li>\n<\/ul>\n<p align=\"justify\">Jei turite pasi\u016blym\u0173 FotoAkademijos pl\u0117trai, mielai i\u0161girsime j\u016bs\u0173 id\u0117jas!<\/p>\n<p align=\"justify\">Skambinkite mums tel. 220\u201377\u2013202<br \/>\nRa\u0161ykite:\u00a0<img loading=\"lazy\" decoding=\"async\" class=\"alignnone size-full wp-image-5709\" src=\"https:\/\/fotoakademija.lv\/wp-content\/uploads\/foto-at-fotoakademija.lv_.jpg\" alt=\"\" width=\"189\" height=\"20\" \/><\/p>","protected":false},"excerpt":{"rendered":"<p>Pieteikties foto kursiem var rakstot WhatsApp vai zvanot uz t\u0101lruni 220\u00a0 77\u00a0 202 Sekojiet mums Facebook, Instagram un YouTube, lai sa\u0146emtu jaunumus [&hellip;]<\/p>","protected":false},"author":1,"featured_media":0,"parent":0,"menu_order":0,"comment_status":"closed","ping_status":"closed","template":"","meta":{"footnotes":""},"class_list":["post-2886","page","type-page","status-publish","hentry"],"_links":{"self":[{"href":"https:\/\/fotoakademija.lv\/lt\/wp-json\/wp\/v2\/pages\/2886","targetHints":{"allow":["GET"]}}],"collection":[{"href":"https:\/\/fotoakademija.lv\/lt\/wp-json\/wp\/v2\/pages"}],"about":[{"href":"https:\/\/fotoakademija.lv\/lt\/wp-json\/wp\/v2\/types\/page"}],"author":[{"embeddable":true,"href":"https:\/\/fotoakademija.lv\/lt\/wp-json\/wp\/v2\/users\/1"}],"replies":[{"embeddable":true,"href":"https:\/\/fotoakademija.lv\/lt\/wp-json\/wp\/v2\/comments?post=2886"}],"version-history":[{"count":0,"href":"https:\/\/fotoakademija.lv\/lt\/wp-json\/wp\/v2\/pages\/2886\/revisions"}],"wp:attachment":[{"href":"https:\/\/fotoakademija.lv\/lt\/wp-json\/wp\/v2\/media?parent=2886"}],"curies":[{"name":"wp","href":"https:\/\/api.w.org\/{rel}","templated":true}]}}