{"id":2901,"date":"2018-05-02T14:50:13","date_gmt":"2018-05-02T14:50:13","guid":{"rendered":"https:\/\/fotoakademija.lv\/?page_id=2901"},"modified":"2023-12-04T11:32:22","modified_gmt":"2023-12-04T09:32:22","slug":"galvena-2","status":"publish","type":"page","link":"https:\/\/fotoakademija.lv\/lt\/pagrindinis-2\/","title":{"rendered":"Fotografija yra labiausiai prieinama k\u016brybin\u0117 i\u0161rai\u0161ka \u0161iuolaikiniame pasaulyje"},"content":{"rendered":"<p>Fotografija pasitvirtino kaip vienas i\u0161 labiausiai prieinam\u0173 k\u016brybin\u0117s rai\u0161kos b\u016bd\u0173. Registruotis \u012f kursus galite naudodami greitojo kontakto form\u0105 ir nurodydami kurso pavadinim\u0105.<\/p>\n<p>Fotografija tapo ne tik populiari, bet ir vienu i\u0161 labiausiai prieinam\u0173 k\u016brybin\u0117s rai\u0161kos ie\u0161kojim\u0173 \u0161iuolaikiniame pasaulyje. \u0160i \u012fdomi veikla atvira beveik visiems, nepriklausomai nuo am\u017eiaus, patirties ar technini\u0173 \u012fg\u016bd\u017ei\u0173. Fotografija ne tik leid\u017eia \u012fam\u017einti ypatingas akimirkas, bet ir ugdo m\u016bs\u0173 k\u016brybin\u012f potencial\u0105 bei suteikia galimyb\u0119 dalintis su pasauliu per unikali\u0105 perspektyv\u0105 ir supratim\u0105.<\/p>\n<figure id=\"attachment_5315\" aria-describedby=\"caption-attachment-5315\" style=\"width: 200px\" class=\"wp-caption alignnone\"><img loading=\"lazy\" decoding=\"async\" class=\"size-medium wp-image-5315\" src=\"https:\/\/fotoakademija.lv\/wp-content\/uploads\/Valters-Preimanis-Izst\u0101de-portrets-200x300.jpg\" alt=\"V. Preimanis Parodos portretas\" width=\"200\" height=\"300\" srcset=\"https:\/\/fotoakademija.lv\/wp-content\/uploads\/Valters-Preimanis-Izst\u0101de-portrets-200x300.jpg 200w, https:\/\/fotoakademija.lv\/wp-content\/uploads\/Valters-Preimanis-Izst\u0101de-portrets-255x383.jpg 255w, https:\/\/fotoakademija.lv\/wp-content\/uploads\/Valters-Preimanis-Izst\u0101de-portrets.jpg 532w\" sizes=\"auto, (max-width: 200px) 100vw, 200px\" \/><figcaption id=\"caption-attachment-5315\" class=\"wp-caption-text\">\u017dvilgsnis<\/figcaption><\/figure>\n<h3>\u0160viet\u0117ji\u0161kas ir jaudinantis hobis<\/h3>\n<p>Paai\u0161k\u0117jo, kad fotografija yra jaudinantis ir \u012ftraukiantis pom\u0117gis, teikiantis neprilygstam\u0105 d\u017eiaugsm\u0105. Nesvarbu, ar esate pradedantysis, ar patyr\u0119s fotografas, fotoaparatas tampa savirai\u0161kos priemone, atverian\u010dia nauj\u0173 b\u016bd\u0173 pamatyti ir suprasti pasaul\u012f. Kiekvienas paskesnis vaizdas \u2013 tai galimyb\u0117 kurti ir dalintis savo vizijomis.<\/p>\n<h3>I\u0161rai\u0161ka ir k\u016brybi\u0161kumas<\/h3>\n<p>Fotografija yra unikalus \u0161ablonas, atveriantis duris k\u016brybi\u0161kumui. Nesvarbu, ar renkam\u0117s peiza\u017e\u0105, portret\u0105 ar dokumentin\u0119 fotografij\u0105, savo vizij\u0105 ir emocijas galime i\u0161reik\u0161ti kurdami vaizdus, pasakojan\u010dius istorijas be \u017eod\u017ei\u0173. Fotografija yra visame pasaulyje suprantama kalba, leid\u017eianti i\u0161reik\u0161ti save \u012fvairiose kult\u016brose ir aplinkose.<\/p>\n<h3>Prieinamumas visiems<\/h3>\n<p>Vienas did\u017eiausi\u0173 fotografijos privalum\u0173 yra jos prieinamumas. Tobul\u0117jant technologijoms, galime daryti puikias nuotraukas naudodami tokius paprastus \u012frenginius kaip mobilieji telefonai. Tai rei\u0161kia, kad kiekvienas gali prad\u0117ti savo kelion\u0119 fotografijos pasaulyje be dideli\u0173 investicij\u0173 \u012f technin\u0119 \u012frang\u0105.<\/p>\n<h3>Socialinis aspektas<\/h3>\n<p>Fotografija skatina socialin\u012f bendravim\u0105 suteikdama galimyb\u0119 dalintis savo darbais skaitmeniniuose kanaluose ir socialiniuose tinkluose. Tai ne tik skatina socialin\u012f bendravim\u0105, bet ir suteikia galimyb\u0119 gauti gr\u012f\u017etam\u0105j\u012f ry\u0161\u012f bei pagilinti savo \u012fg\u016bd\u017eius dalinantis patirtimi su kitais fotografais.<\/p>\n<h3>Edukacinis aspektas<\/h3>\n<p>Fotografija \u2013 tai ir edukacinis procesas, reikalaujantis ne tik technikos \u012fvaldymo, bet ir kompozicijos, \u0161viesos bei \u0161e\u0161\u0117li\u0173 supratimo. \u012evair\u016bs fotografijos kursai, knygos ir internetiniai i\u0161tekliai padeda tobulinti savo \u012fg\u016bd\u017eius ir i\u0161pl\u0117sti vizuali\u0173j\u0173 men\u0173 vizij\u0105.<\/p>\n<p>Fotografija \u2013 tai kelias \u012f k\u016brybi\u0161kum\u0105 ir savirai\u0161k\u0105, prieinamas kiekvienam. D\u0117l geb\u0117jimo u\u017efiksuoti akimirkas, i\u0161reik\u0161ti emocijas ir dalytis su pasauliu tai yra viena i\u0161 labiausiai prieinam\u0173 k\u016brybin\u0117s i\u0161rai\u0161kos form\u0173. Nesvarbu, ar esate profesionalus fotografas, ar tik pradedate savo kelion\u0119 fotografijos pasaulyje, \u0161i veikla si\u016blo begalines tobul\u0117jimo ir malonumo galimybes. Prad\u0117kite fotografuoti ir tyrin\u0117kite pasaul\u012f naujomis akimis!<\/p>","protected":false},"excerpt":{"rendered":"<p>Fotograf\u0113\u0161ana sevi ir pier\u0101d\u012bjusi k\u0101 viena no vispieejam\u0101kaj\u0101m rado\u0161\u0101s izpausmes nodarb\u0113m.\u00a0Pieteikties kursiem var izmantojot \u0101tro sazi\u0146as formu un nor\u0101dot kursu nosaukumu. Fotograf\u0113\u0161ana [&hellip;]<\/p>","protected":false},"author":1,"featured_media":0,"parent":0,"menu_order":0,"comment_status":"closed","ping_status":"closed","template":"","meta":{"footnotes":""},"class_list":["post-2901","page","type-page","status-publish","hentry"],"_links":{"self":[{"href":"https:\/\/fotoakademija.lv\/lt\/wp-json\/wp\/v2\/pages\/2901","targetHints":{"allow":["GET"]}}],"collection":[{"href":"https:\/\/fotoakademija.lv\/lt\/wp-json\/wp\/v2\/pages"}],"about":[{"href":"https:\/\/fotoakademija.lv\/lt\/wp-json\/wp\/v2\/types\/page"}],"author":[{"embeddable":true,"href":"https:\/\/fotoakademija.lv\/lt\/wp-json\/wp\/v2\/users\/1"}],"replies":[{"embeddable":true,"href":"https:\/\/fotoakademija.lv\/lt\/wp-json\/wp\/v2\/comments?post=2901"}],"version-history":[{"count":0,"href":"https:\/\/fotoakademija.lv\/lt\/wp-json\/wp\/v2\/pages\/2901\/revisions"}],"wp:attachment":[{"href":"https:\/\/fotoakademija.lv\/lt\/wp-json\/wp\/v2\/media?parent=2901"}],"curies":[{"name":"wp","href":"https:\/\/api.w.org\/{rel}","templated":true}]}}