{"id":5488,"date":"2018-05-19T12:49:27","date_gmt":"2018-05-19T12:49:27","guid":{"rendered":"https:\/\/fotoakademija.lv\/?page_id=5488"},"modified":"2023-12-05T06:46:33","modified_gmt":"2023-12-05T04:46:33","slug":"piedavajam-kursus","status":"publish","type":"page","link":"https:\/\/fotoakademija.lv\/lt\/siulome-kursus\/","title":{"rendered":"Si\u016blome kursus"},"content":{"rendered":"<p>Naujausi kursai<\/p>\n<blockquote><p><em>Fotografija pasitvirtino kaip vienas i\u0161 labiausiai prieinam\u0173 k\u016brybin\u0117s rai\u0161kos u\u017esi\u0117mim\u0173 - Fotografas Valteris Preimanis<\/em><\/p><\/blockquote>\n<h2 align=\"justify\">SI\u016aLOME KURSUS:<\/h2>\n<hr \/>\n<p align=\"justify\">Fotokursai skirti \u012fvairaus pasirengimo klausytojams. Grup\u0117se ne daugiau kaip 10 \u017emoni\u0173. Kurs\u0173 pabaigoje gausite sertifikat\u0105 apie s\u0117kming\u0105 kurs\u0173 baigim\u0105.<\/p>\n<ul>\n<li><a href=\"https:\/\/fotoakademija.lv\/lt\/privacios-pamokos-filmavimo-ir-fotografavimo-dronu-programa\/\">Programa: Priva\u010dios filmavimo ir fotografavimo dronu pamokos<\/a><\/li>\n<li><a href=\"https:\/\/fotoakademija.lv\/lt\/privacios-foto-pamokos-su-priartinimu-kad-ismoktumete-ko-nors-naujo\/\">Asmenin\u0117s fotografijos pamokos su Zoom, kad i\u0161moktum\u0117te ko nors naujo<\/a><\/li>\n<li><a href=\"https:\/\/fotoakademija.lv\/lt\/adobe-photoshop-lightroom\/\">Adobe Photoshop ir Lightroom<\/a><\/li>\n<li><a href=\"https:\/\/fotoakademija.lv\/lt\/praktiniai-fotografijos-pagrindai\/\">Praktiniai fotografijos pagrindai<\/a><\/li>\n<\/ul>\n<p>Kurs\u0173 dalyviams suteikiamos arbatos ir kavos pertrauk\u0117l\u0117s.<\/p>\n<p>Nuolaidos:<\/p>\n<ul>\n<li style=\"list-style-type: none;\">\n<ul>\n<li>Studijuodami pas mus vien\u0105 kurs\u0105 gaunate 10% nuolaid\u0105 studijuojant kit\u0105 kurs\u0105!<\/li>\n<li>Kai atvykstate kaip pora, jums abiem taikoma 10% nuolaida!<\/li>\n<\/ul>\n<\/li>\n<\/ul>\n<p><img loading=\"lazy\" decoding=\"async\" class=\"alignnone size-medium wp-image-5604\" src=\"https:\/\/fotoakademija.lv\/wp-content\/uploads\/Foto_akademija_3-300x203.jpg\" alt=\"\" width=\"300\" height=\"203\" srcset=\"https:\/\/fotoakademija.lv\/wp-content\/uploads\/Foto_akademija_3-300x203.jpg 300w, https:\/\/fotoakademija.lv\/wp-content\/uploads\/Foto_akademija_3-768x520.jpg 768w, https:\/\/fotoakademija.lv\/wp-content\/uploads\/Foto_akademija_3-1024x693.jpg 1024w, https:\/\/fotoakademija.lv\/wp-content\/uploads\/Foto_akademija_3-255x173.jpg 255w, https:\/\/fotoakademija.lv\/wp-content\/uploads\/Foto_akademija_3-600x406.jpg 600w, https:\/\/fotoakademija.lv\/wp-content\/uploads\/Foto_akademija_3.jpg 1920w\" sizes=\"auto, (max-width: 300px) 100vw, 300px\" \/><\/p>\n<h4 align=\"justify\">Registruotis \u012f kursus galite naudodami greitojo kontakto form\u0105 ir nurodydami kurso pavadinim\u0105.<\/h4>\n<p>Telefonas 220-77-202<\/p>","protected":false},"excerpt":{"rendered":"<p>Jaun\u0101kie kursi Fotograf\u0113\u0161ana sevi ir pier\u0101d\u012bjusi k\u0101 viena no vispieejam\u0101kaj\u0101m rado\u0161\u0101s izpausmes nodarb\u0113m &#8211; Fotogr\u0101fs Valters Preimanis PIED\u0100V\u0100JAM KURSUS: Foto kursi ir [&hellip;]<\/p>","protected":false},"author":1,"featured_media":0,"parent":0,"menu_order":0,"comment_status":"closed","ping_status":"closed","template":"","meta":{"footnotes":""},"class_list":["post-5488","page","type-page","status-publish","hentry"],"_links":{"self":[{"href":"https:\/\/fotoakademija.lv\/lt\/wp-json\/wp\/v2\/pages\/5488","targetHints":{"allow":["GET"]}}],"collection":[{"href":"https:\/\/fotoakademija.lv\/lt\/wp-json\/wp\/v2\/pages"}],"about":[{"href":"https:\/\/fotoakademija.lv\/lt\/wp-json\/wp\/v2\/types\/page"}],"author":[{"embeddable":true,"href":"https:\/\/fotoakademija.lv\/lt\/wp-json\/wp\/v2\/users\/1"}],"replies":[{"embeddable":true,"href":"https:\/\/fotoakademija.lv\/lt\/wp-json\/wp\/v2\/comments?post=5488"}],"version-history":[{"count":0,"href":"https:\/\/fotoakademija.lv\/lt\/wp-json\/wp\/v2\/pages\/5488\/revisions"}],"wp:attachment":[{"href":"https:\/\/fotoakademija.lv\/lt\/wp-json\/wp\/v2\/media?parent=5488"}],"curies":[{"name":"wp","href":"https:\/\/api.w.org\/{rel}","templated":true}]}}