{"id":5548,"date":"2018-05-20T18:29:13","date_gmt":"2018-05-20T15:29:13","guid":{"rendered":"https:\/\/fotoakademija.lv\/?page_id=5548"},"modified":"2024-02-07T09:48:21","modified_gmt":"2024-02-07T07:48:21","slug":"%d1%84%d0%be%d1%82%d0%be%d0%ba%d1%83%d1%80%d1%81%d1%8b","status":"publish","type":"page","link":"https:\/\/fotoakademija.lv\/lt\/\u0444\u043e\u0442\u043e\u043a\u0443\u0440\u0441\u044b\/","title":{"rendered":"Foto kursai"},"content":{"rendered":"<p>Fotografija pasitvirtino kaip vienas i\u0161 labiausiai prieinam\u0173 k\u016brybin\u0117s rai\u0161kos b\u016bd\u0173.<\/p>\n\n\n\n<figure class=\"wp-block-image\"><img loading=\"lazy\" decoding=\"async\" width=\"1024\" height=\"683\" src=\"https:\/\/fotoakademija.lv\/wp-content\/uploads\/2024\/02\/Kolazas-Mzaikas-Valters-Preimanis-1024x683.jpg\" alt=\"Valteris Preimanis i\u0161 Kolazo Mzaiko\" class=\"wp-image-5925\" srcset=\"https:\/\/fotoakademija.lv\/wp-content\/uploads\/2024\/02\/Kolazas-Mzaikas-Valters-Preimanis-1024x683.jpg 1024w, https:\/\/fotoakademija.lv\/wp-content\/uploads\/2024\/02\/Kolazas-Mzaikas-Valters-Preimanis-300x200.jpg 300w, https:\/\/fotoakademija.lv\/wp-content\/uploads\/2024\/02\/Kolazas-Mzaikas-Valters-Preimanis-768x512.jpg 768w, https:\/\/fotoakademija.lv\/wp-content\/uploads\/2024\/02\/Kolazas-Mzaikas-Valters-Preimanis-1536x1024.jpg 1536w, https:\/\/fotoakademija.lv\/wp-content\/uploads\/2024\/02\/Kolazas-Mzaikas-Valters-Preimanis-2048x1365.jpg 2048w, https:\/\/fotoakademija.lv\/wp-content\/uploads\/2024\/02\/Kolazas-Mzaikas-Valters-Preimanis-18x12.jpg 18w, https:\/\/fotoakademija.lv\/wp-content\/uploads\/2024\/02\/Kolazas-Mzaikas-Valters-Preimanis-1000x667.jpg 1000w, https:\/\/fotoakademija.lv\/wp-content\/uploads\/2024\/02\/Kolazas-Mzaikas-Valters-Preimanis-230x153.jpg 230w, https:\/\/fotoakademija.lv\/wp-content\/uploads\/2024\/02\/Kolazas-Mzaikas-Valters-Preimanis-350x233.jpg 350w, https:\/\/fotoakademija.lv\/wp-content\/uploads\/2024\/02\/Kolazas-Mzaikas-Valters-Preimanis-480x320.jpg 480w\" sizes=\"auto, (max-width: 1024px) 100vw, 1024px\" \/><\/figure>\n\n\n\n<h2 class=\"wp-block-heading\">FOTO KURSAI:<\/h2>\n\n\n\n<hr class=\"wp-block-separator has-alpha-channel-opacity\"\/>\n\n\n\n<p>Be to, fotografija \u0161iandien tapo ne tik menin\u0117s rai\u0161kos forma, bet ir itin vertinama preke. Tai ne tik leid\u017eia atrasti savo emocij\u0173 ir min\u010di\u0173 pasaul\u012f, bet ir atveria galimyb\u0119 tobul\u0117ti profesin\u0117je sferoje bei \u012fgyti nauj\u0105 tapatyb\u0119.<\/p>\n\n\n\n<p>FotoAcademia foto kurs\u0173 programos sukurtos taip, kad baig\u0119 kurs\u0105 tur\u0117tum\u0117te ne tik \u012f\u017evalg\u0173 apie \u0161iuolaikin\u0117s fotografijos techninius ir k\u016brybinius aspektus, bet ir \u017einias bei \u012fg\u016bd\u017eius, kuriuos gal\u0117tum\u0117te pritaikyti savo profesin\u0117je veikloje. \u010cia profesional\u016bs fotografai pad\u0117s i\u0161mokti teorinius aspektus, suteiks galimyb\u0119 mokytis ir papildyti savo id\u0117jas apie \u0161vies\u0105, spalvas, kompozicij\u0105 ir \u017eanr\u0105. Svarbi mokymo dalis taip pat yra savaranki\u0161kas darbas ir nam\u0173 darbai.<\/p>\n\n\n\n<p class=\"has-medium-font-size\">Kursai skirti \u012fvairaus pasirengimo klausytojams. Grup\u0117se ne daugiau kaip 10 \u017emoni\u0173. Kurs\u0173 pabaigoje gausite sertifikat\u0105.<\/p>\n\n\n\n<p>Kurs\u0173 dalyviams suteikiamos kavos pertrauk\u0117l\u0117s.<\/p>\n\n\n\n<p>Nuolaidos:<\/p>\n\n\n\n<ul class=\"wp-block-list\">\n<li>Studijuodami pas mus vien\u0105 kurs\u0105 gaunate 10% nuolaid\u0105 studijuojant kit\u0105 kurs\u0105!<\/li>\n\n\n\n<li>Kai atvykstate kaip pora, jums abiem taikoma 10% nuolaida!<\/li>\n<\/ul>\n\n\n\n<h4 class=\"wp-block-heading\">Registruotis \u012f kursus galite naudodami greitojo kontakto form\u0105 ir nurodydami kurso pavadinim\u0105.<\/h4>","protected":false},"excerpt":{"rendered":"<p>Fotograf\u0113\u0161ana sevi ir pier\u0101d\u012bjusi k\u0101 viena no vispieejam\u0101kaj\u0101m rado\u0161\u0101s izpausmes nodarb\u0113m. FOTOKURSI: Turkl\u0101t fotogr\u0101fija \u0161odien ir k\u013cuvusi ne tikai par m\u0101kslas izpausmes [&hellip;]<\/p>","protected":false},"author":1,"featured_media":0,"parent":0,"menu_order":0,"comment_status":"closed","ping_status":"closed","template":"","meta":{"footnotes":""},"class_list":["post-5548","page","type-page","status-publish","hentry"],"_links":{"self":[{"href":"https:\/\/fotoakademija.lv\/lt\/wp-json\/wp\/v2\/pages\/5548","targetHints":{"allow":["GET"]}}],"collection":[{"href":"https:\/\/fotoakademija.lv\/lt\/wp-json\/wp\/v2\/pages"}],"about":[{"href":"https:\/\/fotoakademija.lv\/lt\/wp-json\/wp\/v2\/types\/page"}],"author":[{"embeddable":true,"href":"https:\/\/fotoakademija.lv\/lt\/wp-json\/wp\/v2\/users\/1"}],"replies":[{"embeddable":true,"href":"https:\/\/fotoakademija.lv\/lt\/wp-json\/wp\/v2\/comments?post=5548"}],"version-history":[{"count":0,"href":"https:\/\/fotoakademija.lv\/lt\/wp-json\/wp\/v2\/pages\/5548\/revisions"}],"wp:attachment":[{"href":"https:\/\/fotoakademija.lv\/lt\/wp-json\/wp\/v2\/media?parent=5548"}],"curies":[{"name":"wp","href":"https:\/\/api.w.org\/{rel}","templated":true}]}}