{"id":5558,"date":"2018-05-21T10:41:09","date_gmt":"2018-05-21T07:41:09","guid":{"rendered":"https:\/\/fotoakademija.lv\/?page_id=5558"},"modified":"2018-05-21T11:26:45","modified_gmt":"2018-05-21T08:26:45","slug":"i-limenis","status":"publish","type":"page","link":"https:\/\/fotoakademija.lv\/lt\/foto-kursai\/i-lygiu\/","title":{"rendered":"I lygis \u2013 pradedantiesiems"},"content":{"rendered":"<h3><b>Fotografavimo pagrindai: geras kadras n\u0117ra atsitiktinis<\/b><\/h3>\n<p align=\"justify\">\u0160ie fotografijos kursai skirti jums, jei iki \u0161iol j\u016bs\u0173 nuotrauk\u0173 kokyb\u0117 priklaus\u0117 nuo s\u0117km\u0117s ir fotoaparato automatinio re\u017eimo galimybi\u0173. Jie ne tik leis i\u0161mokti pagrindini\u0173 profesionalios fotografijos princip\u0173, bet ir suteiks galimyb\u0119 pa\u017evelgti \u012f plat\u0173 fotografijos kaip meno pasaul\u012f. J\u016bs\u0173 nuotrauk\u0173 kokyb\u0117 nebepriklausys nuo atsitiktinumo. J\u016bs ne tik i\u0161moksite meistri\u0161kai fotografuoti, bet ir \u012fgysite supratim\u0105 apie fotografavimo proces\u0105, kuris bus pakankamas pagrindas tolimesniam j\u016bs\u0173 augimui. Laikydami rankose fotoaparat\u0105 \u017einosite norim\u0105 rezultat\u0105, suprasite b\u016btinas prielaidas jam pasiekti ir \u017einosite, kaip \u012fgyvendinti tai, k\u0105 u\u017esibr\u0117\u017e\u0117te.<\/p>\n<p align=\"justify\">[vc_row][vc_column]<\/p>\n<p align=\"justify\">[u_post_grid title=\u201dNaujausi kursai\u201d description=\u201dFotografija pasitvirtino kaip vienas i\u0161 labiausiai prieinam\u0173 k\u016brybin\u0117s rai\u0161kos u\u017esi\u0117mim\u0173. \u201d link_text=\u201dNaujausi kursai\u201d link_url=\u201dhttps:\/\/fotoakademija.lv\/lv\/fotokursi\/\u201d post_type=\u201du_course\u201d show_date=\u201d1\u2033 show_price=\u201d0\u2033 show_venue=\u201d1\u2033 show_time=\u201d1\u2033 gallery= &quot;0&quot;]<\/p>\n<p align=\"justify\">[\/vc_column][\/vc_row]<\/p>\n<p align=\"justify\">[vc_row][vc_column]<\/p>\n<p align=\"justify\">[u_course_list count=&#8221;10&#8243; order=&#8221;DESC&#8221; orderby=&#8221;date&#8221;][\/vc_column][\/vc_row][vc_row][vc_column][u_event_list count=&#8221;10&#8243; order=&#8221;DESC&#8221; orderby=&#8221;date&#8221;]<\/p>\n<p align=\"justify\">[\/vc_column][\/vc_row]<\/p>\n<h4 style=\"text-align: center;\" align=\"justify\">Registruotis \u012f kursus galite naudodami greitojo kontakto form\u0105 ir nurodydami kurso pavadinim\u0105.<\/h4>\n<p>[vc_row][vc_column][contact-form-7 id=&#8221;5079&#8243;][\/vc_column][\/vc_row]<\/p>","protected":false},"excerpt":{"rendered":"<p>Fotograf\u0113\u0161anas pamati: labs kadrs nav nejau\u0161\u012bba \u0160ie fotograf\u0113\u0161anas kursi ir dom\u0101ti Jums, ja l\u012bdz \u0161im J\u016bsu fotogr\u0101fiju kvalit\u0101te bija atkar\u012bga no veiksmes [&hellip;]<\/p>","protected":false},"author":1,"featured_media":4713,"parent":2862,"menu_order":0,"comment_status":"closed","ping_status":"closed","template":"","meta":{"footnotes":""},"class_list":["post-5558","page","type-page","status-publish","has-post-thumbnail","hentry"],"_links":{"self":[{"href":"https:\/\/fotoakademija.lv\/lt\/wp-json\/wp\/v2\/pages\/5558","targetHints":{"allow":["GET"]}}],"collection":[{"href":"https:\/\/fotoakademija.lv\/lt\/wp-json\/wp\/v2\/pages"}],"about":[{"href":"https:\/\/fotoakademija.lv\/lt\/wp-json\/wp\/v2\/types\/page"}],"author":[{"embeddable":true,"href":"https:\/\/fotoakademija.lv\/lt\/wp-json\/wp\/v2\/users\/1"}],"replies":[{"embeddable":true,"href":"https:\/\/fotoakademija.lv\/lt\/wp-json\/wp\/v2\/comments?post=5558"}],"version-history":[{"count":0,"href":"https:\/\/fotoakademija.lv\/lt\/wp-json\/wp\/v2\/pages\/5558\/revisions"}],"up":[{"embeddable":true,"href":"https:\/\/fotoakademija.lv\/lt\/wp-json\/wp\/v2\/pages\/2862"}],"wp:featuredmedia":[{"embeddable":true,"href":"https:\/\/fotoakademija.lv\/lt\/wp-json\/wp\/v2\/media\/4713"}],"wp:attachment":[{"href":"https:\/\/fotoakademija.lv\/lt\/wp-json\/wp\/v2\/media?parent=5558"}],"curies":[{"name":"wp","href":"https:\/\/api.w.org\/{rel}","templated":true}]}}