{"id":2911,"date":"2018-05-02T15:23:43","date_gmt":"2018-05-02T15:23:43","guid":{"rendered":"https:\/\/fotoakademija.lv\/?page_id=2911"},"modified":"2024-02-07T14:23:56","modified_gmt":"2024-02-07T12:23:56","slug":"vakances","status":"publish","type":"page","link":"https:\/\/fotoakademija.lv\/ru\/\u0432\u0430\u043a\u0430\u043d\u0441\u0438\u0438\/","title":{"rendered":"\u0412\u0430\u043a\u0430\u043d\u0441\u0438\u0438"},"content":{"rendered":"<figure class=\"wp-block-image size-large\"><img loading=\"lazy\" decoding=\"async\" width=\"1024\" height=\"683\" src=\"https:\/\/fotoakademija.lv\/wp-content\/uploads\/2024\/02\/photographer-assistant-woman-collage-minimalist-two-1024x683.png\" alt=\"\" class=\"wp-image-6054\" srcset=\"https:\/\/fotoakademija.lv\/wp-content\/uploads\/2024\/02\/photographer-assistant-woman-collage-minimalist-two-1024x683.png?v=1707308596 1024w, https:\/\/fotoakademija.lv\/wp-content\/uploads\/2024\/02\/photographer-assistant-woman-collage-minimalist-two-300x200.png?v=1707308596 300w, https:\/\/fotoakademija.lv\/wp-content\/uploads\/2024\/02\/photographer-assistant-woman-collage-minimalist-two-768x512.png?v=1707308596 768w, https:\/\/fotoakademija.lv\/wp-content\/uploads\/2024\/02\/photographer-assistant-woman-collage-minimalist-two-18x12.png?v=1707308596 18w, https:\/\/fotoakademija.lv\/wp-content\/uploads\/2024\/02\/photographer-assistant-woman-collage-minimalist-two-1000x667.png?v=1707308596 1000w, https:\/\/fotoakademija.lv\/wp-content\/uploads\/2024\/02\/photographer-assistant-woman-collage-minimalist-two-230x153.png?v=1707308596 230w, https:\/\/fotoakademija.lv\/wp-content\/uploads\/2024\/02\/photographer-assistant-woman-collage-minimalist-two-350x233.png?v=1707308596 350w, https:\/\/fotoakademija.lv\/wp-content\/uploads\/2024\/02\/photographer-assistant-woman-collage-minimalist-two-480x320.png?v=1707308596 480w, https:\/\/fotoakademija.lv\/wp-content\/uploads\/2024\/02\/photographer-assistant-woman-collage-minimalist-two.png?v=1707308596 1344w\" sizes=\"auto, (max-width: 1024px) 100vw, 1024px\" \/><\/figure>\n\n\n\n<p class=\"has-medium-font-size\">\u041d\u0430 Fotoakademija.lv \u043e\u0442\u043a\u0440\u044b\u0442\u044b \u0432\u0430\u043a\u0430\u043d\u0441\u0438\u0438<\/p>\n\n\n\n<ul class=\"wp-block-list\" id=\"primary-menu\">\n<li><a href=\"https:\/\/fotoakademija.lv\/ru\/\u043c\u043e\u0434\u0435\u043b\u0438-\u0432\u0430\u043a\u0430\u043d\u0441\u0438\u0438-\u043f\u0440\u0438\u0440\u043e\u0434\u043d\u0430\u044f-\u0441\u0440\u0435\u0434\u0430-\u043f\u043e\u043b\u043d\/\" aria-current=\"page\">\u041c\u043e\u0434\u0435\u043b\u044c\u043d\u044b\u0435 \u0432\u0430\u043a\u0430\u043d\u0441\u0438\u0438<\/a><\/li>\n\n\n\n<li><a href=\"https:\/\/fotoakademija.lv\/ru\/\u0432\u0438\u0434\u0435\u043e-\u043a\u043e\u043c\u0430\u043d\u0434\u0430-\u0441\u043e\u0442\u0440\u0443\u0434\u043d\u0438\u043a\u043e\u0432-\u0444\u043e\u0442\u043e\u0430\u043a\u0430\u0434\u0435\/\">\u0412\u0438\u0434\u0435\u043e\u0445\u0443\u0434\u043e\u0436\u043d\u0438\u043a<\/a><\/li>\n<\/ul>\n\n\n\n<p class=\"has-medium-font-size\"><em><strong>\u0414\u0440\u0443\u0433\u0438\u0445 \u0432\u0430\u043a\u0430\u043d\u0441\u0438\u0439 \u043d\u0430 \u0434\u0430\u043d\u043d\u044b\u0439 \u043c\u043e\u043c\u0435\u043d\u0442 \u043d\u0435\u0442.<\/strong><\/em><\/p>\n\n\n\n<ul class=\"wp-block-list\">\n<li>\u0423\u0447\u0438\u0442\u0435\u043b\u044c \u0444\u043e\u0442\u043e\u0433\u0440\u0430\u0444\u0438\u0438<\/li>\n\n\n\n<li>\u0418\u043d\u0441\u0442\u0440\u0443\u043a\u0442\u043e\u0440 \u043f\u043e \u0432\u0438\u0434\u0435\u043e\u0430\u0440\u0442\u0443<\/li>\n\n\n\n<li>\u0412\u0438\u0434\u0435\u043e\u043e\u043f\u0435\u0440\u0430\u0442\u043e\u0440<\/li>\n\n\n\n<li>\u041e\u043f\u0435\u0440\u0430\u0442\u043e\u0440 \u0432\u0438\u0434\u0435\u043e\u043c\u043e\u043d\u0442\u0430\u0436\u0430<\/li>\n<\/ul>\n\n\n\n<p>\u0422\u0435\u043b\u0435\u0444\u043e\u043d \u0434\u043b\u044f \u0441\u043f\u0440\u0430\u0432\u043e\u043a: 220-77-202.<\/p>","protected":false},"excerpt":{"rendered":"<p>Atv\u0113rtas Fotoakademija.lv vakances Citas vakances \u0161obr\u012bd nav pieejamas. T\u0101lrunis uzzi\u0146\u0101m: 220&#8211;77&#8211;202<\/p>","protected":false},"author":1,"featured_media":6055,"parent":0,"menu_order":0,"comment_status":"closed","ping_status":"closed","template":"","meta":{"footnotes":""},"class_list":["post-2911","page","type-page","status-publish","has-post-thumbnail","hentry"],"_links":{"self":[{"href":"https:\/\/fotoakademija.lv\/ru\/wp-json\/wp\/v2\/pages\/2911","targetHints":{"allow":["GET"]}}],"collection":[{"href":"https:\/\/fotoakademija.lv\/ru\/wp-json\/wp\/v2\/pages"}],"about":[{"href":"https:\/\/fotoakademija.lv\/ru\/wp-json\/wp\/v2\/types\/page"}],"author":[{"embeddable":true,"href":"https:\/\/fotoakademija.lv\/ru\/wp-json\/wp\/v2\/users\/1"}],"replies":[{"embeddable":true,"href":"https:\/\/fotoakademija.lv\/ru\/wp-json\/wp\/v2\/comments?post=2911"}],"version-history":[{"count":0,"href":"https:\/\/fotoakademija.lv\/ru\/wp-json\/wp\/v2\/pages\/2911\/revisions"}],"wp:featuredmedia":[{"embeddable":true,"href":"https:\/\/fotoakademija.lv\/ru\/wp-json\/wp\/v2\/media\/6055"}],"wp:attachment":[{"href":"https:\/\/fotoakademija.lv\/ru\/wp-json\/wp\/v2\/media?parent=2911"}],"curies":[{"name":"wp","href":"https:\/\/api.w.org\/{rel}","templated":true}]}}