{"id":5854,"date":"2024-01-26T16:22:12","date_gmt":"2024-01-26T14:22:12","guid":{"rendered":"https:\/\/fotoakademija.lv\/?page_id=5854"},"modified":"2025-05-18T11:03:23","modified_gmt":"2025-05-18T08:03:23","slug":"modelu-vakances-dabiga-vide-pilna-apgerba","status":"publish","type":"page","link":"https:\/\/fotoakademija.lv\/ru\/\u043c\u043e\u0434\u0435\u043b\u0438-\u0432\u0430\u043a\u0430\u043d\u0441\u0438\u0438-\u043f\u0440\u0438\u0440\u043e\u0434\u043d\u0430\u044f-\u0441\u0440\u0435\u0434\u0430-\u043f\u043e\u043b\u043d\/","title":{"rendered":"\u041c\u043e\u0434\u0435\u043b\u044c\u043d\u044b\u0435 \u0432\u0430\u043a\u0430\u043d\u0441\u0438\u0438 \u0432 \u0435\u0441\u0442\u0435\u0441\u0442\u0432\u0435\u043d\u043d\u043e\u0439 \u0441\u0440\u0435\u0434\u0435"},"content":{"rendered":"<p class=\"has-medium-font-size\">\u0420\u0430\u0431\u043e\u0442\u0430 \u043c\u043e\u0434\u0435\u043b\u0438 \u0432 \u0420\u0438\u0433\u0435, \u0441\u044a\u0435\u043c\u043a\u0438 \u0432 \u0441\u0442\u0443\u0434\u0438\u0438 \u0438 \u043d\u0430 \u043f\u0440\u0438\u0440\u043e\u0434\u0435.<\/p>\n\n\n\n<p><strong>\u0424\u043e\u0442\u043e\u0430\u043a\u0430\u0434\u0435\u043c\u0438\u044f \u043f\u0440\u0435\u0434\u043b\u0430\u0433\u0430\u0435\u0442 \u0440\u0430\u0431\u043e\u0442\u0443 \u0444\u043e\u0442\u043e \u0438 \u0432\u0438\u0434\u0435\u043e \u043c\u043e\u0434\u0435\u043b\u0435\u0439, \u0443 \u0432\u0430\u0441 \u0435\u0441\u0442\u044c \u0432\u043e\u0437\u043c\u043e\u0436\u043d\u043e\u0441\u0442\u044c \u043e\u0431\u0443\u0447\u0430\u0442\u044c\u0441\u044f \u043f\u0440\u044f\u043c\u043e \u0432\u043e \u0432\u0440\u0435\u043c\u044f \u0441\u044a\u0435\u043c\u043e\u043a!<\/strong><\/p>\n\n\n\n<figure class=\"wp-block-image size-full\"><img loading=\"lazy\" decoding=\"async\" width=\"1920\" height=\"1080\" src=\"https:\/\/fotoakademija.lv\/wp-content\/uploads\/2024\/01\/Kadru-plans-foto-un-video-modeliem-6.png\" alt=\"\" class=\"wp-image-5877\" srcset=\"https:\/\/fotoakademija.lv\/wp-content\/uploads\/2024\/01\/Kadru-plans-foto-un-video-modeliem-6.png 1920w, https:\/\/fotoakademija.lv\/wp-content\/uploads\/2024\/01\/Kadru-plans-foto-un-video-modeliem-6-300x169.png 300w, https:\/\/fotoakademija.lv\/wp-content\/uploads\/2024\/01\/Kadru-plans-foto-un-video-modeliem-6-1024x576.png 1024w, https:\/\/fotoakademija.lv\/wp-content\/uploads\/2024\/01\/Kadru-plans-foto-un-video-modeliem-6-768x432.png 768w, https:\/\/fotoakademija.lv\/wp-content\/uploads\/2024\/01\/Kadru-plans-foto-un-video-modeliem-6-1536x864.png 1536w, https:\/\/fotoakademija.lv\/wp-content\/uploads\/2024\/01\/Kadru-plans-foto-un-video-modeliem-6-18x10.png 18w, https:\/\/fotoakademija.lv\/wp-content\/uploads\/2024\/01\/Kadru-plans-foto-un-video-modeliem-6-1000x563.png 1000w, https:\/\/fotoakademija.lv\/wp-content\/uploads\/2024\/01\/Kadru-plans-foto-un-video-modeliem-6-230x129.png 230w, https:\/\/fotoakademija.lv\/wp-content\/uploads\/2024\/01\/Kadru-plans-foto-un-video-modeliem-6-350x197.png 350w, https:\/\/fotoakademija.lv\/wp-content\/uploads\/2024\/01\/Kadru-plans-foto-un-video-modeliem-6-480x270.png 480w\" sizes=\"auto, (max-width: 1920px) 100vw, 1920px\" \/><figcaption class=\"wp-element-caption\"><strong>\u0423 \u0432\u0430\u0441 \u0435\u0441\u0442\u044c \u0432\u043e\u0437\u043c\u043e\u0436\u043d\u043e\u0441\u0442\u044c \u0443\u0447\u0438\u0442\u044c\u0441\u044f \u0432\u043e \u0432\u0440\u0435\u043c\u044f \u0441\u044a\u0435\u043c\u043e\u043a!<\/strong><\/figcaption><\/figure>\n\n\n\n<p class=\"has-medium-font-size\">\u041a\u043e\u043d\u0442\u0430\u043a\u0442\u044b: \u0412\u0430\u043b\u0442\u0435\u0440\u0441 (Fotoakademija.lv). \u041c\u043e\u0434\u0435\u043b\u0438\u0440\u043e\u0432\u0430\u043d\u0438\u0435 \u043e\u0441\u0443\u0449\u0435\u0441\u0442\u0432\u043b\u044f\u0435\u0442\u0441\u044f \u0437\u0430 \u0432\u043e\u0437\u043d\u0430\u0433\u0440\u0430\u0436\u0434\u0435\u043d\u0438\u0435. <\/p>\n\n\n\n<p class=\"has-medium-font-size\"><strong>\u0414\u043b\u044f \u043f\u043e\u0434\u0430\u0447\u0438 \u0437\u0430\u044f\u0432\u043a\u0438 \u043e\u0442\u043f\u0440\u0430\u0432\u044c\u0442\u0435 \u0441\u0432\u043e\u0435 \u0444\u043e\u0442\u043e \u0432 \u043f\u043e\u043b\u043d\u044b\u0439 \u0440\u043e\u0441\u0442 \u043d\u0430 \u0430\u0434\u0440\u0435\u0441 <strong>\u0444\u043e\u0442\u043e\u0430\u043a\u0430\u0434\u0435\u043c\u0438\u044f<\/strong>(\u043d\u0430)gmail.com<\/strong><\/p>\n\n\n\n<p><a href=\"https:\/\/fotoakademija.lv\/ru\/\u043f\u043b\u0430\u043d-\u043a\u0430\u0440\u043a\u0430\u0441\u0430-\u0434\u043b\u044f-\u0444\u043e\u0442\u043e-\u0438-\u0432\u0438\u0434\u0435\u043e-\u043c\u043e\u0434\u0435\u043b\u0435\u0439\/\" data-type=\"post\" data-id=\"5871\"><strong>\u041f\u043b\u0430\u043d \u043a\u0430\u0440\u043a\u0430\u0441\u0430 \u0434\u043b\u044f \u0444\u043e\u0442\u043e \u0438 \u0432\u0438\u0434\u0435\u043e \u043c\u043e\u0434\u0435\u043b\u0435\u0439<\/strong><\/a><\/p>\n\n\n\n<p>\u041c\u043e\u0434\u0435\u043b\u044c\u043d\u044b\u0439 \u0431\u0438\u0437\u043d\u0435\u0441 \u2014 \u0443\u0432\u043b\u0435\u043a\u0430\u0442\u0435\u043b\u044c\u043d\u0430\u044f \u0438 \u0442\u0432\u043e\u0440\u0447\u0435\u0441\u043a\u0430\u044f \u043f\u0440\u043e\u0444\u0435\u0441\u0441\u0438\u044f, \u0434\u0430\u044e\u0449\u0430\u044f \u0432\u043e\u0437\u043c\u043e\u0436\u043d\u043e\u0441\u0442\u044c \u0440\u0430\u0431\u043e\u0442\u0430\u0442\u044c \u0441 \u0440\u0430\u0437\u043d\u044b\u043c\u0438 \u043b\u044e\u0434\u044c\u043c\u0438 \u0438 \u043a\u043e\u043c\u043f\u0430\u043d\u0438\u044f\u043c\u0438, \u0430 \u0442\u0430\u043a\u0436\u0435 \u0442\u0432\u043e\u0440\u0447\u0435\u0441\u043a\u0438 \u043f\u0440\u043e\u044f\u0432\u043b\u044f\u0442\u044c \u0441\u0435\u0431\u044f. \u0424\u043e\u0442\u043e- \u0438 \u0432\u0438\u0434\u0435\u043e\u043c\u043e\u0434\u0435\u043b\u0438 \u043d\u0435\u0441\u0443\u0442 \u043e\u0442\u0432\u0435\u0442\u0441\u0442\u0432\u0435\u043d\u043d\u043e\u0441\u0442\u044c \u0437\u0430 \u0438\u0437\u043e\u0431\u0440\u0430\u0436\u0435\u043d\u0438\u0435 \u043e\u043f\u0440\u0435\u0434\u0435\u043b\u0435\u043d\u043d\u043e\u0433\u043e \u043e\u0431\u0440\u0430\u0437\u0430 \u0438\u043b\u0438 \u043f\u0440\u043e\u0434\u0443\u043a\u0442\u0430, \u0438\u0441\u043f\u043e\u043b\u044c\u0437\u0443\u044f \u0441\u0432\u043e\u0439 \u0432\u043d\u0435\u0448\u043d\u0438\u0439 \u0432\u0438\u0434 \u0438 \u0438\u043d\u0434\u0438\u0432\u0438\u0434\u0443\u0430\u043b\u044c\u043d\u043e\u0441\u0442\u044c.<\/p>\n\n\n\n<p class=\"has-very-light-gray-to-cyan-bluish-gray-gradient-background has-background\"><strong>\u0424\u043e\u0442\u043e \u0410\u043a\u0430\u0434\u0435\u043c\u0438\u044f<\/strong> \u043f\u0440\u0435\u0434\u043b\u0430\u0433\u0430\u0435\u0442 \u0440\u0430\u0431\u043e\u0442\u0443 \u0434\u043b\u044f \u0444\u043e\u0442\u043e \u0438 \u0432\u0438\u0434\u0435\u043e \u043c\u043e\u0434\u0435\u043b\u0435\u0439. \u041d\u0430\u0448\u0438 \u043f\u0440\u043e\u0435\u043a\u0442\u044b \u043e\u0431\u044b\u0447\u043d\u043e \u043f\u0440\u0435\u0434\u0441\u0442\u0430\u0432\u043b\u044f\u044e\u0442 \u0441\u043e\u0431\u043e\u0439 \u043e\u0434\u043d\u043e\u0434\u043d\u0435\u0432\u043d\u044b\u0435 \u043f\u0440\u043e\u0435\u043a\u0442\u044b, \u043d\u043e \u0442\u0430\u043a\u0436\u0435 \u043c\u043e\u0433\u0443\u0442 \u043f\u0440\u0435\u0434\u0441\u0442\u0430\u0432\u043b\u044f\u0442\u044c \u0441\u043e\u0431\u043e\u0439 \u043f\u043e\u043b\u043d\u043e\u0441\u0442\u044c\u044e \u043e\u043f\u043b\u0430\u0447\u0438\u0432\u0430\u0435\u043c\u0443\u044e \u043c\u043d\u043e\u0433\u043e\u0434\u043d\u0435\u0432\u043d\u0443\u044e \u0440\u0430\u0431\u043e\u0442\u0443. \u0424\u043e\u0442\u043e\u0441\u044a\u0435\u043c\u043a\u0430 \u0438\u043b\u0438 \u0441\u044a\u0435\u043c\u043a\u0430 \u043f\u0440\u043e\u0445\u043e\u0434\u044f\u0442 \u0432 \u0441\u0442\u0443\u0434\u0438\u0438 \u0438\u043b\u0438 \u043d\u0430 \u043f\u0440\u0438\u0440\u043e\u0434\u0435, \u0432 \u0441\u0435\u0437\u043e\u043d\u043d\u043e\u0439 \u043e\u0434\u0435\u0436\u0434\u0435.<\/p>\n\n\n\n<figure class=\"wp-block-image size-full\"><img loading=\"lazy\" decoding=\"async\" width=\"1920\" height=\"1080\" src=\"https:\/\/fotoakademija.lv\/wp-content\/uploads\/2024\/01\/Kadru-plans-foto-un-video-modeliem-9.png\" alt=\"\" class=\"wp-image-5883\" srcset=\"https:\/\/fotoakademija.lv\/wp-content\/uploads\/2024\/01\/Kadru-plans-foto-un-video-modeliem-9.png 1920w, https:\/\/fotoakademija.lv\/wp-content\/uploads\/2024\/01\/Kadru-plans-foto-un-video-modeliem-9-300x169.png 300w, https:\/\/fotoakademija.lv\/wp-content\/uploads\/2024\/01\/Kadru-plans-foto-un-video-modeliem-9-1024x576.png 1024w, https:\/\/fotoakademija.lv\/wp-content\/uploads\/2024\/01\/Kadru-plans-foto-un-video-modeliem-9-768x432.png 768w, https:\/\/fotoakademija.lv\/wp-content\/uploads\/2024\/01\/Kadru-plans-foto-un-video-modeliem-9-1536x864.png 1536w, https:\/\/fotoakademija.lv\/wp-content\/uploads\/2024\/01\/Kadru-plans-foto-un-video-modeliem-9-18x10.png 18w, https:\/\/fotoakademija.lv\/wp-content\/uploads\/2024\/01\/Kadru-plans-foto-un-video-modeliem-9-1000x563.png 1000w, https:\/\/fotoakademija.lv\/wp-content\/uploads\/2024\/01\/Kadru-plans-foto-un-video-modeliem-9-230x129.png 230w, https:\/\/fotoakademija.lv\/wp-content\/uploads\/2024\/01\/Kadru-plans-foto-un-video-modeliem-9-350x197.png 350w, https:\/\/fotoakademija.lv\/wp-content\/uploads\/2024\/01\/Kadru-plans-foto-un-video-modeliem-9-480x270.png 480w\" sizes=\"auto, (max-width: 1920px) 100vw, 1920px\" \/><figcaption class=\"wp-element-caption\"><strong>\u0424\u043e\u0442\u043e \u0410\u043a\u0430\u0434\u0435\u043c\u0438\u044f<\/strong> \u043f\u0440\u0435\u0434\u043b\u0430\u0433\u0430\u0435\u0442 \u0440\u0430\u0431\u043e\u0442\u0443 \u0434\u043b\u044f \u0444\u043e\u0442\u043e \u0438 \u0432\u0438\u0434\u0435\u043e \u043c\u043e\u0434\u0435\u043b\u0435\u0439, \u0440\u0435\u0430\u043b\u0438\u0437\u0443\u0439\u0442\u0435 \u0441\u0432\u043e\u044e \u043c\u0435\u0447\u0442\u0443<\/figcaption><\/figure>\n\n\n\n<p class=\"has-medium-font-size\">\u041d\u0430\u0432\u044b\u043a\u0438, \u043d\u0435\u043e\u0431\u0445\u043e\u0434\u0438\u043c\u044b\u0435 \u0434\u043b\u044f \u043c\u043e\u0434\u0435\u043b\u0438\u0440\u043e\u0432\u0430\u043d\u0438\u044f<\/p>\n\n\n\n<p>\u0427\u0442\u043e\u0431\u044b \u0431\u044b\u0442\u044c \u0443\u0441\u043f\u0435\u0448\u043d\u043e\u0439 \u0444\u043e\u0442\u043e- \u0438 \u0432\u0438\u0434\u0435\u043e\u043c\u043e\u0434\u0435\u043b\u044c\u044e, \u0432\u0430\u0436\u043d\u043e \u0440\u0430\u0437\u0432\u0438\u0432\u0430\u0442\u044c \u0441\u043b\u0435\u0434\u0443\u044e\u0449\u0438\u0435 \u043d\u0430\u0432\u044b\u043a\u0438:<\/p>\n\n\n\n<ul class=\"wp-block-list\">\n<li><strong>\u041f\u043e\u044f\u0432\u043b\u0435\u043d\u0438\u0435:<\/strong> \u0412\u043d\u0435\u0448\u043d\u0438\u0439 \u0432\u0438\u0434 \u043c\u043e\u0434\u0435\u043b\u0438 \u2013 \u043e\u0441\u043d\u043e\u0432\u0430 \u0435\u0433\u043e \u0440\u0430\u0431\u043e\u0442\u044b. \u041e\u043d \u0434\u043e\u043b\u0436\u0435\u043d \u0438\u043c\u0435\u0442\u044c \u0433\u0430\u0440\u043c\u043e\u043d\u0438\u0447\u043d\u044b\u0435 \u043f\u0440\u043e\u043f\u043e\u0440\u0446\u0438\u0438 \u043b\u0438\u0446\u0430 \u0438 \u0442\u0435\u043b\u0430.<\/li>\n\n\n\n<li><strong>\u041b\u0438\u0447\u043d\u043e\u0441\u0442\u044c:<\/strong> \u0414\u043b\u044f \u043d\u0435\u0433\u043e \u0432\u0430\u0436\u043d\u0430 \u0438\u043d\u0434\u0438\u0432\u0438\u0434\u0443\u0430\u043b\u044c\u043d\u043e\u0441\u0442\u044c \u043c\u043e\u0434\u0435\u043b\u0438, \u0447\u0442\u043e\u0431\u044b \u043e\u043d\u0430 \u043c\u043e\u0433\u043b\u0430 \u0432\u044b\u0434\u0435\u0440\u0436\u0430\u0442\u044c \u0434\u043b\u0438\u0442\u0435\u043b\u044c\u043d\u044b\u0435 \u0444\u043e\u0442\u043e\u0441\u0435\u0441\u0441\u0438\u0438 \u0438\u043b\u0438 \u0441\u044a\u0435\u043c\u043a\u0438. \u041e\u043d \u0434\u043e\u043b\u0436\u0435\u043d \u0431\u044b\u0442\u044c \u0434\u0440\u0443\u0436\u0435\u043b\u044e\u0431\u043d\u044b\u043c, \u043e\u0442\u043a\u0440\u044b\u0442\u044b\u043c \u0438 \u0433\u043e\u0442\u043e\u0432\u044b\u043c \u043a \u0441\u043e\u0442\u0440\u0443\u0434\u043d\u0438\u0447\u0435\u0441\u0442\u0432\u0443.<\/li>\n\n\n\n<li><strong>\u041f\u0440\u043e\u0444\u0435\u0441\u0441\u0438\u043e\u043d\u0430\u043b\u044c\u043d\u043e\u0435 \u043e\u0442\u043d\u043e\u0448\u0435\u043d\u0438\u0435:<\/strong> \u0440\u0430\u0431\u043e\u0442\u0430 \u043f\u043e \u043c\u043e\u0434\u0435\u043b\u0438\u0440\u043e\u0432\u0430\u043d\u0438\u044e \u0434\u043e\u043b\u0436\u043d\u0430 \u0438\u043c\u0435\u0442\u044c \u043f\u0440\u043e\u0444\u0435\u0441\u0441\u0438\u043e\u043d\u0430\u043b\u044c\u043d\u044b\u0439 \u043f\u043e\u0434\u0445\u043e\u0434. \u041e\u043d \u0434\u043e\u043b\u0436\u0435\u043d \u0431\u044b\u0442\u044c \u043f\u0443\u043d\u043a\u0442\u0443\u0430\u043b\u044c\u043d\u044b\u043c, \u0442\u0449\u0430\u0442\u0435\u043b\u044c\u043d\u044b\u043c \u0438 \u0432\u044b\u043f\u043e\u043b\u043d\u044f\u0442\u044c \u0443\u043a\u0430\u0437\u0430\u043d\u0438\u044f \u043a\u043b\u0438\u0435\u043d\u0442\u0430.<\/li>\n<\/ul>\n\n\n\n<figure class=\"wp-block-image size-full\"><img loading=\"lazy\" decoding=\"async\" width=\"1920\" height=\"1080\" src=\"https:\/\/fotoakademija.lv\/wp-content\/uploads\/2024\/01\/Kadru-plans-foto-un-video-modeliem-2-1.png\" alt=\"\" class=\"wp-image-5879\" srcset=\"https:\/\/fotoakademija.lv\/wp-content\/uploads\/2024\/01\/Kadru-plans-foto-un-video-modeliem-2-1.png 1920w, https:\/\/fotoakademija.lv\/wp-content\/uploads\/2024\/01\/Kadru-plans-foto-un-video-modeliem-2-1-300x169.png 300w, https:\/\/fotoakademija.lv\/wp-content\/uploads\/2024\/01\/Kadru-plans-foto-un-video-modeliem-2-1-1024x576.png 1024w, https:\/\/fotoakademija.lv\/wp-content\/uploads\/2024\/01\/Kadru-plans-foto-un-video-modeliem-2-1-768x432.png 768w, https:\/\/fotoakademija.lv\/wp-content\/uploads\/2024\/01\/Kadru-plans-foto-un-video-modeliem-2-1-1536x864.png 1536w, https:\/\/fotoakademija.lv\/wp-content\/uploads\/2024\/01\/Kadru-plans-foto-un-video-modeliem-2-1-18x10.png 18w, https:\/\/fotoakademija.lv\/wp-content\/uploads\/2024\/01\/Kadru-plans-foto-un-video-modeliem-2-1-1000x563.png 1000w, https:\/\/fotoakademija.lv\/wp-content\/uploads\/2024\/01\/Kadru-plans-foto-un-video-modeliem-2-1-230x129.png 230w, https:\/\/fotoakademija.lv\/wp-content\/uploads\/2024\/01\/Kadru-plans-foto-un-video-modeliem-2-1-350x197.png 350w, https:\/\/fotoakademija.lv\/wp-content\/uploads\/2024\/01\/Kadru-plans-foto-un-video-modeliem-2-1-480x270.png 480w\" sizes=\"auto, (max-width: 1920px) 100vw, 1920px\" \/><figcaption class=\"wp-element-caption\"><strong>\u0424\u043e\u0442\u043e \u0410\u043a\u0430\u0434\u0435\u043c\u0438\u044f<\/strong> \u043f\u0440\u0435\u0434\u043b\u0430\u0433\u0430\u0435\u0442 \u0440\u0430\u0431\u043e\u0442\u0443 \u0444\u043e\u0442\u043e \u0438 \u0432\u0438\u0434\u0435\u043e \u043c\u043e\u0434\u0435\u043b\u0435\u0439 \u0432 \u0420\u0438\u0433\u0435<\/figcaption><\/figure>\n\n\n\n<p class=\"has-medium-font-size\">\u041f\u0440\u0435\u0438\u043c\u0443\u0449\u0435\u0441\u0442\u0432\u0430 \u0440\u0430\u0431\u043e\u0442\u044b \u043c\u043e\u0434\u0435\u043b\u044c\u044e<\/p>\n\n\n\n<p><strong>\u0424\u043e\u0442\u043e \u0410\u043a\u0430\u0434\u0435\u043c\u0438\u044f<\/strong> \u043f\u0440\u0435\u0434\u043b\u0430\u0433\u0430\u0435\u0442 \u0440\u0430\u0431\u043e\u0442\u0443 \u0434\u043b\u044f \u0444\u043e\u0442\u043e \u0438 \u0432\u0438\u0434\u0435\u043e \u043c\u043e\u0434\u0435\u043b\u0435\u0439, \u0432 \u0442\u043e\u043c \u0447\u0438\u0441\u043b\u0435:<\/p>\n\n\n\n<ul class=\"wp-block-list\">\n<li><strong>\u0412\u043e\u0437\u043c\u043e\u0436\u043d\u043e\u0441\u0442\u044c \u043f\u0440\u043e\u044f\u0432\u0438\u0442\u044c \u0441\u0435\u0431\u044f, \u0441\u043e\u0437\u0434\u0430\u0432:<\/strong> \u043c\u043e\u0434\u0435\u043b\u0438 \u043c\u043e\u0433\u0443\u0442 \u0438\u0441\u043f\u043e\u043b\u044c\u0437\u043e\u0432\u0430\u0442\u044c \u0441\u0432\u043e\u044e \u0432\u043d\u0435\u0448\u043d\u043e\u0441\u0442\u044c \u0438 \u0438\u043d\u0434\u0438\u0432\u0438\u0434\u0443\u0430\u043b\u044c\u043d\u043e\u0441\u0442\u044c \u0434\u043b\u044f \u0441\u043e\u0437\u0434\u0430\u043d\u0438\u044f \u0443\u043d\u0438\u043a\u0430\u043b\u044c\u043d\u044b\u0445 \u0438 \u0437\u0430\u0445\u0432\u0430\u0442\u044b\u0432\u0430\u044e\u0449\u0438\u0445 \u043e\u0431\u0440\u0430\u0437\u043e\u0432.<\/li>\n\n\n\n<li><strong>\u0412\u043e\u0437\u043c\u043e\u0436\u043d\u043e\u0441\u0442\u044c \u0440\u0430\u0431\u043e\u0442\u0430\u0442\u044c \u0441 \u0440\u0430\u0437\u043d\u044b\u043c\u0438 \u043b\u044e\u0434\u044c\u043c\u0438 \u0438 \u043a\u043e\u043c\u043f\u0430\u043d\u0438\u044f\u043c\u0438:<\/strong> \u043c\u043e\u0434\u0435\u043b\u0438 \u0438\u043c\u0435\u044e\u0442 \u0432\u043e\u0437\u043c\u043e\u0436\u043d\u043e\u0441\u0442\u044c \u0440\u0430\u0431\u043e\u0442\u0430\u0442\u044c \u0441 \u0440\u0430\u0437\u043b\u0438\u0447\u043d\u044b\u043c\u0438 \u0442\u0432\u043e\u0440\u0447\u0435\u0441\u043a\u0438\u043c\u0438 \u043b\u0438\u0447\u043d\u043e\u0441\u0442\u044f\u043c\u0438 \u0438 \u043a\u043e\u043c\u043f\u0430\u043d\u0438\u044f\u043c\u0438.<\/li>\n\n\n\n<li><strong>\u0412\u043e\u0437\u043c\u043e\u0436\u043d\u043e\u0441\u0442\u044c \u043f\u0443\u0442\u0435\u0448\u0435\u0441\u0442\u0432\u043e\u0432\u0430\u0442\u044c:<\/strong> \u043c\u043e\u0434\u0435\u043b\u0438\u0440\u043e\u0432\u0430\u043d\u0438\u0435 \u043c\u043e\u0436\u0435\u0442 \u0434\u0430\u0442\u044c \u0432\u0430\u043c \u0432\u043e\u0437\u043c\u043e\u0436\u043d\u043e\u0441\u0442\u044c \u043f\u0443\u0442\u0435\u0448\u0435\u0441\u0442\u0432\u043e\u0432\u0430\u0442\u044c \u0438 \u043e\u0442\u043a\u0440\u044b\u0432\u0430\u0442\u044c \u043d\u043e\u0432\u044b\u0435 \u043c\u0435\u0441\u0442\u0430.<\/li>\n<\/ul>\n\n\n\n<p class=\"has-medium-font-size\">\u041a\u0430\u043a \u0441\u0442\u0430\u0442\u044c \u0444\u043e\u0442\u043e \u0438 \u0432\u0438\u0434\u0435\u043e \u043c\u043e\u0434\u0435\u043b\u044c\u044e<\/p>\n\n\n\n<p>\u0427\u0442\u043e\u0431\u044b \u0441\u0442\u0430\u0442\u044c \u0444\u043e\u0442\u043e- \u0438 \u0432\u0438\u0434\u0435\u043e\u043c\u043e\u0434\u0435\u043b\u044c\u044e, \u0432\u0430\u0436\u043d\u043e \u043d\u0430\u0447\u0430\u0442\u044c \u0441 \u0441\u043e\u0437\u0434\u0430\u043d\u0438\u044f \u043f\u043e\u0440\u0442\u0444\u043e\u043b\u0438\u043e. \u041f\u043e\u0440\u0442\u0444\u043e\u043b\u0438\u043e \u0434\u043e\u043b\u0436\u043d\u043e \u0432\u043a\u043b\u044e\u0447\u0430\u0442\u044c \u0432 \u0441\u0435\u0431\u044f \u0440\u0430\u0437\u043d\u043e\u043e\u0431\u0440\u0430\u0437\u043d\u044b\u0435 \u0444\u043e\u0442\u043e\u0433\u0440\u0430\u0444\u0438\u0438, \u043a\u043e\u0442\u043e\u0440\u044b\u0435 \u043e\u0442\u0440\u0430\u0436\u0430\u044e\u0442 \u0432\u0430\u0448\u0443 \u0432\u043d\u0435\u0448\u043d\u043e\u0441\u0442\u044c \u0438 \u0438\u043d\u0434\u0438\u0432\u0438\u0434\u0443\u0430\u043b\u044c\u043d\u043e\u0441\u0442\u044c. \u0412\u044b \u043c\u043e\u0436\u0435\u0442\u0435 \u043f\u043e\u043f\u0440\u043e\u0441\u0438\u0442\u044c \u0434\u0440\u0443\u0437\u0435\u0439, \u0440\u043e\u0434\u0441\u0442\u0432\u0435\u043d\u043d\u0438\u043a\u043e\u0432 \u0438\u043b\u0438 \u043f\u0440\u043e\u0444\u0435\u0441\u0441\u0438\u043e\u043d\u0430\u043b\u044c\u043d\u044b\u0445 \u0444\u043e\u0442\u043e\u0433\u0440\u0430\u0444\u043e\u0432 \u043f\u043e\u043c\u043e\u0447\u044c \u0432\u0430\u043c \u0441\u043e\u0437\u0434\u0430\u0442\u044c \u043f\u043e\u0440\u0442\u0444\u043e\u043b\u0438\u043e.<\/p>\n\n\n\n<p class=\"has-luminous-dusk-gradient-background has-background\">\u041f\u043e\u0441\u043b\u0435 \u0442\u043e\u0433\u043e, \u043a\u0430\u043a \u0432\u044b \u0441\u043e\u0437\u0434\u0430\u043b\u0438 \u0441\u0432\u043e\u0435 \u043f\u043e\u0440\u0442\u0444\u043e\u043b\u0438\u043e, \u0432\u044b \u043c\u043e\u0436\u0435\u0442\u0435 \u043d\u0430\u0447\u0430\u0442\u044c \u0438\u0441\u043a\u0430\u0442\u044c \u0440\u0430\u0431\u043e\u0442\u0443 \u0432 \u043c\u043e\u0434\u0435\u043b\u044c\u043d\u044b\u0445 \u0430\u0433\u0435\u043d\u0442\u0441\u0442\u0432\u0430\u0445 \u0438\u043b\u0438 \u0432 \u0418\u043d\u0442\u0435\u0440\u043d\u0435\u0442\u0435. \u0412\u0430\u0436\u043d\u043e \u043f\u043e\u0434\u0430\u0432\u0430\u0442\u044c \u0437\u0430\u044f\u0432\u043a\u0438 \u043d\u0430 \u0440\u0430\u0437\u043b\u0438\u0447\u043d\u044b\u0435 \u043f\u0440\u043e\u0435\u043a\u0442\u044b, \u0447\u0442\u043e\u0431\u044b \u0443\u0432\u0435\u043b\u0438\u0447\u0438\u0442\u044c \u0441\u0432\u043e\u0438 \u0448\u0430\u043d\u0441\u044b \u043d\u0430\u0439\u0442\u0438 \u0440\u0430\u0431\u043e\u0442\u0443.<\/p>\n\n\n\n<p><strong>\u0424\u043e\u0442\u043e \u0410\u043a\u0430\u0434\u0435\u043c\u0438\u044f<\/strong> \u043f\u0440\u0435\u0434\u043b\u0430\u0433\u0430\u0435\u0442 \u043f\u0440\u043e\u0444\u0435\u0441\u0441\u0438\u043e\u043d\u0430\u043b\u044c\u043d\u043e\u0435 \u043e\u0431\u0443\u0447\u0435\u043d\u0438\u0435 \u0444\u043e\u0442\u043e \u0438 \u0432\u0438\u0434\u0435\u043e \u043c\u043e\u0434\u0435\u043b\u0435\u0439. \u041d\u0430\u0448\u0430 \u043f\u0440\u043e\u0433\u0440\u0430\u043c\u043c\u0430 \u043e\u0431\u0443\u0447\u0435\u043d\u0438\u044f \u043d\u0430\u0443\u0447\u0438\u0442 \u0432\u0430\u0441 \u0432\u0441\u0435\u043c \u043d\u0430\u0432\u044b\u043a\u0430\u043c, \u043d\u0435\u043e\u0431\u0445\u043e\u0434\u0438\u043c\u044b\u043c \u0434\u043b\u044f \u0442\u043e\u0433\u043e, \u0447\u0442\u043e\u0431\u044b \u0441\u0442\u0430\u0442\u044c \u0443\u0441\u043f\u0435\u0448\u043d\u043e\u0439 \u043c\u043e\u0434\u0435\u043b\u044c\u044e.<\/p>\n\n\n\n<p class=\"has-medium-font-size\">\u0412 \u0440\u0430\u043c\u043a\u0430\u0445 \u043f\u0440\u043e\u0433\u0440\u0430\u043c\u043c\u044b \u043e\u0431\u0443\u0447\u0435\u043d\u0438\u044f \u0432\u044b:<\/p>\n\n\n\n<ul class=\"wp-block-list\">\n<li>\u0423\u0437\u043d\u0430\u0439\u0442\u0435, \u043a\u0430\u043a \u0441\u043e\u0437\u0434\u0430\u0442\u044c \u0441\u0432\u043e\u0435 \u043f\u043e\u0440\u0442\u0444\u043e\u043b\u0438\u043e<\/li>\n\n\n\n<li>\u041d\u0430\u0443\u0447\u0438\u0442\u0435\u0441\u044c \u0440\u0430\u0431\u043e\u0442\u0430\u0442\u044c \u0441 \u0444\u043e\u0442\u043e\u0433\u0440\u0430\u0444\u0430\u043c\u0438 \u0438 \u0440\u0435\u0436\u0438\u0441\u0441\u0435\u0440\u0430\u043c\u0438<\/li>\n\n\n\n<li>\u041d\u0430\u0443\u0447\u0438\u0442\u0435\u0441\u044c \u0440\u0435\u0430\u0433\u0438\u0440\u043e\u0432\u0430\u0442\u044c \u043d\u0430 \u043f\u043e\u0442\u0440\u0435\u0431\u043d\u043e\u0441\u0442\u0438 \u043a\u043b\u0438\u0435\u043d\u0442\u043e\u0432<\/li>\n\n\n\n<li>\u041d\u0430\u0443\u0447\u0438\u0442\u0435\u0441\u044c \u0443\u043f\u0440\u0430\u0432\u043b\u044f\u0442\u044c \u0441\u0432\u043e\u0435\u0439 \u043a\u0430\u0440\u044c\u0435\u0440\u043e\u0439<\/li>\n<\/ul>\n\n\n\n<p class=\"has-medium-font-size\">\u0415\u0441\u043b\u0438 \u0432\u044b \u0445\u043e\u0442\u0438\u0442\u0435 \u0441\u0442\u0430\u0442\u044c \u043f\u0440\u043e\u0444\u0435\u0441\u0441\u0438\u043e\u043d\u0430\u043b\u044c\u043d\u043e\u0439 \u0444\u043e\u0442\u043e- \u0438 \u0432\u0438\u0434\u0435\u043e\u043c\u043e\u0434\u0435\u043b\u044c\u044e, \u0424\u043e\u0442\u043e\u0430\u043a\u0430\u0434\u0435\u043c\u0438\u044f \u2014 \u043b\u0443\u0447\u0448\u0438\u0439 \u0441\u043f\u043e\u0441\u043e\u0431 \u043d\u0430\u0447\u0430\u0442\u044c \u043a\u0430\u0440\u044c\u0435\u0440\u0443.<\/p>\n\n\n\n<p>\u0420\u0430\u0431\u043e\u0442\u0430 \u043c\u043e\u0434\u0435\u043b\u0438 \u043e\u043f\u043b\u0430\u0447\u0438\u0432\u0430\u0435\u0442\u0441\u044f, \u0440\u0430\u0437\u043c\u0435\u0440 \u0433\u043e\u043d\u043e\u0440\u0430\u0440\u0430 \u0437\u0430\u0432\u0438\u0441\u0438\u0442 \u043e\u0442 \u043f\u0440\u043e\u0435\u043a\u0442\u0430.<\/p>\n\n\n\n<p><strong>\u041a\u043e\u043d\u0442\u0430\u043a\u0442\u044b: \u0423\u043e\u043b\u0442\u0435\u0440, <strong><strong>\u0444\u043e\u0442\u043e\u0430\u043a\u0430\u0434\u0435\u043c\u0438\u044f<\/strong>(\u043d\u0430)gmail.com<\/strong><\/strong><\/p>\n\n\n\n<p><\/p>","protected":false},"excerpt":{"rendered":"<p>Mode\u013ca darbs R\u012bg\u0101, film\u0113\u0161ana studij\u0101 un dab\u012bg\u0101 vid\u0113 Fotoakad\u0113mija pied\u0101v\u0101 darbu foto un video mode\u013ciem, Jums ir iesp\u0113ja m\u0101c\u012bties film\u0113\u0161anas laik\u0101! Kontakti: [&hellip;]<\/p>","protected":false},"author":1,"featured_media":5858,"parent":0,"menu_order":0,"comment_status":"closed","ping_status":"closed","template":"","meta":{"footnotes":""},"class_list":["post-5854","page","type-page","status-publish","has-post-thumbnail","hentry"],"_links":{"self":[{"href":"https:\/\/fotoakademija.lv\/ru\/wp-json\/wp\/v2\/pages\/5854","targetHints":{"allow":["GET"]}}],"collection":[{"href":"https:\/\/fotoakademija.lv\/ru\/wp-json\/wp\/v2\/pages"}],"about":[{"href":"https:\/\/fotoakademija.lv\/ru\/wp-json\/wp\/v2\/types\/page"}],"author":[{"embeddable":true,"href":"https:\/\/fotoakademija.lv\/ru\/wp-json\/wp\/v2\/users\/1"}],"replies":[{"embeddable":true,"href":"https:\/\/fotoakademija.lv\/ru\/wp-json\/wp\/v2\/comments?post=5854"}],"version-history":[{"count":2,"href":"https:\/\/fotoakademija.lv\/ru\/wp-json\/wp\/v2\/pages\/5854\/revisions"}],"predecessor-version":[{"id":6188,"href":"https:\/\/fotoakademija.lv\/ru\/wp-json\/wp\/v2\/pages\/5854\/revisions\/6188"}],"wp:featuredmedia":[{"embeddable":true,"href":"https:\/\/fotoakademija.lv\/ru\/wp-json\/wp\/v2\/media\/5858"}],"wp:attachment":[{"href":"https:\/\/fotoakademija.lv\/ru\/wp-json\/wp\/v2\/media?parent=5854"}],"curies":[{"name":"wp","href":"https:\/\/api.w.org\/{rel}","templated":true}]}}