{"id":2860,"date":"2018-04-29T17:26:29","date_gmt":"2018-04-29T17:26:29","guid":{"rendered":"https:\/\/fotoakademija.lv\/?page_id=2860"},"modified":"2024-02-08T08:56:48","modified_gmt":"2024-02-08T06:56:48","slug":"pleneri","status":"publish","type":"page","link":"https:\/\/fotoakademija.lv\/sv\/plein-air\/","title":{"rendered":"Plein luft"},"content":{"rendered":"<p><span style=\"color: #00102e; font-family: 'System default', sans-serif; font-size: 48px;\">V\u00e5r-, sommar- eller h\u00f6stfoto utomhus tillsammans med Photo Academy-instrukt\u00f6rer<\/span><\/p>\n<div align=\"center\">\n<div align=\"left\">\n<div><img decoding=\"async\" src=\"https:\/\/b2c.lv\/fotoakademija.lv\/content\/images\/rudens2017-01.jpg\" alt=\"\" border=\"0\" \/>Fr\u00e5ga oss om de f\u00f6r n\u00e4rvarande planerade foto plein airs eller se evenemangsplanen p\u00e5 Facebook, <a href=\"https:\/\/fotoakademija.lv\/sv\/kontakter\/\">kontakter<\/a><\/div>\n<\/div>\n<\/div>\n<div><\/div>\n<h1>H\u00f6ll foto plein air<\/h1>\n<div align=\"center\">\n<div align=\"left\">\n<div>\n<div>\n<div>\n<h1>L\u00f6rdag, 07.10.<\/h1>\n<\/div>\n<div><b><i>H\u00f6sten \u00e4r h\u00e4r och \u00e5terigen bjuder vi in dig till den traditionella samlingen av fotografer p\u00e5 en resa genom vackra Lettland:<\/i><\/b><\/div>\n<div><b><i>8:00 Mer\u0137e\u013ca iela 13 (Latviesu Biedr\u012bbas nams), Riga \u2013 Nurmi\u017eu naturpark (Gauja nationalparks territorium mellan Sigulda och Vildoga): 10:00 Raganu kittel, 11:00 Daudas flodvattenfall, 12:00 Nurmi vattenfall \u00a0 \u00a0<\/i><\/b><\/div>\n<div><b><i>\u2013 13:00 lunch i C\u0113sis (ing\u00e5r ej i medlemsavgiften) \u00a0 \u00a0<\/i><\/b><\/div>\n<div><b><i>\u2013 14:00 Raunas Staburags \u00a0 \u00a0<\/i><\/b><\/div>\n<div><b><i>\u2013 16:00 L\u012bgatne flodstigar (mellan L\u012bgatni och N\u012btauri)<\/i><\/b><\/div>\n<div><b><i>\u2013 19:00 retur till Riga<\/i><\/b><\/div>\n<div><b><i>Med tanke p\u00e5 de tr\u00e4dbevuxna och vattniga f\u00f6rem\u00e5len som ska fotograferas, rekommenderas det starkt att ta med ett stativ.<\/i><\/b><\/div>\n<div><\/div>\n<div><b><i>Reseledare Andris Klu\u0161s. Efter resan, som alltid, diskussion om bilder p\u00e5 Fotoakademin.<\/i><\/b><\/div>\n<div><b><i>Deltagaravgiften \u00e4r 43 EUR, vilket inkluderar transport, avgifter f\u00f6r sev\u00e4rdheter och en lektion p\u00e5 Fotoakademin.<\/i><\/b><\/div>\n<\/div>\n<\/div>\n<h1><\/h1>\n<h1><img loading=\"lazy\" decoding=\"async\" class=\"alignnone size-large wp-image-5779\" src=\"https:\/\/fotoakademija.lv\/wp-content\/uploads\/fOTOAKADEMIJA-valters-preimanis-1024x577.jpg\" alt=\"\" width=\"1024\" height=\"577\" srcset=\"https:\/\/fotoakademija.lv\/wp-content\/uploads\/fOTOAKADEMIJA-valters-preimanis-1024x577.jpg 1024w, https:\/\/fotoakademija.lv\/wp-content\/uploads\/fOTOAKADEMIJA-valters-preimanis-300x169.jpg 300w, https:\/\/fotoakademija.lv\/wp-content\/uploads\/fOTOAKADEMIJA-valters-preimanis-768x433.jpg 768w, https:\/\/fotoakademija.lv\/wp-content\/uploads\/fOTOAKADEMIJA-valters-preimanis-1536x866.jpg 1536w, https:\/\/fotoakademija.lv\/wp-content\/uploads\/fOTOAKADEMIJA-valters-preimanis-1000x563.jpg 1000w, https:\/\/fotoakademija.lv\/wp-content\/uploads\/fOTOAKADEMIJA-valters-preimanis-230x130.jpg 230w, https:\/\/fotoakademija.lv\/wp-content\/uploads\/fOTOAKADEMIJA-valters-preimanis-350x197.jpg 350w, https:\/\/fotoakademija.lv\/wp-content\/uploads\/fOTOAKADEMIJA-valters-preimanis-480x270.jpg 480w, https:\/\/fotoakademija.lv\/wp-content\/uploads\/fOTOAKADEMIJA-valters-preimanis.jpg 2048w\" sizes=\"auto, (max-width: 1024px) 100vw, 1024px\" \/><\/h1>\n<div>\n<div><b>Vi inbjuder dig att delta i SPRING OUTDOOR 2017 som leds av M.KUNDZI\u0146A!<\/b><\/div>\n<div>Rutt:\u00a0<b>\u00a0Riga \u2013 L\u012bgatne \u2013 \u0136\u016b\u0137u-klippan n\u00e4ra Gauja \u2013 Zv\u0101rtas-klippan \u2013 Amata n\u00e4ra K\u0101r\u013ci \u2013 lunch i C\u0113sis \u2013 \u00d6rnklippor \u2013 \u0100rai\u0161usj\u00f6ns slott och v\u00e4derkvarn \u2013 Riga.<\/b><\/div>\n<div><\/div>\n<div>Resan \u00e4r planerad till l\u00f6rdagen den 20 maj, avg\u00e5ng fr\u00e5n Latvian Society-byggnaden kl 08.00, hemkomst kl 20:00.<\/div>\n<div>\n<p>Deltagaravgiften (43 eur) inkluderar transport, entr\u00e9biljetter till attraktioner, v\u00e4gbeskrivningar och f\u00f6rklaringar fr\u00e5n gruppledaren under resan, samt en lektion ledd av M. Kundzi\u0146a efter plein air - fotograferad analys.<\/p>\n<p>Vi ber dig att ans\u00f6ka i tid, f\u00f6r den h\u00e4r g\u00e5ngen \u00e4r plein air i princip anordnad f\u00f6r v\u00e5ra nuvarande lyssnare, s\u00e5 antalet platser \u00e4r begr\u00e4nsat.<\/p>\n<p><a href=\"https:\/\/fotoakademija.lv\/sv\/kontakter\/\">Ans\u00f6ka om<\/a><\/p>\n<\/div>\n<\/div>\n<h1><img loading=\"lazy\" decoding=\"async\" class=\"alignnone size-large wp-image-5790\" src=\"https:\/\/fotoakademija.lv\/wp-content\/uploads\/101166232_1615250101958931_3160510521518587904_n-1024x585.jpg\" alt=\"\" width=\"1024\" height=\"585\" srcset=\"https:\/\/fotoakademija.lv\/wp-content\/uploads\/101166232_1615250101958931_3160510521518587904_n-1024x585.jpg 1024w, https:\/\/fotoakademija.lv\/wp-content\/uploads\/101166232_1615250101958931_3160510521518587904_n-300x171.jpg 300w, https:\/\/fotoakademija.lv\/wp-content\/uploads\/101166232_1615250101958931_3160510521518587904_n-768x439.jpg 768w, https:\/\/fotoakademija.lv\/wp-content\/uploads\/101166232_1615250101958931_3160510521518587904_n-1536x878.jpg 1536w, https:\/\/fotoakademija.lv\/wp-content\/uploads\/101166232_1615250101958931_3160510521518587904_n-18x10.jpg 18w, https:\/\/fotoakademija.lv\/wp-content\/uploads\/101166232_1615250101958931_3160510521518587904_n-1000x571.jpg 1000w, https:\/\/fotoakademija.lv\/wp-content\/uploads\/101166232_1615250101958931_3160510521518587904_n-230x131.jpg 230w, https:\/\/fotoakademija.lv\/wp-content\/uploads\/101166232_1615250101958931_3160510521518587904_n-350x200.jpg 350w, https:\/\/fotoakademija.lv\/wp-content\/uploads\/101166232_1615250101958931_3160510521518587904_n-480x274.jpg 480w, https:\/\/fotoakademija.lv\/wp-content\/uploads\/101166232_1615250101958931_3160510521518587904_n.jpg 2048w\" sizes=\"auto, (max-width: 1024px) 100vw, 1024px\" \/><\/h1>\n<h1>L\u00f6rdag, 01.10.<\/h1>\n<p>Vi inbjuder dig att delta\u00a0<i>\u00a0H\u00d6ST UTE<\/i>\u00a0 p\u00e5 rutten:\u00a0<b>Riga \u2013 Jaunpils park och slott \u2013 Venta dolomitklippor \u2013 Kuldiga \u2013 Renda vattenfall \u2013 Abava n\u00e4ra Vegi \u2013 Riga.<\/b><\/p>\n<p>Avg\u00e5ng fr\u00e5n byggnaden av det lettiska samh\u00e4llet,\u00a0<b>l\u00f6rdagen den 1 oktober kl 08:00<\/b>, retur \u00e4r planerad runt 20:00<\/p>\n<p>Deltagaravgiften \u00e4r 43 eur, inklusive transport, entr\u00e9biljetter till attraktioner, instruktioner och f\u00f6rklaringar av gruppledaren under resan, samt en lektion ledd av M. Kundzi\u0146a efter plein air - fotograferad analys.<\/p>\n<p>V\u00e4nligen ans\u00f6k i tid, f\u00f6r den h\u00e4r g\u00e5ngen \u00e4r plein air i princip anordnad f\u00f6r v\u00e5ra nuvarande lyssnare, d\u00e4rf\u00f6r \u00e4r antalet platser begr\u00e4nsat.<\/p>\n<h1>Foto plein air under ledning av M. Kundzi\u0146a &quot;V\u00e5ren p\u00e5 Vidzemes strand&quot;<\/h1>\n<h1><a class=\"fancybox\" title=\"\" href=\"https:\/\/b2c.lv\/fotoakademija.lv\/content\/images\/veczemju.jpg\" rel=\"group\"><img decoding=\"async\" src=\"https:\/\/b2c.lv\/fotoakademija.lv\/content\/images\/veczemju.jpg\" alt=\"\" border=\"0\" \/><\/a><\/h1>\n<h1>L\u00f6rdag, 04.06.<\/h1>\n<p>Platser som ing\u00e5r i rutten \u2013\u00a0<b>Aina\u017ei, Mernieki, Salaca n\u00e4ra Red Rocks, Salacgr\u012bva.<\/b>\u00a0Ristade av tidens och vindens tand\u00a0<b>Gamla stenar<\/b>\u00a0i v\u00e5rlandskapet - platsen d\u00e4r utsikten \u00f6ver den lettiska konstfilmen &quot;The Long Road in the Dunes&quot; spelades in.\u00a0<b>Vidzemes klippiga str\u00e4nder\u00a0<\/b>trolldom.\u00a0<b>\u00c4rr \u00e4ngar<\/b>\u00a0vid havet f\u00f6re Aina\u017ei.<\/p>\n<p>Avg\u00e5ng fr\u00e5n Latvian Society-byggnaden kl 08:00<\/p>\n<p>Returen \u00e4r planerad till ca 20:00<\/p>\n<p>Deltagaravgift 39 euro.<\/p>\n<p>I priset ing\u00e5r transport, v\u00e4gbeskrivningar och f\u00f6rklaringar fr\u00e5n gruppledaren under resan, samt en lektion ledd av Ms. Kundzi\u0146a efter den utomhusfotograferade analysen.<\/p>\n<p>V\u00e4nligen ans\u00f6k i tid, f\u00f6r den h\u00e4r g\u00e5ngen \u00e4r plein air i princip anordnad f\u00f6r v\u00e5ra nuvarande lyssnare, d\u00e4rf\u00f6r \u00e4r antalet platser begr\u00e4nsat.<\/p>\n<p><b><i>Ans\u00f6ka om<\/i><\/b><\/p>\n<p><a class=\"fancybox\" title=\"\" href=\"https:\/\/b2c.lv\/fotoakademija.lv\/content\/images\/veczemju_sarkanas.jpg\" rel=\"group\"><img decoding=\"async\" src=\"https:\/\/b2c.lv\/fotoakademija.lv\/content\/images\/veczemju_sarkanas.jpg\" alt=\"\" border=\"0\" \/><\/a><\/p>\n<p>Foto: Veczemji r\u00f6da stenar<\/p>\n<p align=\"center\"><b><a class=\"fancybox\" title=\"\" href=\"https:\/\/b2c.lv\/fotoakademija.lv\/content\/images\/rudens%20plen%c4%93rs%20m.jpg\" rel=\"group\"><img decoding=\"async\" src=\"https:\/\/b2c.lv\/fotoakademija.lv\/content\/images\/rudens%20plen%c4%93rs%20m.jpg\" alt=\"\" border=\"0\" \/><\/a><br \/>\n<\/b><\/p>\n<p align=\"center\"><b>FOTO AKADEMI H\u00d6ST UTOMHUS<\/b><\/p>\n<div>\n<div>\n<div>\n<div><b>Rutt\u00a0<\/b>: Riga-B\u012bri\u0146i Palace-L\u0113durga Dendrological Park-Igate Palace-Saulkrasti J\u016brmala-Riga<\/div>\n<p>Lektionen att analysera de fotograferade bilderna kommer att h\u00e5llas fredagen den 23.10. p\u00e5 18:30 p\u00e5 Fotoakademin.<\/p>\n<\/div>\n<\/div>\n<\/div>\n<div><\/div>\n<div><\/div>\n<p align=\"center\"><b><a class=\"fancybox\" title=\"\" href=\"https:\/\/b2c.lv\/fotoakademija.lv\/content\/images\/talsu_roja_kaltenes_jurmala_andy_zeltkalns_0.jpg\" rel=\"group\"><img decoding=\"async\" src=\"https:\/\/b2c.lv\/fotoakademija.lv\/content\/images\/talsu_roja_kaltenes_jurmala_andy_zeltkalns_0.jpg\" alt=\"\" border=\"0\" \/><\/a><br \/>\n<\/b><\/p>\n<p align=\"center\"><b>\u00a0PLENAIR - KURZEME<\/b><\/p>\n<p align=\"center\"><b>Friluftsguide, MRS<br \/>\n<\/b><\/p>\n<p align=\"center\"><i>den 16 maj.<\/i><\/p>\n<p>Riga \u2013 Ragaciems \u2013 M\u0113rsrags \u2013 Kaltene \u2013 Roja \u2013 Valdem\u0101rpils \u2013 Nogale \u2013 Tilgali j\u00e4ttesten \u2013 Talsi \u2013 Nurmui\u017ea.<\/p>\n<p>Avg\u00e5ng med buss kl. 8.00 fr\u00e5n Riga Latvian Society-byggnaden. Tillbaka till Riga 20.00. Frukost i Meersrag vid havet, med fiskdelikatesser k\u00f6pta i Ragaciem. Lunch i Talso.<\/p>\n<p>Vi ber dig att planera en dag i tid f\u00f6r att njuta av v\u00e5rst\u00e4mningen!<\/p>\n<p>Efter plein air kommer en analys av verken att \u00e4ga rum p\u00e5 Photo Academy under ledning av Ms. Kundzi\u0146as.<\/p>\n<p>Deltagaravgift: 58 EUR<\/p>\n<p><img loading=\"lazy\" decoding=\"async\" class=\"alignnone size-large wp-image-5604\" src=\"https:\/\/fotoakademija.lv\/wp-content\/uploads\/Foto_akademija_3-1024x693.jpg\" alt=\"\" width=\"1024\" height=\"693\" srcset=\"https:\/\/fotoakademija.lv\/wp-content\/uploads\/Foto_akademija_3-1024x693.jpg 1024w, https:\/\/fotoakademija.lv\/wp-content\/uploads\/Foto_akademija_3-300x203.jpg 300w, https:\/\/fotoakademija.lv\/wp-content\/uploads\/Foto_akademija_3-768x520.jpg 768w, https:\/\/fotoakademija.lv\/wp-content\/uploads\/Foto_akademija_3-255x173.jpg 255w, https:\/\/fotoakademija.lv\/wp-content\/uploads\/Foto_akademija_3-600x406.jpg 600w, https:\/\/fotoakademija.lv\/wp-content\/uploads\/Foto_akademija_3.jpg 1920w\" sizes=\"auto, (max-width: 1024px) 100vw, 1024px\" \/> \u00a0 \u00a0 \u00a0 <img loading=\"lazy\" decoding=\"async\" class=\"alignnone size-full wp-image-5409\" src=\"https:\/\/fotoakademija.lv\/wp-content\/uploads\/Sp\u0101re-kopija.jpg\" alt=\"\" width=\"650\" height=\"434\" srcset=\"https:\/\/fotoakademija.lv\/wp-content\/uploads\/Sp\u0101re-kopija.jpg 650w, https:\/\/fotoakademija.lv\/wp-content\/uploads\/Sp\u0101re-kopija-300x200.jpg 300w, https:\/\/fotoakademija.lv\/wp-content\/uploads\/Sp\u0101re-kopija-255x170.jpg 255w, https:\/\/fotoakademija.lv\/wp-content\/uploads\/Sp\u0101re-kopija-600x401.jpg 600w\" sizes=\"auto, (max-width: 650px) 100vw, 650px\" \/><\/p>\n<\/div>\n<\/div>\n<p align=\"center\"><b>\u00d6VNING I NATURFOTOGRAFI<\/b><\/p>\n<p align=\"center\"><i>Vandra Ik\u0161ikile \u2013 Jaunogre<br \/>\n<\/i><\/p>\n<p align=\"center\"><i>den 11 april<br \/>\n<\/i><\/p>\n<p>Naturen vaknar. De f\u00f6rsta v\u00e5rblommorna, knopparna, knopparna, till och med svampar... \u00c4lskare av naturfotografering kommer att f\u00e5 m\u00f6jlighet att njuta av sk\u00f6nheten i till synes enkla delar av att leva naturen utomhus. Rutten g\u00e5r l\u00e4ngs skogsstigar. Du kan fotografera b\u00e5de skogsvyer och olika n\u00e4rbilder. Det \u00e4r b\u00e4st om du har de n\u00f6dv\u00e4ndiga tillbeh\u00f6ren f\u00f6r makrofotografering - frontlinser, mellanringar, makrolins. Ett stativ kan vara anv\u00e4ndbart. Det f\u00f6rv\u00e4ntas att det kommer att finnas m\u00f6jlighet att fotografera s\u00e5 vackra och karakt\u00e4ristiska v\u00e5rv\u00e4xter som storblommiga sedum, zalkteni, \u00e5kertorn. En mycket vacker f\u00e4rg \u00e4r en svamp som inte \u00e4r k\u00e4nd f\u00f6r alla - sarcoscypha. Du m\u00e5ste bara vara f\u00f6rsiktig. N\u00e5got kommer redan att finnas d\u00e4r.<\/p>\n<p>Avg\u00e5ng fr\u00e5n Riga station med t\u00e5g Riga \u2013 Lielv\u0101rde kl. 8:40 till Ik\u0161kilei. Vi m\u00f6ts i den andra vagnen fr\u00e5n t\u00e5gets framsida, eller vid \u00e4ndpunkten direkt vid Ik\u0161kile-stationen kl. 09:20<\/p>\n<p>Tillbaka, beroende p\u00e5 m\u00f6jligheterna, k\u00f6r vi fr\u00e5n Jaunogre antingen kl 15:10 eller 15:45.<\/p>\n<p>Det finns inget caf\u00e9 i skogen! Ta med dig n\u00e5got gott till frukost, vi hittar ett fint st\u00e4lle f\u00f6r det i skogen.Ocks\u00e5 l\u00e4mpliga kl\u00e4der f\u00f6r vandring och speciellt skor skulle vara mycket anv\u00e4ndbart, och - g\u00e5! L\u00e5t oss g\u00e5 mot v\u00e5ren!<\/p>\n<p>Deltagaravgift: 18 EUR.<\/p>\n<p>\u00d6vning leds\u00a0<b>Fru Maris<\/b><\/p>","protected":false},"excerpt":{"rendered":"<p>Pavasara, Vasaras vai Rudens foto plen\u0113rs kop\u0101 ar Fotoakad\u0113mija instruktoriem Jaut\u0101jiet mums par aktu\u0101li pl\u0101notajiem foto plen\u0113riem vai skat\u0101ties pas\u0101kumu pl\u0101nu Facebook, [&hellip;]<\/p>","protected":false},"author":1,"featured_media":0,"parent":0,"menu_order":0,"comment_status":"closed","ping_status":"closed","template":"","meta":{"footnotes":""},"class_list":["post-2860","page","type-page","status-publish","hentry"],"_links":{"self":[{"href":"https:\/\/fotoakademija.lv\/sv\/wp-json\/wp\/v2\/pages\/2860","targetHints":{"allow":["GET"]}}],"collection":[{"href":"https:\/\/fotoakademija.lv\/sv\/wp-json\/wp\/v2\/pages"}],"about":[{"href":"https:\/\/fotoakademija.lv\/sv\/wp-json\/wp\/v2\/types\/page"}],"author":[{"embeddable":true,"href":"https:\/\/fotoakademija.lv\/sv\/wp-json\/wp\/v2\/users\/1"}],"replies":[{"embeddable":true,"href":"https:\/\/fotoakademija.lv\/sv\/wp-json\/wp\/v2\/comments?post=2860"}],"version-history":[{"count":0,"href":"https:\/\/fotoakademija.lv\/sv\/wp-json\/wp\/v2\/pages\/2860\/revisions"}],"wp:attachment":[{"href":"https:\/\/fotoakademija.lv\/sv\/wp-json\/wp\/v2\/media?parent=2860"}],"curies":[{"name":"wp","href":"https:\/\/api.w.org\/{rel}","templated":true}]}}