{"id":2865,"date":"2018-04-29T17:27:10","date_gmt":"2018-04-29T17:27:10","guid":{"rendered":"https:\/\/fotoakademija.lv\/?page_id=2865"},"modified":"2018-08-08T14:38:50","modified_gmt":"2018-08-08T11:38:50","slug":"talmaciba","status":"publish","type":"page","link":"https:\/\/fotoakademija.lv\/sv\/talmacib\/","title":{"rendered":"Distansutbildning"},"content":{"rendered":"<p>[vc_row u_row_style=&#8221;0&#8243; u_row_paralax=&#8221;0&#8243; u_row_scheme=&#8221;0&#8243; css=&#8221;.vc_custom_1525947089412{padding-top: 50px !important;}&#8221;][vc_column width=&#8221;2\/3&#8243;][vc_column_text]<\/p>\n<div>\n<h3><b>Procedur f\u00f6r att ta en distansutbildning eller onlinekurs<\/b><\/h3>\n<hr \/>\n<\/div>\n<div align=\"justify\">Studenten l\u00e4mnar in en ans\u00f6kan p\u00e5 FotoAkademijas hemsida med angivande av vald l\u00e4roplan och hans kontaktuppgifter (tel.nr, e-postadress och personlig kod) FotoAkademija skickar en faktura p\u00e5 1\/2 av studieavgiften Efter betalning av fakturan , skickar instrukt\u00f6ren ett brevmeddelande till studentens e-postadress om studiestart i den givna kursen, medan lyssnaren bekr\u00e4ftar mottagandet av brevet. Inl\u00e4rningsprocessen kan b\u00f6rja.<\/div>\n<div align=\"justify\">Instrukt\u00f6ren ger tillg\u00e5ng till l\u00e4romedel och uppgifter\/prov f\u00f6r den f\u00f6rsta studieveckan i internetmilj\u00f6n. Under f\u00f6rsta helgen skickar kursstudenten genomf\u00f6rda l\u00e4xor eller prov till instrukt\u00f6ren.<\/div>\n<div align=\"justify\">Inom 5 arbetsdagar g\u00e5r instrukt\u00f6ren igenom de genomf\u00f6rda uppgifterna och skickar en recension (kommentarer) till eleven om det genomf\u00f6rda arbetet.Under de f\u00f6ljande veckorna liknar inl\u00e4rningsprocessen den f\u00f6rsta inl\u00e4rningsveckan.<\/div>\n<div align=\"justify\">Kursen anses vara avklarad om kursdeltagaren genomf\u00f6r alla uppgifter\/prov i tid inom 10 arbetsdagar efter mottagandet av uppgiften\/provet och f\u00e5r ett positivt betyg (godk\u00e4nt) f\u00f6r det genomf\u00f6rda arbetet. I slutet av utbildningen g\u00f6r studenten ett slutprov. Lektionsschemat avtalas med l\u00e4raren individuellt, men inte \u00f6verstigande lektionernas l\u00e4ngd 2 m\u00e5nader fr\u00e5n lektionsstarten.<br \/>\nOnlinetr\u00e4ning \u00e4r enkelt och bekv\u00e4mt. Undervisningsprincip - lektioner (f\u00f6rel\u00e4sningar) sker i realtid, l\u00e4raren och eleven kan vara p\u00e5 olika geografiska punkter, huvudsaken \u00e4r att du har en dator och en internetuppkoppling. F\u00f6rel\u00e4saren h\u00e5ller en f\u00f6rel\u00e4sning, lyssnaren ser p\u00e5 sin monitor allt som f\u00f6rel\u00e4saren visar och ber\u00e4ttar (som vid en vanlig f\u00f6rel\u00e4sning i aulan). F\u00f6rdelar med onlineutbildning:<\/div>\n<ul>\n<li>du kan fritt st\u00e4lla en fr\u00e5ga till l\u00e4raren under f\u00f6rel\u00e4sningen med r\u00f6sten eller genom att skriva,<\/li>\n<li>du h\u00f6r och ser fr\u00e5gor fr\u00e5n andra kursdeltagare,<\/li>\n<li>instrukt\u00f6ren kan prata med var och en av kursdeltagarna,<\/li>\n<li>du kan studera utan att l\u00e4mna ditt hem.<\/li>\n<\/ul>\n<p>Inl\u00e4rningsprocessen sker med hj\u00e4lp av ett speciellt kommunikationsprogram, som l\u00e4raren erbjuder att installera innan lektionerna p\u00e5b\u00f6rjas. Efter f\u00f6rel\u00e4sningen erbjuds \u00e4ven ytterligare teoretiska l\u00e4romedel f\u00f6r att st\u00e4rka de inh\u00e4mtade kunskaperna.<\/p>\n<table id=\"AutoNumber1\" border=\"1\" width=\"658\" cellspacing=\"0\" cellpadding=\"3\">\n<tbody>\n<tr>\n<td width=\"25%\">\n<h4>F\u00f6rel\u00e4sare<\/h4>\n<\/td>\n<td width=\"25%\">\n<h4><a href=\"https:\/\/b2c.lv\/fotoakademija.lv\/lv\/pasniedzeji\/leonids-vaznais.html\" shape=\"rect\">Vadim<\/a>\u00a0Morozov<\/h4>\n<\/td>\n<td width=\"25%\">\n<h4><a href=\"https:\/\/b2c.lv\/fotoakademija.lv\/lv\/pasniedzeji\/leonids-vaznais.html\" shape=\"rect\">Vadim Morozov<\/a><\/h4>\n<\/td>\n<\/tr>\n<tr>\n<td>Fotokurs<\/td>\n<td><a href=\"https:\/\/b2c.lv\/fotoakademija.lv\/lv\/fotokursi\/i-limenis\/praktiskas-fotografijas-pamati.html\" shape=\"rect\">Fotografering f\u00f6r nyb\u00f6rjare<\/a><\/td>\n<td><a href=\"https:\/\/b2c.lv\/fotoakademija.lv\/lv\/fotokursi\/ii-limenis\/darbs-ar-grafisko-redaktoru-adobe-photoshop-cs-talmaciba.html\" shape=\"rect\">Arbetar med den grafiska editorn Adobe Photoshop CS<\/a><\/td>\n<\/tr>\n<tr>\n<td>Varaktighet<\/td>\n<td>8 lektioner\u00a0<i><br \/>\n<\/i><\/td>\n<td>11 lektioner<\/td>\n<\/tr>\n<tr>\n<td>Undervisningsspr\u00e5k<\/td>\n<td>lettiska\/ryska<\/td>\n<td>lettiska\/ryska<\/td>\n<\/tr>\n<tr>\n<td>Priset<\/td>\n<td><i>138 EUR<\/i><\/td>\n<td>\u00a0<i>165 EUR<\/i><\/td>\n<\/tr>\n<tr>\n<td>Schema<\/td>\n<td>Distansutbildning<\/td>\n<td>Online utbildning<\/td>\n<\/tr>\n<\/tbody>\n<\/table>\n<div>\n<div>\n<div>En rabatt p\u00e5 10% ges till PhotoAcademy-studenter som g\u00e5r en andra kurs hos oss och till de som g\u00e5r kursen som ett par.<\/div>\n<div><\/div>\n<\/div>\n<\/div>\n<p>[\/vc_column_text][\/vc_column][vc_column width=&#8221;1\/3&#8243;][vc_single_image image=&#8221;4971&#8243; img_size=&#8221;450&#215;450&#8243; onclick=&#8221;zoom&#8221;][\/vc_column][\/vc_row][vc_row][vc_column][contact-form-7 id=&#8221;5079&#8243;][\/vc_column][\/vc_row]<\/p>","protected":false},"excerpt":{"rendered":"<p>[vc_row u_row_style=&#8221;0&#8243; u_row_paralax=&#8221;0&#8243; u_row_scheme=&#8221;0&#8243; css=&#8221;.vc_custom_1525947089412{padding-top: 50px !important;}&#8221;][vc_column width=&#8221;2\/3&#8243;][vc_column_text] K\u0101rt\u012bba, k\u0101d\u0101 notiek t\u0101lm\u0101c\u012bbas vai on-line kursa apg\u016b\u0161ana Klaus\u012bt\u0101js nos\u016bta pieteikumu FotoAkad\u0113mijas m\u0101jaslap\u0101,nor\u0101dot izv\u0113l\u0113to [&hellip;]<\/p>","protected":false},"author":1,"featured_media":0,"parent":0,"menu_order":0,"comment_status":"closed","ping_status":"closed","template":"page-templates\/front-page.php","meta":{"footnotes":""},"class_list":["post-2865","page","type-page","status-publish","hentry"],"_links":{"self":[{"href":"https:\/\/fotoakademija.lv\/sv\/wp-json\/wp\/v2\/pages\/2865","targetHints":{"allow":["GET"]}}],"collection":[{"href":"https:\/\/fotoakademija.lv\/sv\/wp-json\/wp\/v2\/pages"}],"about":[{"href":"https:\/\/fotoakademija.lv\/sv\/wp-json\/wp\/v2\/types\/page"}],"author":[{"embeddable":true,"href":"https:\/\/fotoakademija.lv\/sv\/wp-json\/wp\/v2\/users\/1"}],"replies":[{"embeddable":true,"href":"https:\/\/fotoakademija.lv\/sv\/wp-json\/wp\/v2\/comments?post=2865"}],"version-history":[{"count":0,"href":"https:\/\/fotoakademija.lv\/sv\/wp-json\/wp\/v2\/pages\/2865\/revisions"}],"wp:attachment":[{"href":"https:\/\/fotoakademija.lv\/sv\/wp-json\/wp\/v2\/media?parent=2865"}],"curies":[{"name":"wp","href":"https:\/\/api.w.org\/{rel}","templated":true}]}}