{"id":2867,"date":"2018-04-29T17:27:35","date_gmt":"2018-04-29T17:27:35","guid":{"rendered":"https:\/\/fotoakademija.lv\/?page_id=2867"},"modified":"2023-12-04T11:41:35","modified_gmt":"2023-12-04T09:41:35","slug":"sadarbibas-partneri","status":"publish","type":"page","link":"https:\/\/fotoakademija.lv\/sv\/samarbetspartners\/","title":{"rendered":"Samarbetspartners"},"content":{"rendered":"<p>Vi \u00e4r en foto- och videoskola vars uppdrag \u00e4r att tillhandah\u00e5lla h\u00f6gkvalitativ utbildning inom fotografi och videografi. V\u00e5r framg\u00e5ng och effektiviteten i inl\u00e4rningsprocessen begr\u00e4nsas inte bara av v\u00e5ra ivriga studenter och erfarna instrukt\u00f6rer, utan ocks\u00e5 av n\u00e4ra samarbete med ledande tillverkare av foto- och videoutrustning.<\/p>\n<p><img loading=\"lazy\" decoding=\"async\" class=\"alignnone size-medium wp-image-5199\" src=\"https:\/\/fotoakademija.lv\/wp-content\/uploads\/salikovs1-1-300x199.jpg\" alt=\"\" width=\"300\" height=\"199\" srcset=\"https:\/\/fotoakademija.lv\/wp-content\/uploads\/salikovs1-1-300x199.jpg 300w, https:\/\/fotoakademija.lv\/wp-content\/uploads\/salikovs1-1-255x169.jpg 255w, https:\/\/fotoakademija.lv\/wp-content\/uploads\/salikovs1-1.jpg 600w\" sizes=\"auto, (max-width: 300px) 100vw, 300px\" \/><\/p>\n<p>Vi \u00e4r stolta \u00f6ver v\u00e5ra partnerskap med Canon, Nikon och Sony \u2013 v\u00e4rldsledande inom professionell fotografi och videoteknik. Dessa f\u00f6retag \u00e4r k\u00e4nda f\u00f6r sin h\u00f6ga kvalitet, innovation och tillf\u00f6rlitlighet, och vi \u00e4r glada \u00f6ver att kunna ge v\u00e5ra studenter tillg\u00e5ng till dessa utm\u00e4rkta verktyg i inl\u00e4rningsprocessen.<\/p>\n<p>V\u00e5rt partnerskap med Canon, Nikon och Sony ger v\u00e5ra elever m\u00f6jlighet att l\u00e4ra sig f\u00e4rdigheter med den senaste tekniken och professionell utrustning. Vi anordnar praktiska lektioner d\u00e4r eleverna kan f\u00f6rb\u00e4ttra sina f\u00e4rdigheter med detta prestigefyllda m\u00e4rke av kameror och videokameror.<\/p>\n<p>Vi inbjuder dig att f\u00f6lja oss p\u00e5 sociala n\u00e4tverk f\u00f6r att vara den f\u00f6rsta att l\u00e4ra dig om nyheter i v\u00e5ra partnerskap, samt att delta i v\u00e5ra evenemang och t\u00e4vlingar, d\u00e4r du kan bekanta dig med de senaste trenderna i v\u00e4rlden av fotografi och video. F\u00f6lj oss p\u00e5 Facebook, Instagram och YouTube f\u00f6r att dela kreativa stunder tillsammans och delta i v\u00e5ra sp\u00e4nnande projekt med partners fr\u00e5n Canon, Nikon och Sony. Ans\u00f6k till v\u00e5ra kurser och upplev utbildningar i v\u00e4rldsklass med v\u00e5ra h\u00f6gklassiga partners och branschfolk!<\/p>\n<p>F\u00f6lj oss p\u00e5 Facebook, Instagram och YouTube f\u00f6r att f\u00e5 uppdateringar om v\u00e5ra kurser, dela v\u00e5ra elevers kreativa prestationer och ta del av sp\u00e4nnande evenemang. Tillsammans ska vi ta reda p\u00e5 de senaste trenderna och tillsammans skapar vi en sp\u00e4nnande v\u00e4g i konstv\u00e4rldens liv. Ans\u00f6k till v\u00e5ra kurser och g\u00e5 p\u00e5 en kreativitetsresa med oss!<\/p>\n<ul>\n<li><em><strong><a href=\"https:\/\/www.facebook.com\/fotoakad\">Facebook<\/a><\/strong><\/em><\/li>\n<li><em><strong><a href=\"https:\/\/www.instagram.com\/fotoakademijalv\/\">Instagram<\/a><\/strong><\/em><\/li>\n<li><a href=\"https:\/\/www.youtube.com\/@FotoakademijaValtersPreimanis\"><em><strong>Youtube<\/strong><\/em><\/a><\/li>\n<\/ul>","protected":false},"excerpt":{"rendered":"<p>M\u0113s esam foto un video skola, kuras misija ir nodro\u0161in\u0101t augstas kvalit\u0101tes izgl\u012bt\u012bbu fotogr\u0101fijas un videogr\u0101fijas jom\u0101s. M\u016bsu pan\u0101kumus un m\u0101c\u012bbu procesa [&hellip;]<\/p>","protected":false},"author":1,"featured_media":0,"parent":0,"menu_order":0,"comment_status":"closed","ping_status":"closed","template":"","meta":{"footnotes":""},"class_list":["post-2867","page","type-page","status-publish","hentry"],"_links":{"self":[{"href":"https:\/\/fotoakademija.lv\/sv\/wp-json\/wp\/v2\/pages\/2867","targetHints":{"allow":["GET"]}}],"collection":[{"href":"https:\/\/fotoakademija.lv\/sv\/wp-json\/wp\/v2\/pages"}],"about":[{"href":"https:\/\/fotoakademija.lv\/sv\/wp-json\/wp\/v2\/types\/page"}],"author":[{"embeddable":true,"href":"https:\/\/fotoakademija.lv\/sv\/wp-json\/wp\/v2\/users\/1"}],"replies":[{"embeddable":true,"href":"https:\/\/fotoakademija.lv\/sv\/wp-json\/wp\/v2\/comments?post=2867"}],"version-history":[{"count":0,"href":"https:\/\/fotoakademija.lv\/sv\/wp-json\/wp\/v2\/pages\/2867\/revisions"}],"wp:attachment":[{"href":"https:\/\/fotoakademija.lv\/sv\/wp-json\/wp\/v2\/media?parent=2867"}],"curies":[{"name":"wp","href":"https:\/\/api.w.org\/{rel}","templated":true}]}}