{"id":2884,"date":"2018-04-29T19:07:32","date_gmt":"2018-04-29T19:07:32","guid":{"rendered":"https:\/\/fotoakademija.lv\/?page_id=2884"},"modified":"2023-12-04T16:03:36","modified_gmt":"2023-12-04T14:03:36","slug":"par-fotoakademiju","status":"publish","type":"page","link":"https:\/\/fotoakademija.lv\/sv\/","title":{"rendered":"Om PhotoAcademy"},"content":{"rendered":"<p align=\"justify\">FotoAkademija startade sin verksamhet 2005. PhotoAcademy \u00e4r skapad f\u00f6r dem som inte har tillr\u00e4ckligt med v\u00e4nners r\u00e5d och internetresurser, och som inte vill f\u00f6rbli amat\u00f6rer i fotografiv\u00e4rlden. Detta \u00e4r ett unikt utrymme i Lettland, d\u00e4r de b\u00e4sta m\u00e4starna erbjuder sig att se v\u00e4rlden genom linsen p\u00e5 sin kamera.<\/p>\n<p align=\"justify\">N\u00e4r du p\u00e5b\u00f6rjar studier <strong>Foto p\u00e5 Akademien<\/strong>, Du kommer till centrum av den lettiska fotov\u00e4rlden - vi informerar dig om alla viktiga evenemang (utst\u00e4llningar, m\u00e4starklasser, t\u00e4vlingar), erbjuder deltagande i olika fotorelaterade projekt, praktiska klasser och t\u00e4vlingar, h\u00e5ller gratis \u00f6ppna f\u00f6rel\u00e4sningar, ger praktikm\u00f6jligheter , erbjud dig att se de senaste numren av fototidningar .<\/p>\n<p align=\"justify\"><img loading=\"lazy\" decoding=\"async\" class=\"alignnone size-medium wp-image-5779\" src=\"https:\/\/fotoakademija.lv\/wp-content\/uploads\/fOTOAKADEMIJA-valters-preimanis-300x169.jpg\" alt=\"\" width=\"300\" height=\"169\" srcset=\"https:\/\/fotoakademija.lv\/wp-content\/uploads\/fOTOAKADEMIJA-valters-preimanis-300x169.jpg 300w, https:\/\/fotoakademija.lv\/wp-content\/uploads\/fOTOAKADEMIJA-valters-preimanis-1024x577.jpg 1024w, https:\/\/fotoakademija.lv\/wp-content\/uploads\/fOTOAKADEMIJA-valters-preimanis-768x433.jpg 768w, https:\/\/fotoakademija.lv\/wp-content\/uploads\/fOTOAKADEMIJA-valters-preimanis-1536x866.jpg 1536w, https:\/\/fotoakademija.lv\/wp-content\/uploads\/fOTOAKADEMIJA-valters-preimanis-1000x563.jpg 1000w, https:\/\/fotoakademija.lv\/wp-content\/uploads\/fOTOAKADEMIJA-valters-preimanis-230x130.jpg 230w, https:\/\/fotoakademija.lv\/wp-content\/uploads\/fOTOAKADEMIJA-valters-preimanis-350x197.jpg 350w, https:\/\/fotoakademija.lv\/wp-content\/uploads\/fOTOAKADEMIJA-valters-preimanis-480x270.jpg 480w, https:\/\/fotoakademija.lv\/wp-content\/uploads\/fOTOAKADEMIJA-valters-preimanis.jpg 2048w\" sizes=\"auto, (max-width: 300px) 100vw, 300px\" \/><\/p>\n<p>Vi \u00e4r en foto- och videoskola d\u00e4r vi erbjuder inspirerande och professionella utbildningar inom foto och video. V\u00e5r vision \u00e4r att fr\u00e4mja kreativitet och utveckla f\u00e4rdigheter inom fotografi och videografi, erbjuda kvalitetsutbildning och m\u00f6jlighet att l\u00e4ra k\u00e4nna denna sp\u00e4nnande konstform.<\/p>\n<p>Med v\u00e5rt expertteam av erfarna fotografer och videografer erbjuder vi en m\u00e4ngd olika kurser som passar alla niv\u00e5er, fr\u00e5n nyb\u00f6rjare till erfarna proffs. Vi tror p\u00e5 ett personligt bem\u00f6tande och praktisk tr\u00e4ning, vilket hj\u00e4lper v\u00e5ra elever att utveckla f\u00e4rdigheter och f\u00f6rst\u00e5else f\u00f6r konstn\u00e4rliga och tekniska aspekter.<\/p>\n<p>V\u00e5r skola erbjuder en m\u00e4ngd olika kurser, fr\u00e5n grunderna till specialist\u00e4mnen som portr\u00e4ttfotografering, produktfotografering, redigering och videokonst. Vi str\u00e4var efter att skapa en stimulerande och v\u00e4nlig milj\u00f6 d\u00e4r v\u00e5ra elever kan utveckla sina f\u00e4rdigheter, dela erfarenheter och f\u00e5 det n\u00f6dv\u00e4ndiga f\u00f6rtroendet i sitt arbete.<\/p>\n<p>F\u00f6lj oss p\u00e5 Facebook, Instagram och YouTube f\u00f6r att f\u00e5 uppdateringar om v\u00e5ra kurser, dela v\u00e5ra elevers kreativa prestationer och ta del av sp\u00e4nnande evenemang. Tillsammans ska vi ta reda p\u00e5 de senaste trenderna och tillsammans skapar vi en sp\u00e4nnande v\u00e4g i konstv\u00e4rldens liv. Ans\u00f6k till v\u00e5ra kurser och g\u00e5 p\u00e5 en kreativitetsresa med oss!<\/p>\n<ul>\n<li><em><strong><a href=\"https:\/\/www.facebook.com\/fotoakad\">Facebook<\/a><\/strong><\/em><\/li>\n<li><em><strong><a href=\"https:\/\/www.instagram.com\/fotoakademijalv\/\">Instagram<\/a><\/strong><\/em><\/li>\n<li><a href=\"https:\/\/www.youtube.com\/@FotoakademijaValtersPreimanis\"><em><strong>Youtube<\/strong><\/em><\/a><\/li>\n<\/ul>\n<p align=\"justify\">Har du f\u00f6rslag p\u00e5 utvecklingen av PhotoAcademy tar vi g\u00e4rna emot dina id\u00e9er!<\/p>\n<p align=\"justify\">Ring oss p\u00e5 tel. 220\u201377\u2013202<br \/>\nSkriva: <img loading=\"lazy\" decoding=\"async\" class=\"alignnone size-full wp-image-5709\" src=\"https:\/\/fotoakademija.lv\/wp-content\/uploads\/foto-at-fotoakademija.lv_.jpg\" alt=\"\" width=\"189\" height=\"20\" \/><\/p>\n<p><strong>Vi erbjuder en privat fotoutbildning med Zoom p\u00e5 lettiska<\/strong><\/p>\n<p><em>Studera bekv\u00e4mt hemifr\u00e5n, <strong><a href=\"https:\/\/fotoakademija.lv\/sv\/privata-fotolektioner-med-zoom-for-att-lara-dig-nagot-nytt\/\">delta i<\/a><\/strong>!<\/em><\/p>\n<p>F\u00e5 ett individuellt f\u00f6rh\u00e5llningss\u00e4tt <strong>foton<\/strong> och <strong>videografi<\/strong> l\u00e4rande med v\u00e5ra privatlektioner <strong>Zoom<\/strong> p\u00e5 plattformen. Vi erbjuder personliga lektioner d\u00e4r professionella instrukt\u00f6rer hj\u00e4lper dig att utveckla dina f\u00e4rdigheter och f\u00f6rst\u00e5else f\u00f6r foto- och videokonst.<\/p>\n<p><strong>Hur fungerar det:<\/strong><\/p>\n<ol>\n<li><em>Till\u00e4mpa<\/em>: V\u00e4lj en tid som passar dig och ans\u00f6k om en privatlektion. (En session 50Eur\/ 1 timme, 100Eur\/ 2 timmar)<\/li>\n<li><em>Individuella lektioner<\/em>: F\u00e5 en en-mot-en-inl\u00e4rningsupplevelse genom att kontakta en fotoinstrukt\u00f6r online.<\/li>\n<li><em>Anv\u00e4nder teknologier<\/em>: L\u00e4r dig med bekv\u00e4mligheten med Zoom utan att l\u00e4mna ditt hem.<\/li>\n<\/ol>\n<p><strong>Vad s\u00e4gs om en privat fotoutbildning?<\/strong><\/p>\n<p>Registrera dig f\u00f6r v\u00e5ra privata foto- och videolektioner f\u00f6r en personlig inl\u00e4rningsupplevelse. F\u00f6lj oss p\u00e5 Facebook, Instagram och YouTube f\u00f6r att f\u00e5 uppdateringar om v\u00e5ra erbjudanden och l\u00e4ra dig mer om den kreativa v\u00e4rlden. Utveckla snabbt dina f\u00e4rdigheter och b\u00f6rja din kreativa resa med oss!<\/p>","protected":false},"excerpt":{"rendered":"<p>FotoAkad\u0113mija uzs\u0101ka savu darb\u012bbu 2005. gad\u0101. FotoAkad\u0113mija ir rad\u012bta tiem, kuriem nepietiek ar draugu padomiem un interneta resursiem, un kuri fotogr\u0101fijas pasaul\u0113 [&hellip;]<\/p>","protected":false},"author":1,"featured_media":0,"parent":0,"menu_order":0,"comment_status":"closed","ping_status":"closed","template":"","meta":{"footnotes":""},"class_list":["post-2884","page","type-page","status-publish","hentry"],"_links":{"self":[{"href":"https:\/\/fotoakademija.lv\/sv\/wp-json\/wp\/v2\/pages\/2884","targetHints":{"allow":["GET"]}}],"collection":[{"href":"https:\/\/fotoakademija.lv\/sv\/wp-json\/wp\/v2\/pages"}],"about":[{"href":"https:\/\/fotoakademija.lv\/sv\/wp-json\/wp\/v2\/types\/page"}],"author":[{"embeddable":true,"href":"https:\/\/fotoakademija.lv\/sv\/wp-json\/wp\/v2\/users\/1"}],"replies":[{"embeddable":true,"href":"https:\/\/fotoakademija.lv\/sv\/wp-json\/wp\/v2\/comments?post=2884"}],"version-history":[{"count":0,"href":"https:\/\/fotoakademija.lv\/sv\/wp-json\/wp\/v2\/pages\/2884\/revisions"}],"wp:attachment":[{"href":"https:\/\/fotoakademija.lv\/sv\/wp-json\/wp\/v2\/media?parent=2884"}],"curies":[{"name":"wp","href":"https:\/\/api.w.org\/{rel}","templated":true}]}}